{"id":2059,"date":"2020-10-21T10:06:50","date_gmt":"2020-10-21T13:06:50","guid":{"rendered":"https:\/\/www.ufsm.br\/laboratorios\/labart\/?page_id=2059"},"modified":"2020-10-22T11:51:11","modified_gmt":"2020-10-22T14:51:11","slug":"rainforest-awakens","status":"publish","type":"page","link":"https:\/\/www.ufsm.br\/laboratorios\/labart\/rainforest-awakens","title":{"rendered":"Rainforest Awakens"},"content":{"rendered":"\t\t<div data-elementor-type=\"wp-page\" data-elementor-id=\"2059\" class=\"elementor elementor-2059\">\n\t\t\t\t\t\t<section class=\"elementor-section elementor-top-section elementor-element elementor-element-c927cab elementor-section-boxed elementor-section-height-default elementor-section-height-default\" data-id=\"c927cab\" data-element_type=\"section\">\n\t\t\t\t\t\t<div class=\"elementor-container elementor-column-gap-default\">\n\t\t\t\t\t<div class=\"elementor-column elementor-col-100 elementor-top-column elementor-element elementor-element-a0582da\" data-id=\"a0582da\" data-element_type=\"column\">\n\t\t\t<div class=\"elementor-widget-wrap elementor-element-populated\">\n\t\t\t\t\t\t<div class=\"elementor-element elementor-element-0e0448c elementor-widget elementor-widget-image\" data-id=\"0e0448c\" data-element_type=\"widget\" data-widget_type=\"image.default\">\n\t\t\t\t<div class=\"elementor-widget-container\">\n\t\t\t\t\t\t\t\t\t\t\t\t\t<img fetchpriority=\"high\" decoding=\"async\" width=\"1024\" height=\"559\" src=\"https:\/\/www.ufsm.br\/app\/uploads\/sites\/642\/2020\/10\/capa_youtube_expo_rainforest-01-1024x559.jpg\" class=\"attachment-large size-large wp-image-2057\" alt=\"\" srcset=\"https:\/\/www.ufsm.br\/app\/uploads\/sites\/642\/2020\/10\/capa_youtube_expo_rainforest-01-1024x559.jpg 1024w, https:\/\/www.ufsm.br\/app\/uploads\/sites\/642\/2020\/10\/capa_youtube_expo_rainforest-01-300x164.jpg 300w, https:\/\/www.ufsm.br\/app\/uploads\/sites\/642\/2020\/10\/capa_youtube_expo_rainforest-01-768x419.jpg 768w, https:\/\/www.ufsm.br\/app\/uploads\/sites\/642\/2020\/10\/capa_youtube_expo_rainforest-01-1536x838.jpg 1536w, https:\/\/www.ufsm.br\/app\/uploads\/sites\/642\/2020\/10\/capa_youtube_expo_rainforest-01.jpg 1920w\" sizes=\"(max-width: 1024px) 100vw, 1024px\" \/>\t\t\t\t\t\t\t\t\t\t\t\t\t<\/div>\n\t\t\t\t<\/div>\n\t\t\t\t\t<\/div>\n\t\t<\/div>\n\t\t\t\t\t<\/div>\n\t\t<\/section>\n\t\t\t\t<section class=\"elementor-section elementor-top-section elementor-element elementor-element-a773107 elementor-section-boxed elementor-section-height-default elementor-section-height-default\" data-id=\"a773107\" data-element_type=\"section\">\n\t\t\t\t\t\t<div class=\"elementor-container elementor-column-gap-default\">\n\t\t\t\t\t<div class=\"elementor-column elementor-col-100 elementor-top-column elementor-element elementor-element-2ec8a9e\" data-id=\"2ec8a9e\" data-element_type=\"column\">\n\t\t\t<div class=\"elementor-widget-wrap elementor-element-populated\">\n\t\t\t\t\t\t<div class=\"elementor-element elementor-element-135e0d3 elementor-widget elementor-widget-spacer\" data-id=\"135e0d3\" data-element_type=\"widget\" data-widget_type=\"spacer.default\">\n\t\t\t\t<div class=\"elementor-widget-container\">\n\t\t\t\t\t<div class=\"elementor-spacer\">\n\t\t\t<div class=\"elementor-spacer-inner\"><\/div>\n\t\t<\/div>\n\t\t\t\t<\/div>\n\t\t\t\t<\/div>\n\t\t\t\t\t<\/div>\n\t\t<\/div>\n\t\t\t\t\t<\/div>\n\t\t<\/section>\n\t\t\t\t<section class=\"elementor-section elementor-top-section elementor-element elementor-element-6731063 elementor-section-boxed elementor-section-height-default elementor-section-height-default\" data-id=\"6731063\" data-element_type=\"section\">\n\t\t\t\t\t\t<div class=\"elementor-container elementor-column-gap-default\">\n\t\t\t\t\t<div class=\"elementor-column elementor-col-100 elementor-top-column elementor-element elementor-element-84e0840\" data-id=\"84e0840\" data-element_type=\"column\">\n\t\t\t<div class=\"elementor-widget-wrap elementor-element-populated\">\n\t\t\t\t\t\t<div class=\"elementor-element elementor-element-c6c6264 elementor-widget elementor-widget-text-editor\" data-id=\"c6c6264\" data-element_type=\"widget\" data-widget_type=\"text-editor.default\">\n\t\t\t\t<div class=\"elementor-widget-container\">\n\t\t\t\t\t\t\t<p>Rainforest Awakens \u00e9 uma performance interativa em tempo real. Nela, tr\u00eas artistas se re\u00fanem &#8220;ao vivo e online&#8221; para explorar a beleza e a crise em uma floresta tropical 3D vision\u00e1ria.<br \/><br \/><strong>Rainforest Awakens<\/strong><br \/>Artistas | Maida Withers, Tania Fraga, Steve Hilmy<br \/>T\u00e9cnica | Performance Interativa<br \/>Ano | 2020<br \/><br \/>Curadoria | Maida Withers, Nara Cristina Santos, Tania Fraga<br \/>Assist\u00eancia curatorial | Ana Luiza Martins, Cristina Landerdahl, Natascha Carvalho e Raul Dotto Rosa<\/p>\t\t\t\t\t\t<\/div>\n\t\t\t\t<\/div>\n\t\t\t\t\t<\/div>\n\t\t<\/div>\n\t\t\t\t\t<\/div>\n\t\t<\/section>\n\t\t\t\t<section class=\"elementor-section elementor-top-section elementor-element elementor-element-14822ca elementor-section-boxed elementor-section-height-default elementor-section-height-default\" data-id=\"14822ca\" data-element_type=\"section\">\n\t\t\t\t\t\t<div class=\"elementor-container elementor-column-gap-default\">\n\t\t\t\t\t<div class=\"elementor-column elementor-col-100 elementor-top-column elementor-element elementor-element-cc2d6c3\" data-id=\"cc2d6c3\" data-element_type=\"column\">\n\t\t\t<div class=\"elementor-widget-wrap elementor-element-populated\">\n\t\t\t\t\t\t<div class=\"elementor-element elementor-element-dde2dc0 elementor-widget elementor-widget-spacer\" data-id=\"dde2dc0\" data-element_type=\"widget\" data-widget_type=\"spacer.default\">\n\t\t\t\t<div class=\"elementor-widget-container\">\n\t\t\t\t\t<div class=\"elementor-spacer\">\n\t\t\t<div class=\"elementor-spacer-inner\"><\/div>\n\t\t<\/div>\n\t\t\t\t<\/div>\n\t\t\t\t<\/div>\n\t\t\t\t\t<\/div>\n\t\t<\/div>\n\t\t\t\t\t<\/div>\n\t\t<\/section>\n\t\t\t\t<section class=\"elementor-section elementor-top-section elementor-element elementor-element-fe2be5d elementor-section-boxed elementor-section-height-default elementor-section-height-default\" data-id=\"fe2be5d\" data-element_type=\"section\">\n\t\t\t\t\t\t<div class=\"elementor-container elementor-column-gap-default\">\n\t\t\t\t\t<div class=\"elementor-column elementor-col-100 elementor-top-column elementor-element elementor-element-53fbfae\" data-id=\"53fbfae\" data-element_type=\"column\">\n\t\t\t<div class=\"elementor-widget-wrap elementor-element-populated\">\n\t\t\t\t\t\t<div class=\"elementor-element elementor-element-670b499 elementor-widget elementor-widget-heading\" data-id=\"670b499\" data-element_type=\"widget\" data-widget_type=\"heading.default\">\n\t\t\t\t<div class=\"elementor-widget-container\">\n\t\t\t<h5 class=\"elementor-heading-title elementor-size-default\">Rainforest Awakens | Performance Interativa em Tempo Real <\/h5>\t\t<\/div>\n\t\t\t\t<\/div>\n\t\t\t\t\t<\/div>\n\t\t<\/div>\n\t\t\t\t\t<\/div>\n\t\t<\/section>\n\t\t\t\t<section class=\"elementor-section elementor-top-section elementor-element elementor-element-31d8081 elementor-section-boxed elementor-section-height-default elementor-section-height-default\" data-id=\"31d8081\" data-element_type=\"section\">\n\t\t\t\t\t\t<div class=\"elementor-container elementor-column-gap-default\">\n\t\t\t\t\t<div class=\"elementor-column elementor-col-100 elementor-top-column elementor-element elementor-element-e8a74f9\" data-id=\"e8a74f9\" data-element_type=\"column\">\n\t\t\t<div class=\"elementor-widget-wrap elementor-element-populated\">\n\t\t\t\t\t\t<div class=\"elementor-element elementor-element-7616a95 elementor-widget elementor-widget-video\" data-id=\"7616a95\" data-element_type=\"widget\" data-settings=\"{&quot;youtube_url&quot;:&quot;https:\\\/\\\/www.youtube.com\\\/watch?v=g_gs9Jh6LTA&amp;t=211s&amp;ab_channel=LabartUFSM&quot;,&quot;video_type&quot;:&quot;youtube&quot;,&quot;controls&quot;:&quot;yes&quot;}\" data-widget_type=\"video.default\">\n\t\t\t\t<div class=\"elementor-widget-container\">\n\t\t\t\t\t<div class=\"elementor-wrapper elementor-open-inline\">\n\t\t\t<div class=\"elementor-video\"><\/div>\t\t<\/div>\n\t\t\t\t<\/div>\n\t\t\t\t<\/div>\n\t\t\t\t\t<\/div>\n\t\t<\/div>\n\t\t\t\t\t<\/div>\n\t\t<\/section>\n\t\t\t\t<section class=\"elementor-section elementor-top-section elementor-element elementor-element-f882a34 elementor-section-boxed elementor-section-height-default elementor-section-height-default\" data-id=\"f882a34\" data-element_type=\"section\">\n\t\t\t\t\t\t<div class=\"elementor-container elementor-column-gap-default\">\n\t\t\t\t\t<div class=\"elementor-column elementor-col-100 elementor-top-column elementor-element elementor-element-643a872\" data-id=\"643a872\" data-element_type=\"column\">\n\t\t\t<div class=\"elementor-widget-wrap elementor-element-populated\">\n\t\t\t\t\t\t<div class=\"elementor-element elementor-element-7025640 elementor-widget elementor-widget-spacer\" data-id=\"7025640\" data-element_type=\"widget\" data-widget_type=\"spacer.default\">\n\t\t\t\t<div class=\"elementor-widget-container\">\n\t\t\t\t\t<div class=\"elementor-spacer\">\n\t\t\t<div class=\"elementor-spacer-inner\"><\/div>\n\t\t<\/div>\n\t\t\t\t<\/div>\n\t\t\t\t<\/div>\n\t\t\t\t\t<\/div>\n\t\t<\/div>\n\t\t\t\t\t<\/div>\n\t\t<\/section>\n\t\t\t\t<section class=\"elementor-section elementor-top-section elementor-element elementor-element-d981a3e elementor-section-boxed elementor-section-height-default elementor-section-height-default\" data-id=\"d981a3e\" data-element_type=\"section\">\n\t\t\t\t\t\t<div class=\"elementor-container elementor-column-gap-default\">\n\t\t\t\t\t<div class=\"elementor-column elementor-col-100 elementor-top-column elementor-element elementor-element-cf03a6a\" data-id=\"cf03a6a\" data-element_type=\"column\">\n\t\t\t<div class=\"elementor-widget-wrap elementor-element-populated\">\n\t\t\t\t\t\t<div class=\"elementor-element elementor-element-6414893 elementor-widget elementor-widget-text-editor\" data-id=\"6414893\" data-element_type=\"widget\" data-widget_type=\"text-editor.default\">\n\t\t\t\t<div class=\"elementor-widget-container\">\n\t\t\t\t\t\t\t<div><div data-elementor-type=\"wp-page\" data-elementor-id=\"2052\" data-elementor-settings=\"[]\"><div><div><section data-id=\"3083379\" data-element_type=\"section\"><div><div><div data-id=\"29326d8\" data-element_type=\"column\"><div><div><div data-id=\"938d849\" data-element_type=\"widget\" data-widget_type=\"text-editor.default\"><div><div><div><div data-elementor-type=\"wp-page\" data-elementor-id=\"1862\" data-elementor-settings=\"[]\"><div><div><section data-id=\"711fb6f\" data-element_type=\"section\"><div><div><div data-id=\"d5f1e6c\" data-element_type=\"column\"><div><div><div data-id=\"a5723dc\" data-element_type=\"widget\" data-widget_type=\"text-editor.default\"><div><div><div><div data-elementor-type=\"wp-page\" data-elementor-id=\"1857\" data-elementor-settings=\"[]\"><div><div><section data-id=\"795e867\"><div><div><div data-id=\"4b8a710\"><div><div><div data-id=\"7624630\"><div><div><p>Propriedade das imagens: LABART\/UFSM.<\/p><\/div><\/div><\/div><\/div><\/div><\/div><\/div><\/div><\/section><\/div><\/div><\/div><\/div><\/div><\/div><\/div><\/div><\/div><\/div><\/div><\/div><\/section><\/div><\/div><\/div><\/div><\/div><\/div><\/div><\/div><\/div><\/div><\/div><\/div><\/section><\/div><\/div><\/div><\/div>\t\t\t\t\t\t<\/div>\n\t\t\t\t<\/div>\n\t\t\t\t\t<\/div>\n\t\t<\/div>\n\t\t\t\t\t<\/div>\n\t\t<\/section>\n\t\t\t\t<\/div>\n\t\t","protected":false},"excerpt":{"rendered":"<p>Rainforest Awakens \u00e9 uma performance interativa em tempo real. Nela, tr\u00eas artistas se re\u00fanem &#8220;ao vivo e online&#8221; para explorar a beleza e a crise em uma floresta tropical 3D vision\u00e1ria. Rainforest AwakensArtistas | Maida Withers, Tania Fraga, Steve HilmyT\u00e9cnica | Performance InterativaAno | 2020 Curadoria | Maida Withers, Nara Cristina Santos, Tania FragaAssist\u00eancia curatorial [&hellip;]<\/p>\n","protected":false},"author":1884,"featured_media":0,"parent":0,"menu_order":0,"comment_status":"closed","ping_status":"closed","template":"","meta":{"footnotes":""},"categories":[],"tags":[],"class_list":["post-2059","page","type-page","status-publish","hentry"],"acf":[],"_links":{"self":[{"href":"https:\/\/www.ufsm.br\/laboratorios\/labart\/wp-json\/wp\/v2\/pages\/2059","targetHints":{"allow":["GET"]}}],"collection":[{"href":"https:\/\/www.ufsm.br\/laboratorios\/labart\/wp-json\/wp\/v2\/pages"}],"about":[{"href":"https:\/\/www.ufsm.br\/laboratorios\/labart\/wp-json\/wp\/v2\/types\/page"}],"author":[{"embeddable":true,"href":"https:\/\/www.ufsm.br\/laboratorios\/labart\/wp-json\/wp\/v2\/users\/1884"}],"replies":[{"embeddable":true,"href":"https:\/\/www.ufsm.br\/laboratorios\/labart\/wp-json\/wp\/v2\/comments?post=2059"}],"version-history":[{"count":0,"href":"https:\/\/www.ufsm.br\/laboratorios\/labart\/wp-json\/wp\/v2\/pages\/2059\/revisions"}],"wp:attachment":[{"href":"https:\/\/www.ufsm.br\/laboratorios\/labart\/wp-json\/wp\/v2\/media?parent=2059"}],"wp:term":[{"taxonomy":"category","embeddable":true,"href":"https:\/\/www.ufsm.br\/laboratorios\/labart\/wp-json\/wp\/v2\/categories?post=2059"},{"taxonomy":"post_tag","embeddable":true,"href":"https:\/\/www.ufsm.br\/laboratorios\/labart\/wp-json\/wp\/v2\/tags?post=2059"}],"curies":[{"name":"wp","href":"https:\/\/api.w.org\/{rel}","templated":true}]}}