{"id":2067,"date":"2020-11-10T15:14:23","date_gmt":"2020-11-10T18:14:23","guid":{"rendered":"https:\/\/www.ufsm.br\/laboratorios\/labart\/?page_id=2067"},"modified":"2020-11-10T16:16:35","modified_gmt":"2020-11-10T19:16:35","slug":"arte-cinema-do-abismo-de-um-sonho-a-outras-historias","status":"publish","type":"page","link":"https:\/\/www.ufsm.br\/laboratorios\/labart\/arte-cinema-do-abismo-de-um-sonho-a-outras-historias","title":{"rendered":"Arte\/Cinema: do abismo de um sonho a outras hist\u00f3rias"},"content":{"rendered":"\t\t<div data-elementor-type=\"wp-page\" data-elementor-id=\"2067\" class=\"elementor elementor-2067\">\n\t\t\t\t\t\t<section class=\"elementor-section elementor-top-section elementor-element elementor-element-80f6c51 elementor-section-boxed elementor-section-height-default elementor-section-height-default\" data-id=\"80f6c51\" data-element_type=\"section\">\n\t\t\t\t\t\t<div class=\"elementor-container elementor-column-gap-default\">\n\t\t\t\t\t<div class=\"elementor-column elementor-col-50 elementor-top-column elementor-element elementor-element-fb192b4\" data-id=\"fb192b4\" data-element_type=\"column\">\n\t\t\t<div class=\"elementor-widget-wrap elementor-element-populated\">\n\t\t\t\t\t\t<div class=\"elementor-element elementor-element-aed002e elementor-widget elementor-widget-image\" data-id=\"aed002e\" data-element_type=\"widget\" data-widget_type=\"image.default\">\n\t\t\t\t<div class=\"elementor-widget-container\">\n\t\t\t\t\t\t\t\t\t\t\t\t\t<img decoding=\"async\" src=\"https:\/\/www.ufsm.br\/app\/uploads\/sites\/642\/2020\/11\/20Arte-Cinema_FlayerA.jpg\" title=\"20Arte-Cinema_FlayerA\" alt=\"20Arte-Cinema_FlayerA\" loading=\"lazy\" \/>\t\t\t\t\t\t\t\t\t\t\t\t\t<\/div>\n\t\t\t\t<\/div>\n\t\t\t\t\t<\/div>\n\t\t<\/div>\n\t\t\t\t<div class=\"elementor-column elementor-col-50 elementor-top-column elementor-element elementor-element-21c3d0b\" data-id=\"21c3d0b\" data-element_type=\"column\">\n\t\t\t<div class=\"elementor-widget-wrap elementor-element-populated\">\n\t\t\t\t\t\t<div class=\"elementor-element elementor-element-cd82f66 elementor-widget elementor-widget-image\" data-id=\"cd82f66\" data-element_type=\"widget\" data-widget_type=\"image.default\">\n\t\t\t\t<div class=\"elementor-widget-container\">\n\t\t\t\t\t\t\t\t\t\t\t\t\t<img decoding=\"async\" src=\"https:\/\/www.ufsm.br\/app\/uploads\/sites\/642\/2020\/11\/20Arte-Cinema_FlayerB.jpg\" title=\"20Arte-Cinema_FlayerB\" alt=\"20Arte-Cinema_FlayerB\" loading=\"lazy\" \/>\t\t\t\t\t\t\t\t\t\t\t\t\t<\/div>\n\t\t\t\t<\/div>\n\t\t\t\t\t<\/div>\n\t\t<\/div>\n\t\t\t\t\t<\/div>\n\t\t<\/section>\n\t\t\t\t<section class=\"elementor-section elementor-top-section elementor-element elementor-element-2447891 elementor-section-boxed elementor-section-height-default elementor-section-height-default\" data-id=\"2447891\" data-element_type=\"section\">\n\t\t\t\t\t\t<div class=\"elementor-container elementor-column-gap-default\">\n\t\t\t\t\t<div class=\"elementor-column elementor-col-100 elementor-top-column elementor-element elementor-element-68da93d\" data-id=\"68da93d\" data-element_type=\"column\">\n\t\t\t<div class=\"elementor-widget-wrap elementor-element-populated\">\n\t\t\t\t\t\t<div class=\"elementor-element elementor-element-19fc0fd elementor-widget elementor-widget-spacer\" data-id=\"19fc0fd\" data-element_type=\"widget\" data-widget_type=\"spacer.default\">\n\t\t\t\t<div class=\"elementor-widget-container\">\n\t\t\t\t\t<div class=\"elementor-spacer\">\n\t\t\t<div class=\"elementor-spacer-inner\"><\/div>\n\t\t<\/div>\n\t\t\t\t<\/div>\n\t\t\t\t<\/div>\n\t\t\t\t\t<\/div>\n\t\t<\/div>\n\t\t\t\t\t<\/div>\n\t\t<\/section>\n\t\t\t\t<section class=\"elementor-section elementor-top-section elementor-element elementor-element-7cc23a4 elementor-section-boxed elementor-section-height-default elementor-section-height-default\" data-id=\"7cc23a4\" data-element_type=\"section\">\n\t\t\t\t\t\t<div class=\"elementor-container elementor-column-gap-default\">\n\t\t\t\t\t<div class=\"elementor-column elementor-col-100 elementor-top-column elementor-element elementor-element-6cef501\" data-id=\"6cef501\" data-element_type=\"column\">\n\t\t\t<div class=\"elementor-widget-wrap elementor-element-populated\">\n\t\t\t\t\t\t<div class=\"elementor-element elementor-element-f9099ff elementor-widget elementor-widget-text-editor\" data-id=\"f9099ff\" data-element_type=\"widget\" data-widget_type=\"text-editor.default\">\n\t\t\t\t<div class=\"elementor-widget-container\">\n\t\t\t\t\t\t\t<p>A exposi\u00e7\u00e3o\u00a0<strong>Arte\/Cinema: do abismo de um sonho a outras hist\u00f3rias<\/strong>\u00a0apresenta um conjunto de obras do artista\u00a0<strong>Alfredo Nicolaiewsky<\/strong>.<\/p><p>\u00a0<\/p><p><strong>Arte\/Cinema: do abismo de um sonho a outras hist\u00f3rias<\/strong><\/p><p><strong>Abertura <\/strong>\u2192 4.09.2020<br \/>Exposi\u00e7\u00e3o dispon\u00edvel no Facebook do\u00a0@<a href=\"https:\/\/www.facebook.com\/museudaimagemedosommissc\" target=\"_blank\" rel=\"noopener\">museudaimagemedosommissc<\/a><\/p><p>\u00a0<\/p><p>Curadoria | Nara Cristina Santos<br \/>Assist\u00eancia Curatorial | Natascha Carvalho e Ana Luiza Martins<br \/>Design Gr\u00e1fico | Moys\u00e9s Lavagnoli<br \/>Trilha Sonora | Nina Nicolaiewsky<br \/>Locu\u00e7\u00e3o | Ana Ligia Becker<br \/>Edi\u00e7\u00e3o de v\u00eddeo | Ana Luiza Martins<br \/>Edi\u00e7\u00e3o de som | Rodrigo Herd<\/p>\t\t\t\t\t\t<\/div>\n\t\t\t\t<\/div>\n\t\t\t\t\t<\/div>\n\t\t<\/div>\n\t\t\t\t\t<\/div>\n\t\t<\/section>\n\t\t\t\t<section class=\"elementor-section elementor-top-section elementor-element elementor-element-8c1e0e1 elementor-section-boxed elementor-section-height-default elementor-section-height-default\" data-id=\"8c1e0e1\" data-element_type=\"section\">\n\t\t\t\t\t\t<div class=\"elementor-container elementor-column-gap-default\">\n\t\t\t\t\t<div class=\"elementor-column elementor-col-100 elementor-top-column elementor-element elementor-element-4f494b8\" data-id=\"4f494b8\" data-element_type=\"column\">\n\t\t\t<div class=\"elementor-widget-wrap elementor-element-populated\">\n\t\t\t\t\t\t<div class=\"elementor-element elementor-element-d098525 elementor-widget elementor-widget-spacer\" data-id=\"d098525\" data-element_type=\"widget\" data-widget_type=\"spacer.default\">\n\t\t\t\t<div class=\"elementor-widget-container\">\n\t\t\t\t\t<div class=\"elementor-spacer\">\n\t\t\t<div class=\"elementor-spacer-inner\"><\/div>\n\t\t<\/div>\n\t\t\t\t<\/div>\n\t\t\t\t<\/div>\n\t\t\t\t\t<\/div>\n\t\t<\/div>\n\t\t\t\t\t<\/div>\n\t\t<\/section>\n\t\t\t\t<section class=\"elementor-section elementor-top-section elementor-element elementor-element-1d2c83b elementor-section-boxed elementor-section-height-default elementor-section-height-default\" data-id=\"1d2c83b\" data-element_type=\"section\">\n\t\t\t\t\t\t<div class=\"elementor-container elementor-column-gap-default\">\n\t\t\t\t\t<div class=\"elementor-column elementor-col-50 elementor-top-column elementor-element elementor-element-b01e443\" data-id=\"b01e443\" data-element_type=\"column\">\n\t\t\t<div class=\"elementor-widget-wrap elementor-element-populated\">\n\t\t\t\t\t\t<div class=\"elementor-element elementor-element-30c1bff elementor-widget elementor-widget-image\" data-id=\"30c1bff\" data-element_type=\"widget\" data-widget_type=\"image.default\">\n\t\t\t\t<div class=\"elementor-widget-container\">\n\t\t\t\t\t\t\t\t\t\t\t\t\t<img decoding=\"async\" src=\"https:\/\/www.ufsm.br\/app\/uploads\/sites\/642\/elementor\/thumbs\/ARTE_CINEMA_-do-abismo-de-um-sonho-a-outras-historias-1-ox8sy449r92uhch6rzqyfr2bw5eunaqbaagcyn7t70.jpg\" title=\"ARTE_CINEMA_-do-abismo-de-um-sonho-a-outras-historias-1\" alt=\"ARTE_CINEMA_-do-abismo-de-um-sonho-a-outras-historias-1\" loading=\"lazy\" \/>\t\t\t\t\t\t\t\t\t\t\t\t\t<\/div>\n\t\t\t\t<\/div>\n\t\t\t\t\t<\/div>\n\t\t<\/div>\n\t\t\t\t<div class=\"elementor-column elementor-col-50 elementor-top-column elementor-element elementor-element-b03bda3\" data-id=\"b03bda3\" data-element_type=\"column\">\n\t\t\t<div class=\"elementor-widget-wrap elementor-element-populated\">\n\t\t\t\t\t\t<div class=\"elementor-element elementor-element-056f74f elementor-widget elementor-widget-text-editor\" data-id=\"056f74f\" data-element_type=\"widget\" data-widget_type=\"text-editor.default\">\n\t\t\t\t<div class=\"elementor-widget-container\">\n\t\t\t\t\t\t\t<p><span class=\"s1\">Acesse o cat\u00e1ldo da exposi\u00e7\u00e3o <strong>Arte\/Cinema: do abismo de um sonho a outras hist\u00f3rias <\/strong>|\u00a0<\/span><span class=\"s1\">Nara Cristina Santos, Alfredo Nicolaiewsky, Ana Ligia Becker (Org.) <\/span>\u27a5\u00a0<a href=\"https:\/\/www.ufsm.br\/app\/uploads\/sites\/740\/2020\/10\/ARTE_CINEMA_-do-abismo-de-um-sonho-a-outras-historias.pdf\" target=\"_blank\" rel=\"noopener\">PDF<\/a><\/p>\t\t\t\t\t\t<\/div>\n\t\t\t\t<\/div>\n\t\t\t\t\t<\/div>\n\t\t<\/div>\n\t\t\t\t\t<\/div>\n\t\t<\/section>\n\t\t\t\t<section class=\"elementor-section elementor-top-section elementor-element elementor-element-b77d945 elementor-section-boxed elementor-section-height-default elementor-section-height-default\" data-id=\"b77d945\" data-element_type=\"section\">\n\t\t\t\t\t\t<div class=\"elementor-container elementor-column-gap-default\">\n\t\t\t\t\t<div class=\"elementor-column elementor-col-100 elementor-top-column elementor-element elementor-element-bd0ec06\" data-id=\"bd0ec06\" data-element_type=\"column\">\n\t\t\t<div class=\"elementor-widget-wrap elementor-element-populated\">\n\t\t\t\t\t\t<div class=\"elementor-element elementor-element-5418aaa elementor-widget elementor-widget-spacer\" data-id=\"5418aaa\" data-element_type=\"widget\" data-widget_type=\"spacer.default\">\n\t\t\t\t<div class=\"elementor-widget-container\">\n\t\t\t\t\t<div class=\"elementor-spacer\">\n\t\t\t<div class=\"elementor-spacer-inner\"><\/div>\n\t\t<\/div>\n\t\t\t\t<\/div>\n\t\t\t\t<\/div>\n\t\t\t\t\t<\/div>\n\t\t<\/div>\n\t\t\t\t\t<\/div>\n\t\t<\/section>\n\t\t\t\t<section class=\"elementor-section elementor-top-section elementor-element elementor-element-5270cce elementor-section-boxed elementor-section-height-default elementor-section-height-default\" data-id=\"5270cce\" data-element_type=\"section\">\n\t\t\t\t\t\t<div class=\"elementor-container elementor-column-gap-default\">\n\t\t\t\t\t<div class=\"elementor-column elementor-col-100 elementor-top-column elementor-element elementor-element-59a352f\" data-id=\"59a352f\" data-element_type=\"column\">\n\t\t\t<div class=\"elementor-widget-wrap elementor-element-populated\">\n\t\t\t\t\t\t<div class=\"elementor-element elementor-element-d3cfc65 elementor-widget elementor-widget-text-editor\" data-id=\"d3cfc65\" data-element_type=\"widget\" data-widget_type=\"text-editor.default\">\n\t\t\t\t<div class=\"elementor-widget-container\">\n\t\t\t\t\t\t\t<div><div data-elementor-type=\"wp-page\" data-elementor-id=\"2052\" data-elementor-settings=\"[]\"><div><div><section data-id=\"3083379\" data-element_type=\"section\"><div><div><div data-id=\"29326d8\" data-element_type=\"column\"><div><div><div data-id=\"938d849\" data-element_type=\"widget\" data-widget_type=\"text-editor.default\"><div><div><div><div data-elementor-type=\"wp-page\" data-elementor-id=\"1862\" data-elementor-settings=\"[]\"><div><div><section data-id=\"711fb6f\" data-element_type=\"section\"><div><div><div data-id=\"d5f1e6c\" data-element_type=\"column\"><div><div><div data-id=\"a5723dc\" data-element_type=\"widget\" data-widget_type=\"text-editor.default\"><div><div><div><div data-elementor-type=\"wp-page\" data-elementor-id=\"1857\" data-elementor-settings=\"[]\"><div><div><section data-id=\"795e867\"><div><div><div data-id=\"4b8a710\"><div><div><div data-id=\"7624630\"><div><div><p>Propriedade das imagens: LABART\/UFSM.<\/p><\/div><\/div><\/div><\/div><\/div><\/div><\/div><\/div><\/section><\/div><\/div><\/div><\/div><\/div><\/div><\/div><\/div><\/div><\/div><\/div><\/div><\/section><\/div><\/div><\/div><\/div><\/div><\/div><\/div><\/div><\/div><\/div><\/div><\/div><\/section><\/div><\/div><\/div><\/div>\t\t\t\t\t\t<\/div>\n\t\t\t\t<\/div>\n\t\t\t\t\t<\/div>\n\t\t<\/div>\n\t\t\t\t\t<\/div>\n\t\t<\/section>\n\t\t\t\t<\/div>\n\t\t","protected":false},"excerpt":{"rendered":"<p>A exposi\u00e7\u00e3o\u00a0Arte\/Cinema: do abismo de um sonho a outras hist\u00f3rias\u00a0apresenta um conjunto de obras do artista\u00a0Alfredo Nicolaiewsky. \u00a0 Arte\/Cinema: do abismo de um sonho a outras hist\u00f3rias Abertura \u2192 4.09.2020Exposi\u00e7\u00e3o dispon\u00edvel no Facebook do\u00a0@museudaimagemedosommissc \u00a0 Curadoria | Nara Cristina SantosAssist\u00eancia Curatorial | Natascha Carvalho e Ana Luiza MartinsDesign Gr\u00e1fico | Moys\u00e9s LavagnoliTrilha Sonora | Nina [&hellip;]<\/p>\n","protected":false},"author":1884,"featured_media":0,"parent":0,"menu_order":0,"comment_status":"closed","ping_status":"closed","template":"","meta":{"footnotes":""},"categories":[],"tags":[],"class_list":["post-2067","page","type-page","status-publish","hentry"],"acf":[],"_links":{"self":[{"href":"https:\/\/www.ufsm.br\/laboratorios\/labart\/wp-json\/wp\/v2\/pages\/2067","targetHints":{"allow":["GET"]}}],"collection":[{"href":"https:\/\/www.ufsm.br\/laboratorios\/labart\/wp-json\/wp\/v2\/pages"}],"about":[{"href":"https:\/\/www.ufsm.br\/laboratorios\/labart\/wp-json\/wp\/v2\/types\/page"}],"author":[{"embeddable":true,"href":"https:\/\/www.ufsm.br\/laboratorios\/labart\/wp-json\/wp\/v2\/users\/1884"}],"replies":[{"embeddable":true,"href":"https:\/\/www.ufsm.br\/laboratorios\/labart\/wp-json\/wp\/v2\/comments?post=2067"}],"version-history":[{"count":0,"href":"https:\/\/www.ufsm.br\/laboratorios\/labart\/wp-json\/wp\/v2\/pages\/2067\/revisions"}],"wp:attachment":[{"href":"https:\/\/www.ufsm.br\/laboratorios\/labart\/wp-json\/wp\/v2\/media?parent=2067"}],"wp:term":[{"taxonomy":"category","embeddable":true,"href":"https:\/\/www.ufsm.br\/laboratorios\/labart\/wp-json\/wp\/v2\/categories?post=2067"},{"taxonomy":"post_tag","embeddable":true,"href":"https:\/\/www.ufsm.br\/laboratorios\/labart\/wp-json\/wp\/v2\/tags?post=2067"}],"curies":[{"name":"wp","href":"https:\/\/api.w.org\/{rel}","templated":true}]}}