{"id":2113,"date":"2021-07-12T14:57:53","date_gmt":"2021-07-12T17:57:53","guid":{"rendered":"https:\/\/www.ufsm.br\/laboratorios\/labart\/?page_id=2113"},"modified":"2021-09-08T11:24:18","modified_gmt":"2021-09-08T14:24:18","slug":"16o-simposio-de-arte-contemporanea-propagacao-digital-do-in-loco-ao-online","status":"publish","type":"page","link":"https:\/\/www.ufsm.br\/laboratorios\/labart\/16o-simposio-de-arte-contemporanea-propagacao-digital-do-in-loco-ao-online","title":{"rendered":"16\u00ba Simp\u00f3sio de Arte Contempor\u00e2nea: Propaga\u00e7\u00e3o digital do in loco ao online"},"content":{"rendered":"\t\t<div data-elementor-type=\"wp-page\" data-elementor-id=\"2113\" class=\"elementor elementor-2113\">\n\t\t\t\t\t\t<section class=\"elementor-section elementor-top-section elementor-element elementor-element-900d08c elementor-section-boxed elementor-section-height-default elementor-section-height-default\" data-id=\"900d08c\" data-element_type=\"section\">\n\t\t\t\t\t\t<div class=\"elementor-container elementor-column-gap-default\">\n\t\t\t\t\t<div class=\"elementor-column elementor-col-100 elementor-top-column elementor-element elementor-element-14588d1\" data-id=\"14588d1\" data-element_type=\"column\">\n\t\t\t<div class=\"elementor-widget-wrap elementor-element-populated\">\n\t\t\t\t\t\t<div class=\"elementor-element elementor-element-4e0bc39 elementor-widget elementor-widget-image\" data-id=\"4e0bc39\" data-element_type=\"widget\" data-widget_type=\"image.default\">\n\t\t\t\t<div class=\"elementor-widget-container\">\n\t\t\t\t\t\t\t\t\t\t\t\t\t<img decoding=\"async\" src=\"https:\/\/www.ufsm.br\/app\/uploads\/sites\/642\/elementor\/thumbs\/16S2021_Cartaz_BienalSur-scaled-par19e2fwc81a3eat5t2mz3bckpavvgerwrjfecy34.jpg\" title=\"16S2021_Cartaz_BienalSur\" alt=\"16S2021_Cartaz_BienalSur\" loading=\"lazy\" \/>\t\t\t\t\t\t\t\t\t\t\t\t\t<\/div>\n\t\t\t\t<\/div>\n\t\t\t\t\t<\/div>\n\t\t<\/div>\n\t\t\t\t\t<\/div>\n\t\t<\/section>\n\t\t\t\t<section class=\"elementor-section elementor-top-section elementor-element elementor-element-12c05e5 elementor-section-boxed elementor-section-height-default elementor-section-height-default\" data-id=\"12c05e5\" data-element_type=\"section\">\n\t\t\t\t\t\t<div class=\"elementor-container elementor-column-gap-default\">\n\t\t\t\t\t<div class=\"elementor-column elementor-col-100 elementor-top-column elementor-element elementor-element-46ddd16\" data-id=\"46ddd16\" data-element_type=\"column\">\n\t\t\t<div class=\"elementor-widget-wrap elementor-element-populated\">\n\t\t\t\t\t\t<div class=\"elementor-element elementor-element-40a9eec elementor-widget elementor-widget-spacer\" data-id=\"40a9eec\" data-element_type=\"widget\" data-widget_type=\"spacer.default\">\n\t\t\t\t<div class=\"elementor-widget-container\">\n\t\t\t\t\t<div class=\"elementor-spacer\">\n\t\t\t<div class=\"elementor-spacer-inner\"><\/div>\n\t\t<\/div>\n\t\t\t\t<\/div>\n\t\t\t\t<\/div>\n\t\t\t\t<div class=\"elementor-element elementor-element-75a9da0 elementor-widget elementor-widget-text-editor\" data-id=\"75a9da0\" data-element_type=\"widget\" data-widget_type=\"text-editor.default\">\n\t\t\t\t<div class=\"elementor-widget-container\">\n\t\t\t\t\t\t\t<p>O\u00a0<strong>16\u00ba Simp\u00f3sio de Arte Contempor\u00e2nea<\/strong>,\u00a0com o tema\u00a0<strong>Propaga\u00e7\u00e3o digital do in loco ao online<\/strong>, acontece de 25 a 27 de agosto de 2021, com transmiss\u00e3o online via <a href=\"https:\/\/farol.ufsm.br\/\" target=\"_blank\" rel=\"noopener\">Farol<\/a>.<\/p>\t\t\t\t\t\t<\/div>\n\t\t\t\t<\/div>\n\t\t\t\t<div class=\"elementor-element elementor-element-629ca48 elementor-widget elementor-widget-spacer\" data-id=\"629ca48\" data-element_type=\"widget\" data-widget_type=\"spacer.default\">\n\t\t\t\t<div class=\"elementor-widget-container\">\n\t\t\t\t\t<div class=\"elementor-spacer\">\n\t\t\t<div class=\"elementor-spacer-inner\"><\/div>\n\t\t<\/div>\n\t\t\t\t<\/div>\n\t\t\t\t<\/div>\n\t\t\t\t\t<\/div>\n\t\t<\/div>\n\t\t\t\t\t<\/div>\n\t\t<\/section>\n\t\t\t\t<section class=\"elementor-section elementor-top-section elementor-element elementor-element-f26c24b elementor-section-boxed elementor-section-height-default elementor-section-height-default\" data-id=\"f26c24b\" data-element_type=\"section\">\n\t\t\t\t\t\t<div class=\"elementor-container elementor-column-gap-default\">\n\t\t\t\t\t<div class=\"elementor-column elementor-col-100 elementor-top-column elementor-element elementor-element-e7d9b4e\" data-id=\"e7d9b4e\" data-element_type=\"column\">\n\t\t\t<div class=\"elementor-widget-wrap elementor-element-populated\">\n\t\t\t\t\t\t<div class=\"elementor-element elementor-element-35a7ec5 elementor-widget elementor-widget-heading\" data-id=\"35a7ec5\" data-element_type=\"widget\" data-widget_type=\"heading.default\">\n\t\t\t\t<div class=\"elementor-widget-container\">\n\t\t\t<h5 class=\"elementor-heading-title elementor-size-default\">16\u00ba Simp\u00f3sio de Arte Contempor\u00e2nea - Dia 25.08 via Google Meet com transmiss\u00e3o pelo Farol\/UFSM<\/h5>\t\t<\/div>\n\t\t\t\t<\/div>\n\t\t\t\t<div class=\"elementor-element elementor-element-2f6cf97 elementor-widget elementor-widget-html\" data-id=\"2f6cf97\" data-element_type=\"widget\" data-widget_type=\"html.default\">\n\t\t\t\t<div class=\"elementor-widget-container\">\n\t\t\t<iframe width=\"640\" height=\"360\" src=\"https:\/\/farol.ufsm.br\/transmissao\/embed\/16o-simposio-de-arte-contemporanea\/\" frameborder=\"0\" allowfullscreen><\/iframe>\t\t<\/div>\n\t\t\t\t<\/div>\n\t\t\t\t\t<\/div>\n\t\t<\/div>\n\t\t\t\t\t<\/div>\n\t\t<\/section>\n\t\t\t\t<section class=\"elementor-section elementor-top-section elementor-element elementor-element-2f609af elementor-section-boxed elementor-section-height-default elementor-section-height-default\" data-id=\"2f609af\" data-element_type=\"section\">\n\t\t\t\t\t\t<div class=\"elementor-container elementor-column-gap-default\">\n\t\t\t\t\t<div class=\"elementor-column elementor-col-100 elementor-top-column elementor-element elementor-element-0394a00\" data-id=\"0394a00\" data-element_type=\"column\">\n\t\t\t<div class=\"elementor-widget-wrap elementor-element-populated\">\n\t\t\t\t\t\t<div class=\"elementor-element elementor-element-441e3ad elementor-widget elementor-widget-heading\" data-id=\"441e3ad\" data-element_type=\"widget\" data-widget_type=\"heading.default\">\n\t\t\t\t<div class=\"elementor-widget-container\">\n\t\t\t<h5 class=\"elementor-heading-title elementor-size-default\">16\u00ba Simp\u00f3sio de Arte Contempor\u00e2nea - Dia 26.08 via Google Meet com transmiss\u00e3o pelo Farol\/UFSM<\/h5>\t\t<\/div>\n\t\t\t\t<\/div>\n\t\t\t\t<div class=\"elementor-element elementor-element-d5196b2 elementor-widget elementor-widget-html\" data-id=\"d5196b2\" data-element_type=\"widget\" data-widget_type=\"html.default\">\n\t\t\t\t<div class=\"elementor-widget-container\">\n\t\t\t<iframe width=\"640\" height=\"360\" src=\"https:\/\/farol.ufsm.br\/transmissao\/embed\/16o-simposio-de-arte-contemporanea-1\/\" frameborder=\"0\" allowfullscreen><\/iframe>\r\n\r\n\t\t<\/div>\n\t\t\t\t<\/div>\n\t\t\t\t\t<\/div>\n\t\t<\/div>\n\t\t\t\t\t<\/div>\n\t\t<\/section>\n\t\t\t\t<section class=\"elementor-section elementor-top-section elementor-element elementor-element-fdd020d elementor-section-boxed elementor-section-height-default elementor-section-height-default\" data-id=\"fdd020d\" data-element_type=\"section\">\n\t\t\t\t\t\t<div class=\"elementor-container elementor-column-gap-default\">\n\t\t\t\t\t<div class=\"elementor-column elementor-col-100 elementor-top-column elementor-element elementor-element-c2bc19d\" data-id=\"c2bc19d\" data-element_type=\"column\">\n\t\t\t<div class=\"elementor-widget-wrap elementor-element-populated\">\n\t\t\t\t\t\t<div class=\"elementor-element elementor-element-6cdeb8a elementor-widget elementor-widget-heading\" data-id=\"6cdeb8a\" data-element_type=\"widget\" data-widget_type=\"heading.default\">\n\t\t\t\t<div class=\"elementor-widget-container\">\n\t\t\t<h5 class=\"elementor-heading-title elementor-size-default\">16\u00ba Simp\u00f3sio de Arte Contempor\u00e2nea - Dia 27.08 via Google Meet com transmiss\u00e3o pelo Farol\/UFSM<\/h5>\t\t<\/div>\n\t\t\t\t<\/div>\n\t\t\t\t<div class=\"elementor-element elementor-element-1f01ef6 elementor-widget elementor-widget-html\" data-id=\"1f01ef6\" data-element_type=\"widget\" data-widget_type=\"html.default\">\n\t\t\t\t<div class=\"elementor-widget-container\">\n\t\t\t<iframe width=\"640\" height=\"360\" src=\"https:\/\/farol.ufsm.br\/transmissao\/embed\/16o-simposio-de-arte-contemporanea-2\/\" frameborder=\"0\" allowfullscreen><\/iframe>\r\n\r\n\t\t<\/div>\n\t\t\t\t<\/div>\n\t\t\t\t\t<\/div>\n\t\t<\/div>\n\t\t\t\t\t<\/div>\n\t\t<\/section>\n\t\t\t\t<section class=\"elementor-section elementor-top-section elementor-element elementor-element-c262a8d elementor-section-boxed elementor-section-height-default elementor-section-height-default\" data-id=\"c262a8d\" data-element_type=\"section\">\n\t\t\t\t\t\t<div class=\"elementor-container elementor-column-gap-default\">\n\t\t\t\t\t<div class=\"elementor-column elementor-col-100 elementor-top-column elementor-element elementor-element-3b914c0\" data-id=\"3b914c0\" data-element_type=\"column\">\n\t\t\t<div class=\"elementor-widget-wrap elementor-element-populated\">\n\t\t\t\t\t\t<div class=\"elementor-element elementor-element-7e5f7df elementor-widget elementor-widget-spacer\" data-id=\"7e5f7df\" data-element_type=\"widget\" data-widget_type=\"spacer.default\">\n\t\t\t\t<div class=\"elementor-widget-container\">\n\t\t\t\t\t<div class=\"elementor-spacer\">\n\t\t\t<div class=\"elementor-spacer-inner\"><\/div>\n\t\t<\/div>\n\t\t\t\t<\/div>\n\t\t\t\t<\/div>\n\t\t\t\t<div class=\"elementor-element elementor-element-18ee1a4 elementor-widget elementor-widget-text-editor\" data-id=\"18ee1a4\" data-element_type=\"widget\" data-widget_type=\"text-editor.default\">\n\t\t\t\t<div class=\"elementor-widget-container\">\n\t\t\t\t\t\t\t<p>Propriedade das imagens: LABART\/UFSM.<\/p>\t\t\t\t\t\t<\/div>\n\t\t\t\t<\/div>\n\t\t\t\t\t<\/div>\n\t\t<\/div>\n\t\t\t\t\t<\/div>\n\t\t<\/section>\n\t\t\t\t<\/div>\n\t\t","protected":false},"excerpt":{"rendered":"<p>O\u00a016\u00ba Simp\u00f3sio de Arte Contempor\u00e2nea,\u00a0com o tema\u00a0Propaga\u00e7\u00e3o digital do in loco ao online, acontece de 25 a 27 de agosto de 2021, com transmiss\u00e3o online via Farol. 16\u00ba Simp\u00f3sio de Arte Contempor\u00e2nea &#8211; Dia 25.08 via Google Meet com transmiss\u00e3o pelo Farol\/UFSM 16\u00ba Simp\u00f3sio de Arte Contempor\u00e2nea &#8211; Dia 26.08 via Google Meet com transmiss\u00e3o [&hellip;]<\/p>\n","protected":false},"author":1884,"featured_media":0,"parent":0,"menu_order":0,"comment_status":"closed","ping_status":"closed","template":"","meta":{"footnotes":""},"categories":[],"tags":[],"class_list":["post-2113","page","type-page","status-publish","hentry"],"acf":[],"_links":{"self":[{"href":"https:\/\/www.ufsm.br\/laboratorios\/labart\/wp-json\/wp\/v2\/pages\/2113","targetHints":{"allow":["GET"]}}],"collection":[{"href":"https:\/\/www.ufsm.br\/laboratorios\/labart\/wp-json\/wp\/v2\/pages"}],"about":[{"href":"https:\/\/www.ufsm.br\/laboratorios\/labart\/wp-json\/wp\/v2\/types\/page"}],"author":[{"embeddable":true,"href":"https:\/\/www.ufsm.br\/laboratorios\/labart\/wp-json\/wp\/v2\/users\/1884"}],"replies":[{"embeddable":true,"href":"https:\/\/www.ufsm.br\/laboratorios\/labart\/wp-json\/wp\/v2\/comments?post=2113"}],"version-history":[{"count":0,"href":"https:\/\/www.ufsm.br\/laboratorios\/labart\/wp-json\/wp\/v2\/pages\/2113\/revisions"}],"wp:attachment":[{"href":"https:\/\/www.ufsm.br\/laboratorios\/labart\/wp-json\/wp\/v2\/media?parent=2113"}],"wp:term":[{"taxonomy":"category","embeddable":true,"href":"https:\/\/www.ufsm.br\/laboratorios\/labart\/wp-json\/wp\/v2\/categories?post=2113"},{"taxonomy":"post_tag","embeddable":true,"href":"https:\/\/www.ufsm.br\/laboratorios\/labart\/wp-json\/wp\/v2\/tags?post=2113"}],"curies":[{"name":"wp","href":"https:\/\/api.w.org\/{rel}","templated":true}]}}