{"id":2166,"date":"2022-06-15T15:51:24","date_gmt":"2022-06-15T18:51:24","guid":{"rendered":"https:\/\/www.ufsm.br\/laboratorios\/labart\/?page_id=2166"},"modified":"2024-08-14T15:57:34","modified_gmt":"2024-08-14T18:57:34","slug":"exposicoes-2","status":"publish","type":"page","link":"https:\/\/www.ufsm.br\/laboratorios\/labart\/exposicoes-2","title":{"rendered":"Exposi\u00e7\u00f5es"},"content":{"rendered":"\t\t<div data-elementor-type=\"wp-page\" data-elementor-id=\"2166\" class=\"elementor elementor-2166\">\n\t\t\t\t\t\t<section class=\"elementor-section elementor-top-section elementor-element elementor-element-3b11781 elementor-section-boxed elementor-section-height-default elementor-section-height-default\" data-id=\"3b11781\" data-element_type=\"section\">\n\t\t\t\t\t\t<div class=\"elementor-container elementor-column-gap-default\">\n\t\t\t\t\t<div class=\"elementor-column elementor-col-100 elementor-top-column elementor-element elementor-element-c1297cf\" data-id=\"c1297cf\" data-element_type=\"column\">\n\t\t\t<div class=\"elementor-widget-wrap elementor-element-populated\">\n\t\t\t\t\t\t<div class=\"elementor-element elementor-element-5817f34 elementor-widget elementor-widget-heading\" data-id=\"5817f34\" data-element_type=\"widget\" data-widget_type=\"heading.default\">\n\t\t\t\t<div class=\"elementor-widget-container\">\n\t\t\t<h5 class=\"elementor-heading-title elementor-size-default\">Hist\u00f3rico das Exposi\u00e7\u00f5es<\/h5>\t\t<\/div>\n\t\t\t\t<\/div>\n\t\t\t\t\t<\/div>\n\t\t<\/div>\n\t\t\t\t\t<\/div>\n\t\t<\/section>\n\t\t\t\t<section class=\"elementor-section elementor-top-section elementor-element elementor-element-5c5fd58 elementor-section-boxed elementor-section-height-default elementor-section-height-default\" data-id=\"5c5fd58\" data-element_type=\"section\">\n\t\t\t\t\t\t<div class=\"elementor-container elementor-column-gap-default\">\n\t\t\t\t\t<div class=\"elementor-column elementor-col-100 elementor-top-column elementor-element elementor-element-88e8bd1\" data-id=\"88e8bd1\" data-element_type=\"column\">\n\t\t\t<div class=\"elementor-widget-wrap elementor-element-populated\">\n\t\t\t\t\t\t<div class=\"elementor-element elementor-element-9bfd209 elementor-widget elementor-widget-text-editor\" data-id=\"9bfd209\" data-element_type=\"widget\" data-widget_type=\"text-editor.default\">\n\t\t\t\t<div class=\"elementor-widget-container\">\n\t\t\t\t\t\t\t<div><p><a href=\"https:\/\/www.ufsm.br\/laboratorios\/labart\/influxo\">INFLUXO<\/a> (2024)<\/p><p><a href=\"https:\/\/www.ufsm.br\/laboratorios\/labart\/memorias-e-reconexoes\">Mem\u00f3rias e Reconex\u00f5es<\/a> (2024)<\/p><p><a href=\"https:\/\/www.ufsm.br\/laboratorios\/labart\/sinergia\">Sinergia<\/a> (2024)<\/p><header><p><a href=\"https:\/\/www.ufsm.br\/laboratorios\/labart\/bottannica-tirannica\">BOTTANNICA TIRANNICA Intelig\u00eancia Artificial no MACT<\/a> (2023)<\/p><\/header><p><a href=\"https:\/\/www.ufsm.br\/laboratorios\/labart\/18-anos-mact\">18 anos LABART: Arte Ci\u00eancia Tecnologia<\/a> (2023)<\/p><p><a href=\"https:\/\/www.ufsm.br\/laboratorios\/labart\/18-anos-masm\">18 anos LABART: Estar com o Tempo<\/a> (2023)<\/p><p><a href=\"https:\/\/www.ufsm.br\/laboratorios\/labart\/natureza-organismo-vivo\">Natureza \/ organismo vivo<\/a> (2023)<\/p><p><a href=\"https:\/\/www.ufsm.br\/laboratorios\/labart\/invisibilidade-botanica-visibilidade-fotografica\">invisibilidade bot\u00e2nica \/\/ visibilidade fotogr\u00e1fica<\/a> (2023)<\/p><p><a href=\"https:\/\/www.ufsm.br\/laboratorios\/labart\/narrativa-de-campo-escuro\">Narrativa de Campo Escuro<\/a> (2023)<\/p><p><a href=\"https:\/\/www.ufsm.br\/laboratorios\/labart\/conexoes-digitais-e-transversais-na-arte\">Conex\u00f5es Digitais e Transversais na Arte<\/a> (2023)<\/p><p><a href=\"https:\/\/www.ufsm.br\/laboratorios\/labart\/atmosfera-algoritmica-e-experiencia-do-porvir\">Atmosfera Algor\u00edtmica e Experi\u00eancia do Povir<\/a> (2022)<\/p><p><a href=\"https:\/\/www.ufsm.br\/laboratorios\/labart\/a-inquietude-dos-corpos\/\">A Inquietude dos Corpos<\/a> (2021)<\/p><p><a href=\"https:\/\/www.ufsm.br\/laboratorios\/labart\/rainforest-awakens\/\">Rainforest Awakens<\/a> (2020)<\/p><p><a href=\"https:\/\/www.ufsm.br\/laboratorios\/labart\/transdisciplinaridade-arte-ciencia-e-neurociencia\/\">Transdisciplinaridade | Arte, Ci\u00eancia e Neuroci\u00eancia<\/a><span style=\"color: #1c1c1c\"> (2020)<\/span><\/p><p><a href=\"https:\/\/www.ufsm.br\/laboratorios\/labart\/raquel-fonseca-fotografias\/\">Raquel Fonseca &#8211; Fotografias<\/a><span style=\"color: #1c1c1c\"> (2020)<\/span><\/p><\/div><div><a href=\"https:\/\/www.ufsm.br\/laboratorios\/labart\/arte-cinema-do-abismo-de-um-sonho-a-outras-historias\/\">Arte\/Cinema: do abismo de um sonho a outras hist\u00f3rias<\/a> (2020)<\/div><div>\u00a0<\/div><div style=\"color: #1c1c1c;font-size: 16px\"><div><a href=\"https:\/\/www.ufsm.br\/laboratorios\/labart\/luz_arte-imersiva\/\">LUZ_arte-imersiva<\/a> (2019)<\/div><div>\u00a0<\/div><div style=\"font-size: 16px;color: #000000;width: 946px\"><span style=\"color: #204c90\"><span style=\"margin-top: 0.5rem\"><a href=\"https:\/\/www.ufsm.br\/laboratorios\/labart\/caminhos-de-pesquisa-ivone-e-ana-lucia\/\">Caminhos de Pesquisa &#8211; Ivone e Ana Lucia <\/a>(2019)<\/span><\/span><\/div><div>\u00a0<\/div><div style=\"width: 946px\"><span style=\"color: #204c90\"><span style=\"margin-top: 0.5rem\"><a href=\"https:\/\/www.ufsm.br\/laboratorios\/labart\/conectados-imersao-e-silencio\/\">(conectados) imers\u00e3o e sil\u00eancio <\/a>(2019)<\/span><\/span><\/div><div>\u00a0<\/div><div style=\"width: 946px\"><div style=\"width: 946px\"><span style=\"color: #204c90\"><span style=\"margin-top: 0.5rem\"><a href=\"https:\/\/www.ufsm.br\/laboratorios\/labart\/2a-mostra-arte-cinema-e-audiovisual\/\">2\u00aa Mostra Arte Cinema e Audiovisual <\/a>(2019)<\/span><\/span><\/div><\/div><\/div><div style=\"color: #1c1c1c;font-size: 16px\"><div>\u00a0<\/div><div style=\"width: 946px\"><span style=\"color: #204c90\"><span style=\"margin-top: 0.5rem\"><a href=\"https:\/\/www.ufsm.br\/laboratorios\/labart\/entre-o-erotismo-e-o-desejo\/\">Entre o Erotismo e o Desejo <\/a>(2018)<\/span><\/span><\/div><div style=\"width: 946px\"><span style=\"color: #204c90\">\u00a0<\/span><\/div><\/div><div style=\"color: #1c1c1c;font-size: 16px\"><div style=\"width: 946px\"><span style=\"color: #204c90\"><span style=\"margin-top: 0.5rem\"><a href=\"https:\/\/www.ufsm.br\/laboratorios\/labart\/acao-fluxo-linear-fragmento\/\">A\u00e7\u00e3o [Fluxo] Linear Fragmento <\/a>(2018)<\/span><\/span><\/div><div style=\"width: 946px\"><span style=\"color: #204c90\">\u00a0<\/span><span style=\"color: #204c90\">\u00a0<\/span><\/div><\/div><div style=\"color: #1c1c1c;font-size: 16px\"><div style=\"width: 946px\"><span style=\"color: #204c90\"><span style=\"margin-top: 0.5rem\"><a href=\"https:\/\/www.ufsm.br\/laboratorios\/labart\/1a-mostra-arte-cinema-e-audiovisual\/\">1\u00aa Mostra Arte Cinema e Audiovisual<\/a> (2018)<\/span><\/span><\/div><div style=\"width: 946px\"><span style=\"color: #204c90\">\u00a0<\/span><\/div><\/div><div style=\"color: #1c1c1c;font-size: 16px\"><div style=\"width: 946px\"><span style=\"color: #204c90\"><span style=\"margin-top: 0.5rem\"><a href=\"https:\/\/www.ufsm.br\/laboratorios\/labart\/arte-cinema-tensao-e-silencio\/\">Arte\/Cinema: tens\u00e3o e sil\u00eancio <\/a>(2018)<\/span><\/span><\/div><div style=\"width: 946px\"><span style=\"color: #204c90\">\u00a0<\/span><\/div><\/div><div style=\"color: #1c1c1c;font-size: 16px\"><div style=\"width: 946px\"><a href=\"https:\/\/www.ufsm.br\/laboratorios\/labart\/naturaleza-viva\/\"><span style=\"color: #204c90\"><span style=\"margin-top: 0.5rem\">Naturaleza Viva <\/span><\/span><\/a><span style=\"color: #204c90\"><span style=\"margin-top: 0.5rem\">(2017)<\/span><\/span><\/div><div>\u00a0<\/div><div><a href=\"https:\/\/www.ufsm.br\/laboratorios\/labart\/in-bici\/\">In Bici<\/a> (2017)<\/div><div>\u00a0<\/div><div style=\"width: 946px\"><a href=\"https:\/\/www.ufsm.br\/laboratorios\/labart\/metacampo\/\"><span style=\"color: #204c90\"><span style=\"background-color: #ffffff;margin-top: 0.5rem\">Metacampo<\/span><\/span><\/a>\u00a0(2015)<\/div><\/div><div>\u00a0<\/div><div><a href=\"https:\/\/www.ufsm.br\/laboratorios\/labart\/passagens-outras-passagens\/\">Passagens Outras Passagens<\/a> (2014)<\/div><div style=\"color: #1c1c1c;font-size: 16px\"><div style=\"width: 946px\">\u00a0<\/div><\/div><div style=\"color: #1c1c1c;font-size: 16px\"><div style=\"width: 946px\"><span style=\"color: #204c90\"><span style=\"margin-top: 0.5rem\"><a href=\"https:\/\/www.ufsm.br\/laboratorios\/labart\/arte-ciencia-tecnolgogia\/\">Arte-Ci\u00eancia-Tecnologia<\/a> (2013)<\/span><\/span><\/div><div style=\"width: 946px\"><span style=\"color: #204c90\">\u00a0<\/span><\/div><\/div><div style=\"color: #1c1c1c;font-size: 16px\"><div style=\"width: 946px\"><a href=\"https:\/\/www.ufsm.br\/laboratorios\/labart\/arte-participacao-e-interacao\/\"><span style=\"color: #204c90\"><span style=\"margin-top: 0.5rem\">ARTE \u2013 Participa\u00e7\u00e3o e Intera\u00e7\u00e3o<\/span><\/span><\/a><span style=\"color: #204c90\"><span style=\"margin-top: 0.5rem\"> (2012)<\/span><\/span><\/div><div style=\"width: 946px\"><span style=\"color: #204c90\">\u00a0<\/span><\/div><\/div><div style=\"color: #1c1c1c;font-size: 16px\"><div style=\"width: 946px\"><span style=\"color: #204c90\"><span style=\"margin-top: 0.5rem\"><a href=\"https:\/\/www.ufsm.br\/laboratorios\/labart\/contradicoes\/\">Contradi\u00e7\u00f5es<\/a> (2011)<\/span><\/span><\/div><\/div><div>\u00a0<\/div><div><a href=\"https:\/\/www.ufsm.br\/laboratorios\/labart\/tempo-espaco-materia\/\">Tempo-Espa\u00e7o-Mat\u00e9ria<\/a> (2011)<\/div><div>\u00a0<\/div><div style=\"color: #1c1c1c;font-size: 16px\"><div style=\"width: 946px\"><span style=\"color: #204c90\"><span style=\"margin-top: 0.5rem\"><a href=\"https:\/\/www.ufsm.br\/laboratorios\/labart\/le-monde-interioridade-e-realidade\/\">Le Monde\u2026 Interioridade e realidade <\/a>(2011)<\/span><\/span><\/div><div style=\"width: 946px\"><span style=\"color: #204c90\">\u00a0<\/span><\/div><\/div><div style=\"color: #1c1c1c;font-size: 16px\"><div style=\"width: 946px\"><span style=\"color: #204c90\"><span style=\"margin-top: 0.5rem\"><a href=\"https:\/\/www.ufsm.br\/laboratorios\/labart\/estetica-do-retrato-a-fotografia-na-arte-contemporanea\/\">Est\u00e9tica do Retrato: a fotografia na arte contempor\u00e2nea<\/a> (2011)<\/span><\/span><\/div><div style=\"width: 946px\"><span style=\"color: #204c90\">\u00a0<\/span><\/div><\/div><div style=\"color: #1c1c1c;font-size: 16px\"><div style=\"width: 946px\"><span style=\"color: #204c90\"><span style=\"margin-top: 0.5rem\"><a href=\"https:\/\/www.ufsm.br\/laboratorios\/labart\/dialogos-digitais\/\">Di\u00e1logos Digitais<\/a> (2010)<\/span><\/span><\/div><div style=\"width: 946px\"><span style=\"color: #204c90\">\u00a0<\/span><\/div><\/div><div style=\"color: #1c1c1c;font-size: 16px\"><div style=\"width: 946px\"><span style=\"color: #204c90\"><span style=\"margin-top: 0.5rem\"><a href=\"https:\/\/www.ufsm.br\/laboratorios\/labart\/arte-poetica-digital\/\">ARTE-Po\u00e9tica-Digital<\/a> (2010)<\/span><\/span><\/div><\/div><div>\u00a0<\/div><div><a href=\"https:\/\/www.ufsm.br\/laboratorios\/labart\/contemporaneos-em-santa-maria\/\">Contempor\u00e2neos em Santa Maria<\/a> (2009)<\/div><div>\u00a0<\/div><div style=\"color: #1c1c1c;font-size: 16px\"><div style=\"width: 946px\"><span style=\"color: #204c90\"><span style=\"margin-top: 0.5rem\"><a href=\"https:\/\/www.ufsm.br\/laboratorios\/labart\/territorios-expandidos\">Territ\u00f3rios Expandidos<\/a> (2009)<\/span><\/span><\/div><\/div><div>\u00a0<\/div><div><a href=\"https:\/\/www.ufsm.br\/laboratorios\/labart\/mestres-2009-2018\/\">Mestres <\/a>(2009 &#8211; 2018)<\/div><div>\u00a0<\/div><div style=\"color: #1c1c1c;font-size: 16px\"><div style=\"width: 946px\"><span style=\"color: #204c90\"><span style=\"margin-top: 0.5rem\"><a href=\"https:\/\/www.ufsm.br\/laboratorios\/labart\/hibridos-de-nos-mesmos\">H\u00edbridos de n\u00f3s mesmos<\/a> (2008)<\/span><\/span><\/div><\/div>\t\t\t\t\t\t<\/div>\n\t\t\t\t<\/div>\n\t\t\t\t\t<\/div>\n\t\t<\/div>\n\t\t\t\t\t<\/div>\n\t\t<\/section>\n\t\t\t\t<\/div>\n\t\t","protected":false},"excerpt":{"rendered":"<p>Hist\u00f3rico das Exposi\u00e7\u00f5es INFLUXO (2024) Mem\u00f3rias e Reconex\u00f5es (2024) Sinergia (2024) BOTTANNICA TIRANNICA Intelig\u00eancia Artificial no MACT (2023) 18 anos LABART: Arte Ci\u00eancia Tecnologia (2023) 18 anos LABART: Estar com o Tempo (2023) Natureza \/ organismo vivo (2023) invisibilidade bot\u00e2nica \/\/ visibilidade fotogr\u00e1fica (2023) Narrativa de Campo Escuro (2023) Conex\u00f5es Digitais e Transversais na Arte [&hellip;]<\/p>\n","protected":false},"author":1884,"featured_media":0,"parent":0,"menu_order":0,"comment_status":"closed","ping_status":"closed","template":"","meta":{"footnotes":""},"categories":[],"tags":[],"class_list":["post-2166","page","type-page","status-publish","hentry"],"acf":[],"_links":{"self":[{"href":"https:\/\/www.ufsm.br\/laboratorios\/labart\/wp-json\/wp\/v2\/pages\/2166","targetHints":{"allow":["GET"]}}],"collection":[{"href":"https:\/\/www.ufsm.br\/laboratorios\/labart\/wp-json\/wp\/v2\/pages"}],"about":[{"href":"https:\/\/www.ufsm.br\/laboratorios\/labart\/wp-json\/wp\/v2\/types\/page"}],"author":[{"embeddable":true,"href":"https:\/\/www.ufsm.br\/laboratorios\/labart\/wp-json\/wp\/v2\/users\/1884"}],"replies":[{"embeddable":true,"href":"https:\/\/www.ufsm.br\/laboratorios\/labart\/wp-json\/wp\/v2\/comments?post=2166"}],"version-history":[{"count":0,"href":"https:\/\/www.ufsm.br\/laboratorios\/labart\/wp-json\/wp\/v2\/pages\/2166\/revisions"}],"wp:attachment":[{"href":"https:\/\/www.ufsm.br\/laboratorios\/labart\/wp-json\/wp\/v2\/media?parent=2166"}],"wp:term":[{"taxonomy":"category","embeddable":true,"href":"https:\/\/www.ufsm.br\/laboratorios\/labart\/wp-json\/wp\/v2\/categories?post=2166"},{"taxonomy":"post_tag","embeddable":true,"href":"https:\/\/www.ufsm.br\/laboratorios\/labart\/wp-json\/wp\/v2\/tags?post=2166"}],"curies":[{"name":"wp","href":"https:\/\/api.w.org\/{rel}","templated":true}]}}