{"id":2450,"date":"2024-07-10T15:38:33","date_gmt":"2024-07-10T18:38:33","guid":{"rendered":"https:\/\/www.ufsm.br\/laboratorios\/labart\/?page_id=2450"},"modified":"2024-08-26T11:59:03","modified_gmt":"2024-08-26T14:59:03","slug":"facto-11","status":"publish","type":"page","link":"https:\/\/www.ufsm.br\/laboratorios\/labart\/facto-11","title":{"rendered":"FACTO 11"},"content":{"rendered":"\t\t<div data-elementor-type=\"wp-page\" data-elementor-id=\"2450\" class=\"elementor elementor-2450\">\n\t\t\t\t\t\t<section class=\"elementor-section elementor-top-section elementor-element elementor-element-8749d61 elementor-section-boxed elementor-section-height-default elementor-section-height-default\" data-id=\"8749d61\" data-element_type=\"section\">\n\t\t\t\t\t\t<div class=\"elementor-container elementor-column-gap-default\">\n\t\t\t\t\t<div class=\"elementor-column elementor-col-100 elementor-top-column elementor-element elementor-element-ef31179\" data-id=\"ef31179\" data-element_type=\"column\">\n\t\t\t<div class=\"elementor-widget-wrap elementor-element-populated\">\n\t\t\t\t\t\t<div class=\"elementor-element elementor-element-a78290c elementor-widget elementor-widget-image\" data-id=\"a78290c\" data-element_type=\"widget\" data-widget_type=\"image.default\">\n\t\t\t\t<div class=\"elementor-widget-container\">\n\t\t\t\t\t\t\t\t\t\t\t\t\t<img decoding=\"async\" src=\"https:\/\/www.ufsm.br\/app\/uploads\/sites\/642\/elementor\/thumbs\/cartaz-FACTO-11-qt6k9x73iqpmdvgp1zhgvqybtl8jm139m3ukwofnou.png\" title=\"cartaz FACTO 11\" alt=\"cartaz FACTO 11\" loading=\"lazy\" \/>\t\t\t\t\t\t\t\t\t\t\t\t\t<\/div>\n\t\t\t\t<\/div>\n\t\t\t\t\t<\/div>\n\t\t<\/div>\n\t\t\t\t\t<\/div>\n\t\t<\/section>\n\t\t\t\t<section class=\"elementor-section elementor-top-section elementor-element elementor-element-ff470b2 elementor-section-boxed elementor-section-height-default elementor-section-height-default\" data-id=\"ff470b2\" data-element_type=\"section\">\n\t\t\t\t\t\t<div class=\"elementor-container elementor-column-gap-default\">\n\t\t\t\t\t<div class=\"elementor-column elementor-col-100 elementor-top-column elementor-element elementor-element-ac8e414\" data-id=\"ac8e414\" data-element_type=\"column\">\n\t\t\t<div class=\"elementor-widget-wrap elementor-element-populated\">\n\t\t\t\t\t\t<div class=\"elementor-element elementor-element-6b7ee1f elementor-widget elementor-widget-heading\" data-id=\"6b7ee1f\" data-element_type=\"widget\" data-widget_type=\"heading.default\">\n\t\t\t\t<div class=\"elementor-widget-container\">\n\t\t\t<h5 class=\"elementor-heading-title elementor-size-default\">FACTO 11 | Exposi\u00e7\u00e3o Sala Cl\u00e1udio Carriconde<\/h5>\t\t<\/div>\n\t\t\t\t<\/div>\n\t\t\t\t\t<\/div>\n\t\t<\/div>\n\t\t\t\t\t<\/div>\n\t\t<\/section>\n\t\t\t\t<section class=\"elementor-section elementor-top-section elementor-element elementor-element-f08d10f elementor-section-boxed elementor-section-height-default elementor-section-height-default\" data-id=\"f08d10f\" data-element_type=\"section\">\n\t\t\t\t\t\t<div class=\"elementor-container elementor-column-gap-default\">\n\t\t\t\t\t<div class=\"elementor-column elementor-col-100 elementor-top-column elementor-element elementor-element-ff1658c\" data-id=\"ff1658c\" data-element_type=\"column\">\n\t\t\t<div class=\"elementor-widget-wrap elementor-element-populated\">\n\t\t\t\t\t\t<div class=\"elementor-element elementor-element-b737b0a elementor-widget elementor-widget-text-editor\" data-id=\"b737b0a\" data-element_type=\"widget\" data-widget_type=\"text-editor.default\">\n\t\t\t\t<div class=\"elementor-widget-container\">\n\t\t\t\t\t\t\t<p>A d\u00e9cima primeira edi\u00e7\u00e3o do <strong>Festival Arte, Ci\u00eancia e Tecnologia<\/strong> acontece de 11 a 13 de setembro de 2024, presencialmente na Sala Cl\u00e1udio Carriconde.\u00a0 Acompanhe a exposi\u00e7\u00e3o nas redes sociais do LABART e em nosso canal do YouTube.<\/p><p>A Sala Cl\u00e1udio Carriconde est\u00e1 localizada no Centro de Artes e Letras da Universidade Federal de Santa Maria, pr\u00e9dio 40 (UFSM).<\/p><p>Acesse o festival em nosso perfil no\u00a0<a href=\"https:\/\/pt-br.facebook.com\/labart1228\" target=\"_blank\" rel=\"noopener\">Facebook,\u00a0<\/a><a href=\"https:\/\/www.instagram.com\/labart.ufsm\/\" target=\"_blank\" rel=\"noopener\">Instagram<\/a>,\u00a0<a href=\"https:\/\/www.youtube.com\/channel\/UCw274rzHP9t7muJG9zAW_aw?view_as=subscriber\" target=\"_blank\" rel=\"noopener\">YouTube.<\/a><\/p>\t\t\t\t\t\t<\/div>\n\t\t\t\t<\/div>\n\t\t\t\t\t<\/div>\n\t\t<\/div>\n\t\t\t\t\t<\/div>\n\t\t<\/section>\n\t\t\t\t<section class=\"elementor-section elementor-top-section elementor-element elementor-element-1c0af64 elementor-section-boxed elementor-section-height-default elementor-section-height-default\" data-id=\"1c0af64\" data-element_type=\"section\">\n\t\t\t\t\t\t<div class=\"elementor-container elementor-column-gap-default\">\n\t\t\t\t\t<div class=\"elementor-column elementor-col-100 elementor-top-column elementor-element elementor-element-8a28a86\" data-id=\"8a28a86\" data-element_type=\"column\">\n\t\t\t<div class=\"elementor-widget-wrap elementor-element-populated\">\n\t\t\t\t\t\t<div class=\"elementor-element elementor-element-a9714d5 elementor-widget elementor-widget-text-editor\" data-id=\"a9714d5\" data-element_type=\"widget\" data-widget_type=\"text-editor.default\">\n\t\t\t\t<div class=\"elementor-widget-container\">\n\t\t\t\t\t\t\t<p>Imagens | LABART<\/p>\t\t\t\t\t\t<\/div>\n\t\t\t\t<\/div>\n\t\t\t\t\t<\/div>\n\t\t<\/div>\n\t\t\t\t\t<\/div>\n\t\t<\/section>\n\t\t\t\t<\/div>\n\t\t","protected":false},"excerpt":{"rendered":"<p>FACTO 11 | Exposi\u00e7\u00e3o Sala Cl\u00e1udio Carriconde A d\u00e9cima primeira edi\u00e7\u00e3o do Festival Arte, Ci\u00eancia e Tecnologia acontece de 11 a 13 de setembro de 2024, presencialmente na Sala Cl\u00e1udio Carriconde.\u00a0 Acompanhe a exposi\u00e7\u00e3o nas redes sociais do LABART e em nosso canal do YouTube. A Sala Cl\u00e1udio Carriconde est\u00e1 localizada no Centro de Artes [&hellip;]<\/p>\n","protected":false},"author":8054,"featured_media":0,"parent":0,"menu_order":0,"comment_status":"closed","ping_status":"closed","template":"","meta":{"footnotes":""},"categories":[],"tags":[],"class_list":["post-2450","page","type-page","status-publish","hentry"],"acf":[],"_links":{"self":[{"href":"https:\/\/www.ufsm.br\/laboratorios\/labart\/wp-json\/wp\/v2\/pages\/2450","targetHints":{"allow":["GET"]}}],"collection":[{"href":"https:\/\/www.ufsm.br\/laboratorios\/labart\/wp-json\/wp\/v2\/pages"}],"about":[{"href":"https:\/\/www.ufsm.br\/laboratorios\/labart\/wp-json\/wp\/v2\/types\/page"}],"author":[{"embeddable":true,"href":"https:\/\/www.ufsm.br\/laboratorios\/labart\/wp-json\/wp\/v2\/users\/8054"}],"replies":[{"embeddable":true,"href":"https:\/\/www.ufsm.br\/laboratorios\/labart\/wp-json\/wp\/v2\/comments?post=2450"}],"version-history":[{"count":0,"href":"https:\/\/www.ufsm.br\/laboratorios\/labart\/wp-json\/wp\/v2\/pages\/2450\/revisions"}],"wp:attachment":[{"href":"https:\/\/www.ufsm.br\/laboratorios\/labart\/wp-json\/wp\/v2\/media?parent=2450"}],"wp:term":[{"taxonomy":"category","embeddable":true,"href":"https:\/\/www.ufsm.br\/laboratorios\/labart\/wp-json\/wp\/v2\/categories?post=2450"},{"taxonomy":"post_tag","embeddable":true,"href":"https:\/\/www.ufsm.br\/laboratorios\/labart\/wp-json\/wp\/v2\/tags?post=2450"}],"curies":[{"name":"wp","href":"https:\/\/api.w.org\/{rel}","templated":true}]}}