{"id":2457,"date":"2024-08-14T15:28:47","date_gmt":"2024-08-14T18:28:47","guid":{"rendered":"https:\/\/www.ufsm.br\/laboratorios\/labart\/?page_id=2457"},"modified":"2024-08-14T15:58:55","modified_gmt":"2024-08-14T18:58:55","slug":"memorias-e-reconexoes","status":"publish","type":"page","link":"https:\/\/www.ufsm.br\/laboratorios\/labart\/memorias-e-reconexoes","title":{"rendered":"Mem\u00f3rias e Reconex\u00f5es"},"content":{"rendered":"\t\t<div data-elementor-type=\"wp-page\" data-elementor-id=\"2457\" class=\"elementor elementor-2457\">\n\t\t\t\t\t\t<section class=\"elementor-section elementor-top-section elementor-element elementor-element-fde25be elementor-section-boxed elementor-section-height-default elementor-section-height-default\" data-id=\"fde25be\" data-element_type=\"section\">\n\t\t\t\t\t\t<div class=\"elementor-container elementor-column-gap-default\">\n\t\t\t\t\t<div class=\"elementor-column elementor-col-100 elementor-top-column elementor-element elementor-element-767ea5b\" data-id=\"767ea5b\" data-element_type=\"column\">\n\t\t\t<div class=\"elementor-widget-wrap elementor-element-populated\">\n\t\t\t\t\t\t<div class=\"elementor-element elementor-element-5d806fe elementor-widget elementor-widget-image\" data-id=\"5d806fe\" data-element_type=\"widget\" data-widget_type=\"image.default\">\n\t\t\t\t<div class=\"elementor-widget-container\">\n\t\t\t\t\t\t\t\t\t\t\t\t\t<img decoding=\"async\" src=\"https:\/\/www.ufsm.br\/app\/uploads\/sites\/642\/elementor\/thumbs\/f00-qslz5bv4ouzphaigz5hzyi4afmhcsczk1fn9js0jpg.jpg\" title=\"f00\" alt=\"f00\" loading=\"lazy\" \/>\t\t\t\t\t\t\t\t\t\t\t\t\t<\/div>\n\t\t\t\t<\/div>\n\t\t\t\t\t<\/div>\n\t\t<\/div>\n\t\t\t\t\t<\/div>\n\t\t<\/section>\n\t\t\t\t<section class=\"elementor-section elementor-top-section elementor-element elementor-element-bde14b1 elementor-section-boxed elementor-section-height-default elementor-section-height-default\" data-id=\"bde14b1\" data-element_type=\"section\">\n\t\t\t\t\t\t<div class=\"elementor-container elementor-column-gap-default\">\n\t\t\t\t\t<div class=\"elementor-column elementor-col-100 elementor-top-column elementor-element elementor-element-cd16be3\" data-id=\"cd16be3\" data-element_type=\"column\">\n\t\t\t<div class=\"elementor-widget-wrap elementor-element-populated\">\n\t\t\t\t\t\t<div class=\"elementor-element elementor-element-e4d6c4c elementor-widget elementor-widget-text-editor\" data-id=\"e4d6c4c\" data-element_type=\"widget\" data-widget_type=\"text-editor.default\">\n\t\t\t\t<div class=\"elementor-widget-container\">\n\t\t\t\t\t\t\t<div class=\"gmail_default\">A exposi\u00e7\u00e3o online &#8220;Mem\u00f3rias e Reconex\u00f5es&#8221; integra a disserta\u00e7\u00e3o \u201cAcervo Art\u00edstico da UFSM: reconectando mem\u00f3rias das artes visuais no ambiente virtual\u201d. A pesquisa te\u00f3rico-pr\u00e1tica em Hist\u00f3ria, Teoria e Cr\u00edtica da Arte (HTC) com \u00eanfase em Arte Tecnologia, foi realizada por Fl\u00e1via Queiroz e orientada pela Prof.\u00aa Dr.\u00aa Nara Cristina Santos, no Programa de P\u00f3s-Gradua\u00e7\u00e3o em Artes Visuais &#8211; PPGART da UFSM, em 2022-2024.<br \/><br \/>Originada a partir de obras e arquivos do Acervo Art\u00edstico da UFSM, a pesquisa compartilha hist\u00f3rias e mem\u00f3rias de alguns dos patrim\u00f4nios art\u00edsticos da universidade, por meio do ambiente virtual online. O prop\u00f3sito da mostra \u00e9 fornecer \u00e0 comunidade outra possibilidade de se conectar e pensar criticamente sobre o material hist\u00f3rico presente na UFSM.<\/div>\t\t\t\t\t\t<\/div>\n\t\t\t\t<\/div>\n\t\t\t\t\t<\/div>\n\t\t<\/div>\n\t\t\t\t\t<\/div>\n\t\t<\/section>\n\t\t\t\t<section class=\"elementor-section elementor-top-section elementor-element elementor-element-2953360 elementor-section-boxed elementor-section-height-default elementor-section-height-default\" data-id=\"2953360\" data-element_type=\"section\">\n\t\t\t\t\t\t<div class=\"elementor-container elementor-column-gap-default\">\n\t\t\t\t\t<div class=\"elementor-column elementor-col-100 elementor-top-column elementor-element elementor-element-faac8ee\" data-id=\"faac8ee\" data-element_type=\"column\">\n\t\t\t<div class=\"elementor-widget-wrap elementor-element-populated\">\n\t\t\t\t\t\t<div class=\"elementor-element elementor-element-d1f2fbb elementor-icon-list--layout-traditional elementor-list-item-link-full_width elementor-widget elementor-widget-icon-list\" data-id=\"d1f2fbb\" data-element_type=\"widget\" data-widget_type=\"icon-list.default\">\n\t\t\t\t<div class=\"elementor-widget-container\">\n\t\t\t\t\t<ul class=\"elementor-icon-list-items\">\n\t\t\t\t\t\t\t<li class=\"elementor-icon-list-item\">\n\t\t\t\t\t\t\t\t\t\t\t<a href=\"https:\/\/newart.city\/show\/ufsm-memorias-reconexoes\" target=\"_blank\">\n\n\t\t\t\t\t\t\t\t\t\t\t\t<span class=\"elementor-icon-list-icon\">\n\t\t\t\t\t\t\t<i aria-hidden=\"true\" class=\"fas fa-chevron-right\"><\/i>\t\t\t\t\t\t<\/span>\n\t\t\t\t\t\t\t\t\t\t<span class=\"elementor-icon-list-text\">Exposi\u00e7\u00e3o dispon\u00edvel em Mem\u00f3rias e Reconex\u00f5es<\/span>\n\t\t\t\t\t\t\t\t\t\t\t<\/a>\n\t\t\t\t\t\t\t\t\t<\/li>\n\t\t\t\t\t\t<\/ul>\n\t\t\t\t<\/div>\n\t\t\t\t<\/div>\n\t\t\t\t\t<\/div>\n\t\t<\/div>\n\t\t\t\t\t<\/div>\n\t\t<\/section>\n\t\t\t\t<section class=\"elementor-section elementor-top-section elementor-element elementor-element-29a81d5 elementor-section-boxed elementor-section-height-default elementor-section-height-default\" data-id=\"29a81d5\" data-element_type=\"section\">\n\t\t\t\t\t\t<div class=\"elementor-container elementor-column-gap-default\">\n\t\t\t\t\t<div class=\"elementor-column elementor-col-100 elementor-top-column elementor-element elementor-element-92da927\" data-id=\"92da927\" data-element_type=\"column\">\n\t\t\t<div class=\"elementor-widget-wrap elementor-element-populated\">\n\t\t\t\t\t\t<div class=\"elementor-element elementor-element-b217d39 elementor-widget elementor-widget-text-editor\" data-id=\"b217d39\" data-element_type=\"widget\" data-widget_type=\"text-editor.default\">\n\t\t\t\t<div class=\"elementor-widget-container\">\n\t\t\t\t\t\t\t<p>Imagens | LABART<\/p>\t\t\t\t\t\t<\/div>\n\t\t\t\t<\/div>\n\t\t\t\t\t<\/div>\n\t\t<\/div>\n\t\t\t\t\t<\/div>\n\t\t<\/section>\n\t\t\t\t<\/div>\n\t\t","protected":false},"excerpt":{"rendered":"<p>A exposi\u00e7\u00e3o online &#8220;Mem\u00f3rias e Reconex\u00f5es&#8221; integra a disserta\u00e7\u00e3o \u201cAcervo Art\u00edstico da UFSM: reconectando mem\u00f3rias das artes visuais no ambiente virtual\u201d. A pesquisa te\u00f3rico-pr\u00e1tica em Hist\u00f3ria, Teoria e Cr\u00edtica da Arte (HTC) com \u00eanfase em Arte Tecnologia, foi realizada por Fl\u00e1via Queiroz e orientada pela Prof.\u00aa Dr.\u00aa Nara Cristina Santos, no Programa de P\u00f3s-Gradua\u00e7\u00e3o em [&hellip;]<\/p>\n","protected":false},"author":1884,"featured_media":0,"parent":0,"menu_order":0,"comment_status":"closed","ping_status":"closed","template":"","meta":{"footnotes":""},"categories":[],"tags":[],"class_list":["post-2457","page","type-page","status-publish","hentry"],"acf":[],"_links":{"self":[{"href":"https:\/\/www.ufsm.br\/laboratorios\/labart\/wp-json\/wp\/v2\/pages\/2457","targetHints":{"allow":["GET"]}}],"collection":[{"href":"https:\/\/www.ufsm.br\/laboratorios\/labart\/wp-json\/wp\/v2\/pages"}],"about":[{"href":"https:\/\/www.ufsm.br\/laboratorios\/labart\/wp-json\/wp\/v2\/types\/page"}],"author":[{"embeddable":true,"href":"https:\/\/www.ufsm.br\/laboratorios\/labart\/wp-json\/wp\/v2\/users\/1884"}],"replies":[{"embeddable":true,"href":"https:\/\/www.ufsm.br\/laboratorios\/labart\/wp-json\/wp\/v2\/comments?post=2457"}],"version-history":[{"count":0,"href":"https:\/\/www.ufsm.br\/laboratorios\/labart\/wp-json\/wp\/v2\/pages\/2457\/revisions"}],"wp:attachment":[{"href":"https:\/\/www.ufsm.br\/laboratorios\/labart\/wp-json\/wp\/v2\/media?parent=2457"}],"wp:term":[{"taxonomy":"category","embeddable":true,"href":"https:\/\/www.ufsm.br\/laboratorios\/labart\/wp-json\/wp\/v2\/categories?post=2457"},{"taxonomy":"post_tag","embeddable":true,"href":"https:\/\/www.ufsm.br\/laboratorios\/labart\/wp-json\/wp\/v2\/tags?post=2457"}],"curies":[{"name":"wp","href":"https:\/\/api.w.org\/{rel}","templated":true}]}}