{"id":2499,"date":"2025-08-13T19:31:56","date_gmt":"2025-08-13T22:31:56","guid":{"rendered":"https:\/\/www.ufsm.br\/laboratorios\/labart\/?page_id=2499"},"modified":"2025-08-13T19:41:14","modified_gmt":"2025-08-13T22:41:14","slug":"facto-12","status":"publish","type":"page","link":"https:\/\/www.ufsm.br\/laboratorios\/labart\/facto-12","title":{"rendered":"FACTO 12"},"content":{"rendered":"\t\t<div data-elementor-type=\"wp-page\" data-elementor-id=\"2499\" class=\"elementor elementor-2499\">\n\t\t\t\t\t\t<section class=\"elementor-section elementor-top-section elementor-element elementor-element-28d455b elementor-section-boxed elementor-section-height-default elementor-section-height-default\" data-id=\"28d455b\" data-element_type=\"section\">\n\t\t\t\t\t\t<div class=\"elementor-container elementor-column-gap-default\">\n\t\t\t\t\t<div class=\"elementor-column elementor-col-100 elementor-top-column elementor-element elementor-element-62b5bff\" data-id=\"62b5bff\" data-element_type=\"column\">\n\t\t\t<div class=\"elementor-widget-wrap elementor-element-populated\">\n\t\t\t\t\t\t<div class=\"elementor-element elementor-element-c3a1310 elementor-widget elementor-widget-image\" data-id=\"c3a1310\" data-element_type=\"widget\" data-widget_type=\"image.default\">\n\t\t\t\t<div class=\"elementor-widget-container\">\n\t\t\t\t\t\t\t\t\t\t\t\t\t<img fetchpriority=\"high\" decoding=\"async\" width=\"691\" height=\"1024\" src=\"https:\/\/www.ufsm.br\/app\/uploads\/sites\/642\/2025\/08\/CARTAZ_FACTO12-1-691x1024.jpg\" class=\"attachment-large size-large wp-image-2501\" alt=\"\" srcset=\"https:\/\/www.ufsm.br\/app\/uploads\/sites\/642\/2025\/08\/CARTAZ_FACTO12-1-691x1024.jpg 691w, https:\/\/www.ufsm.br\/app\/uploads\/sites\/642\/2025\/08\/CARTAZ_FACTO12-1-202x300.jpg 202w, https:\/\/www.ufsm.br\/app\/uploads\/sites\/642\/2025\/08\/CARTAZ_FACTO12-1-768x1139.jpg 768w, https:\/\/www.ufsm.br\/app\/uploads\/sites\/642\/2025\/08\/CARTAZ_FACTO12-1-1036x1536.jpg 1036w, https:\/\/www.ufsm.br\/app\/uploads\/sites\/642\/2025\/08\/CARTAZ_FACTO12-1-1381x2048.jpg 1381w, https:\/\/www.ufsm.br\/app\/uploads\/sites\/642\/2025\/08\/CARTAZ_FACTO12-1-scaled.jpg 1726w\" sizes=\"(max-width: 691px) 100vw, 691px\" \/>\t\t\t\t\t\t\t\t\t\t\t\t\t<\/div>\n\t\t\t\t<\/div>\n\t\t\t\t\t<\/div>\n\t\t<\/div>\n\t\t\t\t\t<\/div>\n\t\t<\/section>\n\t\t\t\t<section class=\"elementor-section elementor-top-section elementor-element elementor-element-ea8cded elementor-section-boxed elementor-section-height-default elementor-section-height-default\" data-id=\"ea8cded\" data-element_type=\"section\">\n\t\t\t\t\t\t<div class=\"elementor-container elementor-column-gap-default\">\n\t\t\t\t\t<div class=\"elementor-column elementor-col-100 elementor-top-column elementor-element elementor-element-1baba81\" data-id=\"1baba81\" data-element_type=\"column\">\n\t\t\t<div class=\"elementor-widget-wrap elementor-element-populated\">\n\t\t\t\t\t\t<div class=\"elementor-element elementor-element-48c535e elementor-widget elementor-widget-heading\" data-id=\"48c535e\" data-element_type=\"widget\" data-widget_type=\"heading.default\">\n\t\t\t\t<div class=\"elementor-widget-container\">\n\t\t\t<h5 class=\"elementor-heading-title elementor-size-default\">FACTO 12 | Sala Expositiva SIPEH<\/h5>\t\t<\/div>\n\t\t\t\t<\/div>\n\t\t\t\t\t<\/div>\n\t\t<\/div>\n\t\t\t\t\t<\/div>\n\t\t<\/section>\n\t\t\t\t<section class=\"elementor-section elementor-top-section elementor-element elementor-element-5d357dc elementor-section-boxed elementor-section-height-default elementor-section-height-default\" data-id=\"5d357dc\" data-element_type=\"section\">\n\t\t\t\t\t\t<div class=\"elementor-container elementor-column-gap-default\">\n\t\t\t\t\t<div class=\"elementor-column elementor-col-100 elementor-top-column elementor-element elementor-element-269aae8\" data-id=\"269aae8\" data-element_type=\"column\">\n\t\t\t<div class=\"elementor-widget-wrap elementor-element-populated\">\n\t\t\t\t\t\t<div class=\"elementor-element elementor-element-f6d3072 elementor-widget elementor-widget-text-editor\" data-id=\"f6d3072\" data-element_type=\"widget\" data-widget_type=\"text-editor.default\">\n\t\t\t\t<div class=\"elementor-widget-container\">\n\t\t\t\t\t\t\t<section class=\"elementor-section elementor-top-section elementor-element elementor-element-f08d10f elementor-section-boxed elementor-section-height-default elementor-section-height-default\" data-id=\"f08d10f\" data-element_type=\"section\"><div class=\"elementor-container elementor-column-gap-default\"><div class=\"elementor-column elementor-col-100 elementor-top-column elementor-element elementor-element-ff1658c\" data-id=\"ff1658c\" data-element_type=\"column\"><div class=\"elementor-widget-wrap elementor-element-populated\"><div class=\"elementor-element elementor-element-b737b0a elementor-widget elementor-widget-text-editor\" data-id=\"b737b0a\" data-element_type=\"widget\" data-widget_type=\"text-editor.default\"><div class=\"elementor-widget-container\"><p>A d\u00e9cima segunda edi\u00e7\u00e3o do <strong>Festival Arte, Ci\u00eancia e Tecnologia<\/strong> acontece de 27 de agosto a 10 de setembro de 2025, presencialmente na Sala Expositiva SIPEH.\u00a0 Acompanhe a exposi\u00e7\u00e3o nas redes sociais do LABART e em nosso canal do YouTube.<\/p><p>A Sala Expositiva SIPEH est\u00e1 localizada no Pr\u00e9dio 74E da Universidade Federal de Santa Maria.<\/p><p>Acesse o festival em nosso perfil no\u00a0<a href=\"https:\/\/www.instagram.com\/labart.ufsm\/\" target=\"_blank\" rel=\"noopener\">Instagram<\/a>,\u00a0<a href=\"https:\/\/www.youtube.com\/channel\/UCw274rzHP9t7muJG9zAW_aw?view_as=subscriber\" target=\"_blank\" rel=\"noopener\">YouTube.<\/a><\/p><\/div><\/div><\/div><\/div><\/div><\/section><section class=\"elementor-section elementor-top-section elementor-element elementor-element-1c0af64 elementor-section-boxed elementor-section-height-default elementor-section-height-default\" data-id=\"1c0af64\" data-element_type=\"section\"><div class=\"elementor-container elementor-column-gap-default\"><div class=\"elementor-column elementor-col-100 elementor-top-column elementor-element elementor-element-8a28a86\" data-id=\"8a28a86\" data-element_type=\"column\"><div class=\"elementor-widget-wrap elementor-element-populated\"><div class=\"elementor-element elementor-element-a9714d5 elementor-widget elementor-widget-text-editor\" data-id=\"a9714d5\" data-element_type=\"widget\" data-widget_type=\"text-editor.default\"><div class=\"elementor-widget-container\"><p>Imagens | LABART<\/p><\/div><\/div><\/div><\/div><\/div><\/section>\t\t\t\t\t\t<\/div>\n\t\t\t\t<\/div>\n\t\t\t\t\t<\/div>\n\t\t<\/div>\n\t\t\t\t\t<\/div>\n\t\t<\/section>\n\t\t\t\t<\/div>\n\t\t","protected":false},"excerpt":{"rendered":"<p>FACTO 12 | Sala Expositiva SIPEH A d\u00e9cima segunda edi\u00e7\u00e3o do Festival Arte, Ci\u00eancia e Tecnologia acontece de 27 de agosto a 10 de setembro de 2025, presencialmente na Sala Expositiva SIPEH.\u00a0 Acompanhe a exposi\u00e7\u00e3o nas redes sociais do LABART e em nosso canal do YouTube. A Sala Expositiva SIPEH est\u00e1 localizada no Pr\u00e9dio 74E [&hellip;]<\/p>\n","protected":false},"author":1884,"featured_media":0,"parent":0,"menu_order":0,"comment_status":"closed","ping_status":"closed","template":"","meta":{"footnotes":""},"categories":[],"tags":[],"class_list":["post-2499","page","type-page","status-publish","hentry"],"acf":[],"_links":{"self":[{"href":"https:\/\/www.ufsm.br\/laboratorios\/labart\/wp-json\/wp\/v2\/pages\/2499","targetHints":{"allow":["GET"]}}],"collection":[{"href":"https:\/\/www.ufsm.br\/laboratorios\/labart\/wp-json\/wp\/v2\/pages"}],"about":[{"href":"https:\/\/www.ufsm.br\/laboratorios\/labart\/wp-json\/wp\/v2\/types\/page"}],"author":[{"embeddable":true,"href":"https:\/\/www.ufsm.br\/laboratorios\/labart\/wp-json\/wp\/v2\/users\/1884"}],"replies":[{"embeddable":true,"href":"https:\/\/www.ufsm.br\/laboratorios\/labart\/wp-json\/wp\/v2\/comments?post=2499"}],"version-history":[{"count":0,"href":"https:\/\/www.ufsm.br\/laboratorios\/labart\/wp-json\/wp\/v2\/pages\/2499\/revisions"}],"wp:attachment":[{"href":"https:\/\/www.ufsm.br\/laboratorios\/labart\/wp-json\/wp\/v2\/media?parent=2499"}],"wp:term":[{"taxonomy":"category","embeddable":true,"href":"https:\/\/www.ufsm.br\/laboratorios\/labart\/wp-json\/wp\/v2\/categories?post=2499"},{"taxonomy":"post_tag","embeddable":true,"href":"https:\/\/www.ufsm.br\/laboratorios\/labart\/wp-json\/wp\/v2\/tags?post=2499"}],"curies":[{"name":"wp","href":"https:\/\/api.w.org\/{rel}","templated":true}]}}