{"id":486,"date":"2019-08-02T15:52:58","date_gmt":"2019-08-02T18:52:58","guid":{"rendered":"https:\/\/www.ufsm.br\/laboratorios\/labart\/?page_id=486"},"modified":"2024-04-17T15:39:14","modified_gmt":"2024-04-17T18:39:14","slug":"forum","status":"publish","type":"page","link":"https:\/\/www.ufsm.br\/laboratorios\/labart\/forum","title":{"rendered":"F\u00f3rum Arte, Cinema e Audiovisual"},"content":{"rendered":"\t\t<div data-elementor-type=\"wp-post\" data-elementor-id=\"486\" class=\"elementor elementor-486\">\n\t\t\t\t\t\t<section class=\"elementor-section elementor-top-section elementor-element elementor-element-e09bfc3 elementor-section-boxed elementor-section-height-default elementor-section-height-default\" data-id=\"e09bfc3\" data-element_type=\"section\">\n\t\t\t\t\t\t<div class=\"elementor-container elementor-column-gap-default\">\n\t\t\t\t\t<div class=\"elementor-column elementor-col-100 elementor-top-column elementor-element elementor-element-46335e4\" data-id=\"46335e4\" data-element_type=\"column\">\n\t\t\t<div class=\"elementor-widget-wrap elementor-element-populated\">\n\t\t\t\t\t\t<div class=\"elementor-element elementor-element-23d67d0 elementor-widget elementor-widget-heading\" data-id=\"23d67d0\" data-element_type=\"widget\" data-widget_type=\"heading.default\">\n\t\t\t\t<div class=\"elementor-widget-container\">\n\t\t\t<h5 class=\"elementor-heading-title elementor-size-default\">Edi\u00e7\u00f5es F\u00f3rum Arte, Cinema e Audiovisual<\/h5>\t\t<\/div>\n\t\t\t\t<\/div>\n\t\t\t\t\t<\/div>\n\t\t<\/div>\n\t\t\t\t\t<\/div>\n\t\t<\/section>\n\t\t\t\t<section class=\"elementor-section elementor-top-section elementor-element elementor-element-94610de elementor-section-boxed elementor-section-height-default elementor-section-height-default\" data-id=\"94610de\" data-element_type=\"section\">\n\t\t\t\t\t\t<div class=\"elementor-container elementor-column-gap-default\">\n\t\t\t\t\t<div class=\"elementor-column elementor-col-100 elementor-top-column elementor-element elementor-element-3daf1f1\" data-id=\"3daf1f1\" data-element_type=\"column\">\n\t\t\t<div class=\"elementor-widget-wrap elementor-element-populated\">\n\t\t\t\t\t\t<div class=\"elementor-element elementor-element-911f8a7 elementor-widget elementor-widget-text-editor\" data-id=\"911f8a7\" data-element_type=\"widget\" data-widget_type=\"text-editor.default\">\n\t\t\t\t<div class=\"elementor-widget-container\">\n\t\t\t\t\t\t\t<p><a href=\"https:\/\/www.ufsm.br\/laboratorios\/labart\/7o-forum-arte-cinema-e-audiovisual\/\">7\u00ba F\u00f3rum Arte, Cinema e Audiovisual<\/a> (2019)<\/p>\n<p><a href=\"https:\/\/www.ufsm.br\/laboratorios\/labart\/6o-forum-arte-cinema-e-audiovisual\/\">6\u00ba F\u00f3rum Arte, Cinema e Audiovisual<\/a> (2018)<\/p>\n<p><a href=\"https:\/\/www.ufsm.br\/laboratorios\/labart\/5o-forum-arte-cinema-e-audiovisual\/\">5\u00ba F\u00f3rum Arte, Cinema e Audiovisual<\/a> (2017)<\/p>\n<p><a href=\"https:\/\/www.ufsm.br\/laboratorios\/labart\/4o-forum-arte-cinema-e-audiovisual\/\">4\u00ba F\u00f3rum Arte, Cinema e Audiovisual<\/a> (2017)<\/p>\n<p><a href=\"https:\/\/www.ufsm.br\/laboratorios\/labart\/3o-forum-arte-cinema-e-audiovisual\/\">3\u00ba F\u00f3rum Arte, Cinema e Audiovisual<\/a> (2016)<\/p>\n<p><a href=\"https:\/\/www.ufsm.br\/laboratorios\/labart\/2o-forum-arte-cinema-e-audiovisual\/\">2\u00ba F\u00f3rum Arte, Cinema e Audiovisual<\/a> (2016)<\/p>\n<p><a href=\"https:\/\/www.ufsm.br\/laboratorios\/labart\/1o-forum-arte-cinema-e-audiovisual\/\">1\u00ba F\u00f3rum Arte, Cinema e Audiovisual<\/a> (2015)<\/p>\t\t\t\t\t\t<\/div>\n\t\t\t\t<\/div>\n\t\t\t\t\t<\/div>\n\t\t<\/div>\n\t\t\t\t\t<\/div>\n\t\t<\/section>\n\t\t\t\t<\/div>\n\t\t","protected":false},"excerpt":{"rendered":"<p>Edi\u00e7\u00f5es F\u00f3rum Arte, Cinema e Audiovisual 7\u00ba F\u00f3rum Arte, Cinema e Audiovisual (2019) 6\u00ba F\u00f3rum Arte, Cinema e Audiovisual (2018) 5\u00ba F\u00f3rum Arte, Cinema e Audiovisual (2017) 4\u00ba F\u00f3rum Arte, Cinema e Audiovisual (2017) 3\u00ba F\u00f3rum Arte, Cinema e Audiovisual (2016) 2\u00ba F\u00f3rum Arte, Cinema e Audiovisual (2016) 1\u00ba F\u00f3rum Arte, Cinema e Audiovisual (2015)<\/p>\n","protected":false},"author":772,"featured_media":0,"parent":0,"menu_order":0,"comment_status":"closed","ping_status":"closed","template":"","meta":{"footnotes":""},"categories":[],"tags":[],"class_list":["post-486","page","type-page","status-publish","hentry"],"acf":[],"_links":{"self":[{"href":"https:\/\/www.ufsm.br\/laboratorios\/labart\/wp-json\/wp\/v2\/pages\/486","targetHints":{"allow":["GET"]}}],"collection":[{"href":"https:\/\/www.ufsm.br\/laboratorios\/labart\/wp-json\/wp\/v2\/pages"}],"about":[{"href":"https:\/\/www.ufsm.br\/laboratorios\/labart\/wp-json\/wp\/v2\/types\/page"}],"author":[{"embeddable":true,"href":"https:\/\/www.ufsm.br\/laboratorios\/labart\/wp-json\/wp\/v2\/users\/772"}],"replies":[{"embeddable":true,"href":"https:\/\/www.ufsm.br\/laboratorios\/labart\/wp-json\/wp\/v2\/comments?post=486"}],"version-history":[{"count":0,"href":"https:\/\/www.ufsm.br\/laboratorios\/labart\/wp-json\/wp\/v2\/pages\/486\/revisions"}],"wp:attachment":[{"href":"https:\/\/www.ufsm.br\/laboratorios\/labart\/wp-json\/wp\/v2\/media?parent=486"}],"wp:term":[{"taxonomy":"category","embeddable":true,"href":"https:\/\/www.ufsm.br\/laboratorios\/labart\/wp-json\/wp\/v2\/categories?post=486"},{"taxonomy":"post_tag","embeddable":true,"href":"https:\/\/www.ufsm.br\/laboratorios\/labart\/wp-json\/wp\/v2\/tags?post=486"}],"curies":[{"name":"wp","href":"https:\/\/api.w.org\/{rel}","templated":true}]}}