{"id":109,"date":"2024-03-05T22:21:42","date_gmt":"2024-03-06T01:21:42","guid":{"rendered":"https:\/\/www.ufsm.br\/laboratorios\/labcen\/?page_id=109"},"modified":"2026-01-18T21:47:24","modified_gmt":"2026-01-19T00:47:24","slug":"servi","status":"publish","type":"page","link":"https:\/\/www.ufsm.br\/laboratorios\/labcen\/servi","title":{"rendered":"Servi\u00e7os"},"content":{"rendered":"\t\t<div data-elementor-type=\"wp-page\" data-elementor-id=\"109\" class=\"elementor elementor-109\">\n\t\t\t\t\t\t<section class=\"elementor-section elementor-top-section elementor-element elementor-element-942e6a7 elementor-section-boxed elementor-section-height-default elementor-section-height-default\" data-id=\"942e6a7\" data-element_type=\"section\">\n\t\t\t\t\t\t<div class=\"elementor-container elementor-column-gap-default\">\n\t\t\t\t\t<div class=\"elementor-column elementor-col-100 elementor-top-column elementor-element elementor-element-db71733\" data-id=\"db71733\" data-element_type=\"column\">\n\t\t\t<div class=\"elementor-widget-wrap elementor-element-populated\">\n\t\t\t\t\t\t<div class=\"elementor-element elementor-element-d51b8f7 elementor-widget elementor-widget-text-editor\" data-id=\"d51b8f7\" data-element_type=\"widget\" data-widget_type=\"text-editor.default\">\n\t\t\t\t<div class=\"elementor-widget-container\">\n\t\t\t\t\t\t\t<p style=\"text-align: justify;line-height: 150%\"><span style=\"font-size: 12.0pt;line-height: 150%;font-family: 'Times New Roman',serif\">No LABCEN \u00e9 poss\u00edvel realizar diversas an\u00e1lises <\/span><span style=\"font-size: 12.0pt;line-height: 150%;font-family: 'Arial',sans-serif\">relacionados ao estudo dos ciclos biogeoqu\u00edmicos do carbono e nitrog\u00eanio.<\/span><\/p>\n<p style=\"text-align: justify;line-height: 150%\"><span style=\"font-size: 12.0pt;line-height: 150%;font-family: 'Arial',sans-serif\">&nbsp;<\/span><\/p>\n<p style=\"text-align: justify;line-height: 150%\"><span style=\"font-family: 'Times New Roman', serif;font-size: 12pt;font-weight: var( --e-global-typography-text-font-weight )\">Use&nbsp;<\/span><span style=\"font-family: 'Times New Roman', serif;font-size: 12pt;font-weight: var( --e-global-typography-text-font-weight )\">o formul\u00e1rio para agendamento e, ou, solicita\u00e7\u00e3o de an\u00e1lises&nbsp;<\/span><\/p>\n<p style=\"text-align: justify;line-height: 150%\"><a href=\"https:\/\/docs.google.com\/forms\/d\/e\/1FAIpQLSe4QLF_X5R_UFwm36TanGXdADTv8hNeuTUI1TnjzLG5SDAKfg\/viewform\">Clique para acessar o formul\u00e1rio!<\/a><\/p>\n<p style=\"text-align: justify;line-height: 150%\"><span style=\"font-size: 12.0pt;line-height: 150%;font-family: 'Times New Roman',serif\"><a href=\"https:\/\/docs.google.com\/forms\/d\/e\/1FAIpQLSe4QLF_X5R_UFwm36TanGXdADTv8hNeuTUI1TnjzLG5SDAKfg\/viewform\">&nbsp;<\/a><\/span><\/p>\n<p style=\"text-align: justify;line-height: 150%\"><span style=\"font-size: 12.0pt;line-height: 150%;font-family: 'Times New Roman',serif\">An\u00e1lises<\/span><\/p>\n<p style=\"margin-bottom: 10.0pt;line-height: 115%\"><span lang=\"PT\" style=\"font-family: 'Calibri',sans-serif\">1. An\u00e1lise de Carbono total por meio da t\u00e9cnica de combust\u00e3o seca<\/span><\/p>\n<p style=\"margin-bottom: 10.0pt;line-height: 115%\"><span lang=\"PT\" style=\"font-family: 'Calibri',sans-serif\">2. An\u00e1lise de Nitrog\u00eanio total por meio da t\u00e9cnica de combust\u00e3o seca<\/span><\/p>\n<p style=\"margin-bottom: 10.0pt;line-height: 115%\"><span lang=\"PT\" style=\"font-family: 'Calibri',sans-serif\">3. An\u00e1lise de Carbono e Nitrog\u00eanio total por meio da t\u00e9cnica de combust\u00e3o seca<\/span><\/p>\n<p style=\"margin-bottom: 10.0pt;line-height: 115%\"><span lang=\"PT\" style=\"font-family: 'Calibri',sans-serif\">4. Raz\u00e3o isot\u00f3pica do Carbono est\u00e1vel (12C\/13C)<\/span><\/p>\n<p style=\"margin-bottom: 10.0pt;line-height: 115%\"><span lang=\"PT\" style=\"font-family: 'Calibri',sans-serif\">5. Raz\u00e3o isot\u00f3pica do Nitrog\u00eanio est\u00e1vel (14N\/15N)<\/span><\/p>\n<p style=\"margin-bottom: 10.0pt;line-height: 115%\"><span lang=\"PT\" style=\"font-family: 'Calibri',sans-serif\">6. Raz\u00e3o isot\u00f3pica do Carbono est\u00e1vel (12C\/13C) e Nitrog\u00eanio est\u00e1vel (14N\/15N)<\/span><\/p>\n<p style=\"margin-bottom: 10.0pt;line-height: 115%\"><span lang=\"PT\" style=\"font-family: 'Calibri',sans-serif\">7. An\u00e1lise de Carbono total e raz\u00e3o isot\u00f3pica do carbono est\u00e1vel (12C\/13C)<\/span><\/p>\n<p style=\"margin-bottom: 10.0pt;line-height: 115%\"><span lang=\"PT\" style=\"font-family: 'Calibri',sans-serif\">8. An\u00e1lise de Nitrog\u00eanio total e raz\u00e3o isot\u00f3pica do nitrog\u00eanio est\u00e1vel (14N\/15N)<\/span><\/p>\n<p style=\"margin-bottom: 10.0pt;line-height: 115%\"><span lang=\"PT\" style=\"font-family: 'Calibri',sans-serif\">9. An\u00e1lise de Carbono e Nitrog\u00eanio totais e raz\u00e3o isot\u00f3pica do Carbono est\u00e1vel (12C\/13C) e Nitrog\u00eanio est\u00e1vel (14N\/15N)<\/span><\/p>\n<p style=\"margin-bottom: 10.0pt;line-height: 115%\"><span lang=\"PT\" style=\"font-family: 'Calibri',sans-serif\">10. Carbono total em amostra l\u00edquida<\/span><\/p>\n<p style=\"margin-bottom: 10.0pt;line-height: 115%\"><span lang=\"PT\" style=\"font-family: 'Calibri',sans-serif\">11. Nitrog\u00eanio total em amostra l\u00edquida<\/span><\/p>\n<p style=\"margin-bottom: 10.0pt;line-height: 115%\"><span lang=\"PT\" style=\"font-family: 'Calibri',sans-serif\">12. Carbono e Nitrog\u00eanio totais em amostra l\u00edquida<\/span><\/p>\n<p style=\"margin-bottom: 10.0pt;line-height: 115%\"><span lang=\"PT\" style=\"font-family: 'Calibri',sans-serif\">13. Carbono Org\u00e2nico em amostra l\u00edquida<\/span><\/p>\n<p style=\"margin-bottom: 10.0pt;line-height: 115%\"><span lang=\"PT\" style=\"font-family: 'Calibri',sans-serif\">14. Carbono Inorg\u00e2nico em amostra l\u00edquida<\/span><\/p>\n<p style=\"margin-bottom: 10.0pt;line-height: 115%\"><span lang=\"PT\" style=\"font-family: 'Calibri',sans-serif\">15. Carbono total e Carbono Org\u00e2nico em amostra l\u00edquida<\/span><\/p>\n<p style=\"margin-bottom: 10.0pt;line-height: 115%\"><span lang=\"PT\" style=\"font-family: 'Calibri',sans-serif\">16. An\u00e1lise de Gases de Efeito Estufa (Metano, G\u00e1s carb\u00f4nico e \u00d3xido nitroso)<\/span><\/p>\n<p style=\"margin-bottom: 10.0pt;line-height: 115%\"><span lang=\"PT\" style=\"font-family: 'Calibri',sans-serif\">17. An\u00e1lise de Am\u00f4nio e Nitrato+Nitrito<\/span><\/p>\n<p style=\"margin-bottom: 10.0pt;line-height: 115%\"><span lang=\"PT\" style=\"font-family: 'Calibri',sans-serif\">18. Moagem de amostras para an\u00e1lise elementar e isot\u00f3pica<\/span><\/p>\n<p style=\"text-align: justify;line-height: 150%\"><span lang=\"PT\" style=\"font-size: 12.0pt;line-height: 150%;font-family: 'Times New Roman',serif\">&nbsp;<\/span><\/p>\t\t\t\t\t\t<\/div>\n\t\t\t\t<\/div>\n\t\t\t\t\t<\/div>\n\t\t<\/div>\n\t\t\t\t\t<\/div>\n\t\t<\/section>\n\t\t\t\t<\/div>\n\t\t","protected":false},"excerpt":{"rendered":"<p>No LABCEN \u00e9 poss\u00edvel realizar diversas an\u00e1lises relacionados ao estudo dos ciclos biogeoqu\u00edmicos do carbono e nitrog\u00eanio. &nbsp; Use&nbsp;o formul\u00e1rio para agendamento e, ou, solicita\u00e7\u00e3o de an\u00e1lises&nbsp; Clique para acessar o formul\u00e1rio! &nbsp; An\u00e1lises 1. An\u00e1lise de Carbono total por meio da t\u00e9cnica de combust\u00e3o seca 2. An\u00e1lise de Nitrog\u00eanio total por meio da t\u00e9cnica [&hellip;]<\/p>\n","protected":false},"author":6484,"featured_media":0,"parent":0,"menu_order":0,"comment_status":"closed","ping_status":"closed","template":"","meta":{"footnotes":""},"categories":[],"tags":[],"class_list":["post-109","page","type-page","status-publish","hentry"],"acf":[],"_links":{"self":[{"href":"https:\/\/www.ufsm.br\/laboratorios\/labcen\/wp-json\/wp\/v2\/pages\/109","targetHints":{"allow":["GET"]}}],"collection":[{"href":"https:\/\/www.ufsm.br\/laboratorios\/labcen\/wp-json\/wp\/v2\/pages"}],"about":[{"href":"https:\/\/www.ufsm.br\/laboratorios\/labcen\/wp-json\/wp\/v2\/types\/page"}],"author":[{"embeddable":true,"href":"https:\/\/www.ufsm.br\/laboratorios\/labcen\/wp-json\/wp\/v2\/users\/6484"}],"replies":[{"embeddable":true,"href":"https:\/\/www.ufsm.br\/laboratorios\/labcen\/wp-json\/wp\/v2\/comments?post=109"}],"version-history":[{"count":0,"href":"https:\/\/www.ufsm.br\/laboratorios\/labcen\/wp-json\/wp\/v2\/pages\/109\/revisions"}],"wp:attachment":[{"href":"https:\/\/www.ufsm.br\/laboratorios\/labcen\/wp-json\/wp\/v2\/media?parent=109"}],"wp:term":[{"taxonomy":"category","embeddable":true,"href":"https:\/\/www.ufsm.br\/laboratorios\/labcen\/wp-json\/wp\/v2\/categories?post=109"},{"taxonomy":"post_tag","embeddable":true,"href":"https:\/\/www.ufsm.br\/laboratorios\/labcen\/wp-json\/wp\/v2\/tags?post=109"}],"curies":[{"name":"wp","href":"https:\/\/api.w.org\/{rel}","templated":true}]}}