{"id":112,"date":"2024-03-05T22:30:47","date_gmt":"2024-03-06T01:30:47","guid":{"rendered":"https:\/\/www.ufsm.br\/laboratorios\/labcen\/?page_id=112"},"modified":"2024-03-27T20:36:12","modified_gmt":"2024-03-27T23:36:12","slug":"estrutura-multiusuaria","status":"publish","type":"page","link":"https:\/\/www.ufsm.br\/laboratorios\/labcen\/estrutura-multiusuaria","title":{"rendered":"Estrutura multiusu\u00e1ria"},"content":{"rendered":"\t\t<div data-elementor-type=\"wp-page\" data-elementor-id=\"112\" class=\"elementor elementor-112\">\n\t\t\t\t\t\t<section class=\"elementor-section elementor-top-section elementor-element elementor-element-686e17d elementor-section-boxed elementor-section-height-default elementor-section-height-default\" data-id=\"686e17d\" data-element_type=\"section\">\n\t\t\t\t\t\t<div class=\"elementor-container elementor-column-gap-default\">\n\t\t\t\t\t<div class=\"elementor-column elementor-col-100 elementor-top-column elementor-element elementor-element-dd0dd85\" data-id=\"dd0dd85\" data-element_type=\"column\">\n\t\t\t<div class=\"elementor-widget-wrap elementor-element-populated\">\n\t\t\t\t\t\t<div class=\"elementor-element elementor-element-99c56fb elementor-widget elementor-widget-text-editor\" data-id=\"99c56fb\" data-element_type=\"widget\" data-widget_type=\"text-editor.default\">\n\t\t\t\t<div class=\"elementor-widget-container\">\n\t\t\t\t\t\t\t<p style=\"font-size: 16px;text-align: justify;line-height: 24px\"><span style=\"font-family: Arial, sans-serif;font-size: 12pt;line-height: 24px\">No LABCEN a infraestrutura \u00e9 dedicada \u00e0 pesquisa e inova\u00e7\u00e3o tecnol\u00f3gica e a presta\u00e7\u00e3o de servi\u00e7os especializados relacionados aos ciclos biogeoqu\u00edmicos do carbono e nitrog\u00eanio.<\/span><\/p><p style=\"font-size: 16px\"><\/p><p style=\"font-size: 16px;text-align: justify;line-height: 24px\"><span style=\"font-family: Arial, sans-serif;color: black;font-size: 12pt;line-height: 24px;background-image: initial;background-position: initial;background-size: initial;background-attachment: initial\">Para mais informa\u00e7\u00f5es sobre as an\u00e1lises realizadas acesse&nbsp;<a href=\"https:\/\/www.ufsm.br\/laboratorios\/labcen\/servi\">\u201cservi\u00e7os\u201d<\/a><\/span><\/p><p style=\"font-size: 16px;text-align: justify;line-height: 24px\"><\/p><p style=\"font-size: 16px;text-align: justify;line-height: 24px\"><\/p><p style=\"font-size: 16px;text-align: justify;line-height: 24px\"><span style=\"font-weight: 700\"><span style=\"font-family: Arial, sans-serif;background-image: initial;background-position: initial;background-size: initial;background-attachment: initial\">Anexos<\/span><\/span><\/p><p style=\"font-size: 16px;text-align: justify;line-height: 24px\"><span style=\"font-weight: 700\"><span style=\"font-family: Arial, sans-serif;background-image: initial;background-position: initial;background-size: initial;background-attachment: initial\"><a href=\"https:\/\/drive.google.com\/file\/d\/1goAogZLOo0w5i_OGMYEf8ZNT9ApIeW7y\/view?usp=sharing\">Estatuto do LABCEN<\/a><\/span><\/span><\/p>\t\t\t\t\t\t<\/div>\n\t\t\t\t<\/div>\n\t\t\t\t<div class=\"elementor-element elementor-element-d55c8e2 elementor-widget elementor-widget-toggle\" data-id=\"d55c8e2\" data-element_type=\"widget\" data-widget_type=\"toggle.default\">\n\t\t\t\t<div class=\"elementor-widget-container\">\n\t\t\t\t\t<div class=\"elementor-toggle\">\n\t\t\t\t\t\t\t<div class=\"elementor-toggle-item\">\n\t\t\t\t\t<div id=\"elementor-tab-title-2231\" class=\"elementor-tab-title\" data-tab=\"1\" role=\"button\" aria-controls=\"elementor-tab-content-2231\" aria-expanded=\"false\">\n\t\t\t\t\t\t\t\t\t\t\t\t<span class=\"elementor-toggle-icon elementor-toggle-icon-left\" aria-hidden=\"true\">\n\t\t\t\t\t\t\t\t\t\t\t\t\t\t\t<span class=\"elementor-toggle-icon-closed\"><i class=\"fas fa-caret-right\"><\/i><\/span>\n\t\t\t\t\t\t\t\t<span class=\"elementor-toggle-icon-opened\"><i class=\"elementor-toggle-icon-opened fas fa-caret-up\"><\/i><\/span>\n\t\t\t\t\t\t\t\t\t\t\t\t\t<\/span>\n\t\t\t\t\t\t\t\t\t\t\t\t<a class=\"elementor-toggle-title\" tabindex=\"0\">Comit\u00ea Gestor do LABCEN<\/a>\n\t\t\t\t\t<\/div>\n\n\t\t\t\t\t<div id=\"elementor-tab-content-2231\" class=\"elementor-tab-content elementor-clearfix\" data-tab=\"1\" role=\"region\" aria-labelledby=\"elementor-tab-title-2231\"><p style=\"margin-left: 35.45pt;text-align: justify;line-height: 24px\"><span style=\"font-family: Arial, sans-serif;color: #1c1c1c;background-image: initial;background-position: initial;background-size: initial;background-attachment: initial\">Prof. Sandro Jos\u00e9 Giacomini (Presidente) &#8211;\u00a0<\/span>DSOL\/PPGCS &#8211; UFSM<\/p><p style=\"margin-left: 35.45pt;text-align: justify;line-height: 24px\"><span style=\"font-family: Arial, sans-serif;color: #1c1c1c;background-image: initial;background-position: initial;background-size: initial;background-attachment: initial\">Prof. Celso Aita\u00a0<\/span>\u2013DSOL\/PPGCS &#8211; UFSM<\/p><p style=\"margin-left: 35.45pt;text-align: justify;line-height: 24px\"><span style=\"font-family: Arial, sans-serif;color: #1c1c1c;background-image: initial;background-position: initial;background-size: initial;background-attachment: initial\">Prof. Leandro Souza da Silva\u00a0<\/span>\u2013 DSOL\/PPGCS &#8211; UFSM<\/p><p style=\"margin-left: 35.45pt;text-align: justify;line-height: 24px\"><span style=\"font-family: Arial, sans-serif;color: #1c1c1c;background-image: initial;background-position: initial;background-size: initial;background-attachment: initial\">Prof. Cim\u00e9lio Bayer \u2013 DSOL\/PPGCS &#8211; UFRGS<\/span><\/p><p style=\"margin-left: 35.45pt;text-align: justify;line-height: 24px\"><span style=\"font-family: Arial, sans-serif;color: #1c1c1c;background-image: initial;background-position: initial;background-size: initial;background-attachment: initial\">T\u00e9c. Douglas Leandro Scheid &#8211;\u00a0<\/span>DSOL &#8211; UFSM<\/p><p style=\"margin-left: 35.45pt;text-align: justify;line-height: 24px\"><span style=\"font-weight: var( --e-global-typography-text-font-weight )\">\u00a0<\/span><\/p><p style=\"text-align: justify;line-height: 24px\">\u00a0<\/p><p style=\"margin-bottom: 1rem;margin-top: 0px;font-family: rawline, sans-serif !important;color: inherit;font-size: inherit !important;margin-left: 35.45pt;text-align: justify;line-height: 24px\">\u00a0<\/p><p style=\"margin-bottom: 1rem;margin-top: 0px;font-family: rawline, sans-serif !important;color: inherit;font-size: inherit !important;margin-left: 35.45pt;text-align: justify;line-height: 24px\">\u00a0<\/p><\/div>\n\t\t\t\t<\/div>\n\t\t\t\t\t\t\t<div class=\"elementor-toggle-item\">\n\t\t\t\t\t<div id=\"elementor-tab-title-2232\" class=\"elementor-tab-title\" data-tab=\"2\" role=\"button\" aria-controls=\"elementor-tab-content-2232\" aria-expanded=\"false\">\n\t\t\t\t\t\t\t\t\t\t\t\t<span class=\"elementor-toggle-icon elementor-toggle-icon-left\" aria-hidden=\"true\">\n\t\t\t\t\t\t\t\t\t\t\t\t\t\t\t<span class=\"elementor-toggle-icon-closed\"><i class=\"fas fa-caret-right\"><\/i><\/span>\n\t\t\t\t\t\t\t\t<span class=\"elementor-toggle-icon-opened\"><i class=\"elementor-toggle-icon-opened fas fa-caret-up\"><\/i><\/span>\n\t\t\t\t\t\t\t\t\t\t\t\t\t<\/span>\n\t\t\t\t\t\t\t\t\t\t\t\t<a class=\"elementor-toggle-title\" tabindex=\"0\">Comit\u00ea de Usu\u00e1rios do LABCEN<\/a>\n\t\t\t\t\t<\/div>\n\n\t\t\t\t\t<div id=\"elementor-tab-content-2232\" class=\"elementor-tab-content elementor-clearfix\" data-tab=\"2\" role=\"region\" aria-labelledby=\"elementor-tab-title-2232\"><p style=\"color: #000000;font-size: 16px;text-indent: 35.45pt;line-height: 24px\">Prof. Celso Aita (Presidente) \u2013 DSOL\/PPGCS -UFSM<\/p><p style=\"color: #000000;font-size: 16px;text-indent: 35.45pt;line-height: 24px\">Prof. Gustavo Brunetto \u2013 DSOL\/PPGCS &#8211; UFSM<\/p><p style=\"color: #000000;font-size: 16px;text-indent: 35.45pt;line-height: 24px\">Prof. Eduardo Boher Azevedo \u2013 DZOT\/PPGZ -UFSM<\/p><p style=\"color: #000000;font-size: 16px;text-indent: 35.45pt;line-height: 24px\">Tec. Lab.\u00a0Douglas Leandro Scheid \u2013 DSOL &#8211; UFSM<\/p><p style=\"color: #000000;font-size: 16px;text-indent: 35.45pt;line-height: 24px\"><span style=\"color: #000000;font-size: 16px;text-indent: 35.45pt;font-weight: var( --e-global-typography-text-font-weight )\">Estudante Roberta Lago Giovelli \u2013 PPGCS -UFSM<\/span><\/p><p style=\"text-indent: 35.45pt;line-height: 24px\">\u00a0<\/p><\/div>\n\t\t\t\t<\/div>\n\t\t\t\t\t\t\t\t<\/div>\n\t\t\t\t<\/div>\n\t\t\t\t<\/div>\n\t\t\t\t\t<\/div>\n\t\t<\/div>\n\t\t\t\t\t<\/div>\n\t\t<\/section>\n\t\t\t\t<section class=\"elementor-section elementor-top-section elementor-element elementor-element-713799c elementor-section-boxed elementor-section-height-default elementor-section-height-default\" data-id=\"713799c\" data-element_type=\"section\">\n\t\t\t\t\t\t<div class=\"elementor-container elementor-column-gap-default\">\n\t\t\t\t\t<div class=\"elementor-column elementor-col-100 elementor-top-column elementor-element elementor-element-a1eb328\" data-id=\"a1eb328\" data-element_type=\"column\">\n\t\t\t<div class=\"elementor-widget-wrap\">\n\t\t\t\t\t\t\t<\/div>\n\t\t<\/div>\n\t\t\t\t\t<\/div>\n\t\t<\/section>\n\t\t\t\t<\/div>\n\t\t","protected":false},"excerpt":{"rendered":"<p>No LABCEN a infraestrutura \u00e9 dedicada \u00e0 pesquisa e inova\u00e7\u00e3o tecnol\u00f3gica e a presta\u00e7\u00e3o de servi\u00e7os especializados relacionados aos ciclos biogeoqu\u00edmicos do carbono e nitrog\u00eanio. Para mais informa\u00e7\u00f5es sobre as an\u00e1lises realizadas acesse&nbsp;\u201cservi\u00e7os\u201d Anexos Estatuto do LABCEN Comit\u00ea Gestor do LABCEN Prof. Sandro Jos\u00e9 Giacomini (Presidente) &#8211;\u00a0DSOL\/PPGCS &#8211; UFSM Prof. Celso Aita\u00a0\u2013DSOL\/PPGCS &#8211; UFSM Prof. [&hellip;]<\/p>\n","protected":false},"author":6484,"featured_media":0,"parent":0,"menu_order":0,"comment_status":"closed","ping_status":"closed","template":"","meta":{"footnotes":""},"categories":[],"tags":[],"class_list":["post-112","page","type-page","status-publish","hentry"],"acf":[],"_links":{"self":[{"href":"https:\/\/www.ufsm.br\/laboratorios\/labcen\/wp-json\/wp\/v2\/pages\/112","targetHints":{"allow":["GET"]}}],"collection":[{"href":"https:\/\/www.ufsm.br\/laboratorios\/labcen\/wp-json\/wp\/v2\/pages"}],"about":[{"href":"https:\/\/www.ufsm.br\/laboratorios\/labcen\/wp-json\/wp\/v2\/types\/page"}],"author":[{"embeddable":true,"href":"https:\/\/www.ufsm.br\/laboratorios\/labcen\/wp-json\/wp\/v2\/users\/6484"}],"replies":[{"embeddable":true,"href":"https:\/\/www.ufsm.br\/laboratorios\/labcen\/wp-json\/wp\/v2\/comments?post=112"}],"version-history":[{"count":0,"href":"https:\/\/www.ufsm.br\/laboratorios\/labcen\/wp-json\/wp\/v2\/pages\/112\/revisions"}],"wp:attachment":[{"href":"https:\/\/www.ufsm.br\/laboratorios\/labcen\/wp-json\/wp\/v2\/media?parent=112"}],"wp:term":[{"taxonomy":"category","embeddable":true,"href":"https:\/\/www.ufsm.br\/laboratorios\/labcen\/wp-json\/wp\/v2\/categories?post=112"},{"taxonomy":"post_tag","embeddable":true,"href":"https:\/\/www.ufsm.br\/laboratorios\/labcen\/wp-json\/wp\/v2\/tags?post=112"}],"curies":[{"name":"wp","href":"https:\/\/api.w.org\/{rel}","templated":true}]}}