{"id":22,"date":"2019-05-14T17:01:42","date_gmt":"2019-05-14T20:01:42","guid":{"rendered":"https:\/\/www.ufsm.br\/template-laboratprio\/?page_id=22"},"modified":"2026-01-17T13:31:02","modified_gmt":"2026-01-17T16:31:02","slug":"sobre","status":"publish","type":"page","link":"https:\/\/www.ufsm.br\/laboratorios\/labcen\/sobre","title":{"rendered":"Sobre"},"content":{"rendered":"\n<p>No LABCEN estudamos a biogeoqu\u00edmica do C e N na agropecu\u00e1ria e em florestas. Buscamos elucidar os processos envolvendo as biotransforma\u00e7\u00f5es do C e do N, quantificando e modelizando os compartimentos e fluxos desses dois elementos no sistema solo-planta-atmosfera, em um clima em mudan\u00e7a.<\/p>\n<p>Especialmente, buscamos avaliar e selecionar pr\u00e1ticas de manejo que promovam a mitiga\u00e7\u00e3o das emiss\u00f5es dos gases de efeito estufa (GEE) e que contribuam \u00e0 adapta\u00e7\u00e3o dos agroecossistemas \u00e0s mudan\u00e7as clim\u00e1ticas.<\/p>\n<p>Em nossas pesquisas utilizamos experimentos de campo, estudos de laborat\u00f3rio e a modelagem.<\/p>\n<p>O LABCEN \u00e9 um laborat\u00f3rio multiusu\u00e1rio, que tamb\u00e9m presta servi\u00e7os especializados em an\u00e1lise elementar e isot\u00f3pica de C e N e dos GEE (CO<sub>2<\/sub>, CH<sub>4<\/sub> e N<sub>2<\/sub>O), atendendo a demanda de pesquisadores, empresas p\u00fablicas e privadas e produtores rurais.<\/p>\n","protected":false},"excerpt":{"rendered":"<p>No LABCEN estudamos a biogeoqu\u00edmica do C e N na agropecu\u00e1ria e em florestas. Buscamos elucidar os processos envolvendo as biotransforma\u00e7\u00f5es do C e do N, quantificando e modelizando os compartimentos e fluxos desses dois elementos no sistema solo-planta-atmosfera, em um clima em mudan\u00e7a. Especialmente, buscamos avaliar e selecionar pr\u00e1ticas de manejo que promovam a [&hellip;]<\/p>\n","protected":false},"author":8,"featured_media":0,"parent":0,"menu_order":0,"comment_status":"closed","ping_status":"closed","template":"","meta":{"footnotes":""},"categories":[],"tags":[],"class_list":["post-22","page","type-page","status-publish","hentry"],"acf":[],"_links":{"self":[{"href":"https:\/\/www.ufsm.br\/laboratorios\/labcen\/wp-json\/wp\/v2\/pages\/22","targetHints":{"allow":["GET"]}}],"collection":[{"href":"https:\/\/www.ufsm.br\/laboratorios\/labcen\/wp-json\/wp\/v2\/pages"}],"about":[{"href":"https:\/\/www.ufsm.br\/laboratorios\/labcen\/wp-json\/wp\/v2\/types\/page"}],"author":[{"embeddable":true,"href":"https:\/\/www.ufsm.br\/laboratorios\/labcen\/wp-json\/wp\/v2\/users\/8"}],"replies":[{"embeddable":true,"href":"https:\/\/www.ufsm.br\/laboratorios\/labcen\/wp-json\/wp\/v2\/comments?post=22"}],"version-history":[{"count":0,"href":"https:\/\/www.ufsm.br\/laboratorios\/labcen\/wp-json\/wp\/v2\/pages\/22\/revisions"}],"wp:attachment":[{"href":"https:\/\/www.ufsm.br\/laboratorios\/labcen\/wp-json\/wp\/v2\/media?parent=22"}],"wp:term":[{"taxonomy":"category","embeddable":true,"href":"https:\/\/www.ufsm.br\/laboratorios\/labcen\/wp-json\/wp\/v2\/categories?post=22"},{"taxonomy":"post_tag","embeddable":true,"href":"https:\/\/www.ufsm.br\/laboratorios\/labcen\/wp-json\/wp\/v2\/tags?post=22"}],"curies":[{"name":"wp","href":"https:\/\/api.w.org\/{rel}","templated":true}]}}