{"id":23,"date":"2019-05-14T17:02:03","date_gmt":"2019-05-14T20:02:03","guid":{"rendered":"https:\/\/www.ufsm.br\/template-laboratprio\/?page_id=23"},"modified":"2024-05-13T16:54:48","modified_gmt":"2024-05-13T19:54:48","slug":"equipe","status":"publish","type":"page","link":"https:\/\/www.ufsm.br\/laboratorios\/labcen\/equipe","title":{"rendered":"Equipe"},"content":{"rendered":"\t\t<div data-elementor-type=\"wp-page\" data-elementor-id=\"23\" class=\"elementor elementor-23\">\n\t\t\t\t\t\t<section class=\"elementor-section elementor-top-section elementor-element elementor-element-3872f2e7 elementor-section-boxed elementor-section-height-default elementor-section-height-default\" data-id=\"3872f2e7\" data-element_type=\"section\">\n\t\t\t\t\t\t<div class=\"elementor-container elementor-column-gap-default\">\n\t\t\t\t\t<div class=\"elementor-column elementor-col-100 elementor-top-column elementor-element elementor-element-2a3c2251\" data-id=\"2a3c2251\" data-element_type=\"column\">\n\t\t\t<div class=\"elementor-widget-wrap elementor-element-populated\">\n\t\t\t\t\t\t<div class=\"elementor-element elementor-element-33ea344 elementor-widget elementor-widget-toggle\" data-id=\"33ea344\" data-element_type=\"widget\" data-widget_type=\"toggle.default\">\n\t\t\t\t<div class=\"elementor-widget-container\">\n\t\t\t\t\t<div class=\"elementor-toggle\">\n\t\t\t\t\t\t\t<div class=\"elementor-toggle-item\">\n\t\t\t\t\t<div id=\"elementor-tab-title-5441\" class=\"elementor-tab-title\" data-tab=\"1\" role=\"button\" aria-controls=\"elementor-tab-content-5441\" aria-expanded=\"false\">\n\t\t\t\t\t\t\t\t\t\t\t\t<span class=\"elementor-toggle-icon elementor-toggle-icon-left\" aria-hidden=\"true\">\n\t\t\t\t\t\t\t\t\t\t\t\t\t\t\t<span class=\"elementor-toggle-icon-closed\"><i class=\"fas fa-caret-right\"><\/i><\/span>\n\t\t\t\t\t\t\t\t<span class=\"elementor-toggle-icon-opened\"><i class=\"elementor-toggle-icon-opened fas fa-caret-up\"><\/i><\/span>\n\t\t\t\t\t\t\t\t\t\t\t\t\t<\/span>\n\t\t\t\t\t\t\t\t\t\t\t\t<a class=\"elementor-toggle-title\" tabindex=\"0\">Pesquisadores<\/a>\n\t\t\t\t\t<\/div>\n\n\t\t\t\t\t<div id=\"elementor-tab-content-5441\" class=\"elementor-tab-content elementor-clearfix\" data-tab=\"1\" role=\"region\" aria-labelledby=\"elementor-tab-title-5441\"><p>Prof.<strong> Titular Dr. Sandro Jos\u00e9 Giacomini<\/strong><\/p>\n<p>Coordenador do LABCEN<\/p>\n<p><a style=\"font-weight: var( --e-global-typography-text-font-weight )\" href=\"http:\/\/lattes.cnpq.br\/1112466940331009\">Lattes Dr. Sandro Jos\u00e9 Giacomini<\/a><\/p>\n<p><\/p>\n<p><strong>Prof. Titular Dr. Celso Aita<\/strong><\/p>\n<p><a href=\"http:\/\/lattes.cnpq.br\/7391004032643110\">Lattes DR. Celso Aita<\/a><\/p>\n<p><\/p>\n<p><strong>Prof. Assoc. Dr. Gustavo Brunetto<\/strong><\/p>\n<p><\/p>\n<p><a href=\"http:\/\/lattes.cnpq.br\/1185169003700830\">Lattes Dr. Gustavo Brunetto<\/a><\/p>\n<p><\/p>\n<p><strong>Prof. Titular Dr. Leandro Souza Da Silva<\/strong><\/p>\n<p><a href=\"http:\/\/lattes.cnpq.br\/2152888530643357\">Lattes Dr. Leandro Souza Da Silva<\/a><\/p>\n<p><\/p>\n<p><strong>Prof. Adj. Dr. Eduardo Bohrer De Azevedo (colaborador)<\/strong><\/p>\n<p><a href=\"http:\/\/lattes.cnpq.br\/4718179525069240\">Lattes Dr. Eduardo Bohrer de Azevado<\/a><\/p><\/div>\n\t\t\t\t<\/div>\n\t\t\t\t\t\t\t<div class=\"elementor-toggle-item\">\n\t\t\t\t\t<div id=\"elementor-tab-title-5442\" class=\"elementor-tab-title\" data-tab=\"2\" role=\"button\" aria-controls=\"elementor-tab-content-5442\" aria-expanded=\"false\">\n\t\t\t\t\t\t\t\t\t\t\t\t<span class=\"elementor-toggle-icon elementor-toggle-icon-left\" aria-hidden=\"true\">\n\t\t\t\t\t\t\t\t\t\t\t\t\t\t\t<span class=\"elementor-toggle-icon-closed\"><i class=\"fas fa-caret-right\"><\/i><\/span>\n\t\t\t\t\t\t\t\t<span class=\"elementor-toggle-icon-opened\"><i class=\"elementor-toggle-icon-opened fas fa-caret-up\"><\/i><\/span>\n\t\t\t\t\t\t\t\t\t\t\t\t\t<\/span>\n\t\t\t\t\t\t\t\t\t\t\t\t<a class=\"elementor-toggle-title\" tabindex=\"0\">T\u00e9cnicos Administrativos<\/a>\n\t\t\t\t\t<\/div>\n\n\t\t\t\t\t<div id=\"elementor-tab-content-5442\" class=\"elementor-tab-content elementor-clearfix\" data-tab=\"2\" role=\"region\" aria-labelledby=\"elementor-tab-title-5442\"><p><strong>Douglas Leandro Scheid<\/strong><\/p>\n<p>Engenheiro Agr\u00f4nomo e Doutor em Ci\u00eancia do Solo pela UFSM<\/p>\n<p><a href=\"http:\/\/lattes.cnpq.br\/4594357129413467\">Lattes Douglas Leandro Scheid<\/a><\/p><\/div>\n\t\t\t\t<\/div>\n\t\t\t\t\t\t\t<div class=\"elementor-toggle-item\">\n\t\t\t\t\t<div id=\"elementor-tab-title-5443\" class=\"elementor-tab-title\" data-tab=\"3\" role=\"button\" aria-controls=\"elementor-tab-content-5443\" aria-expanded=\"false\">\n\t\t\t\t\t\t\t\t\t\t\t\t<span class=\"elementor-toggle-icon elementor-toggle-icon-left\" aria-hidden=\"true\">\n\t\t\t\t\t\t\t\t\t\t\t\t\t\t\t<span class=\"elementor-toggle-icon-closed\"><i class=\"fas fa-caret-right\"><\/i><\/span>\n\t\t\t\t\t\t\t\t<span class=\"elementor-toggle-icon-opened\"><i class=\"elementor-toggle-icon-opened fas fa-caret-up\"><\/i><\/span>\n\t\t\t\t\t\t\t\t\t\t\t\t\t<\/span>\n\t\t\t\t\t\t\t\t\t\t\t\t<a class=\"elementor-toggle-title\" tabindex=\"0\">Alunos de P\u00f3s-Doutorado<\/a>\n\t\t\t\t\t<\/div>\n\n\t\t\t\t\t<div id=\"elementor-tab-content-5443\" class=\"elementor-tab-content elementor-clearfix\" data-tab=\"3\" role=\"region\" aria-labelledby=\"elementor-tab-title-5443\"><p><strong>Get\u00falio Elias Pilecco<\/strong><\/p>\n<p>Engenheiro Agr\u00f4nomo e Doutor em Ci\u00eancia do Solo pela UFSM<\/p>\n<p><a href=\"http:\/\/lattes.cnpq.br\/1391131295026423\">Lattes Get\u00falio Elias Pilecco<\/a><\/p>\n<p>\u00a0<\/p>\n<p><strong>Stefen Pujol<\/strong><\/p>\n<p>Engenheiro Agr\u00f4nomo e Doutor em Ci\u00eancia do Solo pela UFSM<\/p>\n<p><a href=\"http:\/\/lattes.cnpq.br\/5611615203052456\">Lattes Stefen Pujol<\/a><\/p><\/div>\n\t\t\t\t<\/div>\n\t\t\t\t\t\t\t<div class=\"elementor-toggle-item\">\n\t\t\t\t\t<div id=\"elementor-tab-title-5444\" class=\"elementor-tab-title\" data-tab=\"4\" role=\"button\" aria-controls=\"elementor-tab-content-5444\" aria-expanded=\"false\">\n\t\t\t\t\t\t\t\t\t\t\t\t<span class=\"elementor-toggle-icon elementor-toggle-icon-left\" aria-hidden=\"true\">\n\t\t\t\t\t\t\t\t\t\t\t\t\t\t\t<span class=\"elementor-toggle-icon-closed\"><i class=\"fas fa-caret-right\"><\/i><\/span>\n\t\t\t\t\t\t\t\t<span class=\"elementor-toggle-icon-opened\"><i class=\"elementor-toggle-icon-opened fas fa-caret-up\"><\/i><\/span>\n\t\t\t\t\t\t\t\t\t\t\t\t\t<\/span>\n\t\t\t\t\t\t\t\t\t\t\t\t<a class=\"elementor-toggle-title\" tabindex=\"0\">Alunos do Doutorado<\/a>\n\t\t\t\t\t<\/div>\n\n\t\t\t\t\t<div id=\"elementor-tab-content-5444\" class=\"elementor-tab-content elementor-clearfix\" data-tab=\"4\" role=\"region\" aria-labelledby=\"elementor-tab-title-5444\"><p style=\"font-size: 16px\"><span style=\"font-weight: bolder\">Caren Alessandra da Rosa<\/span><\/p><p style=\"font-size: 16px\">Engenheira Agr\u00f4noma (UERGS) e Mestra em Ci\u00eancia do Solo pela UFSM<\/p><p style=\"font-size: 16px\"><a href=\"http:\/\/lattes.cnpq.br\/3355319707032503\">Lattes Caren Alessandra da Rosa<\/a>&nbsp;<\/p><p style=\"font-size: 16px\"><\/p><p style=\"font-size: 16px\"><span style=\"font-weight: bolder\">Faustino Adriano Roda<\/span><\/p><p style=\"font-size: 16px\">Mestre em Biotecnologia pela Universidade Eduardo Mondlane &#8211; Mo\u00e7ambique.<\/p><p style=\"font-size: 16px\"><a href=\"http:\/\/lattes.cnpq.br\/8435525317943515\">Lattes Faustino Adriano Roda&nbsp;<\/a><\/p><p style=\"font-size: 16px\"><\/p><p style=\"font-size: 16px\"><span style=\"font-weight: bolder;font-size: 1rem;text-align: var(--bs-body-text-align)\">Mylla Trisha Mello Souza<\/span><\/p><p style=\"font-size: 16px\">Engenheira Florestal e Mestra em Ci\u00eancia do Solo pela UFSM<\/p><p style=\"font-size: 16px\"><a href=\"http:\/\/lattes.cnpq.br\/9945921177627739\">Lattes Mylla Trisha Melo Souza&nbsp;<\/a><\/p><p style=\"font-size: 16px\"><\/p><p style=\"font-size: 16px\"><span style=\"font-weight: bolder\">Roberta Lago Giovelli<\/span><\/p><p style=\"font-size: 16px\">Engenheira Agr\u00f4noma e Mestra em Ci\u00eancia do Solo pela UFSM<\/p><p style=\"font-size: 16px\"><a href=\"http:\/\/lattes.cnpq.br\/6925896519091125\">Lattes Roberta Lago Giovelli<\/a><\/p><p style=\"font-size: 16px\"><\/p><p style=\"font-size: 16px\"><span style=\"font-weight: bolder\">Seninho Julio Rodrigues<\/span><\/p><p style=\"font-size: 16px\">Engenharia Agron\u00f4mica (UNESP) e Mestre em Ci\u00eancia do Solo pela UFSM<\/p><p style=\"font-size: 16px\"><a href=\"http:\/\/lattes.cnpq.br\/8483963575388568\">Lattes Seninho Julio Rodrigues<\/a><\/p><\/div>\n\t\t\t\t<\/div>\n\t\t\t\t\t\t\t<div class=\"elementor-toggle-item\">\n\t\t\t\t\t<div id=\"elementor-tab-title-5445\" class=\"elementor-tab-title\" data-tab=\"5\" role=\"button\" aria-controls=\"elementor-tab-content-5445\" aria-expanded=\"false\">\n\t\t\t\t\t\t\t\t\t\t\t\t<span class=\"elementor-toggle-icon elementor-toggle-icon-left\" aria-hidden=\"true\">\n\t\t\t\t\t\t\t\t\t\t\t\t\t\t\t<span class=\"elementor-toggle-icon-closed\"><i class=\"fas fa-caret-right\"><\/i><\/span>\n\t\t\t\t\t\t\t\t<span class=\"elementor-toggle-icon-opened\"><i class=\"elementor-toggle-icon-opened fas fa-caret-up\"><\/i><\/span>\n\t\t\t\t\t\t\t\t\t\t\t\t\t<\/span>\n\t\t\t\t\t\t\t\t\t\t\t\t<a class=\"elementor-toggle-title\" tabindex=\"0\">Alunos do Mestrado<\/a>\n\t\t\t\t\t<\/div>\n\n\t\t\t\t\t<div id=\"elementor-tab-content-5445\" class=\"elementor-tab-content elementor-clearfix\" data-tab=\"5\" role=\"region\" aria-labelledby=\"elementor-tab-title-5445\"><p style=\"font-size: 16px\"><span style=\"font-weight: bolder\">Luana Pinheiro Martins<\/span><\/p><p style=\"font-size: 16px\">Engenheira Agr\u00f4noma (UERGS)<\/p><p style=\"font-size: 16px\"><a href=\"http:\/\/lattes.cnpq.br\/5330236478027178\">Lattes Luana Pinheiro Martins\u00a0<\/a><\/p><div>\u00a0<\/div><div><div>Joaquim Viola Paulo<\/div><div><span style=\"font-weight: var( --e-global-typography-text-font-weight )\">Engenheiro Agr\u00edcola, pelo Instituto Superior Polit\u00e9cnico de Manica \u2013 Mo\u00e7ambique<\/span><\/div><div><a style=\"font-weight: var( --e-global-typography-text-font-weight )\" href=\"http:\/\/lattes.cnpq.br\/6652699708830539\">Lattes Joaquin Viola Paulo<\/a><\/div><div>\u00a0<\/div><\/div><\/div>\n\t\t\t\t<\/div>\n\t\t\t\t\t\t\t<div class=\"elementor-toggle-item\">\n\t\t\t\t\t<div id=\"elementor-tab-title-5446\" class=\"elementor-tab-title\" data-tab=\"6\" role=\"button\" aria-controls=\"elementor-tab-content-5446\" aria-expanded=\"false\">\n\t\t\t\t\t\t\t\t\t\t\t\t<span class=\"elementor-toggle-icon elementor-toggle-icon-left\" aria-hidden=\"true\">\n\t\t\t\t\t\t\t\t\t\t\t\t\t\t\t<span class=\"elementor-toggle-icon-closed\"><i class=\"fas fa-caret-right\"><\/i><\/span>\n\t\t\t\t\t\t\t\t<span class=\"elementor-toggle-icon-opened\"><i class=\"elementor-toggle-icon-opened fas fa-caret-up\"><\/i><\/span>\n\t\t\t\t\t\t\t\t\t\t\t\t\t<\/span>\n\t\t\t\t\t\t\t\t\t\t\t\t<a class=\"elementor-toggle-title\" tabindex=\"0\">Alunos de Inicia\u00e7\u00e3o Cient\u00edfica<\/a>\n\t\t\t\t\t<\/div>\n\n\t\t\t\t\t<div id=\"elementor-tab-content-5446\" class=\"elementor-tab-content elementor-clearfix\" data-tab=\"6\" role=\"region\" aria-labelledby=\"elementor-tab-title-5446\"><p style=\"color: #000000;font-size: 16px\"><span style=\"font-weight: bolder\">Dienifer Aparecida Alves<\/span><\/p><p style=\"color: #000000;font-size: 16px\">Graduando em Agronomia UFSM<\/p><p style=\"color: #000000;font-size: 16px\"><a style=\"color: #204c90\" href=\"http:\/\/lattes.cnpq.br\/6523646783865986\">Lattes Dienifer Aparecida Alves\u00a0<\/a><\/p><p style=\"color: #000000;font-size: 16px\">\u00a0<\/p><p style=\"color: #000000;font-size: 16px\">\u00a0<\/p><p style=\"color: #000000;font-size: 16px\"><span style=\"font-weight: bolder\">Elenara Regina Rossato<\/span><\/p><p style=\"color: #000000;font-size: 16px\">Graduando em Agronomia UFSM<\/p><p style=\"color: #000000;font-size: 16px\"><a style=\"color: #204c90\" href=\"http:\/\/lattes.cnpq.br\/6758944472118608\">Lattes Elenara Regina Rossato<\/a><\/p><p style=\"color: #000000;font-size: 16px\">\u00a0<\/p><p style=\"color: #000000;font-size: 16px\">\u00a0<\/p><p style=\"color: #000000;font-size: 16px\"><span style=\"font-weight: bolder\">Igor Schneider<\/span><\/p><p style=\"color: #000000;font-size: 16px\">Graduando em Agronomia UFSM<\/p><p style=\"color: #000000;font-size: 16px\">\u00a0<\/p><p style=\"color: #000000;font-size: 16px\">\u00a0<\/p><p style=\"color: #000000;font-size: 16px\"><span style=\"font-weight: bolder\">Jo\u00e3o Pedro Monteiro<\/span><\/p><p style=\"color: #000000;font-size: 16px\">Graduando em Agronomia UFSM<\/p><p style=\"color: #000000;font-size: 16px\">\u00a0<\/p><p style=\"color: #000000;font-size: 16px\">\u00a0<\/p><p style=\"color: #000000;font-size: 16px\"><span style=\"font-weight: bolder\">Mar\u00edlia Rocha<\/span><\/p><p style=\"color: #000000;font-size: 16px\">Graduando em Agronomia UFSM<\/p><p style=\"color: #000000;font-size: 16px\">\u00a0<\/p><p style=\"color: #000000;font-size: 16px\">\u00a0<\/p><p><strong>Victor Vinicius Machado Leandro<\/strong><\/p><p>Graduando em Agronomia UFSM\u00a0<\/p><p><a href=\"https:\/\/lattes.cnpq.br\/6962880056724920\">Lattes Victor Vinicius Machado Leandro<\/a><\/p><\/div>\n\t\t\t\t<\/div>\n\t\t\t\t\t\t\t<div class=\"elementor-toggle-item\">\n\t\t\t\t\t<div id=\"elementor-tab-title-5447\" class=\"elementor-tab-title\" data-tab=\"7\" role=\"button\" aria-controls=\"elementor-tab-content-5447\" aria-expanded=\"false\">\n\t\t\t\t\t\t\t\t\t\t\t\t<span class=\"elementor-toggle-icon elementor-toggle-icon-left\" aria-hidden=\"true\">\n\t\t\t\t\t\t\t\t\t\t\t\t\t\t\t<span class=\"elementor-toggle-icon-closed\"><i class=\"fas fa-caret-right\"><\/i><\/span>\n\t\t\t\t\t\t\t\t<span class=\"elementor-toggle-icon-opened\"><i class=\"elementor-toggle-icon-opened fas fa-caret-up\"><\/i><\/span>\n\t\t\t\t\t\t\t\t\t\t\t\t\t<\/span>\n\t\t\t\t\t\t\t\t\t\t\t\t<a class=\"elementor-toggle-title\" tabindex=\"0\">Estagi\u00e1rios<\/a>\n\t\t\t\t\t<\/div>\n\n\t\t\t\t\t<div id=\"elementor-tab-content-5447\" class=\"elementor-tab-content elementor-clearfix\" data-tab=\"7\" role=\"region\" aria-labelledby=\"elementor-tab-title-5447\"><p style=\"font-size: 16px\"><span style=\"font-weight: bolder\">Ana Clara Puga da Silva<\/span><\/p><p style=\"font-size: 16px\">Graduanda em Qu\u00edmica Bacharelado UFSM<\/p><p style=\"font-size: 16px\"><a href=\"http:\/\/lattes.cnpq.br\/0889277301564794\">Lattes Ana Clara Puga da Silva<\/a><\/p><p style=\"font-size: 16px\"><\/p><p style=\"font-size: 16px\"><span style=\"font-weight: bolder\">Manoela Valau Teixeira<\/span><\/p><p style=\"font-size: 16px\">Graduanda em Zootecnia UFSM<\/p><p style=\"font-size: 16px\"><\/p><p style=\"font-size: 16px\"><span style=\"font-weight: bolder\">Natan de Lima<\/span><\/p><p style=\"font-size: 16px\">Graduando em Zootecnia UFSM<\/p><p style=\"font-size: 16px\"><\/p><p style=\"font-size: 16px\"><span style=\"font-weight: bolder\">Tariell Ramos<\/span><\/p><p style=\"font-size: 16px\">Graduando em Publicidade e Propaganda UFSM<\/p><\/div>\n\t\t\t\t<\/div>\n\t\t\t\t\t\t\t\t<\/div>\n\t\t\t\t<\/div>\n\t\t\t\t<\/div>\n\t\t\t\t\t<\/div>\n\t\t<\/div>\n\t\t\t\t\t<\/div>\n\t\t<\/section>\n\t\t\t\t<\/div>\n\t\t","protected":false},"excerpt":{"rendered":"<p>Pesquisadores Prof. Titular Dr. Sandro Jos\u00e9 Giacomini Coordenador do LABCEN Lattes Dr. Sandro Jos\u00e9 Giacomini Prof. Titular Dr. Celso Aita Lattes DR. Celso Aita Prof. Assoc. Dr. Gustavo Brunetto Lattes Dr. Gustavo Brunetto Prof. Titular Dr. Leandro Souza Da Silva Lattes Dr. Leandro Souza Da Silva Prof. Adj. Dr. Eduardo Bohrer De Azevedo (colaborador) Lattes [&hellip;]<\/p>\n","protected":false},"author":124,"featured_media":0,"parent":0,"menu_order":0,"comment_status":"closed","ping_status":"closed","template":"","meta":{"footnotes":""},"categories":[],"tags":[],"class_list":["post-23","page","type-page","status-publish","hentry"],"acf":[],"_links":{"self":[{"href":"https:\/\/www.ufsm.br\/laboratorios\/labcen\/wp-json\/wp\/v2\/pages\/23","targetHints":{"allow":["GET"]}}],"collection":[{"href":"https:\/\/www.ufsm.br\/laboratorios\/labcen\/wp-json\/wp\/v2\/pages"}],"about":[{"href":"https:\/\/www.ufsm.br\/laboratorios\/labcen\/wp-json\/wp\/v2\/types\/page"}],"author":[{"embeddable":true,"href":"https:\/\/www.ufsm.br\/laboratorios\/labcen\/wp-json\/wp\/v2\/users\/124"}],"replies":[{"embeddable":true,"href":"https:\/\/www.ufsm.br\/laboratorios\/labcen\/wp-json\/wp\/v2\/comments?post=23"}],"version-history":[{"count":0,"href":"https:\/\/www.ufsm.br\/laboratorios\/labcen\/wp-json\/wp\/v2\/pages\/23\/revisions"}],"wp:attachment":[{"href":"https:\/\/www.ufsm.br\/laboratorios\/labcen\/wp-json\/wp\/v2\/media?parent=23"}],"wp:term":[{"taxonomy":"category","embeddable":true,"href":"https:\/\/www.ufsm.br\/laboratorios\/labcen\/wp-json\/wp\/v2\/categories?post=23"},{"taxonomy":"post_tag","embeddable":true,"href":"https:\/\/www.ufsm.br\/laboratorios\/labcen\/wp-json\/wp\/v2\/tags?post=23"}],"curies":[{"name":"wp","href":"https:\/\/api.w.org\/{rel}","templated":true}]}}