{"id":32,"date":"2019-05-24T15:38:39","date_gmt":"2019-05-24T18:38:39","guid":{"rendered":"https:\/\/www.ufsm.br\/template-laboratprio\/?page_id=32"},"modified":"2024-03-07T09:31:46","modified_gmt":"2024-03-07T12:31:46","slug":"projetos","status":"publish","type":"page","link":"https:\/\/www.ufsm.br\/laboratorios\/labcen\/projetos","title":{"rendered":"Projetos"},"content":{"rendered":"\t\t<div data-elementor-type=\"wp-page\" data-elementor-id=\"32\" class=\"elementor elementor-32\">\n\t\t\t\t\t\t<section class=\"elementor-section elementor-top-section elementor-element elementor-element-5a64a81 elementor-section-boxed elementor-section-height-default elementor-section-height-default\" data-id=\"5a64a81\" data-element_type=\"section\">\n\t\t\t\t\t\t<div class=\"elementor-container elementor-column-gap-default\">\n\t\t\t\t\t<div class=\"elementor-column elementor-col-100 elementor-top-column elementor-element elementor-element-0c3ae4c\" data-id=\"0c3ae4c\" data-element_type=\"column\">\n\t\t\t<div class=\"elementor-widget-wrap elementor-element-populated\">\n\t\t\t\t\t\t<div class=\"elementor-element elementor-element-62943a5 elementor-widget elementor-widget-text-editor\" data-id=\"62943a5\" data-element_type=\"widget\" data-widget_type=\"text-editor.default\">\n\t\t\t\t<div class=\"elementor-widget-container\">\n\t\t\t\t\t\t\t<p style=\"text-align: justify;line-height: 150%\">\u00a0<\/p><p style=\"text-align: justify;line-height: 150%\"><span style=\", serif;background-image: initial;background-position: initial;background-size: initial;background-attachment: initial\">Monitoramento das emiss\u00f5es de gases de efeito estufa e estoques de carbono visando mitiga\u00e7\u00e3o e\u00a0adapta\u00e7\u00e3o \u00e0s mudan\u00e7as clim\u00e1ticas em sistemas agropecu\u00e1rios e florestais do Rio Grande do Sul<\/span><\/p><p style=\"text-align: justify;line-height: 150%\"><span style=\", serif;background-image: initial;background-position: initial;background-size: initial;background-attachment: initial\"><a href=\"https:\/\/portal.ufsm.br\/projetos\/publico\/projetos\/view.html?idProjeto=74679\">Para acessar o projeto aperte aqui!<\/a><\/span><\/p><p style=\"text-align: justify;line-height: 150%\">\u00a0<\/p><p style=\"text-align: justify;line-height: 150%\"><span style=\", serif;background-image: initial;background-position: initial;background-size: initial;background-attachment: initial\">Sele\u00e7\u00e3o de mix de plantas de cobertura de solo ao milho em plantio direto: aspectos agron\u00f4micos e ambientais.<\/span><\/p><p style=\"text-align: justify;line-height: 150%\"><a style=\"font-weight: var( --e-global-typography-text-font-weight )\" href=\"https:\/\/portal.ufsm.br\/projetos\/publico\/projetos\/view.html?idProjeto=74175\">Para acessar o projeto aperte aqui!<\/a><\/p><p style=\"text-align: justify;line-height: 150%\">\u00a0<\/p><p style=\"text-align: justify;line-height: 150%\"><span style=\", serif;background-image: initial;background-position: initial;background-size: initial;background-attachment: initial\">An\u00e1lises qu\u00edmicas e biol\u00f3gicas relacionadas aos ciclos biogeoqu\u00edmicos do carbono e do nitrog\u00eanio<\/span><\/p><p style=\"text-align: justify;line-height: 150%\"><span style=\", serif;background-image: initial;background-position: initial;background-size: initial;background-attachment: initial\"><a href=\"https:\/\/portal.ufsm.br\/projetos\/publico\/projetos\/view.html?idProjeto=69255\">Para acessar o projeto aperte aqui!<\/a><\/span><\/p><p style=\"text-align: justify;line-height: 150%\">\u00a0<\/p><p style=\"margin-bottom: 0cm;line-height: 15.0pt;vertical-align: baseline\"><span style=\"font-size: 12.0pt;,serif;color: #0D0D0D;border: none windowtext 1.0pt;padding: 0cm\">Decomposi\u00e7\u00e3o de res\u00edduos vegetais, efeito priming e estabiliza\u00e7\u00e3o do carbono-13C em solos com diferentes texturas e teor inicial de carbono<\/span><\/p><p style=\"margin-bottom: 0cm;line-height: 15.0pt;vertical-align: baseline\"><span style=\"font-size: 1rem;text-align: var(--bs-body-text-align);font-weight: var( --e-global-typography-text-font-weight )\">\u00a0<\/span><\/p><p style=\"margin-bottom: 0cm;line-height: 15.0pt;vertical-align: baseline\"><a href=\"https:\/\/portal.ufsm.br\/projetos\/publico\/projetos\/view.html?idProjeto=68463\"><span style=\"font-size: 1rem;text-align: var(--bs-body-text-align);font-weight: var( --e-global-typography-text-font-weight )\">Para acessar o projeto aperte aqui!<\/span><\/a><\/p>\t\t\t\t\t\t<\/div>\n\t\t\t\t<\/div>\n\t\t\t\t\t<\/div>\n\t\t<\/div>\n\t\t\t\t\t<\/div>\n\t\t<\/section>\n\t\t\t\t<\/div>\n\t\t","protected":false},"excerpt":{"rendered":"<p>\u00a0 Monitoramento das emiss\u00f5es de gases de efeito estufa e estoques de carbono visando mitiga\u00e7\u00e3o e\u00a0adapta\u00e7\u00e3o \u00e0s mudan\u00e7as clim\u00e1ticas em sistemas agropecu\u00e1rios e florestais do Rio Grande do Sul Para acessar o projeto aperte aqui! \u00a0 Sele\u00e7\u00e3o de mix de plantas de cobertura de solo ao milho em plantio direto: aspectos agron\u00f4micos e ambientais. Para [&hellip;]<\/p>\n","protected":false},"author":25,"featured_media":0,"parent":0,"menu_order":0,"comment_status":"closed","ping_status":"closed","template":"","meta":{"footnotes":""},"categories":[],"tags":[],"class_list":["post-32","page","type-page","status-publish","hentry"],"acf":[],"_links":{"self":[{"href":"https:\/\/www.ufsm.br\/laboratorios\/labcen\/wp-json\/wp\/v2\/pages\/32","targetHints":{"allow":["GET"]}}],"collection":[{"href":"https:\/\/www.ufsm.br\/laboratorios\/labcen\/wp-json\/wp\/v2\/pages"}],"about":[{"href":"https:\/\/www.ufsm.br\/laboratorios\/labcen\/wp-json\/wp\/v2\/types\/page"}],"author":[{"embeddable":true,"href":"https:\/\/www.ufsm.br\/laboratorios\/labcen\/wp-json\/wp\/v2\/users\/25"}],"replies":[{"embeddable":true,"href":"https:\/\/www.ufsm.br\/laboratorios\/labcen\/wp-json\/wp\/v2\/comments?post=32"}],"version-history":[{"count":0,"href":"https:\/\/www.ufsm.br\/laboratorios\/labcen\/wp-json\/wp\/v2\/pages\/32\/revisions"}],"wp:attachment":[{"href":"https:\/\/www.ufsm.br\/laboratorios\/labcen\/wp-json\/wp\/v2\/media?parent=32"}],"wp:term":[{"taxonomy":"category","embeddable":true,"href":"https:\/\/www.ufsm.br\/laboratorios\/labcen\/wp-json\/wp\/v2\/categories?post=32"},{"taxonomy":"post_tag","embeddable":true,"href":"https:\/\/www.ufsm.br\/laboratorios\/labcen\/wp-json\/wp\/v2\/tags?post=32"}],"curies":[{"name":"wp","href":"https:\/\/api.w.org\/{rel}","templated":true}]}}