{"id":33,"date":"2019-05-24T15:38:58","date_gmt":"2019-05-24T18:38:58","guid":{"rendered":"https:\/\/www.ufsm.br\/template-laboratprio\/?page_id=33"},"modified":"2024-03-07T09:21:17","modified_gmt":"2024-03-07T12:21:17","slug":"producao-cientifica","status":"publish","type":"page","link":"https:\/\/www.ufsm.br\/laboratorios\/labcen\/producao-cientifica","title":{"rendered":"Produ\u00e7\u00e3o Cient\u00edfica"},"content":{"rendered":"\t\t<div data-elementor-type=\"wp-page\" data-elementor-id=\"33\" class=\"elementor elementor-33\">\n\t\t\t\t\t\t<section class=\"elementor-section elementor-top-section elementor-element elementor-element-7e320d2 elementor-section-boxed elementor-section-height-default elementor-section-height-default\" data-id=\"7e320d2\" data-element_type=\"section\">\n\t\t\t\t\t\t<div class=\"elementor-container elementor-column-gap-default\">\n\t\t\t\t\t<div class=\"elementor-column elementor-col-100 elementor-top-column elementor-element elementor-element-0d811e4\" data-id=\"0d811e4\" data-element_type=\"column\">\n\t\t\t<div class=\"elementor-widget-wrap elementor-element-populated\">\n\t\t\t\t\t\t<div class=\"elementor-element elementor-element-4d5b22d elementor-widget elementor-widget-text-editor\" data-id=\"4d5b22d\" data-element_type=\"widget\" data-widget_type=\"text-editor.default\">\n\t\t\t\t<div class=\"elementor-widget-container\">\n\t\t\t\t\t\t\t<p style=\"margin-top: 0cm;background-image: initial;background-position: initial;background-size: initial;background-attachment: initial\"><span style=\"font-family: 'Arial',sans-serif;color: #1c1c1c\">Publica\u00e7\u00f5es atualizadas poder\u00e3o ser consultadas diretamente no<br>Curr\u00edculo Lattes dos Professores:<\/span><\/p>\n<ul type=\"disc\">\n<li style=\"color: #1c1c1c;line-height: normal;background-image: initial;background-position: initial;background-size: initial;background-attachment: initial\"><strong>Prof.<br>Titular Dr. Sandro Jos\u00e9 Giacomini \u2013 <a href=\"http:\/\/lattes.cnpq.br\/1112466940331009\">Curr\u00edculo Lattes<\/a><\/strong><\/li>\n<li style=\"color: #1c1c1c;line-height: normal;background-image: initial;background-position: initial;background-size: initial;background-attachment: initial\"><strong>Prof.<br>Titular Dr. Celso Aita \u2013&nbsp;<a href=\"http:\/\/lattes.cnpq.br\/7391004032643110\">Curr\u00edculo Lattes&nbsp;<\/a><\/strong><\/li>\n<\/ul>\n<p style=\"text-align: justify;line-height: 150%\"><span style=\"font-size: 12.0pt;line-height: 150%;font-family: 'Times New Roman',serif\">&nbsp;<\/span><\/p>\t\t\t\t\t\t<\/div>\n\t\t\t\t<\/div>\n\t\t\t\t\t<\/div>\n\t\t<\/div>\n\t\t\t\t\t<\/div>\n\t\t<\/section>\n\t\t\t\t<\/div>\n\t\t","protected":false},"excerpt":{"rendered":"<p>Publica\u00e7\u00f5es atualizadas poder\u00e3o ser consultadas diretamente noCurr\u00edculo Lattes dos Professores: Prof.Titular Dr. Sandro Jos\u00e9 Giacomini \u2013 Curr\u00edculo Lattes Prof.Titular Dr. Celso Aita \u2013&nbsp;Curr\u00edculo Lattes&nbsp; &nbsp;<\/p>\n","protected":false},"author":25,"featured_media":0,"parent":0,"menu_order":0,"comment_status":"closed","ping_status":"closed","template":"","meta":{"footnotes":""},"categories":[],"tags":[],"class_list":["post-33","page","type-page","status-publish","hentry"],"acf":[],"_links":{"self":[{"href":"https:\/\/www.ufsm.br\/laboratorios\/labcen\/wp-json\/wp\/v2\/pages\/33","targetHints":{"allow":["GET"]}}],"collection":[{"href":"https:\/\/www.ufsm.br\/laboratorios\/labcen\/wp-json\/wp\/v2\/pages"}],"about":[{"href":"https:\/\/www.ufsm.br\/laboratorios\/labcen\/wp-json\/wp\/v2\/types\/page"}],"author":[{"embeddable":true,"href":"https:\/\/www.ufsm.br\/laboratorios\/labcen\/wp-json\/wp\/v2\/users\/25"}],"replies":[{"embeddable":true,"href":"https:\/\/www.ufsm.br\/laboratorios\/labcen\/wp-json\/wp\/v2\/comments?post=33"}],"version-history":[{"count":0,"href":"https:\/\/www.ufsm.br\/laboratorios\/labcen\/wp-json\/wp\/v2\/pages\/33\/revisions"}],"wp:attachment":[{"href":"https:\/\/www.ufsm.br\/laboratorios\/labcen\/wp-json\/wp\/v2\/media?parent=33"}],"wp:term":[{"taxonomy":"category","embeddable":true,"href":"https:\/\/www.ufsm.br\/laboratorios\/labcen\/wp-json\/wp\/v2\/categories?post=33"},{"taxonomy":"post_tag","embeddable":true,"href":"https:\/\/www.ufsm.br\/laboratorios\/labcen\/wp-json\/wp\/v2\/tags?post=33"}],"curies":[{"name":"wp","href":"https:\/\/api.w.org\/{rel}","templated":true}]}}