{"id":45,"date":"2019-07-31T10:06:42","date_gmt":"2019-07-31T13:06:42","guid":{"rendered":"https:\/\/www.ufsm.br\/laboratorios\/labcine\/?page_id=45"},"modified":"2019-07-31T10:06:47","modified_gmt":"2019-07-31T13:06:47","slug":"estagio","status":"publish","type":"page","link":"https:\/\/www.ufsm.br\/laboratorios\/labcine\/estagio","title":{"rendered":"Est\u00e1gio"},"content":{"rendered":"\n<p><strong>COMO INGRESSAR NO LABCINE?<\/strong><\/p>\n<p>A sele\u00e7\u00e3o de acad\u00eamicos para ingressarem no LABCINE acontece, normalmente, no in\u00edcio de cada semestre letivo.<br \/>O n\u00famero de vagas \u00e9 divulgado a cada novo processo de sele\u00e7\u00e3o n\u00e3o havendo uma regra fixa relativa a essa quest\u00e3o.<\/p>\n<p><strong>Requisitos para o ingresso no LABCINE:<\/strong><br \/>&#8211; Ter cursado as disciplinas de Fisiologia Geral, Fisiologia do Exerc\u00edcio e Metodologia da Pesquisa em Educa\u00e7\u00e3o F\u00edsica;<br \/>&#8211; Dispor de uma carga hor\u00e1ria semanal m\u00ednima de 8h para as atividades no LABCINE.<\/p>\n<p><strong>Processo de sele\u00e7\u00e3o dos integrantes do LABCINE:<\/strong><\/p>\n<p><strong><em>Per\u00edodo de inscri\u00e7\u00f5es:<\/em><\/strong>\u00a0normalmente acontece no in\u00edcio de cada semestre (primeira quinzena), ap\u00f3s ter transcorrido o per\u00edodo inicial de divulga\u00e7\u00e3o, abrangendo um per\u00edodo de sete dias. A inscri\u00e7\u00e3o \u00e9 feita na sala 1028 a partir do preenchimento da ficha destinada a este fim, em hor\u00e1rios informados no material de divulga\u00e7\u00e3o (cartazes e se\u00e7\u00e3o de not\u00edcias do site).<\/p>\n<p><strong><em>Aprecia\u00e7\u00e3o das inscri\u00e7\u00f5es:\u00a0<\/em><\/strong>as fichas de inscri\u00e7\u00e3o, juntamente com a c\u00f3pia xerogr\u00e1fica do Hist\u00f3rico Escolar, ser\u00e3o analisadas. N\u00e3o havendo nenhuma irregularidade em rela\u00e7\u00e3o ao material, na semana subseq\u00fcente a de inscri\u00e7\u00f5es ser\u00e1 divulgada a rela\u00e7\u00e3o nominal acompanhada do dia, hora e local para a realiza\u00e7\u00e3o da entrevista.<\/p>\n<p><strong><em>Entrevista:<\/em><\/strong>\u00a0etapa constante do processo de sele\u00e7\u00e3o de car\u00e1ter eliminat\u00f3rio, ou seja, o n\u00e3o comparecimento em dia e hora estipulados acarretar\u00e1 a exclus\u00e3o do processo de sele\u00e7\u00e3o.<\/p>\n<p><strong><em>Divulga\u00e7\u00e3o do resultado:\u00a0<\/em><\/strong>ap\u00f3s um per\u00edodo aproximado de tr\u00eas dias, contado a partir da data da \u00faltima entrevista, ser\u00e1 divulgado o resultado do processo de sele\u00e7\u00e3o relativo \u00e0quele semestre.<\/p>\n<p>\u00a0<\/p>\n","protected":false},"excerpt":{"rendered":"<p>COMO INGRESSAR NO LABCINE? A sele\u00e7\u00e3o de acad\u00eamicos para ingressarem no LABCINE acontece, normalmente, no in\u00edcio de cada semestre letivo.O n\u00famero de vagas \u00e9 divulgado a cada novo processo de sele\u00e7\u00e3o n\u00e3o havendo uma regra fixa relativa a essa quest\u00e3o. Requisitos para o ingresso no LABCINE:&#8211; Ter cursado as disciplinas de Fisiologia Geral, Fisiologia do [&hellip;]<\/p>\n","protected":false},"author":115,"featured_media":0,"parent":0,"menu_order":0,"comment_status":"closed","ping_status":"closed","template":"","meta":{"footnotes":""},"categories":[],"tags":[],"class_list":["post-45","page","type-page","status-publish","hentry"],"acf":[],"_links":{"self":[{"href":"https:\/\/www.ufsm.br\/laboratorios\/labcine\/wp-json\/wp\/v2\/pages\/45","targetHints":{"allow":["GET"]}}],"collection":[{"href":"https:\/\/www.ufsm.br\/laboratorios\/labcine\/wp-json\/wp\/v2\/pages"}],"about":[{"href":"https:\/\/www.ufsm.br\/laboratorios\/labcine\/wp-json\/wp\/v2\/types\/page"}],"author":[{"embeddable":true,"href":"https:\/\/www.ufsm.br\/laboratorios\/labcine\/wp-json\/wp\/v2\/users\/115"}],"replies":[{"embeddable":true,"href":"https:\/\/www.ufsm.br\/laboratorios\/labcine\/wp-json\/wp\/v2\/comments?post=45"}],"version-history":[{"count":0,"href":"https:\/\/www.ufsm.br\/laboratorios\/labcine\/wp-json\/wp\/v2\/pages\/45\/revisions"}],"wp:attachment":[{"href":"https:\/\/www.ufsm.br\/laboratorios\/labcine\/wp-json\/wp\/v2\/media?parent=45"}],"wp:term":[{"taxonomy":"category","embeddable":true,"href":"https:\/\/www.ufsm.br\/laboratorios\/labcine\/wp-json\/wp\/v2\/categories?post=45"},{"taxonomy":"post_tag","embeddable":true,"href":"https:\/\/www.ufsm.br\/laboratorios\/labcine\/wp-json\/wp\/v2\/tags?post=45"}],"curies":[{"name":"wp","href":"https:\/\/api.w.org\/{rel}","templated":true}]}}