{"id":113,"date":"2020-07-29T21:32:31","date_gmt":"2020-07-30T00:32:31","guid":{"rendered":"https:\/\/www.ufsm.br\/laboratorios\/labeflo\/?page_id=113"},"modified":"2020-08-04T23:14:00","modified_gmt":"2020-08-05T02:14:00","slug":"midias","status":"publish","type":"page","link":"https:\/\/www.ufsm.br\/laboratorios\/labeflo\/midias","title":{"rendered":"Links importantes"},"content":{"rendered":"\n<ul>\n<li>\n<h5><a href=\"https:\/\/www.ufsm.br\/laboratorios\/labeflo\/periodicos-cientificos\/\">Peri\u00f3dicos cient\u00edficos<\/a><\/h5>\n<\/li>\n<li>\n<h5><a href=\"https:\/\/www.ufsm.br\/laboratorios\/labeflo\/plataformas-cientificas\/\">Plataformas cient\u00edficas<\/a><\/h5>\n<\/li>\n<li>\n<h5><a href=\"https:\/\/www.ufsm.br\/laboratorios\/labeflo\/orgaos-de-fomento\/\">\u00d3rg\u00e3os de fomento<\/a><\/h5>\n<\/li>\n<li>\n<h5><a href=\"https:\/\/www.ufsm.br\/laboratorios\/labeflo\/entidades-de-pesquisa\/\">Entidades de pesquisa<\/a><\/h5>\n<\/li>\n<li>\n<h5><a href=\"https:\/\/www.ufsm.br\/laboratorios\/labeflo\/legislacao-florestal-e-ambiental\/\">Legisla\u00e7\u00e3o florestal e ambiental<\/a><\/h5>\n<\/li>\n<li>\n<h5><a href=\"https:\/\/www.ufsm.br\/laboratorios\/labeflo\/dados-e-estatisticas-do-setor-florestal\/\">Dados e estat\u00edsticas do setor florestal<\/a><\/h5>\n<\/li>\n<li>\n<h5><a href=\"https:\/\/www.ufsm.br\/laboratorios\/labeflo\/pacotes-estatisticos-gratuitos\/\">Pacotes estat\u00edsticos gratuitos<\/a><\/h5>\n<\/li>\n<li>\n<h5><a href=\"https:\/\/www.ufsm.br\/laboratorios\/labeflo\/cursos-ead-gratuitos\/\">Cursos EaD gratuitos<\/a><\/h5>\n<\/li>\n<\/ul>\n","protected":false},"excerpt":{"rendered":"<p>Peri\u00f3dicos cient\u00edficos Plataformas cient\u00edficas \u00d3rg\u00e3os de fomento Entidades de pesquisa Legisla\u00e7\u00e3o florestal e ambiental Dados e estat\u00edsticas do setor florestal Pacotes estat\u00edsticos gratuitos Cursos EaD gratuitos<\/p>\n","protected":false},"author":2846,"featured_media":0,"parent":0,"menu_order":0,"comment_status":"closed","ping_status":"closed","template":"","meta":{"footnotes":""},"categories":[],"tags":[],"class_list":["post-113","page","type-page","status-publish","hentry"],"acf":[],"_links":{"self":[{"href":"https:\/\/www.ufsm.br\/laboratorios\/labeflo\/wp-json\/wp\/v2\/pages\/113","targetHints":{"allow":["GET"]}}],"collection":[{"href":"https:\/\/www.ufsm.br\/laboratorios\/labeflo\/wp-json\/wp\/v2\/pages"}],"about":[{"href":"https:\/\/www.ufsm.br\/laboratorios\/labeflo\/wp-json\/wp\/v2\/types\/page"}],"author":[{"embeddable":true,"href":"https:\/\/www.ufsm.br\/laboratorios\/labeflo\/wp-json\/wp\/v2\/users\/2846"}],"replies":[{"embeddable":true,"href":"https:\/\/www.ufsm.br\/laboratorios\/labeflo\/wp-json\/wp\/v2\/comments?post=113"}],"version-history":[{"count":0,"href":"https:\/\/www.ufsm.br\/laboratorios\/labeflo\/wp-json\/wp\/v2\/pages\/113\/revisions"}],"wp:attachment":[{"href":"https:\/\/www.ufsm.br\/laboratorios\/labeflo\/wp-json\/wp\/v2\/media?parent=113"}],"wp:term":[{"taxonomy":"category","embeddable":true,"href":"https:\/\/www.ufsm.br\/laboratorios\/labeflo\/wp-json\/wp\/v2\/categories?post=113"},{"taxonomy":"post_tag","embeddable":true,"href":"https:\/\/www.ufsm.br\/laboratorios\/labeflo\/wp-json\/wp\/v2\/tags?post=113"}],"curies":[{"name":"wp","href":"https:\/\/api.w.org\/{rel}","templated":true}]}}