{"id":114,"date":"2020-07-29T21:38:52","date_gmt":"2020-07-30T00:38:52","guid":{"rendered":"https:\/\/www.ufsm.br\/laboratorios\/labeflo\/?page_id=114"},"modified":"2025-12-18T16:06:16","modified_gmt":"2025-12-18T19:06:16","slug":"labeflo-na-midia","status":"publish","type":"page","link":"https:\/\/www.ufsm.br\/laboratorios\/labeflo\/labeflo-na-midia","title":{"rendered":"Labeflo na m\u00eddia"},"content":{"rendered":"\t\t<div data-elementor-type=\"wp-page\" data-elementor-id=\"114\" class=\"elementor elementor-114\">\n\t\t\t\t\t\t<section class=\"elementor-section elementor-top-section elementor-element elementor-element-48e82626 elementor-section-boxed elementor-section-height-default elementor-section-height-default\" data-id=\"48e82626\" data-element_type=\"section\">\n\t\t\t\t\t\t<div class=\"elementor-container elementor-column-gap-default\">\n\t\t\t\t\t<div class=\"elementor-column elementor-col-100 elementor-top-column elementor-element elementor-element-146c3609\" data-id=\"146c3609\" data-element_type=\"column\">\n\t\t\t<div class=\"elementor-widget-wrap elementor-element-populated\">\n\t\t\t\t\t\t<div class=\"elementor-element elementor-element-5441b10 elementor-widget elementor-widget-text-editor\" data-id=\"5441b10\" data-element_type=\"widget\" data-widget_type=\"text-editor.default\">\n\t\t\t\t<div class=\"elementor-widget-container\">\n\t\t\t\t\t\t\t<!-- wp:tadv\/classic-paragraph -->\n<pre><strong>Redes sociais do Laborat\u00f3rio de Ecologia Florestal da UFSM<\/strong><\/pre>\n<p style=\"text-align: left\" data-wp-editing=\"1\"><a href=\"https:\/\/www.facebook.com\/labeflo\"><img decoding=\"async\" class=\"alignleft\" src=\"https:\/\/logodownload.org\/wp-content\/uploads\/2014\/09\/facebook-logo-5.png\" alt=\"Facebook Logo - PNG e Vetor - Download de Logo\" width=\"67\" height=\"67\" \/><\/a>\u00a0\u00a0 <a href=\"http:\/\/www.researchgate.net\/lab\/Forest-Ecology-Laboratory-Mauro-Valdir-Schumacher\"><img decoding=\"async\" class=\"wp-image-897  alignleft\" src=\"https:\/\/www.ufsm.br\/app\/uploads\/sites\/832\/2025\/12\/researchgate-2-1.png\" alt=\"ResearchGate - Laborat\u00f3tio de Ecologia Florestal UFSM\" width=\"67\" height=\"67\" \/><\/a><a href=\"https:\/\/www.instagram.com\/labeflo.ufsm\/\"><img decoding=\"async\" class=\"alignleft\" src=\"https:\/\/upload.wikimedia.org\/wikipedia\/commons\/thumb\/a\/a5\/Instagram_icon.png\/2048px-Instagram_icon.png\" alt=\"Ficheiro:Instagram icon.png \u2013 Wikip\u00e9dia, a enciclop\u00e9dia livre\" width=\"67\" height=\"67\" \/><\/a><a href=\"https:\/\/www.linkedin.com\/in\/labeflo\/\"><img loading=\"lazy\" decoding=\"async\" class=\"alignleft wp-image-898 \" src=\"https:\/\/www.ufsm.br\/app\/uploads\/sites\/832\/2025\/12\/linkedin.png\" alt=\"\" width=\"67\" height=\"67\" \/><\/a><\/p>\n<p>\u00a0<\/p>\n<!-- \/wp:tadv\/classic-paragraph -->\t\t\t\t\t\t<\/div>\n\t\t\t\t<\/div>\n\t\t\t\t<div class=\"elementor-element elementor-element-24da3d2 elementor-widget elementor-widget-text-editor\" data-id=\"24da3d2\" data-element_type=\"widget\" data-widget_type=\"text-editor.default\">\n\t\t\t\t<div class=\"elementor-widget-container\">\n\t\t\t\t\t\t\t<!-- wp:tadv\/classic-paragraph -->\n<h5>Lives<\/h5>\n<ul>\n<li><a href=\"https:\/\/youtu.be\/ioDweoWIudw\">Ciclagem de nutrientes e sua import\u00e2ncia e contribui\u00e7\u00e3o para a sustentabilidade da produ\u00e7\u00e3o florestal &#8211; Timac Agro<\/a><\/li>\n<li><a href=\"https:\/\/www.youtube.com\/watch?v=VnUYzJ9IQ-I\">Ciclagem de nutrientes e a redu\u00e7\u00e3o de fertiliza\u00e7\u00e3o em florestas &#8211; IPEF Lives<\/a><\/li>\n<li><a href=\"https:\/\/www.facebook.com\/aresb.avare\/posts\/3850326594981936?__cft__[0]=AZXIO5sg6CW303dY90eDAH6y7fzsyl2GDJw_4Tf3OF2Tnr_7yBO44nrmZhh9lk8qahLUGx2HB8MJlKmGmo0QJWqcOjjvs0DR8h9pyZ19oxXNbD0zN_JEcyETUy1VVAMXSTa3oEA02UM5Y4hkQPyI1yUKn5KcC8j7tE6hOBjwo0IfBZJK9xC_HHP1dB_a8LG70DaH_Sq4czrTMNBUniqq66N2e2RoWVPqiW6UhGvRbxRkXUKSW3lL5MrePEtPO99odKo&amp;__tn__=-UK-R\">Pesquisa de Pinus no Brasil &#8211; Congresso Online sobre Resinagem ARESB<\/a><\/li>\n<li><a href=\"https:\/\/fb.watch\/cW8tcYeu71\/\">Sustentabilidade nutricional das planta\u00e7\u00f5es de Pinus no Brasil &#8211; Zarcos Fertilizantes<\/a><\/li>\n<li><a href=\"https:\/\/www.youtube.com\/watch?v=mZsAaWB4C1U\">LIVE: Manejo de aduba\u00e7\u00e3o e implanta\u00e7\u00f5es EUCALIPTO &#8211; Zarcos Fertilizantes<\/a><\/li>\n<\/ul>\n<h5>Podcast<\/h5>\n<ul>\n<li><a href=\"https:\/\/iba.org\/podcast\">As \u00e1rvores cultivadas s\u00e3o sin\u00f4nimo de conserva\u00e7\u00e3o &#8211; Prof. Mauro Schumacher participa do Ib\u00e1Cast<\/a><\/li>\n<li><a href=\"https:\/\/open.spotify.com\/episode\/3k6AeQzNT4w9c6MiH184xz?si=rMaix_jwRI6SRaAgZbzQkA&amp;fbclid=IwAR0euvmyg60AceyjIuV3mJfK9ybUwOLJmkN9wSX9YCnWAPdrg-VWsIMMDsQ\">Confira o Epis\u00f3dio Minuto Florestal no Podcast da TIMAC AGRO, onde o Prof. Mauro V. Schumacher fala sobre &#8220;A import\u00e2ncia da ciclagem de nutrientes na nutri\u00e7\u00e3o e sustentabilidade florestal<\/a><\/li>\n<li><a href=\"https:\/\/www.ufsm.br\/laboratorios\/labeflo\/podcast-falando-em-floresta\/\">Novo epis\u00f3dio do Podcast Falando em Floresta, do IPEF: O cen\u00e1rio atual e futuro do cultivo do Pinus no Brasil<\/a><\/li>\n<li><a href=\"https:\/\/open.spotify.com\/episode\/5ncmEI0NJ896Emyt79vcNN?si=Sg4IrIz8RTWjk5ggvlefsw*\">Podcast Falando em Floresta: O Pinus Responde a Fertiliza\u00e7\u00e3o Mineral?<\/a><\/li>\n<\/ul>\n<h5>Not\u00edcias e entrevistas<\/h5>\n<p>\u00a0<\/p>\n<ul>\n<li><a href=\"https:\/\/www.iufro.org\/uploads\/media\/news23-7-8.pdf\">IUFRO divulga nota sobre o sucesso do evento Congresso Planta\u00e7\u00f5es Florestas &#8211; IPEF<\/a><\/li>\n<li><a href=\"https:\/\/www.ufsm.br\/unidades-universitarias\/ccr\/2023\/05\/24\/equipe-do-labeflo-apresenta-trabalhos-cientificos-no-congresso-plantacoes-florestais-ipef\">Equipe do Labeflo apresenta trabalhos cient\u00edficos no Congresso Planta\u00e7\u00f5es Florestais\/IPEF<\/a><\/li>\n<li>\n<p><a href=\"https:\/\/www.ufsm.br\/laboratorios\/labeflo\/apostar-no-plastico-e-ir-na-contramao-da-ciencia-e-do-meio-ambiente\">O professor Mauro Schumacher publicou\u00a0 no dia 09\/11\/2022, no jornal Folha de S\u00e3o Paulo, o artigo &#8220;Apostar no pl\u00e1stico e ir na contram\u00e3o da ci\u00eancia e do meio ambiente &#8220;. No artigo o professor ressalta a import\u00e2ncia do uso de produtos de base Florestal para a conserva\u00e7\u00e3o do meio ambiente<\/a><\/p>\n<\/li>\n<li><a href=\"https:\/\/www.ufsm.br\/2022\/03\/28\/professor-da-ufsm-esclarece-os-beneficios-das-arvores-cultivadas-para-a-sociedade\/\">Professor Mauro Schumacher esclarece os benef\u00edcios das \u00e1rvores cultivadas para a sociedade<\/a><\/li>\n<li><a href=\"https:\/\/globoplay.globo.com\/v\/10356751\/\">&#8220;Especialista ajuda a entender os impactos das queimadas dos \u00faltimos dias no meio ambiente&#8221;. Confira a entrevista do Prof. Mauro Schumacher ao Jornal do Almo\u00e7o da RBS\/Rede Globo.<\/a><\/li>\n<li><a href=\"https:\/\/www.facebook.com\/watch\/live\/?extid=NS-UNK-UNK-UNK-IOS_GK0T-GK1C&amp;ref=watch_permalink&amp;v=1009481922976009\">Em entrevista para a CDN do Di\u00e1rio de Santa Maria, o professor Mauro Schumacher fala sobre o papel da silvicultura para minimizar efeitos da estiagem<\/a><\/li>\n<li><a href=\"https:\/\/agriflor-rs.com.br\/blog\/f\/os-benef%C3%ADcios-ambientais-das-florestas-plantadas?blogcategory=AGRIFLOR+-+ENTREVISTA\">Os benef\u00edcios ambientais das planta\u00e7\u00f5es florestais &#8211; Agriflor entrevista o Prof. Mauro Valdir Schumacher<\/a><\/li>\n<li><a href=\"https:\/\/www.ufsm.br\/laboratorios\/labeflo\/programa-carbono-neutro-fase-ii\/\">A equipe do Labeflo, Pol\u00edcia Federal de Santa Maria e parceiros inciam as atividades do projeto \u201cPrograma Carbono Neutro Fase II: servi\u00e7os ecossist\u00eamicos florestais no ambiente urbano\u201d<\/a><\/li>\n<li>\u00a0<a href=\"https:\/\/www.ufsm.br\/laboratorios\/labeflo\/456-2\/\">Ap\u00f3s completar um ano do Inc\u00eandio Florestal em Agudo\/RS, no dia 06\/05\/2021 aconteceu o &#8220;2\u00ba encontro t\u00e9cnico-cient\u00edfico &#8211; Efeitos do fogo em florestas: estudo de caso em Agudo-RS&#8221;<\/a><\/li>\n<li><a href=\"https:\/\/www.ufsm.br\/laboratorios\/labeflo\/prof-mauro-valdir-schumacher-palestrou-no-workshop-online-florestas-plantadas-ofertas-e-qualidade-da-agua-da-apre\/\">Professor Mauro Valdir Schumacher palestrou no Workshop Online \u201cFlorestas Plantadas: Ofertas e Qualidade da \u00c1gua\u201d da APRE<\/a><\/li>\n<li><a href=\"https:\/\/gauchazh.clicrbs.com.br\/geral\/noticia\/2020\/10\/projeto-da-pf-e-da-ufsm-retirou-cerca-de-40-toneladas-de-poluicao-da-atmosfera-em-santa-maria-ckfsjsdtz000a016v8b5gs6av.html?fbclid=IwAR0LLh_GS-F5AFC49jc4gE4BB5NyyO-IxFt4WpXE4mweeoVAJjLeS4AmvSQ\">Projeto da PF e da UFSM retirou cerca de 40 toneladas de polui\u00e7\u00e3o da atmosfera em Santa Maria<\/a><\/li>\n<li><a href=\"https:\/\/www.ufsm.br\/laboratorios\/labeflo\/fumaca-de-queimadas-da-amazonia-e-do-pantanal-chega-a-regiao-de-santa-maria\/\">Confira a mat\u00e9ria publicada no Di\u00e1rio de Santa Maria: &#8220;Fuma\u00e7a de queimadas da Amaz\u00f4nia e do Pantanal chega \u00e0 regi\u00e3o de Santa Maria&#8221;, onde o Prof. Mauro Schumacher aborda alguns efeitos das queimadas<\/a><\/li>\n<li><a href=\"https:\/\/www.youtube.com\/watch?v=GbU5vwucF74\">V\u00cdDEO: Confira a entrevista do Prof. Mauro Schumacher sobre a coordena\u00e7\u00e3o da IUFRO, concedida \u00e0 TV Santa Maria \u2013 canal 19 NET<\/a><\/li>\n<li><a href=\"https:\/\/www.fatecsm.org.br\/xxv-congresso-mundial-iufro\/?fbclid=IwAR14s1TgOZuaH7zJg272OjzgyGVyBq09_70KTG73DL2cF77bYrglcTEQDnI\">No XXV Congresso Mundial IUFRO professor da Engenharia Florestal da UFSM \u00e9 nomeado coordenador da Rede Florestal Internacional de Coopera\u00e7\u00e3o Cient\u00edfica em Florestas<\/a><\/li>\n<li><a href=\"https:\/\/diariosm.com.br\/not%C3%ADcias\/geral\/inc%C3%AAndio-em-agudo-lan%C3%A7ou-para-a-atmosfera-mais-de-2-3-mil-toneladas-de-g%C3%A1s-carb%C3%B4nico-1.2244461?fbclid=IwAR3BU9GOaH5jw2vqGGZytTAkj6199PM9sG-2MEgaXdLGfNQ0gbDMCXN3Hr8#.XxL5KzNW6Tx.facebook\">Inc\u00eandio em Agudo lan\u00e7ou para a atmosfera mais de 2,3 mil toneladas de g\u00e1s carb\u00f4nico<\/a><\/li>\n<li><a href=\"https:\/\/radioagudo.com.br\/Audio\/3039?fbclid=IwAR3jRXZdtV7yI2PH-L2QiJ2ano149yTpvKLvRJeP8wkyMDyiPgBFJEVq3Cw\">Entrevista do Professor Mauro Schumacher \u00e0 Radio Agudo sobre o Inc\u00eandio Florestal<\/a><\/li>\n<li><a href=\"https:\/\/radioagudo.com.br\/Noticias\/17451?fbclid=IwAR2lK1pOitH4G3z8xToE_1tLAp-hM1MrNouSc0gF33AfFAUEfigVyOcp_XU\">Equipe da UFSM monitora o impacto do inc\u00eandio no Cerro da Igreja<\/a><\/li>\n<li><a href=\"https:\/\/gauchazh.clicrbs.com.br\/geral\/noticia\/2020\/05\/ao-menos-por-cinco-anos-ufsm-vai-acompanhar-regeneracao-de-area-atingida-por-incendio-florestal-em-agudo-ckaikahjo00n4015nohlmodoy.html?fbclid=IwAR1lcWKLTMMiEjn-NXBG5MvJ7TuspeB6B6Ar5PPpc5nQkmjC6W2pWs5L9N4\">Ao menos por cinco anos, UFSM vai acompanhar regenera\u00e7\u00e3o\u00a0de \u00e1rea atingida por inc\u00eandio florestal em Agudo<\/a><\/li>\n<li><a href=\"https:\/\/diariosm.com.br\/not%C3%ADcias\/geral\/v%C3%ADdeo-estudo-aponta-que-105-hectares-foram-queimados-em-inc%C3%AAndio-de-agudo-1.2228239?fbclid=IwAR19wEKkAEiOMhxYWKaR1DJ3Keu_V53AEn3ZS_I4dRjhVNPf-34_5q0y2yY?fbclid=IwAR19wEKkAEiOMhxYWKaR1DJ3Keu_V53AEn3ZS_I4dRjhVNPf-34_5q0y2yY\">V\u00cdDEO: estudo aponta que 105 hectares foram queimados em inc\u00eandio de Agudo<\/a><\/li>\n<li><a href=\"https:\/\/diariosm.com.br\/not%C3%ADcias\/geral\/v%C3%ADdeo-pesquisadores-da-ufsm-come%C3%A7am-a-monitorar-impactos-de-inc%C3%AAndio-em-agudo-1.2227381?fbclid=IwAR1BVCa_Gt0hDN_PPzNTS3pheilfcUbawWR6jtzOfUUT0U9H1YBFEZoPiUY\">V\u00cdDEO: pesquisadores da UFSM come\u00e7am a monitorar impactos de inc\u00eandio em Agudo<\/a><\/li>\n<li><a href=\"https:\/\/www.youtube.com\/watch?v=NgeGQBfzIbg\">V\u00cdDEO: Estudo come\u00e7a a monitorar impactos de inc\u00eandio em Agudo<\/a><\/li>\n<li><a href=\"https:\/\/diariosm.com.br\/not%C3%ADcias\/geral\/pesquisadores-da-ufsm-v%C3%A3o-monitorar-impactos-em-%C3%A1rea-devastada-em-agudo-1.2221700?l=?l=\">Pesquisadores da UFSM v\u00e3o monitorar impactos em \u00e1rea devastada em Agudo<\/a><\/li>\n<li><a href=\"https:\/\/diariosm.com.br\/not%C3%ADcias\/agroneg%C3%B3cio\/professor-da-ufsm-prop%C3%B5e-alternativa-para-combater-a-seca-1.2221294?fbclid=IwAR360wFpbllmQL45YH-CdX9pMB-_5qoSvdTDPQbR6ZP9P3iRRIKBDKkmfVg#.XqWUf0qk9Hs.facebook\">Professor da UFSM prop\u00f5e alternativa para combater a seca<\/a><\/li>\n<li><a href=\"https:\/\/www.ufsm.br\/2020\/03\/09\/professor-da-ufsm-e-nomeado-coordenador-em-rede-global-de-pesquisa-em-florestas\/\">Professor da UFSM \u00e9 nomeado coordenador em rede global de pesquisa em florestas<\/a><\/li>\n<li><a href=\"https:\/\/www.apusm.com.br\/2020\/05\/associado-da-apusm-coordena-rede-global-de-cooperacao-cientifica-em-florestas\/?fbclid=IwAR0VKgSzdQdawa90AA1l14nUGKV3rBwf7RNOVR32vYZPoGdJ4wl1HehIJ20\">Associado da APUSM coordena rede global de coopera\u00e7\u00e3o cient\u00edfica em florestas<\/a><\/li>\n<li><a href=\"http:\/\/g1.globo.com\/rs\/rio-grande-do-sul\/jornal-do-almoco\/videos\/t\/santa-maria\/v\/ja-ideias-pesquisador-da-ufsm-avalia-projeto-florestal-na-regiao-central-do-rs\/5815605\/?fbclid=IwAR1lIQgT7VpRScEuE5KWvpNNKNRLS5vZocHEkP7MK63kxMibh6Gnv62DSVY\">V\u00cdDEO: JA Ideias: Pesquisador da UFSM avalia projeto florestal na regi\u00e3o central do RS<\/a><\/li>\n<\/ul>\n<!-- \/wp:tadv\/classic-paragraph -->\t\t\t\t\t\t<\/div>\n\t\t\t\t<\/div>\n\t\t\t\t\t<\/div>\n\t\t<\/div>\n\t\t\t\t\t<\/div>\n\t\t<\/section>\n\t\t\t\t<section class=\"elementor-section elementor-top-section elementor-element elementor-element-21566ab elementor-section-boxed elementor-section-height-default elementor-section-height-default\" data-id=\"21566ab\" data-element_type=\"section\">\n\t\t\t\t\t\t<div class=\"elementor-container elementor-column-gap-default\">\n\t\t\t\t\t<div class=\"elementor-column elementor-col-100 elementor-top-column elementor-element elementor-element-873727f\" data-id=\"873727f\" data-element_type=\"column\">\n\t\t\t<div class=\"elementor-widget-wrap\">\n\t\t\t\t\t\t\t<\/div>\n\t\t<\/div>\n\t\t\t\t\t<\/div>\n\t\t<\/section>\n\t\t\t\t<\/div>\n\t\t","protected":false},"excerpt":{"rendered":"<p>Redes sociais do Laborat\u00f3rio de Ecologia Florestal da UFSM \u00a0\u00a0 \u00a0 Lives Ciclagem de nutrientes e sua import\u00e2ncia e contribui\u00e7\u00e3o para a sustentabilidade da produ\u00e7\u00e3o florestal &#8211; Timac Agro Ciclagem de nutrientes e a redu\u00e7\u00e3o de fertiliza\u00e7\u00e3o em florestas &#8211; IPEF Lives Pesquisa de Pinus no Brasil &#8211; Congresso Online sobre Resinagem ARESB Sustentabilidade nutricional [&hellip;]<\/p>\n","protected":false},"author":2846,"featured_media":0,"parent":0,"menu_order":0,"comment_status":"closed","ping_status":"closed","template":"","meta":{"footnotes":""},"categories":[],"tags":[],"class_list":["post-114","page","type-page","status-publish","hentry"],"acf":[],"_links":{"self":[{"href":"https:\/\/www.ufsm.br\/laboratorios\/labeflo\/wp-json\/wp\/v2\/pages\/114","targetHints":{"allow":["GET"]}}],"collection":[{"href":"https:\/\/www.ufsm.br\/laboratorios\/labeflo\/wp-json\/wp\/v2\/pages"}],"about":[{"href":"https:\/\/www.ufsm.br\/laboratorios\/labeflo\/wp-json\/wp\/v2\/types\/page"}],"author":[{"embeddable":true,"href":"https:\/\/www.ufsm.br\/laboratorios\/labeflo\/wp-json\/wp\/v2\/users\/2846"}],"replies":[{"embeddable":true,"href":"https:\/\/www.ufsm.br\/laboratorios\/labeflo\/wp-json\/wp\/v2\/comments?post=114"}],"version-history":[{"count":0,"href":"https:\/\/www.ufsm.br\/laboratorios\/labeflo\/wp-json\/wp\/v2\/pages\/114\/revisions"}],"wp:attachment":[{"href":"https:\/\/www.ufsm.br\/laboratorios\/labeflo\/wp-json\/wp\/v2\/media?parent=114"}],"wp:term":[{"taxonomy":"category","embeddable":true,"href":"https:\/\/www.ufsm.br\/laboratorios\/labeflo\/wp-json\/wp\/v2\/categories?post=114"},{"taxonomy":"post_tag","embeddable":true,"href":"https:\/\/www.ufsm.br\/laboratorios\/labeflo\/wp-json\/wp\/v2\/tags?post=114"}],"curies":[{"name":"wp","href":"https:\/\/api.w.org\/{rel}","templated":true}]}}