{"id":123,"date":"2020-07-30T09:48:40","date_gmt":"2020-07-30T12:48:40","guid":{"rendered":"https:\/\/www.ufsm.br\/laboratorios\/labeflo\/?page_id=123"},"modified":"2021-01-27T14:41:27","modified_gmt":"2021-01-27T17:41:27","slug":"producao-cientifica","status":"publish","type":"page","link":"https:\/\/www.ufsm.br\/laboratorios\/labeflo\/producao-cientifica","title":{"rendered":"Produ\u00e7\u00e3o cient\u00edfica"},"content":{"rendered":"\n<ul>\n<li>\n<h5><a href=\"https:\/\/www.ufsm.br\/laboratorios\/labeflo\/artigos-cientificos\/\">Artigos cient\u00edficos<\/a><\/h5>\n<\/li>\n<li>\n<h5><a href=\"https:\/\/www.ufsm.br\/laboratorios\/labeflo\/teses\/\">Teses<\/a><\/h5>\n<\/li>\n<li>\n<h5><a href=\"https:\/\/www.ufsm.br\/laboratorios\/labeflo\/dissertacoes\/\">Disserta\u00e7\u00f5es<\/a><\/h5>\n<\/li>\n<li>\n<h5><a href=\"https:\/\/www.ufsm.br\/laboratorios\/labeflo\/livros\/\">Livros<\/a><\/h5>\n<\/li>\n<li>\n<h5><a href=\"https:\/\/www.ufsm.br\/laboratorios\/labeflo\/capitulos-de-livros\/\">Cap\u00edtulos de livros<\/a><\/h5>\n<\/li>\n<li>\n<h5><a href=\"https:\/\/www.ufsm.br\/laboratorios\/labeflo\/resumos-publicados-em-anais-de-eventos\/\">Resumos publicados em anais de eventos<\/a><\/h5>\n<\/li>\n<li>\n<h5><a href=\"https:\/\/www.ufsm.br\/laboratorios\/labeflo\/informes-tecnicos\/\">Informes t\u00e9cnicos<\/a><\/h5>\n<\/li>\n<li>\n<h5><a href=\"https:\/\/www.ufsm.br\/laboratorios\/labeflo\/materiais-didaticos\/\">Materiais did\u00e1ticos<\/a><\/h5>\n<\/li>\n<li>Semin\u00e1rios<\/li>\n<\/ul>\n","protected":false},"excerpt":{"rendered":"<p>Artigos cient\u00edficos Teses Disserta\u00e7\u00f5es Livros Cap\u00edtulos de livros Resumos publicados em anais de eventos Informes t\u00e9cnicos Materiais did\u00e1ticos Semin\u00e1rios<\/p>\n","protected":false},"author":2846,"featured_media":0,"parent":0,"menu_order":0,"comment_status":"closed","ping_status":"closed","template":"","meta":{"footnotes":""},"categories":[],"tags":[],"class_list":["post-123","page","type-page","status-publish","hentry"],"acf":[],"_links":{"self":[{"href":"https:\/\/www.ufsm.br\/laboratorios\/labeflo\/wp-json\/wp\/v2\/pages\/123","targetHints":{"allow":["GET"]}}],"collection":[{"href":"https:\/\/www.ufsm.br\/laboratorios\/labeflo\/wp-json\/wp\/v2\/pages"}],"about":[{"href":"https:\/\/www.ufsm.br\/laboratorios\/labeflo\/wp-json\/wp\/v2\/types\/page"}],"author":[{"embeddable":true,"href":"https:\/\/www.ufsm.br\/laboratorios\/labeflo\/wp-json\/wp\/v2\/users\/2846"}],"replies":[{"embeddable":true,"href":"https:\/\/www.ufsm.br\/laboratorios\/labeflo\/wp-json\/wp\/v2\/comments?post=123"}],"version-history":[{"count":0,"href":"https:\/\/www.ufsm.br\/laboratorios\/labeflo\/wp-json\/wp\/v2\/pages\/123\/revisions"}],"wp:attachment":[{"href":"https:\/\/www.ufsm.br\/laboratorios\/labeflo\/wp-json\/wp\/v2\/media?parent=123"}],"wp:term":[{"taxonomy":"category","embeddable":true,"href":"https:\/\/www.ufsm.br\/laboratorios\/labeflo\/wp-json\/wp\/v2\/categories?post=123"},{"taxonomy":"post_tag","embeddable":true,"href":"https:\/\/www.ufsm.br\/laboratorios\/labeflo\/wp-json\/wp\/v2\/tags?post=123"}],"curies":[{"name":"wp","href":"https:\/\/api.w.org\/{rel}","templated":true}]}}