{"id":134,"date":"2020-08-03T22:08:25","date_gmt":"2020-08-04T01:08:25","guid":{"rendered":"https:\/\/www.ufsm.br\/laboratorios\/labeflo\/?page_id=134"},"modified":"2020-08-04T23:36:17","modified_gmt":"2020-08-05T02:36:17","slug":"materiais-didaticos","status":"publish","type":"page","link":"https:\/\/www.ufsm.br\/laboratorios\/labeflo\/materiais-didaticos","title":{"rendered":"Materiais did\u00e1ticos"},"content":{"rendered":"\n<ul>\n<li><a href=\"https:\/\/www.ufsm.br\/unidades-universitarias\/ccr\/unidade-de-apoio-pedagogico-uap\/\">Silvicultura aplicada 3\u00aa edi\u00e7\u00e3o: parte I<\/a><\/li>\n<li><a href=\"https:\/\/www.ufsm.br\/unidades-universitarias\/ccr\/unidade-de-apoio-pedagogico-uap\/\">Silvicultura aplicada 3\u00aa edi\u00e7\u00e3o: parte II<\/a><\/li>\n<li><a href=\"https:\/\/www.ufsm.br\/unidades-universitarias\/ccr\/unidade-de-apoio-pedagogico-uap\/\">Inc\u00eandios Florestais &#8211; 2\u00aa edi\u00e7\u00e3o<\/a><\/li>\n<\/ul>\n","protected":false},"excerpt":{"rendered":"<p>Silvicultura aplicada 3\u00aa edi\u00e7\u00e3o: parte I Silvicultura aplicada 3\u00aa edi\u00e7\u00e3o: parte II Inc\u00eandios Florestais &#8211; 2\u00aa edi\u00e7\u00e3o<\/p>\n","protected":false},"author":2846,"featured_media":0,"parent":0,"menu_order":0,"comment_status":"closed","ping_status":"closed","template":"","meta":{"footnotes":""},"categories":[],"tags":[],"class_list":["post-134","page","type-page","status-publish","hentry"],"acf":[],"_links":{"self":[{"href":"https:\/\/www.ufsm.br\/laboratorios\/labeflo\/wp-json\/wp\/v2\/pages\/134","targetHints":{"allow":["GET"]}}],"collection":[{"href":"https:\/\/www.ufsm.br\/laboratorios\/labeflo\/wp-json\/wp\/v2\/pages"}],"about":[{"href":"https:\/\/www.ufsm.br\/laboratorios\/labeflo\/wp-json\/wp\/v2\/types\/page"}],"author":[{"embeddable":true,"href":"https:\/\/www.ufsm.br\/laboratorios\/labeflo\/wp-json\/wp\/v2\/users\/2846"}],"replies":[{"embeddable":true,"href":"https:\/\/www.ufsm.br\/laboratorios\/labeflo\/wp-json\/wp\/v2\/comments?post=134"}],"version-history":[{"count":0,"href":"https:\/\/www.ufsm.br\/laboratorios\/labeflo\/wp-json\/wp\/v2\/pages\/134\/revisions"}],"wp:attachment":[{"href":"https:\/\/www.ufsm.br\/laboratorios\/labeflo\/wp-json\/wp\/v2\/media?parent=134"}],"wp:term":[{"taxonomy":"category","embeddable":true,"href":"https:\/\/www.ufsm.br\/laboratorios\/labeflo\/wp-json\/wp\/v2\/categories?post=134"},{"taxonomy":"post_tag","embeddable":true,"href":"https:\/\/www.ufsm.br\/laboratorios\/labeflo\/wp-json\/wp\/v2\/tags?post=134"}],"curies":[{"name":"wp","href":"https:\/\/api.w.org\/{rel}","templated":true}]}}