{"id":169,"date":"2020-08-03T22:29:04","date_gmt":"2020-08-04T01:29:04","guid":{"rendered":"https:\/\/www.ufsm.br\/laboratorios\/labeflo\/?page_id=169"},"modified":"2025-02-13T14:21:15","modified_gmt":"2025-02-13T17:21:15","slug":"dissertacoes","status":"publish","type":"page","link":"https:\/\/www.ufsm.br\/laboratorios\/labeflo\/dissertacoes","title":{"rendered":"Disserta\u00e7\u00f5es"},"content":{"rendered":"\n<ol>\n<li><a href=\"https:\/\/www.ufsm.br\/app\/uploads\/sites\/832\/2022\/05\/Dissertacao-final.pdf\">Balan\u00e7o nutricional e sustentabilidade da produtividade de povoamentos de\u00a0<em>Eucalyptus dunnii <\/em>Maiden em fun\u00e7\u00e3o do m\u00e9todo de colheita da madeira<\/a><\/li>\n<li><a href=\"https:\/\/www.ufsm.br\/laboratorios\/labeflo\/wp-content\/uploads\/sites\/832\/2020\/08\/Disserta%C3%A7%C3%A3o-Bernardo-Corso-Frantz.pdf\">Biomassa e estoque de nutrientes em\u00a0<em>Eucalyptus urophylla\u00a0<\/em>x\u00a0<em>Eucalyptus grandis\u00a0<\/em>em \u00e1rea arenizada do bioma Pampa \u2013 RS<\/a><\/li>\n<li><a href=\"https:\/\/www.ufsm.br\/laboratorios\/labeflo\/wp-content\/uploads\/sites\/832\/2020\/08\/Lien_da_Silveira_Beulch.pdf\">Biomassa e nutrientes em um povoamento de\u00a0<em>Eucalyptus saligna<\/em>\u00a0Smith submetido ao primeiro desbaste<\/a><\/li>\n<li><a href=\"https:\/\/www.ufsm.br\/laboratorios\/labeflo\/wp-content\/uploads\/sites\/832\/2020\/08\/Renata-Reis-de-Carvalho_Disserta%C3%A7%C3%A3o-de-Mestrado.pdf\">Biomassa e nutrientes em um povoamento de\u00a0<em>Eucalyptus urograndis\u00a0<\/em>estabelecido em solo sujeito a areniza\u00e7\u00e3o no sul do Brasil<\/a><\/li>\n<li><a href=\"https:\/\/www.ufsm.br\/laboratorios\/labeflo\/wp-content\/uploads\/sites\/832\/2020\/08\/Rudi-Witschoreck.pdf\">Biomassa e nutrientes no corte raso de um povoamento de\u00a0<em>Pinus taeda\u00a0<\/em>L. de 17 anos de idade no munic\u00edpio de Cambar\u00e1 do Sul \u2013 RS<\/a><\/li>\n<li><a href=\"https:\/\/www.ufsm.br\/laboratorios\/labeflo\/wp-content\/uploads\/sites\/832\/2020\/08\/Eduardo-Kneipp-Londero.pdf\">Calibra\u00e7\u00e3o do modelo 3-PG para\u00a0<em>Eucalyptus saligna\u00a0<\/em>Smith na regi\u00e3o de Gua\u00edba, RS<\/a><\/li>\n<li><a href=\"https:\/\/www.ufsm.br\/laboratorios\/labeflo\/wp-content\/uploads\/sites\/832\/2020\/08\/Huan-Pablo-de-Souza_Disserta%C3%A7%C3%A3o-de-Mestrado.pdf\">Caracteriza\u00e7\u00e3o nutricional do\u00a0<em>Eucalyptus benthamii<\/em>\u00a0Maiden &amp; Cambage\u00a0em \u00e1rea de produ\u00e7\u00e3o de sementes<\/a><\/li>\n<li><a href=\"https:\/\/www.ufsm.br\/laboratorios\/labeflo\/wp-content\/uploads\/sites\/832\/2020\/08\/GIAN-CARLOS-POLETO.pdf\">Ciclagem biogeoqu\u00edmica dos nutrientes em um povoamento do h\u00edbrido\u00a0<em>Eucalyptus urophylla<\/em>\u00a0x\u00a0<em>E.<\/em>\u00a0sp.\u00a0submetido a exclus\u00e3o parcial da precipita\u00e7\u00e3o interna<\/a><\/li>\n<li><a href=\"https:\/\/www.ufsm.br\/laboratorios\/labeflo\/wp-content\/uploads\/sites\/832\/2020\/08\/Rodrigo-Thomas.pdf\">Crescimento e nutri\u00e7\u00e3o de mudas de\u00a0<em>Pinus\u00a0taeda<\/em>\u00a0L. no estado do RIO Grande do Sul<\/a><\/li>\n<li><a href=\"https:\/\/www.ufsm.br\/laboratorios\/labeflo\/wp-content\/uploads\/sites\/832\/2020\/08\/DM_Hamilton_Luiz_Munari_Vogel.pdf\">Crescimento inicial de\u00a0<em>Pinus taeda<\/em> L. relacionado a doses de N, P e K, e sua diagnose nutricional pelo DRIS<\/a><\/li>\n<li><a href=\"https:\/\/www.ufsm.br\/laboratorios\/labeflo\/wp-content\/uploads\/sites\/832\/2020\/08\/Marcio-Vieira.pdf\">Crescimento inicial e produtividade em plantios monoespec\u00edficos e mistos de\u00a0<em>Eucalyptus urograndis<\/em>\u00a0e\u00a0<em>Acacia mearnsii<\/em>\u00a0em sistema agrossilvicultural<\/a><\/li>\n<li><a href=\"https:\/\/www.ufsm.br\/laboratorios\/labeflo\/wp-content\/uploads\/sites\/832\/2020\/08\/T%C3%BAlio-Barroso-Queiroz.pdf\">Crescimento, biomassa e nutrientes do\u00a0<em>Eucalyptus saligna\u00a0<\/em>Smith\u00a0sob manejo dos res\u00edduos da colheita e fertiliza\u00e7\u00e3o<\/a><\/li>\n<li><a href=\"https:\/\/www.ufsm.br\/laboratorios\/labeflo\/wp-content\/uploads\/sites\/832\/2020\/08\/Isabel-Sandra-Kleinpaul.pdf\">Plantio misto de\u00a0<em>Eucalyptus urograndis <\/em>e\u00a0<em>Acacia mearnsii\u00a0<\/em>em sistema agroflorestal<\/a><\/li>\n<li><a href=\"https:\/\/www.ufsm.br\/laboratorios\/labeflo\/wp-content\/uploads\/sites\/832\/2020\/08\/DM_Neura_Tedesco.pdf\">Produ\u00e7\u00e3o de mudas de ac\u00e1cia-negra (<em>Acacia mearnsii<\/em> De Wild.) adubadas com N-P-K<\/a><\/li>\n<li><a href=\"https:\/\/www.ufsm.br\/laboratorios\/labeflo\/wp-content\/uploads\/sites\/832\/2020\/08\/Leonir-Rodrigues-Barichello.pdf\">Quantifica\u00e7\u00e3o da biomassa e dos nutrientes em floresta de\u00a0<em>Acacia mearnsii<\/em>\u00a0De Wild. na regi\u00e3o sul do Brasil<\/a><\/li>\n<li><a href=\"https:\/\/www.ufsm.br\/laboratorios\/labeflo\/wp-content\/uploads\/sites\/832\/2020\/08\/Simone-Martini-Salvador_Disserta%C3%A7%C3%A3o-de-Mestrado.pdf\">Quantifica\u00e7\u00e3o da biomassa e nutrientes em plantios de\u00a0<em>Eucalyptus urograndis\u00a0<\/em>em solos distintos<\/a><\/li>\n<li><a href=\"https:\/\/www.ufsm.br\/laboratorios\/labeflo\/wp-content\/uploads\/sites\/832\/2020\/08\/Vicente-Guilherme-Lopes.pdf\">Quantifica\u00e7\u00e3o das ra\u00edzes finas em um povoamento de\u00a0<em>Pinus taeda<\/em>\u00a0L., na regi\u00e3o dos Campos de Cima da Serra, RS\u00a0<\/a><\/li>\n<li><a href=\"https:\/\/www.ufsm.br\/laboratorios\/labeflo\/wp-content\/uploads\/sites\/832\/2020\/08\/DM_Jaime_Sandro_Dallago.pdf\">Utiliza\u00e7\u00e3o da cinza de biomassa de caldeira como fonte de nutrientes no crescimento de plantas de ac\u00e1cia-negra (<em>Acacia mearnsii<\/em>\u00a0De. Wild.)<\/a><\/li>\n<li><a href=\"http:\/\/repositorio.ufsm.br\/handle\/1\/28603\">Carbono e nutrientes em solo sujeito \u00e0 areniza\u00e7\u00e3o com diferentes tipos de uso no bioma Pampa<\/a><\/li>\n<li><a href=\"http:\/\/repositorio.ufsm.br\/handle\/1\/29152\">Efeito do preparo do solo nos atributos f\u00edsicos e qu\u00edmicos do solo e no crescimento inicial de Pinus taeda<\/a><\/li>\n<li><a href=\"http:\/\/repositorio.ufsm.br\/handle\/1\/23661\">Efeito do manejo e da aduba\u00e7\u00e3o mineral no crescimento de Eucalyptus saligna Smith na segunda rota\u00e7\u00e3o<\/a><\/li>\n<li><a href=\"http:\/\/repositorio.ufsm.br\/handle\/1\/23361\">Efeito da uniformidade de plantio e fertiliza\u00e7\u00e3o na produtividade de um clone de Pinus taeda L.<\/a><\/li>\n<li><a href=\"http:\/\/repositorio.ufsm.br\/handle\/1\/15940\">Monitoramento ambiental florestal: fluxo de nutrientes em povoamento de Eucalyptus dunnii, no sul do Brasil<\/a><\/li>\n<li><a href=\"http:\/\/repositorio.ufsm.br\/handle\/1\/18007\">Biomassa e nutrientes do h\u00edbrido Eucalyptus urograndis e Acacia mearnsii em plantios monoespec\u00edficos e mistos<\/a><\/li>\n<li><a href=\"http:\/\/repositorio.ufsm.br\/handle\/1\/8729\">Biomassa e nutrientes em plantios de eucaliptos no bioma Pampa<\/a><\/li>\n<li><a href=\"http:\/\/repositorio.ufsm.br\/handle\/1\/8801\">Contribui\u00e7\u00e3o para a silvicultura de Luehea divaricata Martius et Zuccarini (A\u00e7oita-cavalo)<\/a><\/li>\n<li><a href=\"http:\/\/repositorio.ufsm.br\/handle\/1\/8673\">Biomassa e nutrientes na floresta estacional decidual, em Santa Tereza, RS<\/a><\/li>\n<li><a href=\"http:\/\/repositorio.ufsm.br\/handle\/1\/26629\">Aspectos da ciclagem de nutrientes em um sistema silvopastoril com Acacia mearnsii De Wild., no munic\u00edpio de Tupanciret\u00e3, RS<\/a><\/li>\n<li><a href=\"http:\/\/repositorio.ufsm.br\/handle\/1\/26785\">Produ\u00e7\u00e3o e parti\u00e7\u00e3o de biomassa e de nutrientes e recomenda\u00e7\u00e3o de fertilizantes para o Pinus taeda L. (Nutripinus)<\/a><\/li>\n<\/ol>\n","protected":false},"excerpt":{"rendered":"<p>Balan\u00e7o nutricional e sustentabilidade da produtividade de povoamentos de\u00a0Eucalyptus dunnii Maiden em fun\u00e7\u00e3o do m\u00e9todo de colheita da madeira Biomassa e estoque de nutrientes em\u00a0Eucalyptus urophylla\u00a0x\u00a0Eucalyptus grandis\u00a0em \u00e1rea arenizada do bioma Pampa \u2013 RS Biomassa e nutrientes em um povoamento de\u00a0Eucalyptus saligna\u00a0Smith submetido ao primeiro desbaste Biomassa e nutrientes em um povoamento de\u00a0Eucalyptus urograndis\u00a0estabelecido em [&hellip;]<\/p>\n","protected":false},"author":2846,"featured_media":0,"parent":0,"menu_order":0,"comment_status":"closed","ping_status":"closed","template":"","meta":{"footnotes":""},"categories":[],"tags":[],"class_list":["post-169","page","type-page","status-publish","hentry"],"acf":[],"_links":{"self":[{"href":"https:\/\/www.ufsm.br\/laboratorios\/labeflo\/wp-json\/wp\/v2\/pages\/169","targetHints":{"allow":["GET"]}}],"collection":[{"href":"https:\/\/www.ufsm.br\/laboratorios\/labeflo\/wp-json\/wp\/v2\/pages"}],"about":[{"href":"https:\/\/www.ufsm.br\/laboratorios\/labeflo\/wp-json\/wp\/v2\/types\/page"}],"author":[{"embeddable":true,"href":"https:\/\/www.ufsm.br\/laboratorios\/labeflo\/wp-json\/wp\/v2\/users\/2846"}],"replies":[{"embeddable":true,"href":"https:\/\/www.ufsm.br\/laboratorios\/labeflo\/wp-json\/wp\/v2\/comments?post=169"}],"version-history":[{"count":0,"href":"https:\/\/www.ufsm.br\/laboratorios\/labeflo\/wp-json\/wp\/v2\/pages\/169\/revisions"}],"wp:attachment":[{"href":"https:\/\/www.ufsm.br\/laboratorios\/labeflo\/wp-json\/wp\/v2\/media?parent=169"}],"wp:term":[{"taxonomy":"category","embeddable":true,"href":"https:\/\/www.ufsm.br\/laboratorios\/labeflo\/wp-json\/wp\/v2\/categories?post=169"},{"taxonomy":"post_tag","embeddable":true,"href":"https:\/\/www.ufsm.br\/laboratorios\/labeflo\/wp-json\/wp\/v2\/tags?post=169"}],"curies":[{"name":"wp","href":"https:\/\/api.w.org\/{rel}","templated":true}]}}