{"id":173,"date":"2020-08-04T09:40:33","date_gmt":"2020-08-04T12:40:33","guid":{"rendered":"https:\/\/www.ufsm.br\/laboratorios\/labeflo\/?page_id=173"},"modified":"2025-02-13T14:01:13","modified_gmt":"2025-02-13T17:01:13","slug":"teses","status":"publish","type":"page","link":"https:\/\/www.ufsm.br\/laboratorios\/labeflo\/teses","title":{"rendered":"Teses"},"content":{"rendered":"\n<ol>\n<li><a href=\"https:\/\/www.ufsm.br\/laboratorios\/labeflo\/wp-content\/uploads\/sites\/832\/2020\/08\/Huan-Pablo-de-Souza-Tese.pdf\">Aduba\u00e7\u00e3o do\u00a0<em>Eucalyptus urophylla\u00a0<\/em>S.T. Blake\u00a0em solo arenizado no bioma Pampa<\/a><\/li>\n<li><a href=\"https:\/\/www.ufsm.br\/laboratorios\/labeflo\/wp-content\/uploads\/sites\/832\/2020\/08\/Francine-Neves-Calil.pdf\">Aspectos nutricionais de um sistema agroflorestal com eucalitpo no sul do Rio Grande do Sul, Brasil<\/a><\/li>\n<li><a href=\"https:\/\/www.ufsm.br\/laboratorios\/labeflo\/wp-content\/uploads\/sites\/832\/2020\/08\/TESE_Kristiana.pdf\">Biomassa e estoque de nutrientes em diferentes materiais gen\u00e9ticos de\u00a0<em>Eucalyptus\u00a0<\/em>no sul\u00a0 do Brasil<\/a><\/li>\n<li><a href=\"https:\/\/www.ufsm.br\/laboratorios\/labeflo\/wp-content\/uploads\/sites\/832\/2020\/08\/Juarez-Martins-Hoppe.pdf\">Biomassa e nutrientes em\u00a0<em>Platanus x acerifolia<\/em>\u00a0(Aiton) Willd. estabelecido no munic\u00edpio de Dom Feliciano \u2013 RS<\/a><\/li>\n<li><a href=\"https:\/\/www.ufsm.br\/laboratorios\/labeflo\/wp-content\/uploads\/sites\/832\/2020\/08\/TESE-JULIO-MEDEIROS_ver-fin-corrigida_20-11-14.pdf\">Ciclagem biogeoqu\u00edmica de nutrientes em\u00a0<em>Eucalyptus dunnii\u00a0<\/em>Maiden em uma microbacia hidrogr\u00e1fica experimental do bioma Pampa<\/a><\/li>\n<li><a href=\"https:\/\/www.ufsm.br\/laboratorios\/labeflo\/wp-content\/uploads\/sites\/832\/2020\/08\/Fabio-Lui-Fleig-Saidelles.pdf\">Determina\u00e7\u00e3o da biomassa e altura de amostragem para a quantifica\u00e7\u00e3o de nutrientes em\u00a0<em>Acacia mearnsii\u00a0<\/em>De Wild.<\/a><\/li>\n<li><a href=\"https:\/\/www.ufsm.br\/laboratorios\/labeflo\/wp-content\/uploads\/sites\/832\/2020\/08\/Vicente-Guilherme-Lopes2013.pdf\">Din\u00e2mica nutricional em um povoamento de\u00a0<em>Pinus taeda\u00a0<\/em>L., Rio Grande do Sul, Brasil<\/a><\/li>\n<li><a href=\"https:\/\/www.ufsm.br\/laboratorios\/labeflo\/wp-content\/uploads\/sites\/832\/2020\/08\/Tese_Doutorado_Claudiney_Guima%C3%A3es_UFSM_Setembro_2016.pdf\">Ecoefici\u00eancia e sustentabilidade nutricional em povoamentos de eucaliptos no bioma Pampa<\/a><\/li>\n<li><a href=\"https:\/\/repositorio.ufsm.br\/handle\/1\/28732\">Fertiliza\u00e7\u00e3o mineral em <em>Pinus taeda<\/em> L.: crescimento, vari\u00e1veis fisiol\u00f3gicas e n\u00edveis cr\u00edticos de f\u00f3sforo<\/a><\/li>\n<li><a href=\"https:\/\/www.ufsm.br\/laboratorios\/labeflo\/wp-content\/uploads\/sites\/832\/2020\/08\/TESE-FINAL_GRASIELE_DICK_2018.pdf\">Fertiliza\u00e7\u00e3o mineral em\u00a0<em>Eucalyptus dunnii\u00a0<\/em>Maiden:\u00a0efeitos nos estoques dos nutrientes<\/a><\/li>\n<li><a href=\"https:\/\/www.ufsm.br\/laboratorios\/labeflo\/wp-content\/uploads\/sites\/832\/2020\/08\/TESE_Catarine-Consensa_2017.pdf\">Implica\u00e7\u00f5es silviculturais da colheita da biomassa e da remo\u00e7\u00e3o de nutrientes de um povoamento de\u00a0<em>Eucalyptus saligna<\/em><\/a><\/li>\n<li><a href=\"https:\/\/www.ufsm.br\/laboratorios\/labeflo\/wp-content\/uploads\/sites\/832\/2020\/08\/Eleandro-Jose-Brun.pdf\">Mat\u00e9ria org\u00e2nica do solo em plantios de\u00a0<em>Pinus taeda<\/em>\u00a0e\u00a0<em>Pinus elliottii<\/em>\u00a0em duas regi\u00f5es do Rio grande do Sul<\/a><\/li>\n<li><a href=\"https:\/\/www.ufsm.br\/laboratorios\/labeflo\/wp-content\/uploads\/sites\/832\/2020\/08\/Hamilton-Luiz-Munari-Vogel.pdf\">Quantifica\u00e7\u00e3o da biomassa e nutrientes em uma Floresta Estacional Decidual em Itaara-RS, Brasil<\/a><\/li>\n<li><a href=\"https:\/\/www.ufsm.br\/laboratorios\/labeflo\/wp-content\/uploads\/sites\/832\/2020\/08\/Rudi-Witschoreck-2014.pdf\">Recomenda\u00e7\u00e3o de fertilizantes para\u00a0<em>Eucalyptus saligna\u00a0<\/em>Sm. com base no balan\u00e7o nutricional na regi\u00e3o de Gua\u00edba \u2013 RS<\/a><\/li>\n<li><a href=\"http:\/\/repositorio.ufsm.br\/handle\/1\/26140\">Plantas daninhas na silvicultura de Eucalyptus grandis x Eucalyptus urophylla: biomassa e nutrientes<\/a><\/li>\n<li><a href=\"http:\/\/repositorio.ufsm.br\/handle\/1\/22712\">Biomassa, decomposi\u00e7\u00e3o e aporte de nutrientes em povoamento de Pinus taeda L., no sul do Brasil<\/a><\/li>\n<li><a href=\"http:\/\/repositorio.ufsm.br\/handle\/1\/3743\">Din\u00e2mica nutricional em um povoamento h\u00edbrido de Eucalyptus urophylla x Eucalyptus globulus em Eldorado do Sul &#8211; RS, Brasil<\/a><\/li>\n<li><a href=\"http:\/\/repositorio.ufsm.br\/handle\/1\/3749\">Ciclagem biogeoqu\u00edmica dos nutrientes em uma planta\u00e7\u00e3o de Pinus taeda L. no Nordeste Argentino<\/a><\/li>\n<li><a href=\"http:\/\/repositorio.ufsm.br\/handle\/1\/3739\">Ciclagem de nutrientes em Eucalyptus dunnii estabelecido no bioma Pampa<\/a><\/li>\n<\/ol>\n","protected":false},"excerpt":{"rendered":"<p>Aduba\u00e7\u00e3o do\u00a0Eucalyptus urophylla\u00a0S.T. Blake\u00a0em solo arenizado no bioma Pampa Aspectos nutricionais de um sistema agroflorestal com eucalitpo no sul do Rio Grande do Sul, Brasil Biomassa e estoque de nutrientes em diferentes materiais gen\u00e9ticos de\u00a0Eucalyptus\u00a0no sul\u00a0 do Brasil Biomassa e nutrientes em\u00a0Platanus x acerifolia\u00a0(Aiton) Willd. estabelecido no munic\u00edpio de Dom Feliciano \u2013 RS Ciclagem biogeoqu\u00edmica [&hellip;]<\/p>\n","protected":false},"author":2846,"featured_media":0,"parent":0,"menu_order":0,"comment_status":"closed","ping_status":"closed","template":"","meta":{"footnotes":""},"categories":[],"tags":[],"class_list":["post-173","page","type-page","status-publish","hentry"],"acf":[],"_links":{"self":[{"href":"https:\/\/www.ufsm.br\/laboratorios\/labeflo\/wp-json\/wp\/v2\/pages\/173","targetHints":{"allow":["GET"]}}],"collection":[{"href":"https:\/\/www.ufsm.br\/laboratorios\/labeflo\/wp-json\/wp\/v2\/pages"}],"about":[{"href":"https:\/\/www.ufsm.br\/laboratorios\/labeflo\/wp-json\/wp\/v2\/types\/page"}],"author":[{"embeddable":true,"href":"https:\/\/www.ufsm.br\/laboratorios\/labeflo\/wp-json\/wp\/v2\/users\/2846"}],"replies":[{"embeddable":true,"href":"https:\/\/www.ufsm.br\/laboratorios\/labeflo\/wp-json\/wp\/v2\/comments?post=173"}],"version-history":[{"count":0,"href":"https:\/\/www.ufsm.br\/laboratorios\/labeflo\/wp-json\/wp\/v2\/pages\/173\/revisions"}],"wp:attachment":[{"href":"https:\/\/www.ufsm.br\/laboratorios\/labeflo\/wp-json\/wp\/v2\/media?parent=173"}],"wp:term":[{"taxonomy":"category","embeddable":true,"href":"https:\/\/www.ufsm.br\/laboratorios\/labeflo\/wp-json\/wp\/v2\/categories?post=173"},{"taxonomy":"post_tag","embeddable":true,"href":"https:\/\/www.ufsm.br\/laboratorios\/labeflo\/wp-json\/wp\/v2\/tags?post=173"}],"curies":[{"name":"wp","href":"https:\/\/api.w.org\/{rel}","templated":true}]}}