{"id":176,"date":"2020-08-04T10:18:34","date_gmt":"2020-08-04T13:18:34","guid":{"rendered":"https:\/\/www.ufsm.br\/laboratorios\/labeflo\/?page_id=176"},"modified":"2020-08-05T11:49:27","modified_gmt":"2020-08-05T14:49:27","slug":"informes-tecnicos","status":"publish","type":"page","link":"https:\/\/www.ufsm.br\/laboratorios\/labeflo\/informes-tecnicos","title":{"rendered":"Informes t\u00e9cnicos"},"content":{"rendered":"\n<ol>\n<li><a href=\"https:\/\/www.ufsm.br\/laboratorios\/labeflo\/wp-content\/uploads\/sites\/832\/2020\/08\/S%C3%A9ria-T%C3%A9cnica-VIII.pdf\">Frutos e sementes atrativos aos animais na Floresta Estacional Decidual<\/a><\/li>\n<li><a href=\"https:\/\/www.ufsm.br\/laboratorios\/labeflo\/wp-content\/uploads\/sites\/832\/2020\/08\/S%C3%A9ria-T%C3%A9cnica-VII.pdf\">Produ\u00e7\u00e3o de ra\u00edzes finas em um povoamento de\u00a0<em>Eucalyptus dunnii\u00a0<\/em>Maiden\u00a0em \u00e1rea do bioma Pampa<\/a><\/li>\n<li><a href=\"https:\/\/www.ufsm.br\/laboratorios\/labeflo\/wp-content\/uploads\/sites\/832\/2020\/08\/S%C3%A9ria-T%C3%A9cnica-V.pdf\">Estado nutricional de esp\u00e9cies arb\u00f3reas nativas no campus da Universidade Federal de Santa Maria \u2013 RS<\/a><\/li>\n<li><a href=\"https:\/\/www.ufsm.br\/laboratorios\/labeflo\/wp-content\/uploads\/sites\/832\/2020\/08\/S%C3%A9ria-T%C3%A9cnica-IV.pdf\">Biomassa e nutrientes da canola (<em>Brassica napus\u00a0<\/em>L.) em um sistema agroflorestal<\/a><\/li>\n<li><a href=\"https:\/\/www.ufsm.br\/laboratorios\/labeflo\/wp-content\/uploads\/sites\/832\/2020\/08\/S%C3%A9ria-T%C3%A9cnica-III.pdf\">Distribui\u00e7\u00e3o da precipita\u00e7\u00e3o em um povoamento de\u00a0<em>Eucalyptus saligna<\/em>\u00a0Smith\u00a0em S\u00e3o Gabriel \u2013 RS<\/a><\/li>\n<li><a href=\"https:\/\/www.ufsm.br\/laboratorios\/labeflo\/wp-content\/uploads\/sites\/832\/2020\/08\/S%C3%A9ria-T%C3%A9cnica-II.pdf\">F\u00f3sforo no sistema solo-planta em um povoamento de\u00a0<em>Eucalyptus dunnii\u00a0<\/em>Maiden na regi\u00e3o da Campanha Central, RS<\/a><\/li>\n<li><a href=\"https:\/\/www.ufsm.br\/laboratorios\/labeflo\/wp-content\/uploads\/sites\/832\/2020\/08\/S%C3%A9ria-T%C3%A9cnica-I.pdf\">Altera\u00e7\u00e3o dos valores de pH da \u00e1gua da chuva ap\u00f3s a intera\u00e7\u00e3o com a copa das \u00e1rvores de\u00a0<em>Eucalyptus saligna<\/em><\/a><\/li>\n<\/ol>\n","protected":false},"excerpt":{"rendered":"<p>Frutos e sementes atrativos aos animais na Floresta Estacional Decidual Produ\u00e7\u00e3o de ra\u00edzes finas em um povoamento de\u00a0Eucalyptus dunnii\u00a0Maiden\u00a0em \u00e1rea do bioma Pampa Estado nutricional de esp\u00e9cies arb\u00f3reas nativas no campus da Universidade Federal de Santa Maria \u2013 RS Biomassa e nutrientes da canola (Brassica napus\u00a0L.) em um sistema agroflorestal Distribui\u00e7\u00e3o da precipita\u00e7\u00e3o em um [&hellip;]<\/p>\n","protected":false},"author":2846,"featured_media":0,"parent":0,"menu_order":0,"comment_status":"closed","ping_status":"closed","template":"","meta":{"footnotes":""},"categories":[],"tags":[],"class_list":["post-176","page","type-page","status-publish","hentry"],"acf":[],"_links":{"self":[{"href":"https:\/\/www.ufsm.br\/laboratorios\/labeflo\/wp-json\/wp\/v2\/pages\/176","targetHints":{"allow":["GET"]}}],"collection":[{"href":"https:\/\/www.ufsm.br\/laboratorios\/labeflo\/wp-json\/wp\/v2\/pages"}],"about":[{"href":"https:\/\/www.ufsm.br\/laboratorios\/labeflo\/wp-json\/wp\/v2\/types\/page"}],"author":[{"embeddable":true,"href":"https:\/\/www.ufsm.br\/laboratorios\/labeflo\/wp-json\/wp\/v2\/users\/2846"}],"replies":[{"embeddable":true,"href":"https:\/\/www.ufsm.br\/laboratorios\/labeflo\/wp-json\/wp\/v2\/comments?post=176"}],"version-history":[{"count":0,"href":"https:\/\/www.ufsm.br\/laboratorios\/labeflo\/wp-json\/wp\/v2\/pages\/176\/revisions"}],"wp:attachment":[{"href":"https:\/\/www.ufsm.br\/laboratorios\/labeflo\/wp-json\/wp\/v2\/media?parent=176"}],"wp:term":[{"taxonomy":"category","embeddable":true,"href":"https:\/\/www.ufsm.br\/laboratorios\/labeflo\/wp-json\/wp\/v2\/categories?post=176"},{"taxonomy":"post_tag","embeddable":true,"href":"https:\/\/www.ufsm.br\/laboratorios\/labeflo\/wp-json\/wp\/v2\/tags?post=176"}],"curies":[{"name":"wp","href":"https:\/\/api.w.org\/{rel}","templated":true}]}}