{"id":22,"date":"2019-05-14T17:01:42","date_gmt":"2019-05-14T20:01:42","guid":{"rendered":"https:\/\/www.ufsm.br\/template-laboratprio\/?page_id=22"},"modified":"2020-07-29T17:15:46","modified_gmt":"2020-07-29T20:15:46","slug":"informacoes-gerais","status":"publish","type":"page","link":"https:\/\/www.ufsm.br\/laboratorios\/labeflo\/informacoes-gerais","title":{"rendered":"Sobre"},"content":{"rendered":"\n<p>O Laborat\u00f3rio de Ecologia Florestal (LABEFLO) faz parte do Departamento de Ci\u00eancias Florestais da Universidade Federal de Santa Maria. O mesmo foi idealizado pelos professores austr\u00edacos Anton Krapfenbauer e Franz Heinrich Andrae. O laborat\u00f3rio atende estudantes de gradua\u00e7\u00e3o e p\u00f3s-gradua\u00e7\u00e3o em Engenharia Florestal atrav\u00e9s da oportunidade de est\u00e1gios, aulas pr\u00e1ticas e mesmo na realiza\u00e7\u00e3o de an\u00e1lises de trabalhos de mestrado e doutorado.<\/p>\n<p><img decoding=\"async\" class=\"aligncenter\" src=\"https:\/\/www.ufsm.br\/laboratorios\/labeflo\/wp-content\/uploads\/sites\/832\/2020\/07\/logoLabefloBr.png\" \/><\/p>\n","protected":false},"excerpt":{"rendered":"<p>O Laborat\u00f3rio de Ecologia Florestal (LABEFLO) faz parte do Departamento de Ci\u00eancias Florestais da Universidade Federal de Santa Maria. O mesmo foi idealizado pelos professores austr\u00edacos Anton Krapfenbauer e Franz Heinrich Andrae. O laborat\u00f3rio atende estudantes de gradua\u00e7\u00e3o e p\u00f3s-gradua\u00e7\u00e3o em Engenharia Florestal atrav\u00e9s da oportunidade de est\u00e1gios, aulas pr\u00e1ticas e mesmo na realiza\u00e7\u00e3o de [&hellip;]<\/p>\n","protected":false},"author":8,"featured_media":0,"parent":0,"menu_order":0,"comment_status":"closed","ping_status":"closed","template":"","meta":{"footnotes":""},"categories":[],"tags":[],"class_list":["post-22","page","type-page","status-publish","hentry"],"acf":[],"_links":{"self":[{"href":"https:\/\/www.ufsm.br\/laboratorios\/labeflo\/wp-json\/wp\/v2\/pages\/22","targetHints":{"allow":["GET"]}}],"collection":[{"href":"https:\/\/www.ufsm.br\/laboratorios\/labeflo\/wp-json\/wp\/v2\/pages"}],"about":[{"href":"https:\/\/www.ufsm.br\/laboratorios\/labeflo\/wp-json\/wp\/v2\/types\/page"}],"author":[{"embeddable":true,"href":"https:\/\/www.ufsm.br\/laboratorios\/labeflo\/wp-json\/wp\/v2\/users\/8"}],"replies":[{"embeddable":true,"href":"https:\/\/www.ufsm.br\/laboratorios\/labeflo\/wp-json\/wp\/v2\/comments?post=22"}],"version-history":[{"count":0,"href":"https:\/\/www.ufsm.br\/laboratorios\/labeflo\/wp-json\/wp\/v2\/pages\/22\/revisions"}],"wp:attachment":[{"href":"https:\/\/www.ufsm.br\/laboratorios\/labeflo\/wp-json\/wp\/v2\/media?parent=22"}],"wp:term":[{"taxonomy":"category","embeddable":true,"href":"https:\/\/www.ufsm.br\/laboratorios\/labeflo\/wp-json\/wp\/v2\/categories?post=22"},{"taxonomy":"post_tag","embeddable":true,"href":"https:\/\/www.ufsm.br\/laboratorios\/labeflo\/wp-json\/wp\/v2\/tags?post=22"}],"curies":[{"name":"wp","href":"https:\/\/api.w.org\/{rel}","templated":true}]}}