{"id":225,"date":"2020-08-05T14:38:33","date_gmt":"2020-08-05T17:38:33","guid":{"rendered":"https:\/\/www.ufsm.br\/laboratorios\/labeflo\/?page_id=225"},"modified":"2021-03-05T12:54:01","modified_gmt":"2021-03-05T15:54:01","slug":"projetos-fatec-ufsm","status":"publish","type":"page","link":"https:\/\/www.ufsm.br\/laboratorios\/labeflo\/projetos-fatec-ufsm","title":{"rendered":"Ensino"},"content":{"rendered":"\n<ul>\n<li><a href=\"https:\/\/portal.ufsm.br\/projetos\/publico\/projetos\/view.html?idProjeto=66088\">Da sala de aula \u00e0 floresta: Workshop de Pr\u00e1ticas Aplicadas \u00e0 Ecologia Florestal (<strong>Parceria Jardim Bot\u00e2nico UFSM e LABEFLO<\/strong>)<\/a><\/li>\n<\/ul>\n","protected":false},"excerpt":{"rendered":"<p>Da sala de aula \u00e0 floresta: Workshop de Pr\u00e1ticas Aplicadas \u00e0 Ecologia Florestal (Parceria Jardim Bot\u00e2nico UFSM e LABEFLO)<\/p>\n","protected":false},"author":2846,"featured_media":0,"parent":0,"menu_order":0,"comment_status":"closed","ping_status":"closed","template":"","meta":{"footnotes":""},"categories":[],"tags":[],"class_list":["post-225","page","type-page","status-publish","hentry"],"acf":[],"_links":{"self":[{"href":"https:\/\/www.ufsm.br\/laboratorios\/labeflo\/wp-json\/wp\/v2\/pages\/225","targetHints":{"allow":["GET"]}}],"collection":[{"href":"https:\/\/www.ufsm.br\/laboratorios\/labeflo\/wp-json\/wp\/v2\/pages"}],"about":[{"href":"https:\/\/www.ufsm.br\/laboratorios\/labeflo\/wp-json\/wp\/v2\/types\/page"}],"author":[{"embeddable":true,"href":"https:\/\/www.ufsm.br\/laboratorios\/labeflo\/wp-json\/wp\/v2\/users\/2846"}],"replies":[{"embeddable":true,"href":"https:\/\/www.ufsm.br\/laboratorios\/labeflo\/wp-json\/wp\/v2\/comments?post=225"}],"version-history":[{"count":0,"href":"https:\/\/www.ufsm.br\/laboratorios\/labeflo\/wp-json\/wp\/v2\/pages\/225\/revisions"}],"wp:attachment":[{"href":"https:\/\/www.ufsm.br\/laboratorios\/labeflo\/wp-json\/wp\/v2\/media?parent=225"}],"wp:term":[{"taxonomy":"category","embeddable":true,"href":"https:\/\/www.ufsm.br\/laboratorios\/labeflo\/wp-json\/wp\/v2\/categories?post=225"},{"taxonomy":"post_tag","embeddable":true,"href":"https:\/\/www.ufsm.br\/laboratorios\/labeflo\/wp-json\/wp\/v2\/tags?post=225"}],"curies":[{"name":"wp","href":"https:\/\/api.w.org\/{rel}","templated":true}]}}