{"id":278,"date":"2020-08-05T22:27:46","date_gmt":"2020-08-06T01:27:46","guid":{"rendered":"https:\/\/www.ufsm.br\/laboratorios\/labeflo\/?page_id=278"},"modified":"2024-04-18T09:44:54","modified_gmt":"2024-04-18T12:44:54","slug":"extensao","status":"publish","type":"page","link":"https:\/\/www.ufsm.br\/laboratorios\/labeflo\/extensao","title":{"rendered":"Extens\u00e3o"},"content":{"rendered":"\n<ul>\n<li><a href=\"https:\/\/portal.ufsm.br\/projetos\/publico\/projetos\/view.html?idProjeto=70506\">DIAGNOSE NUTRICIONAL DE ESP\u00c9CIES FLORESTAIS E AGR\u00cdCOLAS: presta\u00e7\u00e3o de servi\u00e7os pelo Laborat\u00f3rio de Ecologia Florestal da UFSM (<strong>Faurgs\/UFSM<\/strong>)<\/a><\/li>\n<\/ul>\n","protected":false},"excerpt":{"rendered":"<p>DIAGNOSE NUTRICIONAL DE ESP\u00c9CIES FLORESTAIS E AGR\u00cdCOLAS: presta\u00e7\u00e3o de servi\u00e7os pelo Laborat\u00f3rio de Ecologia Florestal da UFSM (Faurgs\/UFSM)<\/p>\n","protected":false},"author":2846,"featured_media":0,"parent":0,"menu_order":0,"comment_status":"closed","ping_status":"closed","template":"","meta":{"footnotes":""},"categories":[],"tags":[],"class_list":["post-278","page","type-page","status-publish","hentry"],"acf":[],"_links":{"self":[{"href":"https:\/\/www.ufsm.br\/laboratorios\/labeflo\/wp-json\/wp\/v2\/pages\/278","targetHints":{"allow":["GET"]}}],"collection":[{"href":"https:\/\/www.ufsm.br\/laboratorios\/labeflo\/wp-json\/wp\/v2\/pages"}],"about":[{"href":"https:\/\/www.ufsm.br\/laboratorios\/labeflo\/wp-json\/wp\/v2\/types\/page"}],"author":[{"embeddable":true,"href":"https:\/\/www.ufsm.br\/laboratorios\/labeflo\/wp-json\/wp\/v2\/users\/2846"}],"replies":[{"embeddable":true,"href":"https:\/\/www.ufsm.br\/laboratorios\/labeflo\/wp-json\/wp\/v2\/comments?post=278"}],"version-history":[{"count":0,"href":"https:\/\/www.ufsm.br\/laboratorios\/labeflo\/wp-json\/wp\/v2\/pages\/278\/revisions"}],"wp:attachment":[{"href":"https:\/\/www.ufsm.br\/laboratorios\/labeflo\/wp-json\/wp\/v2\/media?parent=278"}],"wp:term":[{"taxonomy":"category","embeddable":true,"href":"https:\/\/www.ufsm.br\/laboratorios\/labeflo\/wp-json\/wp\/v2\/categories?post=278"},{"taxonomy":"post_tag","embeddable":true,"href":"https:\/\/www.ufsm.br\/laboratorios\/labeflo\/wp-json\/wp\/v2\/tags?post=278"}],"curies":[{"name":"wp","href":"https:\/\/api.w.org\/{rel}","templated":true}]}}