{"id":280,"date":"2020-08-05T22:38:55","date_gmt":"2020-08-06T01:38:55","guid":{"rendered":"https:\/\/www.ufsm.br\/laboratorios\/labeflo\/?page_id=280"},"modified":"2025-12-18T17:04:09","modified_gmt":"2025-12-18T20:04:09","slug":"pesquisa","status":"publish","type":"page","link":"https:\/\/www.ufsm.br\/laboratorios\/labeflo\/pesquisa","title":{"rendered":"Pesquisa"},"content":{"rendered":"\n<br \/>\n<ol>\n<li><a href=\"https:\/\/portal.ufsm.br\/projetos\/publico\/projetos\/view.html?idProjeto=68765\">Programa Carbono Neutro Fase II: servi\u00e7os ecossist\u00eamicos florestais no ambiente urbano (<strong>Parceria Pol\u00edcia Federal de Santa Maria, Curso de Engenharia Civil e LABEFLO<\/strong>)<\/a><\/li>\n<li><a href=\"https:\/\/portal.ufsm.br\/projetos\/publico\/projetos\/view.html?idProjeto=66091\">Invas\u00e3o de esp\u00e9cies florestais ex\u00f3ticas: monitoramento ecol\u00f3gico e medidas mitigadoras (<strong>Parceria Jardim Bot\u00e2nico UFSM e LABEFLO<\/strong>)<\/a><\/li>\n<li><a href=\"https:\/\/portal.ufsm.br\/projetos\/publico\/projetos\/view.html?idProjeto=70462\">Ciclagem biogeoqu\u00edmica de nutrientes em ecossistemas florestais nativos e planta\u00e7\u00f5es comerciais (<strong>LABEFLO\/<\/strong><strong>UFSM<\/strong>)<\/a><\/li>\n<li><a href=\"https:\/\/portal.ufsm.br\/projetos\/publico\/projetos\/view.html?idProjeto=67472\">Artr\u00f3podes epig\u00e9icos como bioindicadores de conserva\u00e7\u00e3o do solo em diferentes tipos de vegeta\u00e7\u00e3o (<strong>Parceria Jardim Bot\u00e2nico UFSM e LABEFLO<\/strong>)<\/a><\/li>\n<\/ol>\n\n\n\n\n","protected":false},"excerpt":{"rendered":"<p>Programa Carbono Neutro Fase II: servi\u00e7os ecossist\u00eamicos florestais no ambiente urbano (Parceria Pol\u00edcia Federal de Santa Maria, Curso de Engenharia Civil e LABEFLO) Invas\u00e3o de esp\u00e9cies florestais ex\u00f3ticas: monitoramento ecol\u00f3gico e medidas mitigadoras (Parceria Jardim Bot\u00e2nico UFSM e LABEFLO) Ciclagem biogeoqu\u00edmica de nutrientes em ecossistemas florestais nativos e planta\u00e7\u00f5es comerciais (LABEFLO\/UFSM) Artr\u00f3podes epig\u00e9icos como bioindicadores [&hellip;]<\/p>\n","protected":false},"author":2846,"featured_media":0,"parent":0,"menu_order":0,"comment_status":"closed","ping_status":"closed","template":"","meta":{"footnotes":""},"categories":[],"tags":[],"class_list":["post-280","page","type-page","status-publish","hentry"],"acf":[],"_links":{"self":[{"href":"https:\/\/www.ufsm.br\/laboratorios\/labeflo\/wp-json\/wp\/v2\/pages\/280","targetHints":{"allow":["GET"]}}],"collection":[{"href":"https:\/\/www.ufsm.br\/laboratorios\/labeflo\/wp-json\/wp\/v2\/pages"}],"about":[{"href":"https:\/\/www.ufsm.br\/laboratorios\/labeflo\/wp-json\/wp\/v2\/types\/page"}],"author":[{"embeddable":true,"href":"https:\/\/www.ufsm.br\/laboratorios\/labeflo\/wp-json\/wp\/v2\/users\/2846"}],"replies":[{"embeddable":true,"href":"https:\/\/www.ufsm.br\/laboratorios\/labeflo\/wp-json\/wp\/v2\/comments?post=280"}],"version-history":[{"count":0,"href":"https:\/\/www.ufsm.br\/laboratorios\/labeflo\/wp-json\/wp\/v2\/pages\/280\/revisions"}],"wp:attachment":[{"href":"https:\/\/www.ufsm.br\/laboratorios\/labeflo\/wp-json\/wp\/v2\/media?parent=280"}],"wp:term":[{"taxonomy":"category","embeddable":true,"href":"https:\/\/www.ufsm.br\/laboratorios\/labeflo\/wp-json\/wp\/v2\/categories?post=280"},{"taxonomy":"post_tag","embeddable":true,"href":"https:\/\/www.ufsm.br\/laboratorios\/labeflo\/wp-json\/wp\/v2\/tags?post=280"}],"curies":[{"name":"wp","href":"https:\/\/api.w.org\/{rel}","templated":true}]}}