{"id":350,"date":"2020-09-18T15:29:46","date_gmt":"2020-09-18T18:29:46","guid":{"rendered":"https:\/\/www.ufsm.br\/laboratorios\/labeflo\/?page_id=350"},"modified":"2025-12-15T10:24:48","modified_gmt":"2025-12-15T13:24:48","slug":"incendios-florestais","status":"publish","type":"page","link":"https:\/\/www.ufsm.br\/laboratorios\/labeflo\/incendios-florestais","title":{"rendered":""},"content":{"rendered":"\n<h3 style=\"text-align: center\"><em>Gradua\u00e7\u00e3o &#8211; Engenharia Florestal UFSM<\/em><\/h3>\n<p>&nbsp;<\/p>\n\n\n\n<ul>\n<li><a href=\"https:\/\/www.ufsm.br\/laboratorios\/labeflo\/incendios-florestais-a\/\">CFL 1055 &#8211; Inc\u00eandios Florestais A<\/a><\/li>\n<li style=\"text-align: left\"><a href=\"https:\/\/www.ufsm.br\/laboratorios\/labeflo\/formacao-de-povoamentos-florestais\/\">CFL 1047 &#8211; Forma\u00e7\u00e3o de Povoamentos Florestais<\/a><\/li>\n<\/ul>\n\n\n","protected":false},"excerpt":{"rendered":"<p>Gradua\u00e7\u00e3o &#8211; Engenharia Florestal UFSM &nbsp; CFL 1055 &#8211; Inc\u00eandios Florestais A CFL 1047 &#8211; Forma\u00e7\u00e3o de Povoamentos Florestais<\/p>\n","protected":false},"author":2846,"featured_media":0,"parent":0,"menu_order":0,"comment_status":"closed","ping_status":"closed","template":"","meta":{"footnotes":""},"categories":[],"tags":[],"class_list":["post-350","page","type-page","status-publish","hentry"],"acf":[],"_links":{"self":[{"href":"https:\/\/www.ufsm.br\/laboratorios\/labeflo\/wp-json\/wp\/v2\/pages\/350","targetHints":{"allow":["GET"]}}],"collection":[{"href":"https:\/\/www.ufsm.br\/laboratorios\/labeflo\/wp-json\/wp\/v2\/pages"}],"about":[{"href":"https:\/\/www.ufsm.br\/laboratorios\/labeflo\/wp-json\/wp\/v2\/types\/page"}],"author":[{"embeddable":true,"href":"https:\/\/www.ufsm.br\/laboratorios\/labeflo\/wp-json\/wp\/v2\/users\/2846"}],"replies":[{"embeddable":true,"href":"https:\/\/www.ufsm.br\/laboratorios\/labeflo\/wp-json\/wp\/v2\/comments?post=350"}],"version-history":[{"count":0,"href":"https:\/\/www.ufsm.br\/laboratorios\/labeflo\/wp-json\/wp\/v2\/pages\/350\/revisions"}],"wp:attachment":[{"href":"https:\/\/www.ufsm.br\/laboratorios\/labeflo\/wp-json\/wp\/v2\/media?parent=350"}],"wp:term":[{"taxonomy":"category","embeddable":true,"href":"https:\/\/www.ufsm.br\/laboratorios\/labeflo\/wp-json\/wp\/v2\/categories?post=350"},{"taxonomy":"post_tag","embeddable":true,"href":"https:\/\/www.ufsm.br\/laboratorios\/labeflo\/wp-json\/wp\/v2\/tags?post=350"}],"curies":[{"name":"wp","href":"https:\/\/api.w.org\/{rel}","templated":true}]}}