{"id":364,"date":"2020-09-26T20:46:20","date_gmt":"2020-09-26T23:46:20","guid":{"rendered":"https:\/\/www.ufsm.br\/laboratorios\/labeflo\/?page_id=364"},"modified":"2020-09-26T20:46:21","modified_gmt":"2020-09-26T23:46:21","slug":"fumaca-de-queimadas-da-amazonia-e-do-pantanal-chega-a-regiao-de-santa-maria","status":"publish","type":"page","link":"https:\/\/www.ufsm.br\/laboratorios\/labeflo\/fumaca-de-queimadas-da-amazonia-e-do-pantanal-chega-a-regiao-de-santa-maria","title":{"rendered":"Fuma\u00e7a de queimadas da Amaz\u00f4nia e do Pantanal chega \u00e0 regi\u00e3o de Santa Maria"},"content":{"rendered":"\n<div class=\"kvgmc6g5 cxmmr5t8 oygrvhab hcukyx3x c1et5uql ii04i59q\">\n<div dir=\"auto\">Confira a mat\u00e9ria publicada no Di\u00e1rio de Santa Maria: &#8220;Fuma\u00e7a de queimadas da Amaz\u00f4nia e do Pantanal chega \u00e0 regi\u00e3o de Santa Maria&#8221;, onde o Prof. Mauro Schumacher aborda alguns efeitos das queimadas.(Link de acesso: <a class=\"oajrlxb2 g5ia77u1 qu0x051f esr5mh6w e9989ue4 r7d6kgcz rq0escxv nhd2j8a9 nc684nl6 p7hjln8o kvgmc6g5 cxmmr5t8 oygrvhab hcukyx3x jb3vyjys rz4wbd8a qt6c0cv9 a8nywdso i1ao9s8h esuyzwwr f1sip0of lzcic4wl py34i1dx gpro0wi8\" role=\"link\" href=\"https:\/\/diariosm.com.br\/not%C3%ADcias\/geral\/fuma%C3%A7a-de-queimadas-da-amaz%C3%B4nia-e-do-pantanal-chega-%C3%A0-regi%C3%A3o-de-santa-maria-1.2263144?fbclid=IwAR2r1ctaQsYe3oJaKCE37VrM8Kdb3S0cjZ66XwvP5OTmx_bpbUL10onOaDY\" target=\"_blank\" rel=\"nofollow noopener noreferrer\">https:\/\/diariosm.com.br\/&#8230;\/fuma%C3%A7a-de-queimadas-da&#8230;<\/a>)<\/div>\n<\/div>\n<div class=\"o9v6fnle cxmmr5t8 oygrvhab hcukyx3x c1et5uql ii04i59q\">\n<div dir=\"auto\"><span class=\"pq6dq46d tbxw36s4 knj5qynh kvgmc6g5 ditlmg2l oygrvhab nvdbi5me sf5mxxl7 gl3lb2sf hhz5lgdu\"><img decoding=\"async\" src=\"https:\/\/static.xx.fbcdn.net\/images\/emoji.php\/v9\/t32\/1\/16\/1f516.png\" alt=\"\ud83d\udd16\" width=\"16\" height=\"16\" \/><\/span>Mat\u00e9ria na \u00edntegra:<\/div>\n<div dir=\"auto\"><span class=\"pq6dq46d tbxw36s4 knj5qynh kvgmc6g5 ditlmg2l oygrvhab nvdbi5me sf5mxxl7 gl3lb2sf hhz5lgdu\"><img decoding=\"async\" src=\"https:\/\/static.xx.fbcdn.net\/images\/emoji.php\/v9\/t6b\/1\/16\/1f333.png\" alt=\"\ud83c\udf33\" width=\"16\" height=\"16\" \/><\/span><span class=\"pq6dq46d tbxw36s4 knj5qynh kvgmc6g5 ditlmg2l oygrvhab nvdbi5me sf5mxxl7 gl3lb2sf hhz5lgdu\"><img decoding=\"async\" src=\"https:\/\/static.xx.fbcdn.net\/images\/emoji.php\/v9\/t50\/1\/16\/1f525.png\" alt=\"\ud83d\udd25\" width=\"16\" height=\"16\" \/><\/span>O Brasil bate recorde ao registrar m\u00eas de setembro com maior n\u00famero de focos de inc\u00eandio na Amaz\u00f4nia e no Pantanal. Na mesma semana em que se comemorou o Dia da \u00c1rvore, o pa\u00eds atingiu n\u00fameros extremos da destrui\u00e7\u00e3o da fauna e da flora de dois dos principais ecossistemas do mundo. A quem pensa que o problema est\u00e1 longe de Santa Maria, engana-se. Dias atr\u00e1s uma leitora do Di\u00e1rio enviou foto da sua piscina com res\u00edduos da chuva escura que caiu na cidade. Atualmente, o ar segue com res\u00edduos decorrente das fuma\u00e7as das queimadas do Centro-Oeste do pa\u00eds.<\/div>\n<\/div>\n<div class=\"o9v6fnle cxmmr5t8 oygrvhab hcukyx3x c1et5uql ii04i59q\">\n<div dir=\"auto\"><span class=\"pq6dq46d tbxw36s4 knj5qynh kvgmc6g5 ditlmg2l oygrvhab nvdbi5me sf5mxxl7 gl3lb2sf hhz5lgdu\"><img loading=\"lazy\" decoding=\"async\" src=\"https:\/\/static.xx.fbcdn.net\/images\/emoji.php\/v9\/taa\/1\/16\/1f310.png\" alt=\"\ud83c\udf10\" width=\"16\" height=\"16\" \/><\/span>O Instituto Nacional de Pesquisas Espaciais (Inpe) localiza focos de inc\u00eandio por meio do sat\u00e9lite Aqua. Esses dados s\u00e3o diariamente publicados no relat\u00f3rio do Programa Queimadas, dispon\u00edvel no site do Inpe. Os 20 primeiros dias de setembro revelaram que a fuma\u00e7a emitida nas queimadas se estende por mais de 4 mil quil\u00f4metros da Am\u00e9rica Latina, e j\u00e1 chegou em territ\u00f3rios vizinhos como Peru, Bol\u00edvia, Paraguai, Argentina e Uruguai. As imagens de sat\u00e9lite mostram que a fuligem atingiu at\u00e9 a regi\u00e3o de Santa Maria.<\/div>\n<\/div>\n<div class=\"o9v6fnle cxmmr5t8 oygrvhab hcukyx3x c1et5uql ii04i59q\">\n<div dir=\"auto\"><span class=\"pq6dq46d tbxw36s4 knj5qynh kvgmc6g5 ditlmg2l oygrvhab nvdbi5me sf5mxxl7 gl3lb2sf hhz5lgdu\"><img loading=\"lazy\" decoding=\"async\" src=\"https:\/\/static.xx.fbcdn.net\/images\/emoji.php\/v9\/tb5\/1\/16\/1f468_200d_1f3eb.png\" alt=\"\ud83d\udc68\u200d\ud83c\udfeb\" width=\"16\" height=\"16\" \/><\/span><span class=\"pq6dq46d tbxw36s4 knj5qynh kvgmc6g5 ditlmg2l oygrvhab nvdbi5me sf5mxxl7 gl3lb2sf hhz5lgdu\"><img loading=\"lazy\" decoding=\"async\" src=\"https:\/\/static.xx.fbcdn.net\/images\/emoji.php\/v9\/ta\/1\/16\/1f343.png\" alt=\"\ud83c\udf43\" width=\"16\" height=\"16\" \/><\/span>O professor do curso de Engenharia Florestal da Universidade Federal de Santa Maria (UFSM), Mauro Schumacher, diz que, hoje, s\u00e3o v\u00e1rias as subst\u00e2ncias que est\u00e3o presentes no ar:<\/div>\n<\/div>\n<div class=\"o9v6fnle cxmmr5t8 oygrvhab hcukyx3x c1et5uql ii04i59q\">\n<div dir=\"auto\"><span class=\"pq6dq46d tbxw36s4 knj5qynh kvgmc6g5 ditlmg2l oygrvhab nvdbi5me sf5mxxl7 gl3lb2sf hhz5lgdu\"><img decoding=\"async\" src=\"https:\/\/static.xx.fbcdn.net\/images\/emoji.php\/v9\/t50\/1\/16\/1f525.png\" alt=\"\ud83d\udd25\" width=\"16\" height=\"16\" \/><\/span>&#8211; Essas part\u00edculas s\u00e3o constitu\u00eddas por uma complexa mistura de fuligem, alcatr\u00e3o e subst\u00e2ncias org\u00e2nicas vol\u00e1teis e microsc\u00f3picas.<\/div>\n<\/div>\n<div class=\"o9v6fnle cxmmr5t8 oygrvhab hcukyx3x c1et5uql ii04i59q\">\n<div dir=\"auto\"><span class=\"pq6dq46d tbxw36s4 knj5qynh kvgmc6g5 ditlmg2l oygrvhab nvdbi5me sf5mxxl7 gl3lb2sf hhz5lgdu\"><img loading=\"lazy\" decoding=\"async\" src=\"https:\/\/static.xx.fbcdn.net\/images\/emoji.php\/v9\/t7b\/1\/16\/1f32b.png\" alt=\"\ud83c\udf2b\" width=\"16\" height=\"16\" \/><\/span>Ele explica que, al\u00e9m de reduzir a visibilidade em aeroportos e rodovias, as part\u00edculas podem absorver gases nocivos que j\u00e1 est\u00e3o no ar em fun\u00e7\u00e3o da polui\u00e7\u00e3o.<\/div>\n<\/div>\n<div class=\"o9v6fnle cxmmr5t8 oygrvhab hcukyx3x c1et5uql ii04i59q\">\n<div dir=\"auto\">&#8211; Essas part\u00edculas podem afetar condi\u00e7\u00f5es respirat\u00f3rias de pessoas sens\u00edveis &#8211; conta.<\/div>\n<\/div>\n<div class=\"o9v6fnle cxmmr5t8 oygrvhab hcukyx3x c1et5uql ii04i59q\">\n<div dir=\"auto\">BENEF\u00cdCIOS<\/div>\n<div dir=\"auto\"><span class=\"pq6dq46d tbxw36s4 knj5qynh kvgmc6g5 ditlmg2l oygrvhab nvdbi5me sf5mxxl7 gl3lb2sf hhz5lgdu\"><img loading=\"lazy\" decoding=\"async\" src=\"https:\/\/static.xx.fbcdn.net\/images\/emoji.php\/v9\/tf8\/1\/16\/267b.png\" alt=\"\u267b\ufe0f\" width=\"16\" height=\"16\" \/><\/span>C\u00edclica, a natureza n\u00e3o falha nem em momentos de desastre ambiental. Schumacher conta que essa mesma fuma\u00e7a que pode causar danos \u00e0 sa\u00fade das pessoas pode trazer benef\u00edcios \u00e0 natureza aqui.<\/div>\n<\/div>\n<div class=\"o9v6fnle cxmmr5t8 oygrvhab hcukyx3x c1et5uql ii04i59q\">\n<div dir=\"auto\"><span class=\"pq6dq46d tbxw36s4 knj5qynh kvgmc6g5 ditlmg2l oygrvhab nvdbi5me sf5mxxl7 gl3lb2sf hhz5lgdu\"><img decoding=\"async\" src=\"https:\/\/static.xx.fbcdn.net\/images\/emoji.php\/v9\/t6b\/1\/16\/1f333.png\" alt=\"\ud83c\udf33\" width=\"16\" height=\"16\" \/><\/span><span class=\"pq6dq46d tbxw36s4 knj5qynh kvgmc6g5 ditlmg2l oygrvhab nvdbi5me sf5mxxl7 gl3lb2sf hhz5lgdu\"><img loading=\"lazy\" decoding=\"async\" src=\"https:\/\/static.xx.fbcdn.net\/images\/emoji.php\/v9\/t1e\/1\/16\/1f33f.png\" alt=\"\ud83c\udf3f\" width=\"16\" height=\"16\" \/><\/span><span class=\"pq6dq46d tbxw36s4 knj5qynh kvgmc6g5 ditlmg2l oygrvhab nvdbi5me sf5mxxl7 gl3lb2sf hhz5lgdu\"><img decoding=\"async\" src=\"https:\/\/static.xx.fbcdn.net\/images\/emoji.php\/v9\/t50\/1\/16\/1f525.png\" alt=\"\ud83d\udd25\" width=\"16\" height=\"16\" \/><\/span>&#8211; Durante as queimadas, uma grande quantidade de elementos qu\u00edmicos essenciais \u00e0 nutri\u00e7\u00e3o dos vegetais s\u00e3o lan\u00e7ados na atmosfera. \u00c0 medida que este particulado vai sendo depositado sobre o solo e mesmo sobre os vegetais, a planta ir\u00e1 absorver parte dele para sua nutri\u00e7\u00e3o, e o solo pode ser melhorado quimicamente nos primeiros cent\u00edmetros de profundidade &#8211; relata o professor.<\/div>\n<\/div>\n<div class=\"o9v6fnle cxmmr5t8 oygrvhab hcukyx3x c1et5uql ii04i59q\">\n<div dir=\"auto\">SITUA\u00c7\u00c3O<\/div>\n<div dir=\"auto\"><span class=\"pq6dq46d tbxw36s4 knj5qynh kvgmc6g5 ditlmg2l oygrvhab nvdbi5me sf5mxxl7 gl3lb2sf hhz5lgdu\"><img loading=\"lazy\" decoding=\"async\" src=\"https:\/\/static.xx.fbcdn.net\/images\/emoji.php\/v9\/t1\/1\/16\/1f4c8.png\" alt=\"\ud83d\udcc8\" width=\"16\" height=\"16\" \/><\/span>Segundo o Inpe, em apenas 19 dias de setembro, o Pantanal apresentou 5.815 pontos de calor &#8211; n\u00famero maior do que a m\u00e9dia hist\u00f3rica, que \u00e9 de 1.944 para os 30 dias. Em oito meses, a \u00e1rea queimada no bioma equivale a mesma destrui\u00e7\u00e3o em seis anos.<\/div>\n<\/div>\n<div class=\"o9v6fnle cxmmr5t8 oygrvhab hcukyx3x c1et5uql ii04i59q\">\n<div dir=\"auto\"><span class=\"pq6dq46d tbxw36s4 knj5qynh kvgmc6g5 ditlmg2l oygrvhab nvdbi5me sf5mxxl7 gl3lb2sf hhz5lgdu\"><img loading=\"lazy\" decoding=\"async\" src=\"https:\/\/static.xx.fbcdn.net\/images\/emoji.php\/v9\/tc8\/1\/16\/1f5fa.png\" alt=\"\ud83d\uddfa\" width=\"16\" height=\"16\" \/><\/span>A Floresta Amaz\u00f4nica teve 26.656 focos de calor detectados. Em menos de 20 dias, o n\u00famero j\u00e1 \u00e9 34% superior ao que foi registrado em setembro do ano passado, que registrou 19.925.<\/div>\n<\/div>\n<div class=\"o9v6fnle cxmmr5t8 oygrvhab hcukyx3x c1et5uql ii04i59q\">\n<div dir=\"auto\"><span class=\"pq6dq46d tbxw36s4 knj5qynh kvgmc6g5 ditlmg2l oygrvhab nvdbi5me sf5mxxl7 gl3lb2sf hhz5lgdu\"><img loading=\"lazy\" decoding=\"async\" src=\"https:\/\/static.xx.fbcdn.net\/images\/emoji.php\/v9\/t2d\/1\/16\/1f4cd.png\" alt=\"\ud83d\udccd\" width=\"16\" height=\"16\" \/><\/span>Ainda de acordo com o Inpe, o Pantanal e a Amaz\u00f4nia enfrentam o pior per\u00edodo de queimadas das \u00faltimas d\u00e9cadas.<\/div>\n<\/div>\n<div class=\"o9v6fnle cxmmr5t8 oygrvhab hcukyx3x c1et5uql ii04i59q\">\n<div dir=\"auto\">Rep\u00f3rter: Nat\u00e1lia M\u00fcller Poll<\/div>\n<\/div>\n","protected":false},"excerpt":{"rendered":"<p>Confira a mat\u00e9ria publicada no Di\u00e1rio de Santa Maria: &#8220;Fuma\u00e7a de queimadas da Amaz\u00f4nia e do Pantanal chega \u00e0 regi\u00e3o de Santa Maria&#8221;, onde o Prof. Mauro Schumacher aborda alguns efeitos das queimadas.(Link de acesso: https:\/\/diariosm.com.br\/&#8230;\/fuma%C3%A7a-de-queimadas-da&#8230;) Mat\u00e9ria na \u00edntegra: O Brasil bate recorde ao registrar m\u00eas de setembro com maior n\u00famero de focos de inc\u00eandio [&hellip;]<\/p>\n","protected":false},"author":2846,"featured_media":0,"parent":0,"menu_order":0,"comment_status":"closed","ping_status":"closed","template":"","meta":{"footnotes":""},"categories":[],"tags":[],"class_list":["post-364","page","type-page","status-publish","hentry"],"acf":[],"_links":{"self":[{"href":"https:\/\/www.ufsm.br\/laboratorios\/labeflo\/wp-json\/wp\/v2\/pages\/364","targetHints":{"allow":["GET"]}}],"collection":[{"href":"https:\/\/www.ufsm.br\/laboratorios\/labeflo\/wp-json\/wp\/v2\/pages"}],"about":[{"href":"https:\/\/www.ufsm.br\/laboratorios\/labeflo\/wp-json\/wp\/v2\/types\/page"}],"author":[{"embeddable":true,"href":"https:\/\/www.ufsm.br\/laboratorios\/labeflo\/wp-json\/wp\/v2\/users\/2846"}],"replies":[{"embeddable":true,"href":"https:\/\/www.ufsm.br\/laboratorios\/labeflo\/wp-json\/wp\/v2\/comments?post=364"}],"version-history":[{"count":0,"href":"https:\/\/www.ufsm.br\/laboratorios\/labeflo\/wp-json\/wp\/v2\/pages\/364\/revisions"}],"wp:attachment":[{"href":"https:\/\/www.ufsm.br\/laboratorios\/labeflo\/wp-json\/wp\/v2\/media?parent=364"}],"wp:term":[{"taxonomy":"category","embeddable":true,"href":"https:\/\/www.ufsm.br\/laboratorios\/labeflo\/wp-json\/wp\/v2\/categories?post=364"},{"taxonomy":"post_tag","embeddable":true,"href":"https:\/\/www.ufsm.br\/laboratorios\/labeflo\/wp-json\/wp\/v2\/tags?post=364"}],"curies":[{"name":"wp","href":"https:\/\/api.w.org\/{rel}","templated":true}]}}