{"id":450,"date":"2021-03-09T09:43:51","date_gmt":"2021-03-09T12:43:51","guid":{"rendered":"https:\/\/www.ufsm.br\/laboratorios\/labeflo\/?page_id=450"},"modified":"2021-03-12T16:15:21","modified_gmt":"2021-03-12T19:15:21","slug":"normas-para-publicacao","status":"publish","type":"page","link":"https:\/\/www.ufsm.br\/laboratorios\/labeflo\/normas-para-publicacao","title":{"rendered":"Normas para publica\u00e7\u00e3o"},"content":{"rendered":"\n<p><strong>Diretrizes gerais<\/strong><\/p>\n<p>O <em>Informativo de Pesquisa Florestal<\/em> ser\u00e1 avaliado pelo comit\u00ea editorial, que levar\u00e1 em considera\u00e7\u00e3o a relev\u00e2ncia do tema, metodologia empregada, aplicabilidade dos resultados, acessibilidade da reda\u00e7\u00e3o, consist\u00eancia, originalidade, atualidade das informa\u00e7\u00f5es e atendimento \u00e0s normas \u00e9ticas.<\/p>\n<ul>\n<li>Os trabalhos dever\u00e3o ser enviados para o e-mail <span style=\"color: #0000ff\">grasieledick@gmail.com<\/span>\u00a0<\/li>\n<\/ul>\n<p>Os informativos s\u00e3o publica\u00e7\u00f5es distintas de artigos cient\u00edficos, portanto \u00e9 importante que sua linguagem seja clara, objetiva e acess\u00edvel \u00e0 leitura e compreens\u00e3o, ou seja, adequada ao entendimento do p\u00fablico em geral.\u00a0 Recomenda-se, al\u00e9m de utilizar a nomenclatura cient\u00edfica de animais, vegetais ou procedimentos, apresentar tamb\u00e9m, sempre que poss\u00edvel, os nomes de uso comum ou popular. Apresentar os resultados\/recomenda\u00e7\u00f5es na forma de gravuras, fotos, ilustra\u00e7\u00f5es, preferencialmente.\u00a0 Indicar claramente a aplicabilidade pr\u00e1tica dos resultados.<\/p>\n<p>\u00a0<\/p>\n<p><strong>Tipos de informativos<\/strong><\/p>\n<p>Ser\u00e3o aceitos informativos de pesquisas cient\u00edficas, relatos de experi\u00eancias e resultados de trabalhos de extens\u00e3o. N\u00e3o ser\u00e3o aceitas revis\u00f5es bibliogr\u00e1ficas ou revis\u00f5es sistem\u00e1ticas da literatura.<\/p>\n<p>\u00a0<\/p>\n<p><strong>Estrutura e formata\u00e7\u00e3o<\/strong><\/p>\n<p>O informativo dever\u00e1 ser redigido de acordo com o template (<a href=\"https:\/\/www.ufsm.br\/app\/uploads\/sites\/832\/2021\/03\/Template-Informativo-cientifico-Labeflo-1-1.docx\">clique aqui<\/a>) e conter, no m\u00e1ximo, quatro p\u00e1ginas.<\/p>\n<p>\u00a0<\/p>\n<p><strong>Figuras e tabelas<\/strong><\/p>\n<p>As figuras e tabelas devem ser auto-explicativas e alocadas no texto logo ap\u00f3s sua primeira chamada, com a legenda da Figura na parte inferior da mesma e, na tabela a legenda dever\u00e1 ser alocada na parte superior. As tabelas devem ser inseridas no texto de modo edit\u00e1vel, n\u00e3o sendo aceitas tabelas no formato de figuras. As figuras (gr\u00e1ficos e fotografias) devem possuir resolu\u00e7\u00e3o m\u00ednima de 300 dpi, preferencialmente coloridas, sempre com orienta\u00e7\u00e3o do tipo retrato. <em>Ao incluir figuras e tabelas j\u00e1 publicadas em outros trabalhos, os autores devem obrigatoriamente citar a fonte e o ano dos mesmos.<\/em><\/p>\n<p>\u00a0<\/p>\n<p><strong>Periodicidade<\/strong><\/p>\n<p>Fluxo cont\u00ednuo<\/p>\n<p>\u00a0<\/p>\n<p><strong>Declara\u00e7\u00e3o de Direito Autoral<\/strong><\/p>\n<p>Os Direitos Autorais dos Informativos de pesquisa pertencem ao(s) seu(s) respectivo(s) autor(es). &#8220;<em>A\u00a0reprodu\u00e7\u00e3o \u00e9 permitida, mediante cita\u00e7\u00e3o da fonte.&#8221;<\/em><\/p>\n<p>\u00a0<\/p>\n","protected":false},"excerpt":{"rendered":"<p>Diretrizes gerais O Informativo de Pesquisa Florestal ser\u00e1 avaliado pelo comit\u00ea editorial, que levar\u00e1 em considera\u00e7\u00e3o a relev\u00e2ncia do tema, metodologia empregada, aplicabilidade dos resultados, acessibilidade da reda\u00e7\u00e3o, consist\u00eancia, originalidade, atualidade das informa\u00e7\u00f5es e atendimento \u00e0s normas \u00e9ticas. Os trabalhos dever\u00e3o ser enviados para o e-mail grasieledick@gmail.com\u00a0 Os informativos s\u00e3o publica\u00e7\u00f5es distintas de artigos cient\u00edficos, [&hellip;]<\/p>\n","protected":false},"author":2847,"featured_media":0,"parent":0,"menu_order":0,"comment_status":"closed","ping_status":"closed","template":"","meta":{"footnotes":""},"categories":[],"tags":[],"class_list":["post-450","page","type-page","status-publish","hentry"],"acf":[],"_links":{"self":[{"href":"https:\/\/www.ufsm.br\/laboratorios\/labeflo\/wp-json\/wp\/v2\/pages\/450","targetHints":{"allow":["GET"]}}],"collection":[{"href":"https:\/\/www.ufsm.br\/laboratorios\/labeflo\/wp-json\/wp\/v2\/pages"}],"about":[{"href":"https:\/\/www.ufsm.br\/laboratorios\/labeflo\/wp-json\/wp\/v2\/types\/page"}],"author":[{"embeddable":true,"href":"https:\/\/www.ufsm.br\/laboratorios\/labeflo\/wp-json\/wp\/v2\/users\/2847"}],"replies":[{"embeddable":true,"href":"https:\/\/www.ufsm.br\/laboratorios\/labeflo\/wp-json\/wp\/v2\/comments?post=450"}],"version-history":[{"count":0,"href":"https:\/\/www.ufsm.br\/laboratorios\/labeflo\/wp-json\/wp\/v2\/pages\/450\/revisions"}],"wp:attachment":[{"href":"https:\/\/www.ufsm.br\/laboratorios\/labeflo\/wp-json\/wp\/v2\/media?parent=450"}],"wp:term":[{"taxonomy":"category","embeddable":true,"href":"https:\/\/www.ufsm.br\/laboratorios\/labeflo\/wp-json\/wp\/v2\/categories?post=450"},{"taxonomy":"post_tag","embeddable":true,"href":"https:\/\/www.ufsm.br\/laboratorios\/labeflo\/wp-json\/wp\/v2\/tags?post=450"}],"curies":[{"name":"wp","href":"https:\/\/api.w.org\/{rel}","templated":true}]}}