{"id":455,"date":"2021-05-07T09:25:40","date_gmt":"2021-05-07T12:25:40","guid":{"rendered":"https:\/\/www.ufsm.br\/laboratorios\/labeflo\/?page_id=455"},"modified":"2021-05-07T09:25:41","modified_gmt":"2021-05-07T12:25:41","slug":"prof-mauro-valdir-schumacher-palestrou-no-workshop-online-florestas-plantadas-ofertas-e-qualidade-da-agua-da-apre","status":"publish","type":"page","link":"https:\/\/www.ufsm.br\/laboratorios\/labeflo\/prof-mauro-valdir-schumacher-palestrou-no-workshop-online-florestas-plantadas-ofertas-e-qualidade-da-agua-da-apre","title":{"rendered":"Prof. Mauro Valdir Schumacher palestrou no Workshop Online \u201cFlorestas Plantadas: Ofertas e Qualidade da \u00c1gua\u201d da APRE."},"content":{"rendered":"\n<p>A APRE realizou o Workshop Online \u201cFlorestas Plantadas: Ofertas e Qualidade da \u00c1gua\u201d, onde no dia 06 de maio de 2021 o Prof. Mauro Valdir Schumacher ministrou a palestra &#8220;A Silvicultura de Pinus e Eucalipto e a Rela\u00e7\u00e3o com a \u00c1gua&#8221;. Para mais informa\u00e7\u00f5es sobre o evento, clique <a href=\"https:\/\/apreflorestas.com.br\/evento\/ws-florestas-plantadas-oferta-e-qualidade-da-agua\/\">aqui.<\/a><\/p>\n","protected":false},"excerpt":{"rendered":"<p>A APRE realizou o Workshop Online \u201cFlorestas Plantadas: Ofertas e Qualidade da \u00c1gua\u201d, onde no dia 06 de maio de 2021 o Prof. Mauro Valdir Schumacher ministrou a palestra &#8220;A Silvicultura de Pinus e Eucalipto e a Rela\u00e7\u00e3o com a \u00c1gua&#8221;. Para mais informa\u00e7\u00f5es sobre o evento, clique aqui.<\/p>\n","protected":false},"author":2847,"featured_media":0,"parent":0,"menu_order":0,"comment_status":"closed","ping_status":"closed","template":"","meta":{"footnotes":""},"categories":[],"tags":[],"class_list":["post-455","page","type-page","status-publish","hentry"],"acf":[],"_links":{"self":[{"href":"https:\/\/www.ufsm.br\/laboratorios\/labeflo\/wp-json\/wp\/v2\/pages\/455","targetHints":{"allow":["GET"]}}],"collection":[{"href":"https:\/\/www.ufsm.br\/laboratorios\/labeflo\/wp-json\/wp\/v2\/pages"}],"about":[{"href":"https:\/\/www.ufsm.br\/laboratorios\/labeflo\/wp-json\/wp\/v2\/types\/page"}],"author":[{"embeddable":true,"href":"https:\/\/www.ufsm.br\/laboratorios\/labeflo\/wp-json\/wp\/v2\/users\/2847"}],"replies":[{"embeddable":true,"href":"https:\/\/www.ufsm.br\/laboratorios\/labeflo\/wp-json\/wp\/v2\/comments?post=455"}],"version-history":[{"count":0,"href":"https:\/\/www.ufsm.br\/laboratorios\/labeflo\/wp-json\/wp\/v2\/pages\/455\/revisions"}],"wp:attachment":[{"href":"https:\/\/www.ufsm.br\/laboratorios\/labeflo\/wp-json\/wp\/v2\/media?parent=455"}],"wp:term":[{"taxonomy":"category","embeddable":true,"href":"https:\/\/www.ufsm.br\/laboratorios\/labeflo\/wp-json\/wp\/v2\/categories?post=455"},{"taxonomy":"post_tag","embeddable":true,"href":"https:\/\/www.ufsm.br\/laboratorios\/labeflo\/wp-json\/wp\/v2\/tags?post=455"}],"curies":[{"name":"wp","href":"https:\/\/api.w.org\/{rel}","templated":true}]}}