{"id":469,"date":"2021-08-02T19:07:37","date_gmt":"2021-08-02T22:07:37","guid":{"rendered":"https:\/\/www.ufsm.br\/laboratorios\/labeflo\/?page_id=469"},"modified":"2021-08-02T19:10:39","modified_gmt":"2021-08-02T22:10:39","slug":"podcast-falando-em-floresta","status":"publish","type":"page","link":"https:\/\/www.ufsm.br\/laboratorios\/labeflo\/podcast-falando-em-floresta","title":{"rendered":"Podcast Falando em Floresta"},"content":{"rendered":"\n<p>Novo epis\u00f3dio do Podcast Falando em Floresta, do IPEF: O cen\u00e1rio atual e futuro do cultivo do Pinus no Brasil \ud83c\udf32\ud83c\udf32\ud83c\udf32<\/p>\n<p>No epis\u00f3dio, Matheus S. Kulmann, coordenador do Programa Cooperativo sobre Pesquisa do Pinus no Brasil (PPPIB), conversa com Jos\u00e9 Totti, Diretor Florestal na Klabin, sobre o in\u00edcio das planta\u00e7\u00f5es de Pinus pela companhia, a atualidade dos cultivos e estrat\u00e9gias para enfrentar poss\u00edveis mudan\u00e7as clim\u00e1ticas.<\/p>\n<p>O bate-papo traz considera\u00e7\u00f5es sobre os desafios enfrentados nos primeiros anos de florestas plantadas pela empresa, bem como solu\u00e7\u00f5es tomadas em virtude de adversidades impostas, resultados de experi\u00eancias pr\u00e1ticas que foram essenciais para garantir o sucesso atual da Klabin.<\/p>\n<p>Vamos Falar em Floresta com o IPEF?<br \/>Episodio dispon\u00edvel em: <a href=\"https:\/\/open.spotify.com\/episode\/5In6Xe8QufaX6hZtzp7oUb\">https:\/\/open.spotify.com\/episode\/5In6Xe8QufaX6hZtzp7oUb<\/a><\/p>\n","protected":false},"excerpt":{"rendered":"<p>Novo epis\u00f3dio do Podcast Falando em Floresta, do IPEF: O cen\u00e1rio atual e futuro do cultivo do Pinus no Brasil \ud83c\udf32\ud83c\udf32\ud83c\udf32 No epis\u00f3dio, Matheus S. Kulmann, coordenador do Programa Cooperativo sobre Pesquisa do Pinus no Brasil (PPPIB), conversa com Jos\u00e9 Totti, Diretor Florestal na Klabin, sobre o in\u00edcio das planta\u00e7\u00f5es de Pinus pela companhia, a [&hellip;]<\/p>\n","protected":false},"author":2846,"featured_media":0,"parent":0,"menu_order":0,"comment_status":"closed","ping_status":"closed","template":"","meta":{"footnotes":""},"categories":[],"tags":[],"class_list":["post-469","page","type-page","status-publish","hentry"],"acf":[],"_links":{"self":[{"href":"https:\/\/www.ufsm.br\/laboratorios\/labeflo\/wp-json\/wp\/v2\/pages\/469","targetHints":{"allow":["GET"]}}],"collection":[{"href":"https:\/\/www.ufsm.br\/laboratorios\/labeflo\/wp-json\/wp\/v2\/pages"}],"about":[{"href":"https:\/\/www.ufsm.br\/laboratorios\/labeflo\/wp-json\/wp\/v2\/types\/page"}],"author":[{"embeddable":true,"href":"https:\/\/www.ufsm.br\/laboratorios\/labeflo\/wp-json\/wp\/v2\/users\/2846"}],"replies":[{"embeddable":true,"href":"https:\/\/www.ufsm.br\/laboratorios\/labeflo\/wp-json\/wp\/v2\/comments?post=469"}],"version-history":[{"count":0,"href":"https:\/\/www.ufsm.br\/laboratorios\/labeflo\/wp-json\/wp\/v2\/pages\/469\/revisions"}],"wp:attachment":[{"href":"https:\/\/www.ufsm.br\/laboratorios\/labeflo\/wp-json\/wp\/v2\/media?parent=469"}],"wp:term":[{"taxonomy":"category","embeddable":true,"href":"https:\/\/www.ufsm.br\/laboratorios\/labeflo\/wp-json\/wp\/v2\/categories?post=469"},{"taxonomy":"post_tag","embeddable":true,"href":"https:\/\/www.ufsm.br\/laboratorios\/labeflo\/wp-json\/wp\/v2\/tags?post=469"}],"curies":[{"name":"wp","href":"https:\/\/api.w.org\/{rel}","templated":true}]}}