{"id":2,"date":"2019-05-14T15:59:30","date_gmt":"2019-05-14T18:59:30","guid":{"rendered":"https:\/\/www.ufsm.br\/laboratorios-larp\/?page_id=2"},"modified":"2022-05-13T17:12:10","modified_gmt":"2022-05-13T20:12:10","slug":"pagina-inicial","status":"publish","type":"page","link":"https:\/\/www.ufsm.br\/laboratorios\/laben\/","title":{"rendered":"P\u00e1gina inicial"},"content":{"rendered":"\t\t<div data-elementor-type=\"wp-post\" data-elementor-id=\"2\" class=\"elementor elementor-2\">\n\t\t\t\t\t\t<section class=\"elementor-section elementor-top-section elementor-element elementor-element-486969a elementor-section-boxed elementor-section-height-default elementor-section-height-default\" data-id=\"486969a\" data-element_type=\"section\">\n\t\t\t\t\t\t<div class=\"elementor-container elementor-column-gap-default\">\n\t\t\t\t\t<div class=\"elementor-column elementor-col-100 elementor-top-column elementor-element elementor-element-89fa6d9\" data-id=\"89fa6d9\" data-element_type=\"column\">\n\t\t\t<div class=\"elementor-widget-wrap elementor-element-populated\">\n\t\t\t\t\t\t<div class=\"elementor-element elementor-element-5941cd7 elementor-arrows-position-inside elementor-pagination-position-outside elementor-widget elementor-widget-image-carousel\" data-id=\"5941cd7\" data-element_type=\"widget\" data-settings=\"{&quot;slides_to_show&quot;:&quot;1&quot;,&quot;navigation&quot;:&quot;both&quot;,&quot;autoplay&quot;:&quot;yes&quot;,&quot;pause_on_hover&quot;:&quot;yes&quot;,&quot;pause_on_interaction&quot;:&quot;yes&quot;,&quot;autoplay_speed&quot;:5000,&quot;infinite&quot;:&quot;yes&quot;,&quot;effect&quot;:&quot;slide&quot;,&quot;speed&quot;:500}\" data-widget_type=\"image-carousel.default\">\n\t\t\t\t<div class=\"elementor-widget-container\">\n\t\t\t\t\t<div class=\"elementor-image-carousel-wrapper swiper\" dir=\"ltr\">\n\t\t\t<div class=\"elementor-image-carousel swiper-wrapper\" aria-live=\"off\">\n\t\t\t\t\t\t\t\t<div class=\"swiper-slide\" role=\"group\" aria-roledescription=\"slide\" aria-label=\"1 of 8\"><figure class=\"swiper-slide-inner\"><img decoding=\"async\" class=\"swiper-slide-image\" src=\"https:\/\/www.ufsm.br\/app\/uploads\/sites\/848\/2020\/12\/H.png\" alt=\"H\" \/><\/figure><\/div><div class=\"swiper-slide\" role=\"group\" aria-roledescription=\"slide\" aria-label=\"2 of 8\"><figure class=\"swiper-slide-inner\"><img decoding=\"async\" class=\"swiper-slide-image\" src=\"https:\/\/www.ufsm.br\/app\/uploads\/sites\/848\/2020\/12\/Z.png\" alt=\"Z\" \/><\/figure><\/div><div class=\"swiper-slide\" role=\"group\" aria-roledescription=\"slide\" aria-label=\"3 of 8\"><figure class=\"swiper-slide-inner\"><img decoding=\"async\" class=\"swiper-slide-image\" src=\"https:\/\/www.ufsm.br\/app\/uploads\/sites\/848\/2020\/12\/S.png\" alt=\"S\" \/><\/figure><\/div><div class=\"swiper-slide\" role=\"group\" aria-roledescription=\"slide\" aria-label=\"4 of 8\"><figure class=\"swiper-slide-inner\"><img decoding=\"async\" class=\"swiper-slide-image\" src=\"https:\/\/www.ufsm.br\/app\/uploads\/sites\/848\/2020\/12\/K.png\" alt=\"K\" \/><\/figure><\/div><div class=\"swiper-slide\" role=\"group\" aria-roledescription=\"slide\" aria-label=\"5 of 8\"><figure class=\"swiper-slide-inner\"><img decoding=\"async\" class=\"swiper-slide-image\" src=\"https:\/\/www.ufsm.br\/app\/uploads\/sites\/848\/2020\/12\/L.png\" alt=\"L\" \/><\/figure><\/div><div class=\"swiper-slide\" role=\"group\" aria-roledescription=\"slide\" aria-label=\"6 of 8\"><figure class=\"swiper-slide-inner\"><img decoding=\"async\" class=\"swiper-slide-image\" src=\"https:\/\/www.ufsm.br\/app\/uploads\/sites\/848\/2020\/12\/R.png\" alt=\"R\" \/><\/figure><\/div><div class=\"swiper-slide\" role=\"group\" aria-roledescription=\"slide\" aria-label=\"7 of 8\"><figure class=\"swiper-slide-inner\"><img decoding=\"async\" class=\"swiper-slide-image\" src=\"https:\/\/www.ufsm.br\/app\/uploads\/sites\/848\/2020\/12\/P.png\" alt=\"P\" \/><\/figure><\/div><div class=\"swiper-slide\" role=\"group\" aria-roledescription=\"slide\" aria-label=\"8 of 8\"><figure class=\"swiper-slide-inner\"><img decoding=\"async\" class=\"swiper-slide-image\" src=\"https:\/\/www.ufsm.br\/app\/uploads\/sites\/848\/2020\/12\/Q.png\" alt=\"Q\" \/><\/figure><\/div>\t\t\t<\/div>\n\t\t\t\t\t\t\t\t\t\t\t\t<div class=\"elementor-swiper-button elementor-swiper-button-prev\" role=\"button\" tabindex=\"0\">\n\t\t\t\t\t\t<i aria-hidden=\"true\" class=\"eicon-chevron-left\"><\/i>\t\t\t\t\t<\/div>\n\t\t\t\t\t<div class=\"elementor-swiper-button elementor-swiper-button-next\" role=\"button\" tabindex=\"0\">\n\t\t\t\t\t\t<i aria-hidden=\"true\" class=\"eicon-chevron-right\"><\/i>\t\t\t\t\t<\/div>\n\t\t\t\t\n\t\t\t\t\t\t\t\t\t<div class=\"swiper-pagination\"><\/div>\n\t\t\t\t\t\t\t\t\t<\/div>\n\t\t\t\t<\/div>\n\t\t\t\t<\/div>\n\t\t\t\t\t<\/div>\n\t\t<\/div>\n\t\t\t\t\t<\/div>\n\t\t<\/section>\n\t\t\t\t<section class=\"elementor-section elementor-top-section elementor-element elementor-element-31fda3f1 elementor-section-boxed elementor-section-height-default elementor-section-height-default\" data-id=\"31fda3f1\" data-element_type=\"section\">\n\t\t\t\t\t\t<div class=\"elementor-container elementor-column-gap-default\">\n\t\t\t\t\t<div class=\"elementor-column elementor-col-100 elementor-top-column elementor-element elementor-element-7c1b024\" data-id=\"7c1b024\" data-element_type=\"column\">\n\t\t\t<div class=\"elementor-widget-wrap elementor-element-populated\">\n\t\t\t\t\t\t<div class=\"elementor-element elementor-element-8d9b83a elementor-widget elementor-widget-heading\" data-id=\"8d9b83a\" data-element_type=\"widget\" data-widget_type=\"heading.default\">\n\t\t\t\t<div class=\"elementor-widget-container\">\n\t\t\t<h5 class=\"elementor-heading-title elementor-size-default\">Apresenta\u00e7\u00e3o<\/h5>\t\t<\/div>\n\t\t\t\t<\/div>\n\t\t\t\t<div class=\"elementor-element elementor-element-c8da605 elementor-widget elementor-widget-text-editor\" data-id=\"c8da605\" data-element_type=\"widget\" data-widget_type=\"text-editor.default\">\n\t\t\t\t<div class=\"elementor-widget-container\">\n\t\t\t\t\t\t\t<p>O grupo tem por objetivo promover pesquisas relacionadas com a aplica\u00e7\u00e3o e desenvolvimento da Engenharia Natural em \u00e2mbito brasileiro, nomeadamente estudos relativos ao emprego e desenvolvimento de solu\u00e7\u00f5es construtivas para proporcionar estabilidade e prote\u00e7\u00e3o de taludes fluviais e \u00e1reas em processo erosivo, recupera\u00e7\u00e3o de \u00e1reas degradadas, renaturaliza\u00e7\u00e3o de ambientes naturais impactados por interven\u00e7\u00f5es antr\u00f3picas, propaga\u00e7\u00e3o e utiliza\u00e7\u00e3o de vegeta\u00e7\u00e3o nativa, metodologias para elabora\u00e7\u00e3o de projetos e de especifica\u00e7\u00e3o de plantas como material construtivo.<\/p>\t\t\t\t\t\t<\/div>\n\t\t\t\t<\/div>\n\t\t\t\t\t<\/div>\n\t\t<\/div>\n\t\t\t\t\t<\/div>\n\t\t<\/section>\n\t\t\t\t<section class=\"elementor-section elementor-top-section elementor-element elementor-element-7416eee elementor-section-boxed elementor-section-height-default elementor-section-height-default\" data-id=\"7416eee\" data-element_type=\"section\">\n\t\t\t\t\t\t<div class=\"elementor-container elementor-column-gap-default\">\n\t\t\t\t\t<div class=\"elementor-column elementor-col-100 elementor-top-column elementor-element elementor-element-fff47c8\" data-id=\"fff47c8\" data-element_type=\"column\">\n\t\t\t<div class=\"elementor-widget-wrap elementor-element-populated\">\n\t\t\t\t\t\t<div class=\"elementor-element elementor-element-203a095 elementor-widget elementor-widget-wp-widget-ufsm_utilidades\" data-id=\"203a095\" data-element_type=\"widget\" data-widget_type=\"wp-widget-ufsm_utilidades.default\">\n\t\t\t\t<div class=\"elementor-widget-container\">\n\t\t\t\t\t<h5 class=\"card-title titulo-conteudos\">Utilidades<\/h5>\n\t\t\t\t\n\t\t<div class=\"row d-flex justify-content-around\">\n\t\t\t\t\t\t\t<div class=\"col-12 col-sm-6 col-md-2 mt-4 text-center\">\n\t\t\t\t\t\t\t\t\t\t\t<a href=\"https:\/\/www.ufsm.br\/laboratorios\/laben\/equipe\" class=\"item-utilidades d-block\">\n\t\t\t\t\t\t\t\t\t\t<i class=\"fa fa-group animation-pulse\" aria-hidden=\"true\"><\/i><b>Equipe<\/b><\/a>\n\t\t\t\t<\/div>\n\t\t\t\t\t\t\t<div class=\"col-12 col-sm-6 col-md-2 mt-4 text-center\">\n\t\t\t\t\t\t\t\t\t\t\t<a href=\"https:\/\/www.ufsm.br\/laboratorios\/laben\/producao-cientifica\" class=\"item-utilidades d-block\">\n\t\t\t\t\t\t\t\t\t\t<i class=\"fa fa-quote-right animation-pulse\" aria-hidden=\"true\"><\/i><b>Produ\u00e7\u00e3o Cient\u00edfica<\/b><\/a>\n\t\t\t\t<\/div>\n\t\t\t\t\t\t\t<div class=\"col-12 col-sm-6 col-md-2 mt-4 text-center\">\n\t\t\t\t\t\t\t\t\t\t\t<a href=\"https:\/\/www.ufsm.br\/laboratorios\/laben\/projetos\" class=\"item-utilidades d-block\">\n\t\t\t\t\t\t\t\t\t\t<i class=\"fa fa-thumb-tack animation-pulse\" aria-hidden=\"true\"><\/i><b>Projetos<\/b><\/a>\n\t\t\t\t<\/div>\n\t\t\t\t\t<\/div>\n\t\t\t\t<\/div>\n\t\t\t\t<\/div>\n\t\t\t\t\t<\/div>\n\t\t<\/div>\n\t\t\t\t\t<\/div>\n\t\t<\/section>\n\t\t\t\t<section class=\"elementor-section elementor-top-section elementor-element elementor-element-399195b elementor-section-boxed elementor-section-height-default elementor-section-height-default\" data-id=\"399195b\" data-element_type=\"section\">\n\t\t\t\t\t\t<div class=\"elementor-container elementor-column-gap-default\">\n\t\t\t\t\t<div class=\"elementor-column elementor-col-100 elementor-top-column elementor-element elementor-element-8759219\" data-id=\"8759219\" data-element_type=\"column\">\n\t\t\t<div class=\"elementor-widget-wrap elementor-element-populated\">\n\t\t\t\t\t\t<div class=\"elementor-element elementor-element-b327021 elementor-widget elementor-widget-wp-widget-ufsm_noticias_widget\" data-id=\"b327021\" data-element_type=\"widget\" data-widget_type=\"wp-widget-ufsm_noticias_widget.default\">\n\t\t\t\t<div class=\"elementor-widget-container\">\n\t\t\t<h5 class='titulo-conteudos'>Not\u00edcias<\/h5><div class='widget-noticias-inside'>\n                        <div class=\"row\">\n                                    <div class=\"col-12 col-lg-12 pb-4\">\n                                        \n                                        \n                    \n                    <a class=\"noticias-widget-title d-block \"  title=\"Obra de estabiliza\u00e7\u00e3o e recupera\u00e7\u00e3o de \u00c1rea de Preserva\u00e7\u00e3o Permanente (APP) no rio Pardinho, Santa Cruz do Sul, RS\" href=\"https:\/\/www.ufsm.br\/laboratorios\/laben\/2020\/11\/23\/obra-de-estabilizacao-e-recuperacao-de-area-de-preservacao-permanente-app-no-rio-pardinho-santa-cruz-do-sul-rs\">\n                                                Obra de estabiliza\u00e7\u00e3o e recupera\u00e7\u00e3o de \u00c1rea de Preserva\u00e7\u00e3o Permanente (APP) no rio Pardinho, Santa Cruz do Sul, RS                    <\/a>\n                    \n                                            <div class=\"noticias-widget-introtext\">\n                            Confiram a s\u00e9rie hist\u00f3rica e evolu\u00e7\u00e3o da obra de Enegnharia Natural, basta clicar aqui                        <\/div>\n                    \n                                        \n                                        \n                                        <\/div>\n                            <\/div>\n                    <div class=\"row\">\n                                    <div class=\"col-12 col-lg-12 pb-4\">\n                                        \n                                        \n                    \n                    <a class=\"noticias-widget-title d-block \"  title=\"Semin\u00e1rio sobre Recupera\u00e7\u00e3o de \u00c1reas Degradadas &#8211; 09 &#8211; 13.11\" href=\"https:\/\/www.ufsm.br\/laboratorios\/laben\/2020\/11\/13\/seminario-sobre-recuperacao-de-areas-degradadas-09-13-11\">\n                                                Semin\u00e1rio sobre Recupera\u00e7\u00e3o de \u00c1reas Degradadas &#8211; 09 &#8211; 13.11                    <\/a>\n                    \n                                            <div class=\"noticias-widget-introtext\">\n                            Semin\u00e1rio sobre Recupera\u00e7\u00e3o de \u00c1reas Degradadas &#8211; 09 &#8211; 13.11 O Laborat\u00f3rio de Engenharia Natural (LabEN) participar\u00e1 do Semin\u00e1rio sobre Recupera\u00e7\u00e3o de \u00c1reas Degradadas a ser realizado entre os dias 09 e 13.11 pela Sociedade Brasileira de Recupera\u00e7\u00e3o de \u00c1reas&hellip;                        <\/div>\n                    \n                                        \n                                        \n                                        <\/div>\n                            <\/div>\n                    <div class=\"row\">\n                                    <div class=\"col-12 col-lg-12 pb-4\">\n                                        \n                                        \n                    \n                    <a class=\"noticias-widget-title d-block \"  title=\"II F\u00f3rum de Tecnologia, Oportunidades e Sustentabilidade\" href=\"https:\/\/www.ufsm.br\/laboratorios\/laben\/2020\/09\/17\/ii-forum-de-tecnologia-oportunidades-e-sustentabilidade\">\n                                                II F\u00f3rum de Tecnologia, Oportunidades e Sustentabilidade                    <\/a>\n                    \n                                            <div class=\"noticias-widget-introtext\">\n                            O Laborat\u00f3rio de Engenharia Natural (LabEN) da Universidade Federal de Santa Maria (UFSM) participou do II F\u00f3rum de Tecnologia, Oportunidades e Sustentabilidade com palestra ministrada sobre o tema &#8220;Revitaliza\u00e7\u00e3o de rios&#8221;. Na ocasi\u00e3o abordamos a problem\u00e1tica dos rios brasileiros e&hellip;                        <\/div>\n                    \n                                        \n                                        \n                                        <\/div>\n                            <\/div>\n                    <div class=\"row\">\n                                    <div class=\"col-12 col-lg-12 pb-4\">\n                                        \n                                        \n                    \n                    <a class=\"noticias-widget-title d-block \"  title=\"XII Simp\u00f3sio Nacional sobre Recupera\u00e7\u00e3o de \u00c1reas Degradadas &#8211; Bel\u00e9m &#8211; PA\" href=\"https:\/\/www.ufsm.br\/laboratorios\/laben\/2019\/11\/10\/xii-simposio-nacional-sobre-recuperacao-de-areas-degradadas-belem-pa\">\n                                                XII Simp\u00f3sio Nacional sobre Recupera\u00e7\u00e3o de \u00c1reas Degradadas &#8211; Bel\u00e9m &#8211; PA                    <\/a>\n                    \n                                            <div class=\"noticias-widget-introtext\">\n                            XII Simp\u00f3sio Nacional sobre Recupera\u00e7\u00e3o de \u00c1reas Degradadas &#8211; Bel\u00e9m &#8211; PA O Laborat\u00f3rio de Engenharia Natural participar\u00e1 do XII Simp\u00f3sio Nacional sobre Recupera\u00e7\u00e3o de \u00c1reas Degradadas, evento que ser\u00e1 promovido pela Sociedade Brasileira de Recupera\u00e7\u00e3o de \u00c1reas Degradadas (SOBRADE)&hellip;                        <\/div>\n                    \n                                        \n                                        \n                                        <\/div>\n                            <\/div>\n                    <div class=\"row\">\n                                    <div class=\"col-12 col-lg-12 pb-4\">\n                                        \n                                        \n                    \n                    <a class=\"noticias-widget-title d-block \"  title=\"5\u00b0 Simp\u00f3sio sobre Sistemas Sustent\u00e1veis &#8211; Porto Alegre, RS\" href=\"https:\/\/www.ufsm.br\/laboratorios\/laben\/2019\/11\/02\/5-simposio-sobre-sistemas-sustentaveis-porto-alegre-rs\">\n                                                5\u00b0 Simp\u00f3sio sobre Sistemas Sustent\u00e1veis &#8211; Porto Alegre, RS                    <\/a>\n                    \n                                            <div class=\"noticias-widget-introtext\">\n                            5\u00b0 Simp\u00f3sio sobre Sistemas Sustent\u00e1veis &#8211; Porto Alegre, RS O Laborat\u00f3rio de Engenharia Natural (LabEN) participar\u00e1 do 5\u00b0 SSS que ocorrer\u00e1 entre os dias 02 e 03.11.2019 no Centro de Eventos CIEE em Porto Alegre, RS. Na ocasi\u00e3o ser\u00e3o apresentados&hellip;                        <\/div>\n                    \n                                        \n                                        \n                                        <\/div>\n                            <\/div>\n            <\/div>\n<div class=\"leia-mais p-1\">\n                <a href=\"https:\/\/www.ufsm.br\/laboratorios\/laben\/category\/noticias\/\">\n            LEIA MAIS            <span class=\"icon-box\">\n                <span class=\"bg-ufsm-widget-icon\">\n                    <i class=\"fas fa-chevron-right\" aria-hidden=\"true\"><\/i>\n                <\/span>\n            <\/span>\n        <\/a>\n    <\/div>\n\t\t<\/div>\n\t\t\t\t<\/div>\n\t\t\t\t\t<\/div>\n\t\t<\/div>\n\t\t\t\t\t<\/div>\n\t\t<\/section>\n\t\t\t\t<\/div>\n\t\t","protected":false},"excerpt":{"rendered":"<p>Anterior Pr\u00f3ximo Apresenta\u00e7\u00e3o O grupo tem por objetivo promover pesquisas relacionadas com a aplica\u00e7\u00e3o e desenvolvimento da Engenharia Natural em \u00e2mbito brasileiro, nomeadamente estudos relativos ao emprego e desenvolvimento de solu\u00e7\u00f5es construtivas para proporcionar estabilidade e prote\u00e7\u00e3o de taludes fluviais e \u00e1reas em processo erosivo, recupera\u00e7\u00e3o de \u00e1reas degradadas, renaturaliza\u00e7\u00e3o de ambientes naturais impactados por [&hellip;]<\/p>\n","protected":false},"author":26,"featured_media":0,"parent":0,"menu_order":0,"comment_status":"closed","ping_status":"open","template":"","meta":{"footnotes":""},"categories":[],"tags":[],"class_list":["post-2","page","type-page","status-publish","hentry"],"acf":[],"_links":{"self":[{"href":"https:\/\/www.ufsm.br\/laboratorios\/laben\/wp-json\/wp\/v2\/pages\/2","targetHints":{"allow":["GET"]}}],"collection":[{"href":"https:\/\/www.ufsm.br\/laboratorios\/laben\/wp-json\/wp\/v2\/pages"}],"about":[{"href":"https:\/\/www.ufsm.br\/laboratorios\/laben\/wp-json\/wp\/v2\/types\/page"}],"author":[{"embeddable":true,"href":"https:\/\/www.ufsm.br\/laboratorios\/laben\/wp-json\/wp\/v2\/users\/26"}],"replies":[{"embeddable":true,"href":"https:\/\/www.ufsm.br\/laboratorios\/laben\/wp-json\/wp\/v2\/comments?post=2"}],"version-history":[{"count":0,"href":"https:\/\/www.ufsm.br\/laboratorios\/laben\/wp-json\/wp\/v2\/pages\/2\/revisions"}],"wp:attachment":[{"href":"https:\/\/www.ufsm.br\/laboratorios\/laben\/wp-json\/wp\/v2\/media?parent=2"}],"wp:term":[{"taxonomy":"category","embeddable":true,"href":"https:\/\/www.ufsm.br\/laboratorios\/laben\/wp-json\/wp\/v2\/categories?post=2"},{"taxonomy":"post_tag","embeddable":true,"href":"https:\/\/www.ufsm.br\/laboratorios\/laben\/wp-json\/wp\/v2\/tags?post=2"}],"curies":[{"name":"wp","href":"https:\/\/api.w.org\/{rel}","templated":true}]}}