{"id":66,"date":"2020-12-09T14:42:47","date_gmt":"2020-12-09T17:42:47","guid":{"rendered":"https:\/\/www.ufsm.br\/laboratorios\/laben\/?page_id=66"},"modified":"2020-12-10T11:11:59","modified_gmt":"2020-12-10T14:11:59","slug":"pos-graduacao","status":"publish","type":"page","link":"https:\/\/www.ufsm.br\/laboratorios\/laben\/pos-graduacao","title":{"rendered":"P\u00f3s-Gradua\u00e7\u00e3o"},"content":{"rendered":"\n<p><strong>Disciplinas ministradas no curso de p\u00f3s-gradua\u00e7\u00e3o em Engenharia Florestal (PPGEF):<\/strong><\/p>\n<p>\u00a0<\/p>\n<p><a href=\"https:\/\/www.ufsm.br\/ementario\/disciplinas\/cfl879\"><em>CFL 879 &#8211; T\u00e9cnicas de Engenharia Natural<\/em><\/a><\/p>\n<p><a href=\"https:\/\/www.ufsm.br\/ementario\/disciplinas\/cfl892\"><em>CFL 892 &#8211; Projetos em Engenharia Natural<\/em><\/a><\/p>\n<p><a href=\"https:\/\/www.ufsm.br\/ementario\/disciplinas\/apg303\"><em>APG 303 &#8211; Doc\u00eancia orientada I<\/em><\/a><\/p>\n<p><a href=\"https:\/\/www.ufsm.br\/ementario\/disciplinas\/apg304\"><em>APG 304 &#8211; Doc\u00eancia orientada II<\/em><\/a><\/p>\n<p><a href=\"https:\/\/www.ufsm.br\/ementario\/disciplinas\/cfl871\"><em>CFL 871 &#8211; T\u00f3pico especial I &#8220;A&#8221;<\/em><\/a><\/p>\n<p><a href=\"https:\/\/www.ufsm.br\/ementario\/disciplinas\/cfl872\"><em>CFL 872 &#8211; T\u00f3pico especial II &#8220;A&#8221;<\/em><\/a><\/p>\n","protected":false},"excerpt":{"rendered":"<p>Disciplinas ministradas no curso de p\u00f3s-gradua\u00e7\u00e3o em Engenharia Florestal (PPGEF): \u00a0 CFL 879 &#8211; T\u00e9cnicas de Engenharia Natural CFL 892 &#8211; Projetos em Engenharia Natural APG 303 &#8211; Doc\u00eancia orientada I APG 304 &#8211; Doc\u00eancia orientada II CFL 871 &#8211; T\u00f3pico especial I &#8220;A&#8221; CFL 872 &#8211; T\u00f3pico especial II &#8220;A&#8221;<\/p>\n","protected":false},"author":867,"featured_media":0,"parent":0,"menu_order":0,"comment_status":"closed","ping_status":"closed","template":"","meta":{"footnotes":""},"categories":[],"tags":[],"class_list":["post-66","page","type-page","status-publish","hentry"],"acf":[],"_links":{"self":[{"href":"https:\/\/www.ufsm.br\/laboratorios\/laben\/wp-json\/wp\/v2\/pages\/66","targetHints":{"allow":["GET"]}}],"collection":[{"href":"https:\/\/www.ufsm.br\/laboratorios\/laben\/wp-json\/wp\/v2\/pages"}],"about":[{"href":"https:\/\/www.ufsm.br\/laboratorios\/laben\/wp-json\/wp\/v2\/types\/page"}],"author":[{"embeddable":true,"href":"https:\/\/www.ufsm.br\/laboratorios\/laben\/wp-json\/wp\/v2\/users\/867"}],"replies":[{"embeddable":true,"href":"https:\/\/www.ufsm.br\/laboratorios\/laben\/wp-json\/wp\/v2\/comments?post=66"}],"version-history":[{"count":0,"href":"https:\/\/www.ufsm.br\/laboratorios\/laben\/wp-json\/wp\/v2\/pages\/66\/revisions"}],"wp:attachment":[{"href":"https:\/\/www.ufsm.br\/laboratorios\/laben\/wp-json\/wp\/v2\/media?parent=66"}],"wp:term":[{"taxonomy":"category","embeddable":true,"href":"https:\/\/www.ufsm.br\/laboratorios\/laben\/wp-json\/wp\/v2\/categories?post=66"},{"taxonomy":"post_tag","embeddable":true,"href":"https:\/\/www.ufsm.br\/laboratorios\/laben\/wp-json\/wp\/v2\/tags?post=66"}],"curies":[{"name":"wp","href":"https:\/\/api.w.org\/{rel}","templated":true}]}}