{"id":22,"date":"2019-05-14T17:01:42","date_gmt":"2019-05-14T20:01:42","guid":{"rendered":"https:\/\/www.ufsm.br\/template-laboratprio\/?page_id=22"},"modified":"2020-08-31T17:59:30","modified_gmt":"2020-08-31T20:59:30","slug":"informacoes-gerais","status":"publish","type":"page","link":"https:\/\/www.ufsm.br\/laboratorios\/labenf\/informacoes-gerais","title":{"rendered":"Sobre"},"content":{"rendered":"\n<p><span style=\"font-weight: 400;\">O laborat\u00f3rio de Enfermagem da Universidade Federal de Santa Maria- LABENF \u00e9 um ambiente de apoio did\u00e1tico-pedag\u00f3gico para as atividades de ensino, pesquisa e extens\u00e3o do Curso de Enfermagem. As metodologias de aprendizado deste espa\u00e7o favorecem a aquisi\u00e7\u00e3o de destreza manual e cognitiva do discente, em situa\u00e7\u00f5es simuladas, necess\u00e1rias para assist\u00eancia e cuidado de enfermagem.\u00a0<\/span><\/p>\n<p><b>Os objetivos do LABENF:\u00a0<\/b><\/p>\n<ul>\n<li><span style=\"font-weight: 400;\">Promover ambiente adequado ao discente de enfermagem para o desenvolvimento de habilidades psicomotoras e cognitivas, por meio de pr\u00e1ticas simuladas;<\/span><\/li>\n<li><span style=\"font-weight: 400;\">Proporcionar recursos did\u00e1tico-pedag\u00f3gicos \u00e0 realiza\u00e7\u00e3o de atividades pr\u00e1ticas de ensino, pesquisa e extens\u00e3o;<\/span><\/li>\n<li><span style=\"font-weight: 400;\">Instituir um ambiente de aprendizagem, semelhante ao que \u00e9 proporcionado nos campos de pr\u00e1tica de enfermagem nos diferentes cen\u00e1rios de aten\u00e7\u00e3o em sa\u00fade, possibilitando a minimiza\u00e7\u00e3o de eventuais dificuldades a serem encontradas pelos discentes;<\/span><\/li>\n<li><span style=\"font-weight: 400;\">Desenvolver o ensino te\u00f3rico-pr\u00e1tico a partir do uso de equipamentos que simulam situa\u00e7\u00f5es reais em sa\u00fade;<\/span><\/li>\n<\/ul>\n","protected":false},"excerpt":{"rendered":"<p>O laborat\u00f3rio de Enfermagem da Universidade Federal de Santa Maria- LABENF \u00e9 um ambiente de apoio did\u00e1tico-pedag\u00f3gico para as atividades de ensino, pesquisa e extens\u00e3o do Curso de Enfermagem. As metodologias de aprendizado deste espa\u00e7o favorecem a aquisi\u00e7\u00e3o de destreza manual e cognitiva do discente, em situa\u00e7\u00f5es simuladas, necess\u00e1rias para assist\u00eancia e cuidado de enfermagem.\u00a0 [&hellip;]<\/p>\n","protected":false},"author":8,"featured_media":0,"parent":0,"menu_order":0,"comment_status":"closed","ping_status":"closed","template":"","meta":{"footnotes":""},"categories":[],"tags":[],"class_list":["post-22","page","type-page","status-publish","hentry"],"acf":[],"_links":{"self":[{"href":"https:\/\/www.ufsm.br\/laboratorios\/labenf\/wp-json\/wp\/v2\/pages\/22","targetHints":{"allow":["GET"]}}],"collection":[{"href":"https:\/\/www.ufsm.br\/laboratorios\/labenf\/wp-json\/wp\/v2\/pages"}],"about":[{"href":"https:\/\/www.ufsm.br\/laboratorios\/labenf\/wp-json\/wp\/v2\/types\/page"}],"author":[{"embeddable":true,"href":"https:\/\/www.ufsm.br\/laboratorios\/labenf\/wp-json\/wp\/v2\/users\/8"}],"replies":[{"embeddable":true,"href":"https:\/\/www.ufsm.br\/laboratorios\/labenf\/wp-json\/wp\/v2\/comments?post=22"}],"version-history":[{"count":0,"href":"https:\/\/www.ufsm.br\/laboratorios\/labenf\/wp-json\/wp\/v2\/pages\/22\/revisions"}],"wp:attachment":[{"href":"https:\/\/www.ufsm.br\/laboratorios\/labenf\/wp-json\/wp\/v2\/media?parent=22"}],"wp:term":[{"taxonomy":"category","embeddable":true,"href":"https:\/\/www.ufsm.br\/laboratorios\/labenf\/wp-json\/wp\/v2\/categories?post=22"},{"taxonomy":"post_tag","embeddable":true,"href":"https:\/\/www.ufsm.br\/laboratorios\/labenf\/wp-json\/wp\/v2\/tags?post=22"}],"curies":[{"name":"wp","href":"https:\/\/api.w.org\/{rel}","templated":true}]}}