{"id":89,"date":"2020-12-03T09:48:39","date_gmt":"2020-12-03T12:48:39","guid":{"rendered":"https:\/\/www.ufsm.br\/laboratorios\/labfala\/?page_id=89"},"modified":"2022-10-04T16:48:49","modified_gmt":"2022-10-04T19:48:49","slug":"galeria","status":"publish","type":"page","link":"https:\/\/www.ufsm.br\/laboratorios\/labfala\/galeria","title":{"rendered":"Galeria"},"content":{"rendered":"\t\t<div data-elementor-type=\"wp-page\" data-elementor-id=\"89\" class=\"elementor elementor-89\">\n\t\t\t\t\t\t<section class=\"elementor-section elementor-top-section elementor-element elementor-element-76e7a96 elementor-section-boxed elementor-section-height-default elementor-section-height-default\" data-id=\"76e7a96\" data-element_type=\"section\">\n\t\t\t\t\t\t<div class=\"elementor-container elementor-column-gap-default\">\n\t\t\t\t\t<div class=\"elementor-column elementor-col-100 elementor-top-column elementor-element elementor-element-1c92f76\" data-id=\"1c92f76\" data-element_type=\"column\">\n\t\t\t<div class=\"elementor-widget-wrap elementor-element-populated\">\n\t\t\t\t\t\t<div class=\"elementor-element elementor-element-aa94d98 elementor-widget elementor-widget-text-editor\" data-id=\"aa94d98\" data-element_type=\"widget\" data-widget_type=\"text-editor.default\">\n\t\t\t\t<div class=\"elementor-widget-container\">\n\t\t\t\t\t\t\t<p style=\"text-align: center\">No dia 20 de outubro de 2017 ocorreu o<strong>\u00a0&#8220;I Workshop em Desordens dos Sons da Fala&#8221;<\/strong><\/p><p style=\"text-align: center\">O evento ocorreu no Audit\u00f3rio do pr\u00e9dio de apoio da UFSM, sendo desenvolvido pelo LabFala<\/p><p style=\"text-align: center\">e tendo como palestrantes a Ma.Fga Caroline Portalete e a Prof.Dra.Karina Pagliarin.<\/p><p style=\"text-align: center\">Os temas abordados foram respectivamente: Avalia\u00e7\u00e3o e Reabilita\u00e7\u00e3o das Disartrofonias\u00a0<\/p><p style=\"text-align: center\">e Avalia\u00e7\u00e3o e Reabilita\u00e7\u00e3o das Afasias.<\/p><table style=\"border-collapse: collapse;width: 100%\"><tbody><tr><td style=\"width: 50%\"><img fetchpriority=\"high\" decoding=\"async\" class=\"size-medium wp-image-90 aligncenter\" src=\"https:\/\/www.ufsm.br\/app\/uploads\/sites\/847\/2020\/12\/kakhf-300x185.jpg\" alt=\"\" width=\"300\" height=\"185\" srcset=\"https:\/\/www.ufsm.br\/app\/uploads\/sites\/847\/2020\/12\/kakhf-300x185.jpg 300w, https:\/\/www.ufsm.br\/app\/uploads\/sites\/847\/2020\/12\/kakhf.jpg 720w\" sizes=\"(max-width: 300px) 100vw, 300px\" \/><\/td><td style=\"width: 50%\"><img decoding=\"async\" class=\"size-medium wp-image-91 aligncenter\" src=\"https:\/\/www.ufsm.br\/app\/uploads\/sites\/847\/2020\/12\/511c08f7-b21f-4e8a-b90f-59585a079549-300x169.jpg\" alt=\"\" width=\"300\" height=\"169\" srcset=\"https:\/\/www.ufsm.br\/app\/uploads\/sites\/847\/2020\/12\/511c08f7-b21f-4e8a-b90f-59585a079549-300x169.jpg 300w, https:\/\/www.ufsm.br\/app\/uploads\/sites\/847\/2020\/12\/511c08f7-b21f-4e8a-b90f-59585a079549-1024x576.jpg 1024w, https:\/\/www.ufsm.br\/app\/uploads\/sites\/847\/2020\/12\/511c08f7-b21f-4e8a-b90f-59585a079549-768x432.jpg 768w, https:\/\/www.ufsm.br\/app\/uploads\/sites\/847\/2020\/12\/511c08f7-b21f-4e8a-b90f-59585a079549.jpg 1280w\" sizes=\"(max-width: 300px) 100vw, 300px\" \/><\/td><\/tr><\/tbody><\/table>\t\t\t\t\t\t<\/div>\n\t\t\t\t<\/div>\n\t\t\t\t\t<\/div>\n\t\t<\/div>\n\t\t\t\t\t<\/div>\n\t\t<\/section>\n\t\t\t\t<section class=\"elementor-section elementor-top-section elementor-element elementor-element-c2253d9 elementor-section-boxed elementor-section-height-default elementor-section-height-default\" data-id=\"c2253d9\" data-element_type=\"section\">\n\t\t\t\t\t\t<div class=\"elementor-container elementor-column-gap-default\">\n\t\t\t\t\t<div class=\"elementor-column elementor-col-100 elementor-top-column elementor-element elementor-element-0484e57\" data-id=\"0484e57\" data-element_type=\"column\">\n\t\t\t<div class=\"elementor-widget-wrap elementor-element-populated\">\n\t\t\t\t\t\t<div class=\"elementor-element elementor-element-89f1be9 elementor-widget elementor-widget-text-editor\" data-id=\"89f1be9\" data-element_type=\"widget\" data-widget_type=\"text-editor.default\">\n\t\t\t\t<div class=\"elementor-widget-container\">\n\t\t\t\t\t\t\t<p style=\"text-align: center\">No dia 26 de outubro de 2017, membros da equipe do LabFala<\/p><p style=\"text-align: center\">estiveram presentes na\u00a0<strong>32\u00aa JORNADA ACAD\u00caMICA INTEGRADA -JAI (UFSM),\u00a0<\/strong><\/p><p style=\"text-align: center\">apresentando estudos desenvolvidos no Laborat\u00f3rio.<\/p><table style=\"border-collapse: collapse;width: 100%\"><tbody><tr><td style=\"width: 100%\"><img decoding=\"async\" class=\"size-medium wp-image-92 aligncenter\" src=\"https:\/\/www.ufsm.br\/app\/uploads\/sites\/847\/2020\/12\/22886313_136457007005696_6842414069328660617_n-225x300.jpg\" alt=\"\" width=\"225\" height=\"300\" srcset=\"https:\/\/www.ufsm.br\/app\/uploads\/sites\/847\/2020\/12\/22886313_136457007005696_6842414069328660617_n-225x300.jpg 225w, https:\/\/www.ufsm.br\/app\/uploads\/sites\/847\/2020\/12\/22886313_136457007005696_6842414069328660617_n.jpg 720w\" sizes=\"(max-width: 225px) 100vw, 225px\" \/><\/td><\/tr><\/tbody><\/table>\t\t\t\t\t\t<\/div>\n\t\t\t\t<\/div>\n\t\t\t\t\t<\/div>\n\t\t<\/div>\n\t\t\t\t\t<\/div>\n\t\t<\/section>\n\t\t\t\t<section class=\"elementor-section elementor-top-section elementor-element elementor-element-a11333d elementor-section-boxed elementor-section-height-default elementor-section-height-default\" data-id=\"a11333d\" data-element_type=\"section\">\n\t\t\t\t\t\t<div class=\"elementor-container elementor-column-gap-default\">\n\t\t\t\t\t<div class=\"elementor-column elementor-col-100 elementor-top-column elementor-element elementor-element-540b782\" data-id=\"540b782\" data-element_type=\"column\">\n\t\t\t<div class=\"elementor-widget-wrap elementor-element-populated\">\n\t\t\t\t\t\t<div class=\"elementor-element elementor-element-991c28d elementor-widget elementor-widget-text-editor\" data-id=\"991c28d\" data-element_type=\"widget\" data-widget_type=\"text-editor.default\">\n\t\t\t\t<div class=\"elementor-widget-container\">\n\t\t\t\t\t\t\t<p style=\"text-align: center\">\u00a0\u00a0No dia 11\/10\/2017 ocorreu a<strong>\u00a0Defesa de Professor Titular\u00a0<\/strong>da Dra.Marcia Keske Soares<\/p><p style=\"text-align: center\">na Universidade Federal de Santa Maria.\u00a0Membros da equipe<\/p><p style=\"text-align: center\">estiveram presentes, prestigiando essa conquista.<\/p><table style=\"border-collapse: collapse;width: 100%\"><tbody><tr><td style=\"width: 100%\"><img loading=\"lazy\" decoding=\"async\" class=\"size-medium wp-image-93 aligncenter\" style=\"text-align: center\" src=\"https:\/\/www.ufsm.br\/app\/uploads\/sites\/847\/2020\/12\/286bfdeb-fe33-455c-876f-28638ce9eb2c-300x169.jpg\" alt=\"\" width=\"300\" height=\"169\" srcset=\"https:\/\/www.ufsm.br\/app\/uploads\/sites\/847\/2020\/12\/286bfdeb-fe33-455c-876f-28638ce9eb2c-300x169.jpg 300w, https:\/\/www.ufsm.br\/app\/uploads\/sites\/847\/2020\/12\/286bfdeb-fe33-455c-876f-28638ce9eb2c-1024x576.jpg 1024w, https:\/\/www.ufsm.br\/app\/uploads\/sites\/847\/2020\/12\/286bfdeb-fe33-455c-876f-28638ce9eb2c-768x432.jpg 768w, https:\/\/www.ufsm.br\/app\/uploads\/sites\/847\/2020\/12\/286bfdeb-fe33-455c-876f-28638ce9eb2c.jpg 1280w\" sizes=\"(max-width: 300px) 100vw, 300px\" \/><\/td><\/tr><\/tbody><\/table>\t\t\t\t\t\t<\/div>\n\t\t\t\t<\/div>\n\t\t\t\t\t<\/div>\n\t\t<\/div>\n\t\t\t\t\t<\/div>\n\t\t<\/section>\n\t\t\t\t<section class=\"elementor-section elementor-top-section elementor-element elementor-element-77d2f57 elementor-section-boxed elementor-section-height-default elementor-section-height-default\" data-id=\"77d2f57\" data-element_type=\"section\">\n\t\t\t\t\t\t<div class=\"elementor-container elementor-column-gap-default\">\n\t\t\t\t\t<div class=\"elementor-column elementor-col-100 elementor-top-column elementor-element elementor-element-380ca36\" data-id=\"380ca36\" data-element_type=\"column\">\n\t\t\t<div class=\"elementor-widget-wrap elementor-element-populated\">\n\t\t\t\t\t\t<div class=\"elementor-element elementor-element-60dfea8 elementor-widget elementor-widget-text-editor\" data-id=\"60dfea8\" data-element_type=\"widget\" data-widget_type=\"text-editor.default\">\n\t\t\t\t<div class=\"elementor-widget-container\">\n\t\t\t\t\t\t\t<p style=\"text-align: center\">No dia 13\/10\/2018 a Prof\u00aa Marcia Keske-Soares recebeu o\u00a0<strong>Pr\u00eamio\u00a0Destaque em Linguagem 2018<\/strong>\u00a0conferido<\/p><p style=\"text-align: center\">pelo Departamento de Linguagem da Sociedade Brasileira de Fonoaudiologia.<\/p><table style=\"border-collapse: collapse;width: 100%\"><tbody><tr><td style=\"width: 100%\"><img loading=\"lazy\" decoding=\"async\" class=\"size-medium wp-image-94 aligncenter\" src=\"https:\/\/www.ufsm.br\/app\/uploads\/sites\/847\/2020\/12\/marcia-300x300.jpg\" alt=\"\" width=\"300\" height=\"300\" srcset=\"https:\/\/www.ufsm.br\/app\/uploads\/sites\/847\/2020\/12\/marcia-300x300.jpg 300w, https:\/\/www.ufsm.br\/app\/uploads\/sites\/847\/2020\/12\/marcia-150x150.jpg 150w, https:\/\/www.ufsm.br\/app\/uploads\/sites\/847\/2020\/12\/marcia.jpg 763w\" sizes=\"(max-width: 300px) 100vw, 300px\" \/><\/td><\/tr><\/tbody><\/table>\t\t\t\t\t\t<\/div>\n\t\t\t\t<\/div>\n\t\t\t\t\t<\/div>\n\t\t<\/div>\n\t\t\t\t\t<\/div>\n\t\t<\/section>\n\t\t\t\t<section class=\"elementor-section elementor-top-section elementor-element elementor-element-5df14c6 elementor-section-boxed elementor-section-height-default elementor-section-height-default\" data-id=\"5df14c6\" data-element_type=\"section\">\n\t\t\t\t\t\t<div class=\"elementor-container elementor-column-gap-default\">\n\t\t\t\t\t<div class=\"elementor-column elementor-col-100 elementor-top-column elementor-element elementor-element-96a846a\" data-id=\"96a846a\" data-element_type=\"column\">\n\t\t\t<div class=\"elementor-widget-wrap elementor-element-populated\">\n\t\t\t\t\t\t<div class=\"elementor-element elementor-element-6847214 elementor-widget elementor-widget-text-editor\" data-id=\"6847214\" data-element_type=\"widget\" data-widget_type=\"text-editor.default\">\n\t\t\t\t<div class=\"elementor-widget-container\">\n\t\t\t\t\t\t\t<p style=\"text-align: center\">No mesmo dia,&nbsp;a p\u00f3s-doutoranda Marileda Barichelo Gubiani, orientada por Profa. M\u00e1rcia Keske-Soares e Karina Carlesso Pagliarin,<\/p>\n<p style=\"text-align: center\">recebeu o&nbsp;<strong>P<\/strong><strong>r\u00eamio Excel\u00eancia em Fonoaudiologia<\/strong>&nbsp;&#8211; destaque Tese da \u00e1rea de Linguagem.<\/p>\n<table style=\"border-collapse: collapse;width: 100%\">\n<tbody>\n<tr>\n<td style=\"width: 100%\"><img loading=\"lazy\" decoding=\"async\" class=\"size-medium wp-image-95 aligncenter\" src=\"https:\/\/www.ufsm.br\/app\/uploads\/sites\/847\/2020\/12\/44085534_2765156326843264_137012579183624192_n-225x300.jpg\" alt=\"\" width=\"225\" height=\"300\" srcset=\"https:\/\/www.ufsm.br\/app\/uploads\/sites\/847\/2020\/12\/44085534_2765156326843264_137012579183624192_n-225x300.jpg 225w, https:\/\/www.ufsm.br\/app\/uploads\/sites\/847\/2020\/12\/44085534_2765156326843264_137012579183624192_n.jpg 720w\" sizes=\"(max-width: 225px) 100vw, 225px\" \/><\/td>\n<\/tr>\n<\/tbody>\n<\/table>\t\t\t\t\t\t<\/div>\n\t\t\t\t<\/div>\n\t\t\t\t\t<\/div>\n\t\t<\/div>\n\t\t\t\t\t<\/div>\n\t\t<\/section>\n\t\t\t\t<section class=\"elementor-section elementor-top-section elementor-element elementor-element-3c24d02 elementor-section-boxed elementor-section-height-default elementor-section-height-default\" data-id=\"3c24d02\" data-element_type=\"section\">\n\t\t\t\t\t\t<div class=\"elementor-container elementor-column-gap-default\">\n\t\t\t\t\t<div class=\"elementor-column elementor-col-100 elementor-top-column elementor-element elementor-element-5674aa2\" data-id=\"5674aa2\" data-element_type=\"column\">\n\t\t\t<div class=\"elementor-widget-wrap elementor-element-populated\">\n\t\t\t\t\t\t<div class=\"elementor-element elementor-element-99cae7e elementor-widget elementor-widget-text-editor\" data-id=\"99cae7e\" data-element_type=\"widget\" data-widget_type=\"text-editor.default\">\n\t\t\t\t<div class=\"elementor-widget-container\">\n\t\t\t\t\t\t\t<p style=\"text-align: center\">No dia 25 de outubro de 2018, membros da equipe do LabFala<\/p><p style=\"text-align: center\">estiveram presentes na\u00a0<strong>33\u00aa JORNADA ACAD\u00caMICA INTEGRADA -JAI (UFSM),\u00a0<\/strong><\/p><p style=\"text-align: center\">apresentando estudos desenvolvidos no Laborat\u00f3rio.<\/p><table style=\"border-collapse: collapse;width: 100%\"><tbody><tr><td style=\"width: 50%\"><img loading=\"lazy\" decoding=\"async\" class=\"size-medium wp-image-96 aligncenter\" src=\"https:\/\/www.ufsm.br\/app\/uploads\/sites\/847\/2020\/12\/inaye-169x300.jpg\" alt=\"\" width=\"169\" height=\"300\" srcset=\"https:\/\/www.ufsm.br\/app\/uploads\/sites\/847\/2020\/12\/inaye-169x300.jpg 169w, https:\/\/www.ufsm.br\/app\/uploads\/sites\/847\/2020\/12\/inaye.jpg 540w\" sizes=\"(max-width: 169px) 100vw, 169px\" \/>\u00a0<\/td><td style=\"width: 50%\"><img loading=\"lazy\" decoding=\"async\" class=\"size-medium wp-image-97 aligncenter\" src=\"https:\/\/www.ufsm.br\/app\/uploads\/sites\/847\/2020\/12\/ana_laura-169x300.jpg\" alt=\"\" width=\"169\" height=\"300\" srcset=\"https:\/\/www.ufsm.br\/app\/uploads\/sites\/847\/2020\/12\/ana_laura-169x300.jpg 169w, https:\/\/www.ufsm.br\/app\/uploads\/sites\/847\/2020\/12\/ana_laura.jpg 541w\" sizes=\"(max-width: 169px) 100vw, 169px\" \/><\/td><\/tr><\/tbody><\/table>\t\t\t\t\t\t<\/div>\n\t\t\t\t<\/div>\n\t\t\t\t\t<\/div>\n\t\t<\/div>\n\t\t\t\t\t<\/div>\n\t\t<\/section>\n\t\t\t\t<\/div>\n\t\t","protected":false},"excerpt":{"rendered":"<p>No dia 20 de outubro de 2017 ocorreu o\u00a0&#8220;I Workshop em Desordens dos Sons da Fala&#8221; O evento ocorreu no Audit\u00f3rio do pr\u00e9dio de apoio da UFSM, sendo desenvolvido pelo LabFala e tendo como palestrantes a Ma.Fga Caroline Portalete e a Prof.Dra.Karina Pagliarin. Os temas abordados foram respectivamente: Avalia\u00e7\u00e3o e Reabilita\u00e7\u00e3o das Disartrofonias\u00a0 e Avalia\u00e7\u00e3o [&hellip;]<\/p>\n","protected":false},"author":2223,"featured_media":0,"parent":0,"menu_order":0,"comment_status":"closed","ping_status":"closed","template":"","meta":{"footnotes":""},"categories":[],"tags":[],"class_list":["post-89","page","type-page","status-publish","hentry"],"acf":[],"_links":{"self":[{"href":"https:\/\/www.ufsm.br\/laboratorios\/labfala\/wp-json\/wp\/v2\/pages\/89","targetHints":{"allow":["GET"]}}],"collection":[{"href":"https:\/\/www.ufsm.br\/laboratorios\/labfala\/wp-json\/wp\/v2\/pages"}],"about":[{"href":"https:\/\/www.ufsm.br\/laboratorios\/labfala\/wp-json\/wp\/v2\/types\/page"}],"author":[{"embeddable":true,"href":"https:\/\/www.ufsm.br\/laboratorios\/labfala\/wp-json\/wp\/v2\/users\/2223"}],"replies":[{"embeddable":true,"href":"https:\/\/www.ufsm.br\/laboratorios\/labfala\/wp-json\/wp\/v2\/comments?post=89"}],"version-history":[{"count":0,"href":"https:\/\/www.ufsm.br\/laboratorios\/labfala\/wp-json\/wp\/v2\/pages\/89\/revisions"}],"wp:attachment":[{"href":"https:\/\/www.ufsm.br\/laboratorios\/labfala\/wp-json\/wp\/v2\/media?parent=89"}],"wp:term":[{"taxonomy":"category","embeddable":true,"href":"https:\/\/www.ufsm.br\/laboratorios\/labfala\/wp-json\/wp\/v2\/categories?post=89"},{"taxonomy":"post_tag","embeddable":true,"href":"https:\/\/www.ufsm.br\/laboratorios\/labfala\/wp-json\/wp\/v2\/tags?post=89"}],"curies":[{"name":"wp","href":"https:\/\/api.w.org\/{rel}","templated":true}]}}