{"id":112,"date":"2019-08-06T18:16:28","date_gmt":"2019-08-06T21:16:28","guid":{"rendered":"https:\/\/www.ufsm.br\/laboratorios\/labgeotec\/?page_id=112"},"modified":"2025-09-15T15:53:29","modified_gmt":"2025-09-15T18:53:29","slug":"graduacao","status":"publish","type":"page","link":"https:\/\/www.ufsm.br\/laboratorios\/labgeotec\/graduacao","title":{"rendered":"Disciplinas"},"content":{"rendered":"\t\t<div data-elementor-type=\"wp-page\" data-elementor-id=\"112\" class=\"elementor elementor-112\">\n\t\t\t\t\t\t<section class=\"elementor-section elementor-top-section elementor-element elementor-element-20389130 elementor-section-boxed elementor-section-height-default elementor-section-height-default\" data-id=\"20389130\" data-element_type=\"section\">\n\t\t\t\t\t\t<div class=\"elementor-container elementor-column-gap-default\">\n\t\t\t\t\t<div class=\"elementor-column elementor-col-100 elementor-top-column elementor-element elementor-element-11101bfc\" data-id=\"11101bfc\" data-element_type=\"column\">\n\t\t\t<div class=\"elementor-widget-wrap elementor-element-populated\">\n\t\t\t\t\t\t<div class=\"elementor-element elementor-element-0d85394 elementor-tabs-view-horizontal elementor-widget elementor-widget-tabs\" data-id=\"0d85394\" data-element_type=\"widget\" data-widget_type=\"tabs.default\">\n\t\t\t\t<div class=\"elementor-widget-container\">\n\t\t\t\t\t<div class=\"elementor-tabs\">\n\t\t\t<div class=\"elementor-tabs-wrapper\" role=\"tablist\" >\n\t\t\t\t\t\t\t\t\t<div id=\"elementor-tab-title-1411\" class=\"elementor-tab-title elementor-tab-desktop-title\" aria-selected=\"true\" data-tab=\"1\" role=\"tab\" tabindex=\"0\" aria-controls=\"elementor-tab-content-1411\" aria-expanded=\"false\">Sensoriamento Remoto<\/div>\n\t\t\t\t\t\t\t\t\t<div id=\"elementor-tab-title-1412\" class=\"elementor-tab-title elementor-tab-desktop-title\" aria-selected=\"false\" data-tab=\"2\" role=\"tab\" tabindex=\"-1\" aria-controls=\"elementor-tab-content-1412\" aria-expanded=\"false\">Sensoriamento Remoto<\/div>\n\t\t\t\t\t\t\t\t\t<div id=\"elementor-tab-title-1413\" class=\"elementor-tab-title elementor-tab-desktop-title\" aria-selected=\"false\" data-tab=\"3\" role=\"tab\" tabindex=\"-1\" aria-controls=\"elementor-tab-content-1413\" aria-expanded=\"false\">Hidrogeografia<\/div>\n\t\t\t\t\t\t\t\t\t<div id=\"elementor-tab-title-1414\" class=\"elementor-tab-title elementor-tab-desktop-title\" aria-selected=\"false\" data-tab=\"4\" role=\"tab\" tabindex=\"-1\" aria-controls=\"elementor-tab-content-1414\" aria-expanded=\"false\">Climatologia Geogr\u00e1fica I<\/div>\n\t\t\t\t\t\t\t\t\t<div id=\"elementor-tab-title-1415\" class=\"elementor-tab-title elementor-tab-desktop-title\" aria-selected=\"false\" data-tab=\"5\" role=\"tab\" tabindex=\"-1\" aria-controls=\"elementor-tab-content-1415\" aria-expanded=\"false\">Geoprocessamento<\/div>\n\t\t\t\t\t\t\t<\/div>\n\t\t\t<div class=\"elementor-tabs-content-wrapper\" role=\"tablist\" aria-orientation=\"vertical\">\n\t\t\t\t\t\t\t\t\t<div class=\"elementor-tab-title elementor-tab-mobile-title\" aria-selected=\"true\" data-tab=\"1\" role=\"tab\" tabindex=\"0\" aria-controls=\"elementor-tab-content-1411\" aria-expanded=\"false\">Sensoriamento Remoto<\/div>\n\t\t\t\t\t<div id=\"elementor-tab-content-1411\" class=\"elementor-tab-content elementor-clearfix\" data-tab=\"1\" role=\"tabpanel\" aria-labelledby=\"elementor-tab-title-1411\" tabindex=\"0\" hidden=\"false\"><p><a href=\"https:\/\/www.ufsm.br\/laboratorios\/labgeotec\/wp-content\/uploads\/sites\/676\/2019\/08\/Aula_1.compressed.pdf\" target=\"_self\" rel=\"noopener noreferrer\">T\u00d3PICO 1<\/a><\/p>\n<p><a href=\"https:\/\/www.ufsm.br\/laboratorios\/labgeotec\/wp-content\/uploads\/sites\/676\/2019\/08\/Aula_2.compressed.pdf\" target=\"_blank\" rel=\"noopener noreferrer\">T\u00d3PICO 2<\/a><\/p>\n<p><a href=\"https:\/\/www.ufsm.br\/laboratorios\/labgeotec\/wp-content\/uploads\/sites\/676\/2019\/08\/SR_topico_3.pdf\" target=\"_blank\" rel=\"noopener noreferrer\">T\u00d3PICO 3<\/a><\/p>\n<p><a href=\"https:\/\/www.ufsm.br\/laboratorios\/labgeotec\/wp-content\/uploads\/sites\/676\/2019\/08\/topico_4.compressed.pdf\" target=\"_blank\" rel=\"noopener noreferrer\">T\u00d3PICO 4<\/a><\/p>\n<p><a href=\"https:\/\/www.ufsm.br\/laboratorios\/labgeotec\/wp-content\/uploads\/sites\/676\/2019\/08\/topico_5.compressed.pdf\" target=\"_blank\" rel=\"noopener noreferrer\">T\u00d3PICO 5<\/a><\/p>\n<p><a href=\"https:\/\/www.ufsm.br\/laboratorios\/labgeotec\/wp-content\/uploads\/sites\/676\/2019\/08\/topico_6.compressed.pdf\" target=\"_blank\" rel=\"noopener noreferrer\">T\u00d3PICO 6<\/a><\/p>\n<p><a href=\"https:\/\/www.ufsm.br\/laboratorios\/labgeotec\/wp-content\/uploads\/sites\/676\/2019\/08\/topico_7.compressed.pdf\" target=\"_blank\" rel=\"noopener noreferrer\">T\u00d3PICO 7<\/a><\/p>\n<p><a href=\"https:\/\/www.ufsm.br\/laboratorios\/labgeotec\/wp-content\/uploads\/sites\/676\/2019\/08\/topico_8.compressed.pdf\" target=\"_blank\" rel=\"noopener noreferrer\">TOPICO 8<\/a><\/p>\n<p><a href=\"https:\/\/www.ufsm.br\/laboratorios\/labgeotec\/wp-content\/uploads\/sites\/676\/2019\/08\/topico_9_a1.compressed.pdf\" target=\"_self\" rel=\"noopener noreferrer\">T\u00d3PICO 9.A1<\/a><\/p>\n<p><a href=\"https:\/\/www.ufsm.br\/laboratorios\/labgeotec\/wp-content\/uploads\/sites\/676\/2019\/08\/topico_9_a2.compressed-1.pdf\" target=\"_self\" rel=\"noopener noreferrer\">T\u00d3PICO 9.A2<\/a><\/p>\n<p><a href=\"https:\/\/www.ufsm.br\/laboratorios\/labgeotec\/wp-content\/uploads\/sites\/676\/2019\/08\/topico_9_a2.compressed.pdf\" target=\"_blank\" rel=\"noopener noreferrer\">T\u00d3PICO 9.B<\/a><\/p>\n<p><a href=\"https:\/\/www.ufsm.br\/laboratorios\/labgeotec\/wp-content\/uploads\/sites\/676\/2019\/08\/topico_9_c.compressed.pdf\" target=\"_blank\" rel=\"noopener noreferrer\">T\u00d3PICO 9.C<\/a><\/p>\n<p><a href=\"https:\/\/www.ufsm.br\/laboratorios\/labgeotec\/wp-content\/uploads\/sites\/676\/2019\/08\/topico_9_d.compressed.pdf\" target=\"_blank\" rel=\"noopener noreferrer\">T\u00d3PICO 9.D<\/a><\/p>\n<p><a href=\"https:\/\/www.ufsm.br\/laboratorios\/labgeotec\/wp-content\/uploads\/sites\/676\/2019\/08\/topico_9_e.compressed.pdf\" target=\"_blank\" rel=\"noopener noreferrer\">T\u00d3PICO 9.E<\/a><\/p>\n<p><a href=\"https:\/\/www.ufsm.br\/laboratorios\/labgeotec\/wp-content\/uploads\/sites\/676\/2019\/08\/topico_9_f1.compressed.pdf\" target=\"_blank\" rel=\"noopener noreferrer\">T\u00d3PICO 9.F1<\/a><\/p>\n<p><a href=\"https:\/\/www.ufsm.br\/laboratorios\/labgeotec\/wp-content\/uploads\/sites\/676\/2019\/08\/topico_9_f2.compressed.pdf\" target=\"_blank\" rel=\"noopener noreferrer\">T\u00d3PICO 9.F2<\/a><\/p>\n<p><a href=\"https:\/\/www.ufsm.br\/laboratorios\/labgeotec\/wp-content\/uploads\/sites\/676\/2019\/08\/topico_9_g.compressed.pdf\" target=\"_blank\" rel=\"noopener noreferrer\">T\u00d3PICO 9.G<\/a><\/p>\n<p><a href=\"http:\/\/www.dsr.inpe.br\/sbsr2015\/files\/p1452.pdf\" target=\"_blank\" rel=\"noopener noreferrer\">Artigo 1<\/a><\/p>\n<p><a href=\"http:\/\/www.dsr.inpe.br\/sbsr2015\/files\/p1073.pdf\" target=\"_blank\" rel=\"noopener noreferrer\">Artigo 2<\/a><\/p>\n<p><a href=\"http:\/\/www.dsr.inpe.br\/sbsr2013\/files\/p0707.pdf\" target=\"_blank\" rel=\"noopener noreferrer\">Artigo 3<\/a><\/p>\n<p><a href=\"http:\/\/www.dsr.inpe.br\/sbsr2015\/files\/p1425.pdf\" target=\"_blank\" rel=\"noopener noreferrer\">Artigo 4<\/a><\/p>\n<p><a href=\"http:\/\/www.dsr.inpe.br\/sbsr2013\/files\/p1369.pdf\" target=\"_blank\" rel=\"noopener noreferrer\">Artigo 5<\/a><\/p>\n<p><a href=\"http:\/\/www.inpe.br\/unidades\/cep\/atividadescep\/educasere\/apostila.htm\" target=\"_blank\" rel=\"noopener noreferrer\">APOSTILA DE INTRODU\u00c7\u00c3O AO SENSORIAMENTO REMOTO \u2013 INPE\/DSR<\/a><\/p>\n<p><a href=\"https:\/\/www.ufsm.br\/laboratorios\/labgeotec\/wp-content\/uploads\/sites\/676\/2019\/08\/06_Classificacao.pdf\" target=\"_blank\" rel=\"noopener noreferrer\">CLASSIFICA\u00c7\u00c3O \u2013 SPRING 4.3<\/a>&nbsp;<\/p>\n<p><a href=\"https:\/\/www.ufsm.br\/laboratorios\/labgeotec\/wp-content\/uploads\/sites\/676\/2019\/08\/05_Processamento_de_Imagem.pdf\" target=\"_blank\" rel=\"noopener noreferrer\">PROCESSAMENTO DE IMAGEM \u2013 SPRING 4.3<\/a><\/p>\n<p><a href=\"https:\/\/www.ufsm.br\/laboratorios\/labgeotec\/wp-content\/uploads\/sites\/676\/2019\/08\/Tutorial_Basico_de_Processamento.pdf\" target=\"_blank\" rel=\"noopener noreferrer\">TUTORIAL B\u00c1SICO DE PROCESSAMENTO DE IMAGENS NO SPRING 4.3.3<\/a><\/p><\/div>\n\t\t\t\t\t\t\t\t\t<div class=\"elementor-tab-title elementor-tab-mobile-title\" aria-selected=\"false\" data-tab=\"2\" role=\"tab\" tabindex=\"-1\" aria-controls=\"elementor-tab-content-1412\" aria-expanded=\"false\">Sensoriamento Remoto<\/div>\n\t\t\t\t\t<div id=\"elementor-tab-content-1412\" class=\"elementor-tab-content elementor-clearfix\" data-tab=\"2\" role=\"tabpanel\" aria-labelledby=\"elementor-tab-title-1412\" tabindex=\"0\" hidden=\"hidden\"><p><b>Sensoriamento Remoto<\/b><\/p><p><a href=\"https:\/\/www.ufsm.br\/laboratorios\/labgeotec\/wp-content\/uploads\/sites\/676\/2019\/08\/Aula_1.compressed.pdf\" target=\"_self\" rel=\"noopener noreferrer\">T\u00d3PICO 1<\/a><\/p>\n<p><a href=\"https:\/\/www.ufsm.br\/laboratorios\/labgeotec\/wp-content\/uploads\/sites\/676\/2019\/08\/Aula_2.compressed.pdf\" target=\"_blank\" rel=\"noopener noreferrer\">T\u00d3PICO 2<\/a><\/p>\n<p><a href=\"https:\/\/www.ufsm.br\/laboratorios\/labgeotec\/wp-content\/uploads\/sites\/676\/2019\/08\/SR_topico_3.pdf\" target=\"_blank\" rel=\"noopener noreferrer\">T\u00d3PICO 3<\/a><\/p>\n<p><a href=\"https:\/\/www.ufsm.br\/laboratorios\/labgeotec\/wp-content\/uploads\/sites\/676\/2019\/08\/topico_4.compressed.pdf\" target=\"_blank\" rel=\"noopener noreferrer\">T\u00d3PICO 4<\/a><\/p>\n<p><a href=\"https:\/\/www.ufsm.br\/laboratorios\/labgeotec\/wp-content\/uploads\/sites\/676\/2019\/08\/topico_5.compressed.pdf\" target=\"_blank\" rel=\"noopener noreferrer\">T\u00d3PICO 5<\/a><\/p>\n<p><a href=\"https:\/\/www.ufsm.br\/laboratorios\/labgeotec\/wp-content\/uploads\/sites\/676\/2019\/08\/topico_6.compressed.pdf\" target=\"_blank\" rel=\"noopener noreferrer\">T\u00d3PICO 6<\/a><\/p>\n<p><a href=\"https:\/\/www.ufsm.br\/laboratorios\/labgeotec\/wp-content\/uploads\/sites\/676\/2019\/08\/topico_7.compressed.pdf\" target=\"_blank\" rel=\"noopener noreferrer\">T\u00d3PICO 7<\/a><\/p>\n<p><a href=\"https:\/\/www.ufsm.br\/laboratorios\/labgeotec\/wp-content\/uploads\/sites\/676\/2019\/08\/topico_8.compressed.pdf\" target=\"_blank\" rel=\"noopener noreferrer\">TOPICO 8<\/a><\/p>\n<p><a href=\"https:\/\/www.ufsm.br\/laboratorios\/labgeotec\/wp-content\/uploads\/sites\/676\/2019\/08\/topico_9_a1.compressed.pdf\" target=\"_self\" rel=\"noopener noreferrer\">T\u00d3PICO 9.A1<\/a><\/p>\n<p><a href=\"https:\/\/www.ufsm.br\/laboratorios\/labgeotec\/wp-content\/uploads\/sites\/676\/2019\/08\/topico_9_a2.compressed-1.pdf\" target=\"_self\" rel=\"noopener noreferrer\">T\u00d3PICO 9.A2<\/a><\/p>\n<p><a href=\"https:\/\/www.ufsm.br\/laboratorios\/labgeotec\/wp-content\/uploads\/sites\/676\/2019\/08\/topico_9_a2.compressed.pdf\" target=\"_blank\" rel=\"noopener noreferrer\">T\u00d3PICO 9.B<\/a><\/p>\n<p><a href=\"https:\/\/www.ufsm.br\/laboratorios\/labgeotec\/wp-content\/uploads\/sites\/676\/2019\/08\/topico_9_c.compressed.pdf\" target=\"_blank\" rel=\"noopener noreferrer\">T\u00d3PICO 9.C<\/a><\/p>\n<p><a href=\"https:\/\/www.ufsm.br\/laboratorios\/labgeotec\/wp-content\/uploads\/sites\/676\/2019\/08\/topico_9_d.compressed.pdf\" target=\"_blank\" rel=\"noopener noreferrer\">T\u00d3PICO 9.D<\/a><\/p>\n<p><a href=\"https:\/\/www.ufsm.br\/laboratorios\/labgeotec\/wp-content\/uploads\/sites\/676\/2019\/08\/topico_9_e.compressed.pdf\" target=\"_blank\" rel=\"noopener noreferrer\">T\u00d3PICO 9.E<\/a><\/p>\n<p><a href=\"https:\/\/www.ufsm.br\/laboratorios\/labgeotec\/wp-content\/uploads\/sites\/676\/2019\/08\/topico_9_f1.compressed.pdf\" target=\"_blank\" rel=\"noopener noreferrer\">T\u00d3PICO 9.F1<\/a><\/p>\n<p><a href=\"https:\/\/www.ufsm.br\/laboratorios\/labgeotec\/wp-content\/uploads\/sites\/676\/2019\/08\/topico_9_f2.compressed.pdf\" target=\"_blank\" rel=\"noopener noreferrer\">T\u00d3PICO 9.F2<\/a><\/p>\n<p><a href=\"https:\/\/www.ufsm.br\/laboratorios\/labgeotec\/wp-content\/uploads\/sites\/676\/2019\/08\/topico_9_g.compressed.pdf\" target=\"_blank\" rel=\"noopener noreferrer\">T\u00d3PICO 9.G<\/a><\/p>\n<p><a href=\"http:\/\/www.dsr.inpe.br\/sbsr2015\/files\/p1452.pdf\" target=\"_blank\" rel=\"noopener noreferrer\">Artigo 1<\/a><\/p>\n<p><a href=\"http:\/\/www.dsr.inpe.br\/sbsr2015\/files\/p1073.pdf\" target=\"_blank\" rel=\"noopener noreferrer\">Artigo 2<\/a><\/p>\n<p><a href=\"http:\/\/www.dsr.inpe.br\/sbsr2013\/files\/p0707.pdf\" target=\"_blank\" rel=\"noopener noreferrer\">Artigo 3<\/a><\/p>\n<p><a href=\"http:\/\/www.dsr.inpe.br\/sbsr2015\/files\/p1425.pdf\" target=\"_blank\" rel=\"noopener noreferrer\">Artigo 4<\/a><\/p>\n<p><a href=\"http:\/\/www.dsr.inpe.br\/sbsr2013\/files\/p1369.pdf\" target=\"_blank\" rel=\"noopener noreferrer\">Artigo 5<\/a><\/p>\n<p><a href=\"http:\/\/www.inpe.br\/unidades\/cep\/atividadescep\/educasere\/apostila.htm\" target=\"_blank\" rel=\"noopener noreferrer\">APOSTILA DE INTRODU\u00c7\u00c3O AO SENSORIAMENTO REMOTO \u2013 INPE\/DSR<\/a><\/p>\n<p><a href=\"https:\/\/www.ufsm.br\/laboratorios\/labgeotec\/wp-content\/uploads\/sites\/676\/2019\/08\/06_Classificacao.pdf\" target=\"_blank\" rel=\"noopener noreferrer\">CLASSIFICA\u00c7\u00c3O \u2013 SPRING 4.3<\/a>&nbsp;<\/p>\n<p><a href=\"https:\/\/www.ufsm.br\/laboratorios\/labgeotec\/wp-content\/uploads\/sites\/676\/2019\/08\/05_Processamento_de_Imagem.pdf\" target=\"_blank\" rel=\"noopener noreferrer\">PROCESSAMENTO DE IMAGEM \u2013 SPRING 4.3<\/a><\/p>\n<p><a href=\"https:\/\/www.ufsm.br\/laboratorios\/labgeotec\/wp-content\/uploads\/sites\/676\/2019\/08\/Tutorial_Basico_de_Processamento.pdf\" target=\"_blank\" rel=\"noopener noreferrer\">TUTORIAL B\u00c1SICO DE PROCESSAMENTO DE IMAGENS NO SPRING 4.3.3<\/a><\/p><\/div>\n\t\t\t\t\t\t\t\t\t<div class=\"elementor-tab-title elementor-tab-mobile-title\" aria-selected=\"false\" data-tab=\"3\" role=\"tab\" tabindex=\"-1\" aria-controls=\"elementor-tab-content-1413\" aria-expanded=\"false\">Hidrogeografia<\/div>\n\t\t\t\t\t<div id=\"elementor-tab-content-1413\" class=\"elementor-tab-content elementor-clearfix\" data-tab=\"3\" role=\"tabpanel\" aria-labelledby=\"elementor-tab-title-1413\" tabindex=\"0\" hidden=\"hidden\"><p style=\"color: #000000;font-size: 16px\"><span style=\"font-weight: bolder\">Hidrogeografia<\/span><\/p><p style=\"color: #000000;font-size: 16px\"><a style=\"color: #204c90\" href=\"https:\/\/www.ufsm.br\/laboratorios\/labgeotec\/wp-content\/uploads\/sites\/676\/2019\/08\/aula1_baciahidrografica.pdf\" target=\"_blank\" rel=\"noopener noreferrer\">Aula 1: Conceitos b\u00e1sicos de bacias hidrogr\u00e1ficas<\/a>\u00a0<\/p><p style=\"color: #000000;font-size: 16px\"><a style=\"color: #204c90\" href=\"https:\/\/www.ufsm.br\/laboratorios\/labgeotec\/wp-content\/uploads\/sites\/676\/2019\/08\/aula2_padroes_de_drenagem.pdf\" target=\"_blank\" rel=\"noopener noreferrer\">Aula 2: Padr\u00f5es de drenagem<\/a>\u00a0<\/p><p style=\"color: #000000;font-size: 16px\"><a style=\"color: #204c90\" href=\"https:\/\/www.ufsm.br\/laboratorios\/labgeotec\/wp-content\/uploads\/sites\/676\/2019\/08\/3_Hidr%C3%B3grafa.pdf\" target=\"_blank\" rel=\"noopener noreferrer\">Aula 3: Escoamento superficial e hidr\u00f3grafa<\/a><\/p><p style=\"color: #000000;font-size: 16px\"><a style=\"color: #204c90\" href=\"https:\/\/www.ufsm.br\/laboratorios\/labgeotec\/wp-content\/uploads\/sites\/676\/2019\/08\/aula4_limnologia.pdf\" target=\"_blank\" rel=\"noopener noreferrer\">Aula 4: Limnologia<\/a><\/p><p style=\"color: #000000;font-size: 16px\">\u00a0<\/p><\/div>\n\t\t\t\t\t\t\t\t\t<div class=\"elementor-tab-title elementor-tab-mobile-title\" aria-selected=\"false\" data-tab=\"4\" role=\"tab\" tabindex=\"-1\" aria-controls=\"elementor-tab-content-1414\" aria-expanded=\"false\">Climatologia Geogr\u00e1fica I<\/div>\n\t\t\t\t\t<div id=\"elementor-tab-content-1414\" class=\"elementor-tab-content elementor-clearfix\" data-tab=\"4\" role=\"tabpanel\" aria-labelledby=\"elementor-tab-title-1414\" tabindex=\"0\" hidden=\"hidden\"><p style=\"color: #000000;font-size: 16px\"><a style=\"font-size: 16px;font-weight: var( --e-global-typography-text-font-weight );color: #204c90\" href=\"https:\/\/www.ufsm.br\/laboratorios\/labgeotec\/wp-content\/uploads\/sites\/676\/2019\/08\/tpico1.pdf\" target=\"_blank\" rel=\"noopener noreferrer\">T\u00f3pico 1<\/a><\/p><p style=\"color: #000000;font-size: 16px\"><a style=\"color: #204c90\" href=\"https:\/\/www.ufsm.br\/laboratorios\/labgeotec\/wp-content\/uploads\/sites\/676\/2019\/08\/Tpico-2.pdf\" target=\"_blank\" rel=\"noopener noreferrer\">T\u00f3pico 2<\/a><\/p><p style=\"color: #000000;font-size: 16px\"><a style=\"color: #204c90\" href=\"https:\/\/www.ufsm.br\/laboratorios\/labgeotec\/wp-content\/uploads\/sites\/676\/2019\/08\/T%C3%B3pico3_clima.pdf\" target=\"_blank\" rel=\"noopener noreferrer\">T\u00f3pico 3<\/a><\/p><p style=\"color: #000000;font-size: 16px\"><a style=\"color: #204c90\" href=\"https:\/\/www.ufsm.br\/laboratorios\/labgeotec\/wp-content\/uploads\/sites\/676\/2019\/08\/t%C3%B3pico_4_clima.pdf\" target=\"_self\" rel=\"noopener noreferrer\">T\u00f3pico 4<\/a><\/p><p style=\"color: #000000;font-size: 16px\"><a style=\"color: #204c90\" href=\"https:\/\/www.ufsm.br\/laboratorios\/labgeotec\/wp-content\/uploads\/sites\/676\/2019\/08\/T%C3%B3pico5clima1.pdf\" target=\"_blank\" rel=\"noopener noreferrer\">T\u00f3pico 5<\/a><\/p><p style=\"color: #000000;font-size: 16px\"><a style=\"color: #204c90\" href=\"https:\/\/www.ufsm.br\/laboratorios\/labgeotec\/wp-content\/uploads\/sites\/676\/2019\/08\/topico6clima1.pdf\" target=\"_blank\" rel=\"noopener noreferrer\">T\u00f3pico 6<\/a>\u00a0<\/p><p style=\"color: #000000;font-size: 16px\"><a style=\"color: #204c90\" href=\"https:\/\/www.ufsm.br\/laboratorios\/labgeotec\/wp-content\/uploads\/sites\/676\/2019\/08\/topico7clima1.pdf\" target=\"_blank\" rel=\"noopener noreferrer\">T\u00f3pico 7<\/a><\/p><p style=\"color: #000000;font-size: 16px\">Leituras sugeridas:<\/p><p style=\"color: #000000;font-size: 16px\"><a style=\"color: #204c90\" href=\"https:\/\/www.ufsm.br\/laboratorios\/labgeotec\/wp-content\/uploads\/sites\/676\/2019\/08\/Notas_de_Aula_-_I.pdf\" target=\"_blank\" rel=\"noopener noreferrer\">Material 1 &#8211; Tempo e Clima.<\/a><\/p><p style=\"color: #000000;font-size: 16px\"><a style=\"color: #204c90\" href=\"https:\/\/www.ufsm.br\/laboratorios\/labgeotec\/wp-content\/uploads\/sites\/676\/2019\/08\/Notas_de_Aula_-_II.pdf\" target=\"_blank\" rel=\"noopener noreferrer\">Material 2 &#8211; Astronomia.<\/a><\/p><\/div>\n\t\t\t\t\t\t\t\t\t<div class=\"elementor-tab-title elementor-tab-mobile-title\" aria-selected=\"false\" data-tab=\"5\" role=\"tab\" tabindex=\"-1\" aria-controls=\"elementor-tab-content-1415\" aria-expanded=\"false\">Geoprocessamento<\/div>\n\t\t\t\t\t<div id=\"elementor-tab-content-1415\" class=\"elementor-tab-content elementor-clearfix\" data-tab=\"5\" role=\"tabpanel\" aria-labelledby=\"elementor-tab-title-1415\" tabindex=\"0\" hidden=\"hidden\"><p style=\"color: #000000;font-size: 16px\"><a style=\"font-size: 16px;font-weight: var( --e-global-typography-text-font-weight );color: #204c90\" href=\"https:\/\/www.ufsm.br\/laboratorios\/labgeotec\/wp-content\/uploads\/sites\/676\/2019\/08\/08_Geracao_de_Cartas_e_Impressao.pdf\" target=\"_blank\" rel=\"noopener noreferrer\">Gera\u00e7\u00e3o de Cartas e Impress\u00e3o &#8211; IPLOT 4.3<\/a><span style=\"color: #000000;font-size: 16px;font-weight: var( --e-global-typography-text-font-weight )\">\u00a0<\/span><\/p><p style=\"color: #000000;font-size: 16px\"><a style=\"color: #204c90\" href=\"https:\/\/www.ufsm.br\/laboratorios\/labgeotec\/wp-content\/uploads\/sites\/676\/2019\/08\/07_Modelagem_Numerica.pdf\" target=\"_blank\" rel=\"noopener noreferrer\">Modelagem Num\u00e9rica &#8211; Spring 4.3<\/a>\u00a0<\/p><p style=\"color: #000000;font-size: 16px\"><a style=\"color: #204c90\" href=\"https:\/\/www.ufsm.br\/laboratorios\/labgeotec\/wp-content\/uploads\/sites\/676\/2019\/08\/04_Registro_de_Imagem.pdf\" target=\"_blank\" rel=\"noopener noreferrer\">Registro de Imagem &#8211; Spring 4.3<\/a>\u00a0<\/p><p style=\"color: #000000;font-size: 16px\"><a style=\"color: #204c90\" href=\"https:\/\/www.ufsm.br\/laboratorios\/labgeotec\/wp-content\/uploads\/sites\/676\/2019\/08\/03_Leitura_de_Imagens.pdf\" target=\"_blank\" rel=\"noopener noreferrer\">Leitura de Imagens &#8211; IMPIMA<\/a>\u00a0<\/p><p style=\"color: #000000;font-size: 16px\"><a style=\"color: #204c90\" href=\"https:\/\/www.ufsm.br\/laboratorios\/labgeotec\/wp-content\/uploads\/sites\/676\/2019\/08\/02_Tutorial_Spring_Modulo_Basico.pdf\" target=\"_blank\" rel=\"noopener noreferrer\">Tutorial do Spring 4.3 M\u00f3dulo B\u00e1sico &#8211; Eymar Silva Sampaio Lopes &#8211; INPE<\/a>\u00a0<\/p><p style=\"color: #000000;font-size: 16px\"><a style=\"color: #204c90\" href=\"https:\/\/www.ufsm.br\/laboratorios\/labgeotec\/wp-content\/uploads\/sites\/676\/2019\/08\/01_Mini_Curso_Introducao_Spring.pdf\" target=\"_blank\" rel=\"noopener noreferrer\">Minicurso de introdu\u00e7\u00e3o ao Spring &#8211; Dr. Carlos A. Felgueiras<\/a>\u00a0<\/p><p style=\"color: #000000;font-size: 16px\"><a style=\"color: #204c90\" href=\"http:\/\/www.dpi.inpe.br\/spring\/portugues\/tutorial\/\" target=\"_blank\" rel=\"noopener noreferrer\">SPRING: Tutorial de Geoprocessamento<\/a>\u00a0<\/p><p style=\"color: #000000;font-size: 16px\"><a style=\"color: #204c90\" href=\"http:\/\/www.dpi.inpe.br\/spring\/portugues\/manuais.html\" target=\"_blank\" rel=\"noopener noreferrer\">Manual para auxiliar no aprendizado do SPRING<\/a>\u00a0<\/p><p style=\"color: #000000;font-size: 16px\">***\u00a0Download Spring 4.3.3\u00a0***\u00a0<\/p><p style=\"color: #000000;font-size: 16px\"><span style=\"font-weight: bolder\">Tutorial Aula Pr\u00e1tica n\u00ba 1 &#8211; Registro de Imagem<\/span>\u00a0<\/p><p style=\"color: #000000;font-size: 16px\"><a style=\"color: #204c90\" href=\"https:\/\/www.ufsm.br\/laboratorios\/labgeotec\/wp-content\/uploads\/sites\/676\/2019\/08\/t%C3%B3pico2_edi%C3%A7%C3%A3o_vetorial.compressed.pdf\" target=\"_blank\" rel=\"noopener noreferrer\">Tutorial Aula Pr\u00e1tica n\u00ba 2 &#8211; Edi\u00e7\u00e3o Vetorial<\/a><\/p><p style=\"color: #000000;font-size: 16px\"><a style=\"color: #204c90\" href=\"https:\/\/www.ufsm.br\/laboratorios\/labgeotec\/wp-content\/uploads\/sites\/676\/2019\/08\/imagemdesatelite.pdf\" target=\"_blank\" rel=\"noopener noreferrer\"><span style=\"font-weight: bolder\">Tutorial Aula Pr\u00e1tica n\u00ba 3 &#8211; Interpreta\u00e7\u00e3o visual de imagem de sat\u00e9lite<\/span><\/a>\u00a0<\/p><p style=\"color: #000000;font-size: 16px\"><a style=\"color: #204c90\" href=\"https:\/\/www.ufsm.br\/laboratorios\/labgeotec\/wp-content\/uploads\/sites\/676\/2019\/08\/aula4_MNT.pdf\">Tutorial Aula Pr\u00e1tica n\u00ba 4 &#8211; Modelo Num\u00e9rico do Terreno &#8211; MNT<\/a>\u00a0<\/p><p style=\"color: #000000;font-size: 16px\"><span style=\"font-weight: bolder\"><a style=\"color: #204c90\" href=\"https:\/\/www.ufsm.br\/laboratorios\/labgeotec\/wp-content\/uploads\/sites\/676\/2019\/08\/aula5_Mapas_Tematicos.pdf\" target=\"_blank\" rel=\"noopener noreferrer\">Tutorial Aula Pr\u00e1tica n\u00ba 5 &#8211; Mapas Tem\u00e1ticos gerados a partir das curvas de n\u00edvel<\/a>\u00a0<\/span><\/p><p style=\"color: #000000;font-size: 16px\"><span style=\"font-weight: bolder\"><a style=\"color: #204c90\" href=\"https:\/\/www.ufsm.br\/laboratorios\/labgeotec\/wp-content\/uploads\/sites\/676\/2019\/08\/Buffer_SRTM.pdf\" target=\"_blank\" rel=\"noopener noreferrer\">Tutorial Aula Pr\u00e1tica n\u00ba 6 &#8211; Mapa de dist\u00e2ncia e Mapas Tem\u00e1ticos a partir de imagem SRTM<\/a><\/span><\/p><\/div>\n\t\t\t\t\t\t\t<\/div>\n\t\t<\/div>\n\t\t\t\t<\/div>\n\t\t\t\t<\/div>\n\t\t\t\t\t<\/div>\n\t\t<\/div>\n\t\t\t\t\t<\/div>\n\t\t<\/section>\n\t\t\t\t<\/div>\n\t\t","protected":false},"excerpt":{"rendered":"<p>Sensoriamento Remoto Sensoriamento Remoto Hidrogeografia Climatologia Geogr\u00e1fica I Geoprocessamento Sensoriamento Remoto T\u00d3PICO 1 T\u00d3PICO 2 T\u00d3PICO 3 T\u00d3PICO 4 T\u00d3PICO 5 T\u00d3PICO 6 T\u00d3PICO 7 TOPICO 8 T\u00d3PICO 9.A1 T\u00d3PICO 9.A2 T\u00d3PICO 9.B T\u00d3PICO 9.C T\u00d3PICO 9.D T\u00d3PICO 9.E T\u00d3PICO 9.F1 T\u00d3PICO 9.F2 T\u00d3PICO 9.G Artigo 1 Artigo 2 Artigo 3 Artigo 4 Artigo 5 [&hellip;]<\/p>\n","protected":false},"author":8155,"featured_media":0,"parent":0,"menu_order":0,"comment_status":"closed","ping_status":"closed","template":"","meta":{"footnotes":""},"categories":[],"tags":[],"class_list":["post-112","page","type-page","status-publish","hentry"],"acf":[],"_links":{"self":[{"href":"https:\/\/www.ufsm.br\/laboratorios\/labgeotec\/wp-json\/wp\/v2\/pages\/112","targetHints":{"allow":["GET"]}}],"collection":[{"href":"https:\/\/www.ufsm.br\/laboratorios\/labgeotec\/wp-json\/wp\/v2\/pages"}],"about":[{"href":"https:\/\/www.ufsm.br\/laboratorios\/labgeotec\/wp-json\/wp\/v2\/types\/page"}],"author":[{"embeddable":true,"href":"https:\/\/www.ufsm.br\/laboratorios\/labgeotec\/wp-json\/wp\/v2\/users\/8155"}],"replies":[{"embeddable":true,"href":"https:\/\/www.ufsm.br\/laboratorios\/labgeotec\/wp-json\/wp\/v2\/comments?post=112"}],"version-history":[{"count":0,"href":"https:\/\/www.ufsm.br\/laboratorios\/labgeotec\/wp-json\/wp\/v2\/pages\/112\/revisions"}],"wp:attachment":[{"href":"https:\/\/www.ufsm.br\/laboratorios\/labgeotec\/wp-json\/wp\/v2\/media?parent=112"}],"wp:term":[{"taxonomy":"category","embeddable":true,"href":"https:\/\/www.ufsm.br\/laboratorios\/labgeotec\/wp-json\/wp\/v2\/categories?post=112"},{"taxonomy":"post_tag","embeddable":true,"href":"https:\/\/www.ufsm.br\/laboratorios\/labgeotec\/wp-json\/wp\/v2\/tags?post=112"}],"curies":[{"name":"wp","href":"https:\/\/api.w.org\/{rel}","templated":true}]}}