{"id":22,"date":"2019-05-14T17:01:42","date_gmt":"2019-05-14T20:01:42","guid":{"rendered":"https:\/\/www.ufsm.br\/template-laboratprio\/?page_id=22"},"modified":"2019-08-07T15:00:38","modified_gmt":"2019-08-07T18:00:38","slug":"informacoes-gerais","status":"publish","type":"page","link":"https:\/\/www.ufsm.br\/laboratorios\/labgeotec\/informacoes-gerais","title":{"rendered":"Sobre"},"content":{"rendered":"\n<h5>Hist\u00f3rico<\/h5>\n<p>O Laborat\u00f3rio de Geotecnologias da Universidade Federal de Santa Maria, vinculado ao Departamento de Geoci\u00eancias e sediado na sala 1136, foi concretizado no in\u00edcio de 2001. Na \u00e9poca havia, dois computadores e uma mesa digitalizadora, quando iniciaram os trabalhos utilizando geoprocessamento, tendo como participantes: alunos de gradua\u00e7\u00e3o em geografia (inicia\u00e7\u00e3o cient\u00edfica) e especializa\u00e7\u00e3o em geoci\u00eancias. Em 2003 surgiram os mestrados em geografia e em geom\u00e1tica, contando com alunos vinculados ao laborat\u00f3rio. Em 2004 iniciavam-se os trabalhos com munic\u00edpios, com a gera\u00e7\u00e3o de mapeamentos tem\u00e1ticos (mapa-base, mapa de uso da terra) e relat\u00f3rios t\u00e9cnicos para subs\u00eddio ao planejamento e a educa\u00e7\u00e3o municipal. Final de 2005 foi aprovado o projeto Fapergs\/Procorede (Ordenamento Territorial do Vale do Jaguari \u2013 RS), no qual foram desenvolvidos mapeamentos, estudos ambientais e a distribui\u00e7\u00e3o de material did\u00e1tico para alguns munic\u00edpios. Em 2006, o Prof. Waterloo Pereira Filho iniciava seu P\u00f3s-Doutoramento na Universidade de Vict\u00f3ria \u2013 Canad\u00e1. Naquele ano iniciava-se o projeto CAPES\/PROCAD consolidando a coopera\u00e7\u00e3o acad\u00eamica entre os professores\/pesquisadores dos Programas de P\u00f3s-gradua\u00e7\u00e3o em Geografia da Universidade Federal de Santa Maria, Ci\u00eancias Cartogr\u00e1ficas da Universidade Estadual Paulista \u2013 Campus Presidente Prudente, de Sensoriamento Remoto do Instituto Nacional de Pesquisas Espaciais. Por meio desse projeto, est\u00e3o sendo desenvolvidos estudos e m\u00e9todos para a an\u00e1lise espa\u00e7o-temporal da \u00e1gua, com a realiza\u00e7\u00e3o de mestrado-sandu\u00edche pelos alunos da UFSM nas outras institui\u00e7\u00f5es (6 alunos de mestrado), est\u00e1gio p\u00f3s-doutoral (2 professores) realiza\u00e7\u00e3o de trabalhos de pesquisa, participa\u00e7\u00e3o em eventos e realiza\u00e7\u00e3o de reuni\u00f5es anual entre as equipes. No final de 2007, foi aprovado o projeto CNPq\/Edital Universal, integrando um maior n\u00famero de pesquisadores, com recursos de custeio e capital, para identificar o comportamento de vari\u00e1veis limnol\u00f3gicas e de sensoriamento remoto, nos reservat\u00f3rios das UHEs Passo Real e Dona Francisa do rio Jacu\u00ed, no reservat\u00f3rio Rodolfo Costa e Silva do rio Ibicu\u00ed-Mirim e do lago Gua\u00edba, em um ano hidrol\u00f3gico no contexto de suas bacias hidrogr\u00e1ficas. Atualmente o laborat\u00f3rio conta com apoio direto de alunos de gradua\u00e7\u00e3o em geografia, mestrado em geografia e geom\u00e1tica, doutorado em geografia, tendo bolsistas de inicia\u00e7\u00e3o cientifica (CNPq, FAPERGS e UFSM), mestrado (CAPES) e doutorado (FAPESP, CNPq e CAPEs).<\/p>\n<p>\u00a0<\/p>\n<ul>\n<li>\u00a0<\/li>\n<\/ul>\n<h5>Objetivos<\/h5>\n<ul>\n<li>Caracterizar limnologicamente os principais rios e reservat\u00f3rios do Rio Grande do Sul;<\/li>\n<li>Verificar a interfer\u00eancia do ambiente terrestre nos ecossistemas aqu\u00e1ticos;<\/li>\n<li>Identificar o potencial dos dados de sensoriamento remoto para o reconhecimento, distribui\u00e7\u00e3o e quantifica\u00e7\u00e3o dos constituintes opticamente ativos;<\/li>\n<li>Formar recursos humanos capacitados para desenvolver estudos e m\u00e9todos para a an\u00e1lise das caracter\u00edsticas da \u00e1gua no contexto espa\u00e7o-temporal.<\/li>\n<li>Conhecer recursos das Geotecnologias para monitoramento ambiental.<\/li>\n<\/ul>\n<p>\u00a0<\/p>\n<h5>Premia\u00e7\u00f5es<\/h5>\n<ul>\n<li><strong>Melhor trabalho na categoria P\u00f3s-gradua\u00e7\u00e3o<\/strong><\/li>\n<\/ul>\n<p>WACHHOLZ, F.; BREUNIG, F.M.; SARTOR, S.C.de B; PEREIRA FILHO, W. Rela\u00e7\u00e3o da transpar\u00eancia, TSS e clorofila da \u00e1gua, com as \u00e1reas de capta\u00e7\u00e3o do reservat\u00f3rio Rodolfo Costa e Silva \u2013 RS. In: Simp\u00f3sio Regional de Geoprocessamento e Sensoriamento Remoto \u2013 Geonordeste, 3., 2006, Aracaju, Anais&#8230;, Aracaju, Embrapa Tabuleiros Costeiros, 2006.<\/p>\n<p><a href=\"http:\/\/www.cpatc.embrapa.br\/labgeo\/srgsr3\/artigos_pdf\/040_t.pdf\">http:\/\/www.cpatc.embrapa.br\/labgeo\/srgsr3\/artigos_pdf\/040_t.pdf<br \/><br \/><\/a><\/p>\n<ul>\n<li><strong>Um dos tr\u00eas melhores p\u00f4steres do evento (mais de 600 p\u00f4steres no evento)<\/strong><\/li>\n<\/ul>\n<p>WACHHOLZ, F.; BREUNIG, F.M.; SARTOR, S.C.de B; PEREIRA FILHO, W. Compartimenta\u00e7\u00e3o Aqu\u00e1tica do Reservat\u00f3rio Rodolfo Costa e Silva \u2013 RS. In: CONGRESSO BRASILEIRO DE LIMNOLOGIA, 11., 2007, Maca\u00e9, Anais&#8230;, Maca\u00e9: Sociedade Brasileira de Limnologia, 2007.<\/p>\n<p><a href=\"http:\/\/www.sblimno.org.br\/\">http:\/\/www.sblimno.org.br<br \/><br \/><\/a><\/p>\n<ul>\n<li><strong>Trabalho classificado entre os melhores do evento, 4th WSEAS Int.Conf. onREMOTE SENSING (REMOTE&#8217;08)<\/strong><\/li>\n<\/ul>\n<p>PEREIRA FILHO, W.; WACHHOLZ, Fl\u00e1vio ; WIGGERS, M. M. ; TRENTIN, A. B. ; BARBOSA, C. C. F. Reservoir Cascades in Sequence and Their Effect in Water Reflectance. In: 4th WSEAS Int.Conf. on REMOTE SENSING (REMOTE&#8217;08), 2008, Veneza. 4th WSEAS Int.Conf. on REMOTE SENSING (REMOTE&#8217;08), 2008. p. 57-60.<\/p>\n<p><a href=\"http:\/\/www.worldses.org\/books\/2008\/venice\/REMOTE.pdf\" target=\"_blank\" rel=\"noopener noreferrer\">http:\/\/www.worldses.org\/books\/2008\/venice\/REMOTE.pdf<\/a><\/p>\n<p>\u00a0<\/p>\n<ul>\n<li><strong>Trabalho Premiado: Melhor Comunica\u00e7\u00e3o Visual na Categoria Poster, XIV Simp\u00f3sio Brasileiro de Sensoriamento Remoto<\/strong><\/li>\n<\/ul>\n<p>KRAMER, G. ; REIS, J. T. ; PEREIRA FILHO, W. . Uso da terra do entorno do reservat\u00f3rio Passo Real RS e an\u00e1lise de dados limnol\u00f3gicos para compreender os compartimentos do ecossistema aqu\u00e1tico. In: XIV Simp\u00f3sio Brasileiro de Sensoriamento Remoto, 2009, Natal. XIV Simp\u00f3sio Brasileiro de Sensoriamento Remoto, 2009.<\/p>\n<p><a href=\"http:\/\/marte.dpi.inpe.br\/col\/dpi.inpe.br\/sbsr@80\/2008\/11.17.18.23\/doc\/3967-3973.pdf\" target=\"_blank\" rel=\"noopener noreferrer\">http:\/\/marte.dpi.inpe.br\/col\/dpi.inpe.br\/sbsr@80\/2008\/11.17.18.23\/doc\/3967-3973.pdf<\/a><\/p>\n<p>\u00a0<\/p>\n<ul>\n<li><strong>Um dos cinco melhores trabalhos de Inicia\u00e7\u00e3o Cient\u00edfica no XV Simp\u00f3sio Brasileiro de Sensoriamento Remoto<\/strong><\/li>\n<\/ul>\n<p>Domingues, A. L.; Pereira Filho, W.; Oliveira, M. A.; Wachholz, F.; Corazza, R.; Barbieri, D. W. Caracter\u00edsticas espectrais de uma flora\u00e7\u00e3o de cianobact\u00e9rias no Reservat\u00f3rio Rodolfo Costa e Silva &#8211; RS. In: XV Simp\u00f3sio Brasileiro de Sensoriamento Remoto, 2011,Curitiba. XV Simp\u00f3sio Brasileiro de Sensoriamento Remoto, 2011.<\/p>\n<p>\u00a0<\/p>\n<h5>Colaboradores<\/h5>\n<p><strong>UNIVERSIDADE FEDERAL DE SANTA MARIA<\/strong><\/p>\n<hr \/>\n<p><a href=\"http:\/\/buscatextual.cnpq.br\/buscatextual\/visualizacv.do?id=K4787538A5\" target=\"_blank\" rel=\"noopener noreferrer\">Roberto Cassol.<\/a>\u00a0\u00a0<a href=\"mailto:rcassol@base.ufsm.br\">rcassol@base.ufsm.br<\/a><\/p>\n<hr \/>\n<p><a href=\"http:\/\/buscatextual.cnpq.br\/buscatextual\/visualizacv.do?id=K4709035D6\" target=\"_blank\" rel=\"noopener noreferrer\">Eliane Maria Foleto<\/a>.\u00a0<a href=\"mailto:efoleto@gmail.com\">efoleto@gmail.com<\/a><\/p>\n<hr \/>\n<p><a href=\"http:\/\/buscatextual.cnpq.br\/buscatextual\/visualizacv.do?metodo=apresentar&amp;id=K4757084J0\" target=\"_blank\" rel=\"noopener noreferrer\">F\u00e1bio Marcelo Breunig<\/a>.\u00a0<a href=\"mailto:fabiobreunig@gmail.com\">fabiobreunig@gmail.com<\/a><\/p>\n<hr \/>\n<p><a href=\"http:\/\/buscatextual.cnpq.br\/buscatextual\/visualizacv.do?metodo=apresentar&amp;id=K4723571J7\" target=\"_blank\" rel=\"noopener noreferrer\">Maria Angelica Oliveira<\/a>.\u00a0<a href=\"mailto:angelcure@gmail.com\">angelcure@gmail.com<\/a><\/p>\n<hr \/>\n<p><strong>INSTITUTO NACIONAL DE PESQUISAS ESPACIAIS<\/strong><\/p>\n<hr \/>\n<p><a href=\"http:\/\/buscatextual.cnpq.br\/buscatextual\/visualizacv.do?metodo=apresentar&amp;id=K4787271Z9\" target=\"_blank\" rel=\"noopener noreferrer\">Evlyn M\u00e1rcia Le\u00e3o de Moraes Novo<\/a>.<\/p>\n<hr \/>\n<p><a href=\"http:\/\/buscatextual.cnpq.br\/buscatextual\/visualizacv.do?metodo=apresentar&amp;id=K4796930E9\" target=\"_blank\" rel=\"noopener noreferrer\">L\u00eanio Soares Galv\u00e3o<\/a>.<\/p>\n<hr \/>\n<p><a href=\"http:\/\/lattes.cnpq.br\/1596449770636962\">Cl\u00e1udio Clemente Faria Barbosa<\/a>\u00a0 &#8211;\u00a0<a href=\"http:\/\/www.dpi.inpe.br\/labisa\/\">LabISA<\/a>\u00a0<\/p>\n<hr \/>\n<p><strong>UNIVERSITY OF MINHO &#8211; GUIMAR\u00c3ES &#8211; PORTUGAL<\/strong><\/p>\n<hr \/>\n<p>Ant\u00f3nio Bento-Gon\u00e7alves<\/p>\n<hr \/>\n<p>\u00a0<\/p>\n<p>Francisco Costa\u00a0<\/p>\n<hr \/>\n<p><strong>KANSAS STATE UNIVERSITY<\/strong><\/p>\n<hr \/>\n<p>Marcellus Caldas<\/p>\n<hr \/>\n<p><strong>UNIVERSIDADE ESTADUAL DE FEIRA DE SANTANA<\/strong><\/p>\n<hr \/>\n<p>Joselisa Maria Chaves<\/p>\n<hr \/>\n<p>Washington J. S. Franca Rocha<\/p>\n<hr \/>\n<p><strong>UNIVERSIDADE ESTADUAL PAULISTA \u2013 Campus Presidente Prudente<\/strong><\/p>\n<hr \/>\n<p><a href=\"http:\/\/lattes.cnpq.br\/0894715226925471\" target=\"_blank\" rel=\"noopener noreferrer\">Maria de Lourdes Bueno Trindade Galo<\/a>.\u00a0<a href=\"mailto:mlourdes@fct.unesp.br\">mlourdes@fct.unesp.br<\/a><\/p>\n<hr \/>\n<p><a href=\"http:\/\/lattes.cnpq.br\/2985771102505330\" target=\"_blank\" rel=\"noopener noreferrer\">Nilton Nobuhiro Imai.<\/a>\u00a0<a href=\"mailto:nnimai@fct.unesp.br\">nnimai@fct.unesp.br<\/a><\/p>\n<hr \/>\n<p><strong>UNIVERSIDADE ESTADUAL PAULISTA \u2013 Campus Rio Claro<\/strong><\/p>\n<hr \/>\n<p><a href=\"http:\/\/lattes.cnpq.br\/4244941712717032\" target=\"_blank\" rel=\"noopener noreferrer\">Archimedes Perez Filho<\/a>.\u00a0<a href=\"mailto:archi@ig.unicamp.br\">archi@ig.unicamp.br<\/a><\/p>\n<hr \/>\n<p><strong>UNIVERSIDADE ESTADUAL DO AMAZONAS<\/strong><\/p>\n<hr \/>\n<p>\u00a0<\/p>\n<p><a href=\"http:\/\/buscatextual.cnpq.br\/buscatextual\/visualizacv.do?id=K4162462P4\" target=\"_blank\" rel=\"noopener noreferrer\">Flavio Wachholz<\/a>\u00a0<\/p>\n<hr \/>\n<p>UNIVERSIDADE FEDERAL DE GOIAS<\/p>\n<hr \/>\n<p>Jo\u00e3o Cabral<\/p>\n","protected":false},"excerpt":{"rendered":"<p>Hist\u00f3rico O Laborat\u00f3rio de Geotecnologias da Universidade Federal de Santa Maria, vinculado ao Departamento de Geoci\u00eancias e sediado na sala 1136, foi concretizado no in\u00edcio de 2001. Na \u00e9poca havia, dois computadores e uma mesa digitalizadora, quando iniciaram os trabalhos utilizando geoprocessamento, tendo como participantes: alunos de gradua\u00e7\u00e3o em geografia (inicia\u00e7\u00e3o cient\u00edfica) e especializa\u00e7\u00e3o em [&hellip;]<\/p>\n","protected":false},"author":124,"featured_media":0,"parent":0,"menu_order":0,"comment_status":"closed","ping_status":"closed","template":"","meta":{"footnotes":""},"categories":[],"tags":[],"class_list":["post-22","page","type-page","status-publish","hentry"],"acf":[],"_links":{"self":[{"href":"https:\/\/www.ufsm.br\/laboratorios\/labgeotec\/wp-json\/wp\/v2\/pages\/22","targetHints":{"allow":["GET"]}}],"collection":[{"href":"https:\/\/www.ufsm.br\/laboratorios\/labgeotec\/wp-json\/wp\/v2\/pages"}],"about":[{"href":"https:\/\/www.ufsm.br\/laboratorios\/labgeotec\/wp-json\/wp\/v2\/types\/page"}],"author":[{"embeddable":true,"href":"https:\/\/www.ufsm.br\/laboratorios\/labgeotec\/wp-json\/wp\/v2\/users\/124"}],"replies":[{"embeddable":true,"href":"https:\/\/www.ufsm.br\/laboratorios\/labgeotec\/wp-json\/wp\/v2\/comments?post=22"}],"version-history":[{"count":0,"href":"https:\/\/www.ufsm.br\/laboratorios\/labgeotec\/wp-json\/wp\/v2\/pages\/22\/revisions"}],"wp:attachment":[{"href":"https:\/\/www.ufsm.br\/laboratorios\/labgeotec\/wp-json\/wp\/v2\/media?parent=22"}],"wp:term":[{"taxonomy":"category","embeddable":true,"href":"https:\/\/www.ufsm.br\/laboratorios\/labgeotec\/wp-json\/wp\/v2\/categories?post=22"},{"taxonomy":"post_tag","embeddable":true,"href":"https:\/\/www.ufsm.br\/laboratorios\/labgeotec\/wp-json\/wp\/v2\/tags?post=22"}],"curies":[{"name":"wp","href":"https:\/\/api.w.org\/{rel}","templated":true}]}}