{"id":24,"date":"2019-05-14T17:02:52","date_gmt":"2019-05-14T20:02:52","guid":{"rendered":"https:\/\/www.ufsm.br\/template-laboratprio\/?page_id=24"},"modified":"2019-08-07T15:00:05","modified_gmt":"2019-08-07T18:00:05","slug":"infraestrutura","status":"publish","type":"page","link":"https:\/\/www.ufsm.br\/laboratorios\/labgeotec\/infraestrutura","title":{"rendered":"Infraestrutura"},"content":{"rendered":"\n<h5>Equipamentos<\/h5>\n<p>Labgeotec possui seguintes equipamentos dispon\u00edveis aos seus alunos\/pesquisadores:<\/p>\n<ul>\n<li>Computadores: utilizado principalmente para realiza\u00e7\u00e3o de trabalhos de\u00a0pesquisa, mapeamentos tem\u00e1ticos, processamento de imagens de sat\u00e9lite e constru\u00e7\u00e3o\u00a0de banco de dados geogr\u00e1ficos.<\/li>\n<li>Viatura, Barco, Motor e Reboque: suporta a coleta de dados de campo em reservat\u00f3rios.<\/li>\n<li>GPS: utilizado para georreferenciamento dos pontos de coleta e sua localiza\u00e7\u00e3o,\u00a0contudo para a reambula\u00e7\u00e3o terrestre.<\/li>\n<li>Sonar: possibilita a identifica\u00e7\u00e3o da profundidade total dos reservat\u00f3rios.<\/li>\n<li>Condutiv\u00edmetro Orion: Mede a condutividade el\u00e9trica, temperatura, sais\u00a0e totais de s\u00f3lidos dissolvidos da \u00e1gua.<\/li>\n<li>Phmetro: mede pH da \u00e1gua.<\/li>\n<li>Garrafa de Van Dorn: coleta agua na profundidade desejada.<\/li>\n<li>Conjunto para filtra\u00e7\u00e3o: a partir do uso de membranas, \u00e9 poss\u00edvel a realiza\u00e7\u00e3o\u00a0de filtragem de amostras de \u00e1gua para a realiza\u00e7\u00e3o do total de s\u00f3lidos em suspens\u00e3o.<\/li>\n<li>Espectroradi\u00f4metro de campo: aquisi\u00e7\u00e3o de dados espectrais a n\u00edvel terrestre\u00a0e a possibilidade da realiza\u00e7\u00e3o de experimentos em laborat\u00f3rio.<\/li>\n<li>Espectrofotometro: permite a leitura de absorb\u00e2ncia, transmit\u00e2ncia e concentra\u00e7\u00e3o, para fins da identifica\u00e7\u00e3o de nutrientes e sua concentra\u00e7\u00e3o.<\/li>\n<li>Estufa: utilizada na esteriliza\u00e7\u00e3o e secagem de amostras.<\/li>\n<li>Balan\u00e7a anal\u00edtica: utilizada, principalmente para a pesagem de filtros durante a medida do totais de s\u00f3lidos em suspens\u00e3o.\u00a0<\/li>\n<li>Sonda Multipar\u00e2metro Horiba U-53<\/li>\n<li>Sonda Trilux.<\/li>\n<\/ul>\n","protected":false},"excerpt":{"rendered":"<p>Equipamentos Labgeotec possui seguintes equipamentos dispon\u00edveis aos seus alunos\/pesquisadores: Computadores: utilizado principalmente para realiza\u00e7\u00e3o de trabalhos de\u00a0pesquisa, mapeamentos tem\u00e1ticos, processamento de imagens de sat\u00e9lite e constru\u00e7\u00e3o\u00a0de banco de dados geogr\u00e1ficos. Viatura, Barco, Motor e Reboque: suporta a coleta de dados de campo em reservat\u00f3rios. GPS: utilizado para georreferenciamento dos pontos de coleta e sua localiza\u00e7\u00e3o,\u00a0contudo [&hellip;]<\/p>\n","protected":false},"author":124,"featured_media":0,"parent":0,"menu_order":0,"comment_status":"closed","ping_status":"closed","template":"","meta":{"footnotes":""},"categories":[],"tags":[],"class_list":["post-24","page","type-page","status-publish","hentry"],"acf":[],"_links":{"self":[{"href":"https:\/\/www.ufsm.br\/laboratorios\/labgeotec\/wp-json\/wp\/v2\/pages\/24","targetHints":{"allow":["GET"]}}],"collection":[{"href":"https:\/\/www.ufsm.br\/laboratorios\/labgeotec\/wp-json\/wp\/v2\/pages"}],"about":[{"href":"https:\/\/www.ufsm.br\/laboratorios\/labgeotec\/wp-json\/wp\/v2\/types\/page"}],"author":[{"embeddable":true,"href":"https:\/\/www.ufsm.br\/laboratorios\/labgeotec\/wp-json\/wp\/v2\/users\/124"}],"replies":[{"embeddable":true,"href":"https:\/\/www.ufsm.br\/laboratorios\/labgeotec\/wp-json\/wp\/v2\/comments?post=24"}],"version-history":[{"count":0,"href":"https:\/\/www.ufsm.br\/laboratorios\/labgeotec\/wp-json\/wp\/v2\/pages\/24\/revisions"}],"wp:attachment":[{"href":"https:\/\/www.ufsm.br\/laboratorios\/labgeotec\/wp-json\/wp\/v2\/media?parent=24"}],"wp:term":[{"taxonomy":"category","embeddable":true,"href":"https:\/\/www.ufsm.br\/laboratorios\/labgeotec\/wp-json\/wp\/v2\/categories?post=24"},{"taxonomy":"post_tag","embeddable":true,"href":"https:\/\/www.ufsm.br\/laboratorios\/labgeotec\/wp-json\/wp\/v2\/tags?post=24"}],"curies":[{"name":"wp","href":"https:\/\/api.w.org\/{rel}","templated":true}]}}