{"id":32,"date":"2019-05-24T15:38:39","date_gmt":"2019-05-24T18:38:39","guid":{"rendered":"https:\/\/www.ufsm.br\/template-laboratprio\/?page_id=32"},"modified":"2024-09-12T18:11:07","modified_gmt":"2024-09-12T21:11:07","slug":"projetos","status":"publish","type":"page","link":"https:\/\/www.ufsm.br\/laboratorios\/labgeotec\/projetos","title":{"rendered":"Projetos"},"content":{"rendered":"\t\t<div data-elementor-type=\"wp-page\" data-elementor-id=\"32\" class=\"elementor elementor-32\">\n\t\t\t\t\t\t<section class=\"elementor-section elementor-top-section elementor-element elementor-element-127e260a elementor-section-boxed elementor-section-height-default elementor-section-height-default\" data-id=\"127e260a\" data-element_type=\"section\">\n\t\t\t\t\t\t<div class=\"elementor-container elementor-column-gap-default\">\n\t\t\t\t\t<div class=\"elementor-column elementor-col-100 elementor-top-column elementor-element elementor-element-bf86700\" data-id=\"bf86700\" data-element_type=\"column\">\n\t\t\t<div class=\"elementor-widget-wrap elementor-element-populated\">\n\t\t\t\t\t\t<div class=\"elementor-element elementor-element-961ae6e elementor-widget elementor-widget-text-editor\" data-id=\"961ae6e\" data-element_type=\"widget\" data-widget_type=\"text-editor.default\">\n\t\t\t\t<div class=\"elementor-widget-container\">\n\t\t\t\t\t\t\t<ul>\n<li><strong>Varia\u00e7\u00e3o espa\u00e7o-temporal da temperatura de superf\u00edcie da \u00e1gua em lagos e reservat\u00f3rios do Rio Grande do Sul e sua rela\u00e7\u00e3o com a ocorr\u00eancia de flora\u00e7\u00f5es algais.<\/strong>\n<ul>\n<li>Recordes hist\u00f3ricos nas m\u00e9dias das emiss\u00f5es globais de Gases de Efeito Estufa t\u00eam alertado sobre a intensifica\u00e7\u00e3o de impactos sobre o sistema clim\u00e1tico. Os reservat\u00f3rios de \u00e1guas interiores atuam como sentinelas desses impactos clim\u00e1ticos e podem refletir altera\u00e7\u00f5es importantes na temperatura da \u00e1gua. \u00c0 medida que as mudan\u00e7as clim\u00e1ticas se aceleram, associadas a sinergia de a\u00e7\u00f5es antr\u00f3picas, os impactos ambientais s\u00e3o preocupantes, pois a humanidade enfrentar\u00e1 uma s\u00e9rie de riscos clim\u00e1ticos provocados pelo aquecimento global de 1,5C, nas pr\u00f3ximas duas d\u00e9cadas, conforme o alerta emitido em relat\u00f3rio do Painel Internacional sobre a Mudan\u00e7a Clim\u00e1tica da ONU. Mudan\u00e7as biol\u00f3gicas em esp\u00e9cies e os processos de aquecimento regional ou global s\u00e3o evid\u00eancias atuais associadas \u00e0s mudan\u00e7as do clima. Al\u00e9m disso, o aquecimento das \u00e1guas \u00e9 um dos principais fatores de est\u00edmulo \u00e0 ocorr\u00eancia de flora\u00e7\u00f5es algais, pois influencia substancialmente a taxa de crescimento das esp\u00e9cies e o desenvolvimento de toxinas, conhecidas mundialmente como harmful algal blooms (HABs). O projeto tem como objetivo geral caracterizar a varia\u00e7\u00e3o hist\u00f3rica da temperatura de superf\u00edcie da \u00e1gua na plataforma de an\u00e1lise geoespacial Google Earth Engine (GEE), com imagens de sensoriamento remoto, e sua correla\u00e7\u00e3o com epis\u00f3dios de flora\u00e7\u00f5es algais, em distintos corpos de \u00e1guas interiores do Rio Grande do Sul para fins de identificar poss\u00edveis efeito das mudan\u00e7as clim\u00e1ticas em corpos de \u00e1gua.<br>Situa\u00e7\u00e3o: Em andamento; Natureza: Pesquisa.<br><strong>Integrantes:<\/strong> Rafael Zini Ouriques &#8211; Integrante \/ Gisieli Kramer &#8211; Integrante \/ Waterloo Pereira Filho &#8211; Coordenador \/ Caroline Lorenci Mallmann &#8211; Integrante.<br><strong>Financiador(es):<\/strong> Funda\u00e7\u00e3o de Amparo \u00e0 Pesquisa do Estado do Rio Grande do Sul &#8211; Aux\u00edlio financeiro. <em>EDITAL FAPERGS\/CNPq 07\/2022 -Programa de Apoio \u00e0 Fixa\u00e7\u00e3o de Jovens Doutores no Brasil.<\/em><br><strong>Dura\u00e7\u00e3o:<\/strong> 31\/03\/2024 a 31\/03\/2026.<\/li>\n<\/ul>\n<\/li>\n<\/ul>\n<ul>\n<li><strong>Rela\u00e7\u00f5es entre Ambientes Terrestre e Aqu\u00e1tico em Diferentes Regi\u00f5es Brasileiras Avaliadas por Sensoriamento Remoto no Contexto das Mudan\u00e7as Clim\u00e1ticas<\/strong>\n<ul>\n<li>Os ambientes aqu\u00e1ticos refletem as condi\u00e7\u00f5es ambientais das suas bacias hidrogr\u00e1ficas. S\u00e9ries temporais e a distribui\u00e7\u00e3o espacial do contexto natural e antr\u00f3pico permitem identificar padr\u00f5es em ambientes aqu\u00e1ticos. Entre os efeitos an\u00f4malos destacam-se altera\u00e7\u00f5es no n\u00edvel tr\u00f3fico da \u00e1gua. Em condi\u00e7\u00f5es extremas podem ocasionar o crescimento acentuado de algas e de macr\u00f3fitas. Ainda podem proporcionar a prolifera\u00e7\u00e3o de algas nocivas, situa\u00e7\u00e3o chamada de HAB (Harmful Algal Blooms). O conhecimento integrado entre os ambientes terrestre e aqu\u00e1tico permite que sejam identificados o papel das a\u00e7\u00f5es antr\u00f3picas e naturais nas suas rela\u00e7\u00f5es ambientais. Em fun\u00e7\u00e3o de trabalhos em parceria com outras institui\u00e7\u00f5es, pretende-se avaliar e comparar a geodiversidade, com foco na hidrogeografia, e seus impactos em reservat\u00f3rios, lagos naturais e rios das regi\u00f5es Sul, Centro-Oeste e Norte do Brasil. Os recursos tecnol\u00f3gicos atuais permitem identificar a condi\u00e7\u00e3o sin\u00f3tica dos ambientes com qualidade de dados tanto no tempo quanto sua distribui\u00e7\u00e3o espacial. As Geotecnologias permitem a quantifica\u00e7\u00e3o de vari\u00e1veis destes dois ambientes, recursos como o de sensoriamento remoto, banco de dados de \u00f3rg\u00e3os oficiais e obtidos em campo tornam poss\u00edveis o diagn\u00f3stico das transforma\u00e7\u00f5es que os ambientes sofrem no tempo e no espa\u00e7o. Os recursos de sensoriamento remoto ser\u00e3o utilizados para identificar as rela\u00e7\u00f5es entre \u00e0 vegeta\u00e7\u00e3o, em bacias hidrogr\u00e1ficas, e parte aqu\u00e1tica, nas quais ser\u00e3o identificados espectros de reflect\u00e2ncia, a partir de radi\u00f4metro e de imagens de sat\u00e9lite. Este conjunto de vari\u00e1veis analisadas em s\u00e9ries temporais ser\u00e1 contextualizado com as mudan\u00e7as clim\u00e1ticas. Espera-se que com este procedimento seja poss\u00edvel identificar as condi\u00e7\u00f5es metab\u00f3licas do ambiente aqu\u00e1tico, principalmente associados aos componentes opticamente ativos, e sua rela\u00e7\u00e3o com a din\u00e2mica abi\u00f3tica e antr\u00f3pica espec\u00edficas da ecologia de cada regi\u00e3o associadas a mudan\u00e7as clim\u00e1ticas..<br><strong>Situa\u00e7\u00e3o:<\/strong> Em andamento.<br><strong>Integrantes:<\/strong> Rafael Zini Ouriques &#8211; Integrante \/ Gisieli Kramer &#8211; Integrante \/ Waterloo Pereira Filho &#8211; Coordenador \/ Fl\u00e1vio Wachholz &#8211; Integrante \/ Carline Trentin &#8211; Integrante \/ Daniela Wancura Barbieri &#8211; Integrante \/ Aline Biasoli Trentin &#8211; Integrante \/ Edimar Pereira dos Santos Junior &#8211; Integrante \/ Flavia Machado Durgante &#8211; Integrante \/ Marcellus Marques Caldas &#8211; Integrante \/ Greisi Aline de Azeredo &#8211; Integrante \/ Diego Dal Pozzolo &#8211; Integrante \/ Leonardo Goya Pierry &#8211; Integrante.<br><strong>Financiador(es)<\/strong>: Conselho Nacional de Desenvolvimento Cient\u00edfico e Tecnol\u00f3gico &#8211; Aux\u00edlio financeiro.<\/li>\n<\/ul>\n<\/li>\n<\/ul>\n<ul>\n<li><strong>Varia\u00e7\u00e3o Espectral e limnol\u00f3gica nos reservat\u00f3rios em cascata no Rio Jacu\u00ed &#8211; Rio Grande do Sul<\/strong>\n<ul>\n<li>No rio Jacu\u00ed, localizado no Rio Grande do Sul, h\u00e1 cinco reservat\u00f3rios que, somados, possuem 274,66 km2 de \u00e1rea com represamento de \u00e1gua e podem produzir 966,7 MW. Esta condi\u00e7\u00e3o exigiu a constru\u00e7\u00e3o de reservat\u00f3rios localizados em seq\u00fc\u00eancia no rio, configurando-se assim como reservat\u00f3rios em efeito cascata . A substitui\u00e7\u00e3o de um ambiente l\u00f3tico em diversos ambientes l\u00eanticos altera substancialmente as condi\u00e7\u00f5es ambientais do sistema aqu\u00e1tico com impactos importantes na flora e fauna aqu\u00e1tica. Neste sentido, o projeto prev\u00ea a avalia\u00e7\u00e3o da geodiversidade da \u00e1rea de capta\u00e7\u00e3o destes reservat\u00f3rios na expectativa de identificar as condi\u00e7\u00f5es geogr\u00e1ficas que levam ao crescimento de algas, que s\u00e3o potencialmente t\u00f3xicas. Prev\u00ea, ainda, avaliar a possibilidade de monitoramento e identifica\u00e7\u00e3o do crescimento acentuado destas algas utilizando-se recursos de sensoriamento remoto.<br><strong>Dura\u00e7\u00e3o:<\/strong> 11\/2010 a 04\/2013.<\/li>\n<\/ul>\n<\/li>\n<\/ul>\n<p>&nbsp; &nbsp; &nbsp; &nbsp; &nbsp; CNPq n\u00ba 484712\/2007-1<\/p>\n<ul>\n<li><strong>Caracteriza\u00e7\u00e3o espectral e limnol\u00f3gica de ambientes l\u00eanticosno Rio Grande do Sul, com abordagem espa\u00e7o-temporal<\/strong>\n<ul>\n<li>As institui\u00e7\u00f5es\/cursos envolvidas s\u00e3o: Universidade Federal de Santa Maria \/ Programa de P\u00f3s-Gradua\u00e7\u00e3o em Geografia; Universidade Estadual Paulista\/Programa de P\u00f3s-Gradua\u00e7\u00e3o em Ci\u00eancias Cartogr\u00e1ficas; e Instituto Nacional de Pesquisas Espaciais\/Programa de P\u00f3s-gradua\u00e7\u00e3o em Sensoriamento Remoto. As institui\u00e7\u00f5es envolvidas s\u00e3o: Universidade Federal de Santa Maria, Universidade Estadual Paulista e Instituto Nacional de Pesquisas Espaciais.<br><strong>Dura\u00e7\u00e3o:<\/strong> 11\/2007 a 04\/2010.<\/li>\n<\/ul>\n<\/li>\n<\/ul>\n<p>&nbsp; &nbsp; &nbsp; &nbsp; &nbsp; &nbsp;PROCAD\/CAPES n\u00b0 258059<\/p>\n<ul>\n<li><strong>Desenvolvimento de estudos e m\u00e9todos para an\u00e1lise das caracter\u00edsticas da \u00e1gua no contexto espa\u00e7o-temporal<\/strong>\n<ul>\n<li>As institui\u00e7\u00f5es\/cursos envolvidas s\u00e3o: Universidade Federal de Santa Maria \/ Programa de P\u00f3s-Gradua\u00e7\u00e3o em Geografia, Universidade Estadual Paulista \u2013 PP \/ Programa de P\u00f3s-Gradua\u00e7\u00e3o em Ci\u00eancias Cartogr\u00e1ficas; Universidade Estadual Paulista \u201cJulio de Mesquita Filho\u201d \/ Programa de P\u00f3s-Gradua\u00e7\u00e3o em Geografia e Instituto Nacional de Pesquisas Espaciais\/Programa de P\u00f3s-gradua\u00e7\u00e3o em Sensoriamento Remoto.<br><strong>Dura\u00e7\u00e3o:<\/strong> 01\/01\/2006 a 30\/12\/2009<\/li>\n<\/ul>\n<\/li>\n<\/ul>\n<ul>\n<li style=\"font-weight: 400\"><b>An\u00e1lise comparativa da temperatura, transpar\u00eancia e TSS entre os reservat\u00f3rios Passo Real e Dona Francisca no Alto Jacui<\/b><\/li>\n<li style=\"font-weight: 400\"><b>An\u00e1lise da din\u00e2mica da vegeta\u00e7\u00e3o na bacia de capta\u00e7\u00e3o no alto curso do rio Jacu\u00ed e sua influ\u00eancia nos reservat\u00f3rios da UHE Passo Real e UHE Dona Francisca a partir do NDVI\/MODIS<\/b><\/li>\n<li style=\"font-weight: 400\"><b>Caracteriza\u00e7\u00e3o espectral dos pigmentos fitoplant\u00f4nicos em tr\u00eas reservat\u00f3rios no Rio Grande do Sul<\/b><\/li>\n<li style=\"font-weight: 400\"><b>Constru\u00e7\u00e3o do banco de dados georreferenciados utilizando dados do sensor MODIS e dados limnol\u00f3gicos em ambientes l\u00eanticos-RS<\/b><\/li>\n<li style=\"font-weight: 400\"><b>Geoprocessamento como ferramenta para o desenvolvimento do Ecoturismo e o Turismo de Aventura na Regi\u00e3o de Santa Maria<\/b><\/li>\n<li style=\"font-weight: 400\"><b>Imagens de Sensoriamento Remoto como recurso did\u00e1tico para o ensino de Geografia Ambiental na Escola Municipal de Ensino Fundamental Bernardino Fernandes, Distrito Pais, Santa Maria, RS<\/b><\/li>\n<li style=\"font-weight: 400\"><b>Influ\u00eancia das bacias hidrogr\u00e1ficas e caracteriza\u00e7\u00e3o espa\u00e7o-temporal de vari\u00e1veis limnol\u00f3gicas em tr\u00eas reservat\u00f3rios do Rio Grande do Sul<\/b><\/li>\n<li style=\"font-weight: 400\"><b>Rela\u00e7\u00e3o dos componetes oticamente ativos da \u00e1gua do reservat\u00f3rio da UHE Dona Francisca com imagens de sat\u00e9lite<\/b><\/li>\n<li style=\"font-weight: 400\"><b>Rela\u00e7\u00e3o entre temperatura e transparencia da \u00e1gua no Reservat\u00f3rio da UHE Dona Francisca com imagem de sat\u00e9lite<\/b><\/li>\n<li style=\"font-weight: 400\"><b>Trabalhando com educa\u00e7\u00e3o ambiental: preserva\u00e7\u00e3o da \u00e1gua e parques municipais<\/b><\/li>\n<\/ul>\n<p>Linhas de Pesquisa<br>Sensoriamento Remoto em Geografia;<br>Hidrogeografia;<\/p>\t\t\t\t\t\t<\/div>\n\t\t\t\t<\/div>\n\t\t\t\t\t<\/div>\n\t\t<\/div>\n\t\t\t\t\t<\/div>\n\t\t<\/section>\n\t\t\t\t<\/div>\n\t\t","protected":false},"excerpt":{"rendered":"<p>Varia\u00e7\u00e3o espa\u00e7o-temporal da temperatura de superf\u00edcie da \u00e1gua em lagos e reservat\u00f3rios do Rio Grande do Sul e sua rela\u00e7\u00e3o com a ocorr\u00eancia de flora\u00e7\u00f5es algais. Recordes hist\u00f3ricos nas m\u00e9dias das emiss\u00f5es globais de Gases de Efeito Estufa t\u00eam alertado sobre a intensifica\u00e7\u00e3o de impactos sobre o sistema clim\u00e1tico. Os reservat\u00f3rios de \u00e1guas interiores atuam [&hellip;]<\/p>\n","protected":false},"author":25,"featured_media":0,"parent":0,"menu_order":0,"comment_status":"closed","ping_status":"closed","template":"","meta":{"footnotes":""},"categories":[],"tags":[],"class_list":["post-32","page","type-page","status-publish","hentry"],"acf":[],"_links":{"self":[{"href":"https:\/\/www.ufsm.br\/laboratorios\/labgeotec\/wp-json\/wp\/v2\/pages\/32","targetHints":{"allow":["GET"]}}],"collection":[{"href":"https:\/\/www.ufsm.br\/laboratorios\/labgeotec\/wp-json\/wp\/v2\/pages"}],"about":[{"href":"https:\/\/www.ufsm.br\/laboratorios\/labgeotec\/wp-json\/wp\/v2\/types\/page"}],"author":[{"embeddable":true,"href":"https:\/\/www.ufsm.br\/laboratorios\/labgeotec\/wp-json\/wp\/v2\/users\/25"}],"replies":[{"embeddable":true,"href":"https:\/\/www.ufsm.br\/laboratorios\/labgeotec\/wp-json\/wp\/v2\/comments?post=32"}],"version-history":[{"count":0,"href":"https:\/\/www.ufsm.br\/laboratorios\/labgeotec\/wp-json\/wp\/v2\/pages\/32\/revisions"}],"wp:attachment":[{"href":"https:\/\/www.ufsm.br\/laboratorios\/labgeotec\/wp-json\/wp\/v2\/media?parent=32"}],"wp:term":[{"taxonomy":"category","embeddable":true,"href":"https:\/\/www.ufsm.br\/laboratorios\/labgeotec\/wp-json\/wp\/v2\/categories?post=32"},{"taxonomy":"post_tag","embeddable":true,"href":"https:\/\/www.ufsm.br\/laboratorios\/labgeotec\/wp-json\/wp\/v2\/tags?post=32"}],"curies":[{"name":"wp","href":"https:\/\/api.w.org\/{rel}","templated":true}]}}