{"id":106,"date":"2019-07-30T15:24:20","date_gmt":"2019-07-30T18:24:20","guid":{"rendered":"https:\/\/www.ufsm.br\/laboratorios\/labhidrogeo\/?page_id=106"},"modified":"2019-07-30T15:24:25","modified_gmt":"2019-07-30T18:24:25","slug":"fotos","status":"publish","type":"page","link":"https:\/\/www.ufsm.br\/laboratorios\/labhidrogeo\/fotos","title":{"rendered":"Fotos"},"content":{"rendered":"\n<p>Fotos de Po\u00e7os do Campus<\/p>\n<p>As fotos mostram respectivamente<br \/>&#8211; Po\u00e7o Estrada Jardim Bot\u00e2nico: Po\u00e7o em funcionamento<br \/>&#8211; Po\u00e7o FATEC Velho: Po\u00e7o desativado atualmente serve para monitoramento<br \/>&#8211; Po\u00e7o Esta\u00e7\u00e3o Experimental: Em fase final de instala\u00e7\u00e3o<\/p>\n<p>\u00a0<\/p>\n\n\n\n<ul class=\"wp-block-gallery columns-3 is-cropped wp-block-gallery-1 is-layout-flex wp-block-gallery-is-layout-flex\"><li class=\"blocks-gallery-item\"><figure><img fetchpriority=\"high\" decoding=\"async\" width=\"1024\" height=\"769\" src=\"https:\/\/www.ufsm.br\/laboratorios\/labhidrogeo\/wp-content\/uploads\/sites\/643\/2019\/07\/439740627afb5914a2573825cb1ebc52-1024x769.jpg\" alt=\"\" data-id=\"107\" class=\"wp-image-107\" srcset=\"https:\/\/www.ufsm.br\/app\/uploads\/sites\/643\/2019\/07\/439740627afb5914a2573825cb1ebc52-1024x769.jpg 1024w, https:\/\/www.ufsm.br\/app\/uploads\/sites\/643\/2019\/07\/439740627afb5914a2573825cb1ebc52-300x225.jpg 300w, https:\/\/www.ufsm.br\/app\/uploads\/sites\/643\/2019\/07\/439740627afb5914a2573825cb1ebc52-768x577.jpg 768w, https:\/\/www.ufsm.br\/app\/uploads\/sites\/643\/2019\/07\/439740627afb5914a2573825cb1ebc52.jpg 1445w\" sizes=\"(max-width: 1024px) 100vw, 1024px\" \/><\/figure><\/li><li class=\"blocks-gallery-item\"><figure><img decoding=\"async\" width=\"701\" height=\"527\" src=\"https:\/\/www.ufsm.br\/laboratorios\/labhidrogeo\/wp-content\/uploads\/sites\/643\/2019\/07\/26ffb4fb030ae7bcfbfcd1fbe054eb9b-1.jpg\" alt=\"\" data-id=\"109\" data-link=\"https:\/\/www.ufsm.br\/laboratorios\/labhidrogeo\/?attachment_id=109\" class=\"wp-image-109\" srcset=\"https:\/\/www.ufsm.br\/app\/uploads\/sites\/643\/2019\/07\/26ffb4fb030ae7bcfbfcd1fbe054eb9b-1.jpg 701w, https:\/\/www.ufsm.br\/app\/uploads\/sites\/643\/2019\/07\/26ffb4fb030ae7bcfbfcd1fbe054eb9b-1-300x226.jpg 300w\" sizes=\"(max-width: 701px) 100vw, 701px\" \/><\/figure><\/li><li class=\"blocks-gallery-item\"><figure><img decoding=\"async\" width=\"576\" height=\"1024\" src=\"https:\/\/www.ufsm.br\/laboratorios\/labhidrogeo\/wp-content\/uploads\/sites\/643\/2019\/07\/febb1c5959258ff0f3854ad5336422eb-576x1024.jpg\" alt=\"\" data-id=\"110\" data-link=\"https:\/\/www.ufsm.br\/laboratorios\/labhidrogeo\/?attachment_id=110\" class=\"wp-image-110\" srcset=\"https:\/\/www.ufsm.br\/app\/uploads\/sites\/643\/2019\/07\/febb1c5959258ff0f3854ad5336422eb-576x1024.jpg 576w, https:\/\/www.ufsm.br\/app\/uploads\/sites\/643\/2019\/07\/febb1c5959258ff0f3854ad5336422eb-169x300.jpg 169w, https:\/\/www.ufsm.br\/app\/uploads\/sites\/643\/2019\/07\/febb1c5959258ff0f3854ad5336422eb-768x1365.jpg 768w, https:\/\/www.ufsm.br\/app\/uploads\/sites\/643\/2019\/07\/febb1c5959258ff0f3854ad5336422eb.jpg 1080w\" sizes=\"(max-width: 576px) 100vw, 576px\" \/><\/figure><\/li><\/ul>\n","protected":false},"excerpt":{"rendered":"<p>Fotos de Po\u00e7os do Campus As fotos mostram respectivamente&#8211; Po\u00e7o Estrada Jardim Bot\u00e2nico: Po\u00e7o em funcionamento&#8211; Po\u00e7o FATEC Velho: Po\u00e7o desativado atualmente serve para monitoramento&#8211; Po\u00e7o Esta\u00e7\u00e3o Experimental: Em fase final de instala\u00e7\u00e3o \u00a0<\/p>\n","protected":false},"author":115,"featured_media":0,"parent":0,"menu_order":0,"comment_status":"closed","ping_status":"closed","template":"","meta":{"footnotes":""},"categories":[],"tags":[],"class_list":["post-106","page","type-page","status-publish","hentry"],"acf":[],"_links":{"self":[{"href":"https:\/\/www.ufsm.br\/laboratorios\/labhidrogeo\/wp-json\/wp\/v2\/pages\/106","targetHints":{"allow":["GET"]}}],"collection":[{"href":"https:\/\/www.ufsm.br\/laboratorios\/labhidrogeo\/wp-json\/wp\/v2\/pages"}],"about":[{"href":"https:\/\/www.ufsm.br\/laboratorios\/labhidrogeo\/wp-json\/wp\/v2\/types\/page"}],"author":[{"embeddable":true,"href":"https:\/\/www.ufsm.br\/laboratorios\/labhidrogeo\/wp-json\/wp\/v2\/users\/115"}],"replies":[{"embeddable":true,"href":"https:\/\/www.ufsm.br\/laboratorios\/labhidrogeo\/wp-json\/wp\/v2\/comments?post=106"}],"version-history":[{"count":0,"href":"https:\/\/www.ufsm.br\/laboratorios\/labhidrogeo\/wp-json\/wp\/v2\/pages\/106\/revisions"}],"wp:attachment":[{"href":"https:\/\/www.ufsm.br\/laboratorios\/labhidrogeo\/wp-json\/wp\/v2\/media?parent=106"}],"wp:term":[{"taxonomy":"category","embeddable":true,"href":"https:\/\/www.ufsm.br\/laboratorios\/labhidrogeo\/wp-json\/wp\/v2\/categories?post=106"},{"taxonomy":"post_tag","embeddable":true,"href":"https:\/\/www.ufsm.br\/laboratorios\/labhidrogeo\/wp-json\/wp\/v2\/tags?post=106"}],"curies":[{"name":"wp","href":"https:\/\/api.w.org\/{rel}","templated":true}]}}