{"id":112,"date":"2019-07-31T09:21:17","date_gmt":"2019-07-31T12:21:17","guid":{"rendered":"https:\/\/www.ufsm.br\/laboratorios\/labhidrogeo\/?page_id=112"},"modified":"2019-07-31T09:21:21","modified_gmt":"2019-07-31T12:21:21","slug":"links","status":"publish","type":"page","link":"https:\/\/www.ufsm.br\/laboratorios\/labhidrogeo\/links","title":{"rendered":"Links"},"content":{"rendered":"\n<p><a href=\"http:\/\/dgp.cnpq.br\/buscaoperacional\/detalhegrupo.jsp?grupo=0327107C7BMBZ1\">HIDROGEOLOGIA &#8211; GRUPO DE PESQUISA DA UFSM<\/a><\/p>\n<p><a href=\"http:\/\/www.hidro.ufcg.edu.br\/twiki\/bin\/view\/ASUB\/\">Site do Projeto ASUB<\/a><\/p>\n<p><a href=\"http:\/\/hidroprojetos.ctlab.ufsm.br\/gerhi\/\">GERHI &#8211; Grupo de Pesquisa GEST\u00c3O DE RECURSOS H\u00cdDRICOS<\/a><\/p>\n<p><a href=\"http:\/\/www.hidroportal.com.br\/\">Hidro Portal\/UFSM<\/a><\/p>\n<p><a href=\"http:\/\/w3.ufsm.br\/ppgec\/index.php?option=com_content&amp;view=article&amp;id=74&amp;Itemid=80&amp;c48df3e378acd4ab5dff4fc712ec610c=14c87fe967c0d1df817c0093abc5b733\">GHIDROS\/UFSM<\/a><\/p>\n<p><a href=\"http:\/\/www.abas.org\/\">ABAS &#8211; Associa\u00e7\u00e3o Brasileira de \u00c1guas Subterr\u00e2neas<\/a><\/p>\n<p><a href=\"http:\/\/www.cprm.gov.br\/\">CPRM &#8211; Companhia de Recursos Minerais<\/a><\/p>\n<p><a href=\"http:\/\/www.dnpm.gov.br\/\">DNPM &#8211; Departamento Nacional de Produ\u00e7\u00e3o Mineral<\/a><\/p>\n<p><a href=\"http:\/\/www.fepam.rs.gov.br\/\">FEPAM &#8211; Funda\u00e7\u00e3o Estadual de Prote\u00e7\u00e3o Ambiental<\/a><\/p>\n<p><a href=\"http:\/\/www.sg-guarani.org\/\">PSAG &#8211; Secretaria Geral do Projeto para a Prote\u00e7\u00e3o Ambiental e Desenvolvimento Sustent\u00e1vel do Sistema Aq\u00fc\u00edfero Guarani<\/a><\/p>\n<p><a href=\"http:\/\/www.ufsm.br\/ppgec\">PPGEC &#8211; Programa de P\u00f3s-Gradua\u00e7\u00e3o em Engenharia Civil\/CT\/UFSM<\/a><\/p>\n","protected":false},"excerpt":{"rendered":"<p>HIDROGEOLOGIA &#8211; GRUPO DE PESQUISA DA UFSM Site do Projeto ASUB GERHI &#8211; Grupo de Pesquisa GEST\u00c3O DE RECURSOS H\u00cdDRICOS Hidro Portal\/UFSM GHIDROS\/UFSM ABAS &#8211; Associa\u00e7\u00e3o Brasileira de \u00c1guas Subterr\u00e2neas CPRM &#8211; Companhia de Recursos Minerais DNPM &#8211; Departamento Nacional de Produ\u00e7\u00e3o Mineral FEPAM &#8211; Funda\u00e7\u00e3o Estadual de Prote\u00e7\u00e3o Ambiental PSAG &#8211; Secretaria Geral do [&hellip;]<\/p>\n","protected":false},"author":115,"featured_media":0,"parent":0,"menu_order":0,"comment_status":"closed","ping_status":"closed","template":"","meta":{"footnotes":""},"categories":[],"tags":[],"class_list":["post-112","page","type-page","status-publish","hentry"],"acf":[],"_links":{"self":[{"href":"https:\/\/www.ufsm.br\/laboratorios\/labhidrogeo\/wp-json\/wp\/v2\/pages\/112","targetHints":{"allow":["GET"]}}],"collection":[{"href":"https:\/\/www.ufsm.br\/laboratorios\/labhidrogeo\/wp-json\/wp\/v2\/pages"}],"about":[{"href":"https:\/\/www.ufsm.br\/laboratorios\/labhidrogeo\/wp-json\/wp\/v2\/types\/page"}],"author":[{"embeddable":true,"href":"https:\/\/www.ufsm.br\/laboratorios\/labhidrogeo\/wp-json\/wp\/v2\/users\/115"}],"replies":[{"embeddable":true,"href":"https:\/\/www.ufsm.br\/laboratorios\/labhidrogeo\/wp-json\/wp\/v2\/comments?post=112"}],"version-history":[{"count":0,"href":"https:\/\/www.ufsm.br\/laboratorios\/labhidrogeo\/wp-json\/wp\/v2\/pages\/112\/revisions"}],"wp:attachment":[{"href":"https:\/\/www.ufsm.br\/laboratorios\/labhidrogeo\/wp-json\/wp\/v2\/media?parent=112"}],"wp:term":[{"taxonomy":"category","embeddable":true,"href":"https:\/\/www.ufsm.br\/laboratorios\/labhidrogeo\/wp-json\/wp\/v2\/categories?post=112"},{"taxonomy":"post_tag","embeddable":true,"href":"https:\/\/www.ufsm.br\/laboratorios\/labhidrogeo\/wp-json\/wp\/v2\/tags?post=112"}],"curies":[{"name":"wp","href":"https:\/\/api.w.org\/{rel}","templated":true}]}}