{"id":23,"date":"2019-05-14T17:02:03","date_gmt":"2019-05-14T20:02:03","guid":{"rendered":"https:\/\/www.ufsm.br\/template-laboratprio\/?page_id=23"},"modified":"2019-09-05T16:39:17","modified_gmt":"2019-09-05T19:39:17","slug":"equipe","status":"publish","type":"page","link":"https:\/\/www.ufsm.br\/laboratorios\/labhidrogeo\/equipe","title":{"rendered":"Equipe"},"content":{"rendered":"\n<h4><img fetchpriority=\"high\" decoding=\"async\" class=\"wp-image-42 size-medium alignleft\" src=\"https:\/\/www.ufsm.br\/laboratorios\/labhidrogeo\/wp-content\/uploads\/sites\/643\/2019\/07\/cf6cfa0a1d1bbd93edbed2903466a290-300x241.jpg\" alt=\"\" width=\"300\" height=\"241\" srcset=\"https:\/\/www.ufsm.br\/app\/uploads\/sites\/643\/2019\/07\/cf6cfa0a1d1bbd93edbed2903466a290-300x241.jpg 300w, https:\/\/www.ufsm.br\/app\/uploads\/sites\/643\/2019\/07\/cf6cfa0a1d1bbd93edbed2903466a290.jpg 319w\" sizes=\"(max-width: 300px) 100vw, 300px\" \/><\/h4>\n<h5>Coordenador<\/h5>\n<p>Prof\u00ba. Dr. Jose Luiz Silverio da Silva<\/p>\n<p><a href=\"http:\/\/lattes.cnpq.br\/9689434318472831\">Curr\u00edculo Lattes<\/a><\/p>\n<p><strong>Forma\u00e7\u00e3o:<\/strong><\/p>\n<p>2001<br \/>P\u00f3s-Doutorado<br \/>Universidade de S\u00e3o Paulo, USP, Brasil.<br \/><br \/>1993 &#8211; 1997<br \/>Doutorado em Geoci\u00eancias\u00a0<br \/>Universidade Federal do Rio Grande do Sul, UFRGS, Brasil.\u00a0<br \/>T\u00edtulo: Estudos dos processos de silicifica\u00e7\u00e3o e calcifica\u00e7\u00e3o em rochas sedimentares Mesoz\u00f3icas do Estado do Rio Grande do Sul, Ano de Obten\u00e7\u00e3o: 1997.\u00a0<br \/>Orientador: EGYDIO MENEGOTTO.\u00a0<br \/>Bolsista do(a): Coordena\u00e7\u00e3o de Aperfei\u00e7oamento de Pessoal de N\u00edvel Superior, CAPES, Brasil.<\/p>\n<p>1983 &#8211; 1987<br \/>Mestrado em Geoci\u00eancias (Geoqu\u00edmica).\u00a0<br \/>Universidade Federal Fluminense, UFF, Brasil.\u00a0<br \/>T\u00edtulo: Distribui\u00e7\u00e3o Geoqu\u00edmica de Cobre ao longo de uma Toposseq\u00fc\u00eancia na regi\u00e3o de Itabora\u00ed, Rio de Janeiro., Ano de Obten\u00e7\u00e3o: 1987.\u00a0<br \/>Orientador: EDISON DAUSACKER BIDONE.\u00a0<br \/>Bolsista do(a): Coordena\u00e7\u00e3o de Aperfei\u00e7oamento de Pessoal de N\u00edvel Superior, CAPES, Brasil.\u00a0<br \/><br \/>1989 &#8211; 1990<br \/>Especializa\u00e7\u00e3o em Geologia<br \/>Universidade do Vale do Rio dos Sinos, UNISINOS, Brasil.<br \/><br \/>1977 &#8211; 1982<br \/>Gradua\u00e7\u00e3o em Geologia. Universidade do Vale do Rio dos Sinos, UNISINOS, Brasil.\u00a0<\/p>\n<h6>Colaboradores<\/h6>\n<p><a href=\"http:\/\/lattes.cnpq.br\/1559795466706150\">Prof. Dr. Pedro Daniel da Cunha Kemerich<\/a> (UNIPAMPA)<\/p>\n<p><a href=\"http:\/\/lattes.cnpq.br\/7590044540611774\">Prof. Dr. Edner Baumhardt<\/a> (UFSM\/FW)<\/p>\n<p><a href=\"http:\/\/lattes.cnpq.br\/6186488672746432\">Prof. Dr. Willian Fernando de Borba<\/a> (UFSM\/FW)<\/p>\n<p><a href=\"http:\/\/lattes.cnpq.br\/2480279163317614\">Prof. Dr. L\u00eaonidas Luiz Volcato Descovi Filho<\/a> (UFOPA)<\/p>\n<h6>Alunos de Gradua\u00e7\u00e3o<\/h6>\n<p><a href=\"http:\/\/lattes.cnpq.br\/8355477320912901\">Alison Veras Maciel<\/a><\/p>\n<p><a href=\"http:\/\/lattes.cnpq.br\/5319307855829528\">Iago Turba Costa<\/a><\/p>\n<h6>Alunos de P\u00f3s-Gradua\u00e7\u00e3o<\/h6>\n<p><a href=\"http:\/\/lattes.cnpq.br\/6288006517208319\">Allison Fernando Back<\/a><\/p>\n<p><a href=\"http:\/\/lattes.cnpq.br\/2274804943954188\">\u00c9ricklis Edson Boito de Souza<\/a><\/p>\n<p><a href=\"http:\/\/lattes.cnpq.br\/3453603127814810\">Gabriel D&#8217;Avila Fernandes<\/a><\/p>\n<p><a href=\"http:\/\/lattes.cnpq.br\/7094487424246036\">Thiago Boeno Patricio Luiz<\/a><\/p>\n<h6>Egressos<\/h6>\n<p><a href=\"http:\/\/lattes.cnpq.br\/3291044745000896\">Carlos Alberto L\u00f6bler<\/a><\/p>\n<p><a href=\"http:\/\/lattes.cnpq.br\/5843530796668648\">Cristiane Dambr\u00f3s<\/a><\/p>\n<p><a href=\"http:\/\/lattes.cnpq.br\/2721419350995261\">Eduardo Samuel Riffel<\/a><\/p>\n<p><a href=\"http:\/\/lattes.cnpq.br\/3508081527695229\">Lueni Gon\u00e7alves Terra<\/a><\/p>\n<p><a href=\"http:\/\/lattes.cnpq.br\/7084863412867415\">Lucas Lasta<\/a><\/p>\n<p><a href=\"http:\/\/lattes.cnpq.br\/4943545417717553\">Rafael Bitencourt Vivian<\/a> (<em>in memoriam<\/em>)<\/p>\n","protected":false},"excerpt":{"rendered":"<p>Coordenador Prof\u00ba. Dr. Jose Luiz Silverio da Silva Curr\u00edculo Lattes Forma\u00e7\u00e3o: 2001P\u00f3s-DoutoradoUniversidade de S\u00e3o Paulo, USP, Brasil. 1993 &#8211; 1997Doutorado em Geoci\u00eancias\u00a0Universidade Federal do Rio Grande do Sul, UFRGS, Brasil.\u00a0T\u00edtulo: Estudos dos processos de silicifica\u00e7\u00e3o e calcifica\u00e7\u00e3o em rochas sedimentares Mesoz\u00f3icas do Estado do Rio Grande do Sul, Ano de Obten\u00e7\u00e3o: 1997.\u00a0Orientador: EGYDIO MENEGOTTO.\u00a0Bolsista do(a): [&hellip;]<\/p>\n","protected":false},"author":124,"featured_media":0,"parent":0,"menu_order":0,"comment_status":"closed","ping_status":"closed","template":"","meta":{"footnotes":""},"categories":[],"tags":[],"class_list":["post-23","page","type-page","status-publish","hentry"],"acf":[],"_links":{"self":[{"href":"https:\/\/www.ufsm.br\/laboratorios\/labhidrogeo\/wp-json\/wp\/v2\/pages\/23","targetHints":{"allow":["GET"]}}],"collection":[{"href":"https:\/\/www.ufsm.br\/laboratorios\/labhidrogeo\/wp-json\/wp\/v2\/pages"}],"about":[{"href":"https:\/\/www.ufsm.br\/laboratorios\/labhidrogeo\/wp-json\/wp\/v2\/types\/page"}],"author":[{"embeddable":true,"href":"https:\/\/www.ufsm.br\/laboratorios\/labhidrogeo\/wp-json\/wp\/v2\/users\/124"}],"replies":[{"embeddable":true,"href":"https:\/\/www.ufsm.br\/laboratorios\/labhidrogeo\/wp-json\/wp\/v2\/comments?post=23"}],"version-history":[{"count":0,"href":"https:\/\/www.ufsm.br\/laboratorios\/labhidrogeo\/wp-json\/wp\/v2\/pages\/23\/revisions"}],"wp:attachment":[{"href":"https:\/\/www.ufsm.br\/laboratorios\/labhidrogeo\/wp-json\/wp\/v2\/media?parent=23"}],"wp:term":[{"taxonomy":"category","embeddable":true,"href":"https:\/\/www.ufsm.br\/laboratorios\/labhidrogeo\/wp-json\/wp\/v2\/categories?post=23"},{"taxonomy":"post_tag","embeddable":true,"href":"https:\/\/www.ufsm.br\/laboratorios\/labhidrogeo\/wp-json\/wp\/v2\/tags?post=23"}],"curies":[{"name":"wp","href":"https:\/\/api.w.org\/{rel}","templated":true}]}}