{"id":32,"date":"2019-05-24T15:38:39","date_gmt":"2019-05-24T18:38:39","guid":{"rendered":"https:\/\/www.ufsm.br\/template-laboratprio\/?page_id=32"},"modified":"2019-07-30T13:59:51","modified_gmt":"2019-07-30T16:59:51","slug":"projetos","status":"publish","type":"page","link":"https:\/\/www.ufsm.br\/laboratorios\/labhidrogeo\/projetos","title":{"rendered":"Projetos"},"content":{"rendered":"\n<p>&#8211; <a href=\"https:\/\/www.ufsm.br\/laboratorios\/labhidrogeo\/wp-content\/uploads\/sites\/643\/2019\/07\/p_022803.pdf\">Integra\u00e7\u00e3o dos instrumentos de enquadramento, outorga e cobran\u00e7a para a gest\u00e3o das \u00e1guas subterr\u00e2neas<\/a><\/p>\n<p>&#8211; Caracteriza\u00e7\u00e3o de \u00e1reas de recarga e descarga do SAG em Rivera-Livramento e Quara\u00ed-Artigas<\/p>\n<p>&#8211; <a href=\"https:\/\/www.ufsm.br\/laboratorios\/labhidrogeo\/wp-content\/uploads\/sites\/643\/2019\/07\/p_021589.pdf\">A\u00c7\u00c3O DE EXTENS\u00c3O SEMANA DE FORTALECIMENTO DE CAPACIDADES NO \u00c2MBITO DO PROJETO PILOTO &#8211; SANTANA DO LIVRAMENTO-BR\/RIVERA-UY, DO SISTEMA AQ\u00dc\u00cdFERO GUARANI<\/a><\/p>\n<p>&#8211; <a href=\"https:\/\/www.ufsm.br\/laboratorios\/labhidrogeo\/wp-content\/uploads\/sites\/643\/2019\/07\/p_022053.pdf\">BACIAS VERTENTES: ESTRAT\u00c9GIAS METODOL\u00d3GICAS PARA MONITORAMENTO, MODELAGEM E GEST\u00c3O<\/a><\/p>\n<p>&#8211; Estudo da Vulnerabilidade Natural das \u00c1guas Subterr\u00e2neas de S\u00e3o Luiz Gonzaga\/RS<\/p>\n<p>&#8211; Monitoramento dos po\u00e7os tubulares do campus da UFSM\/RS<\/p>\n<p>&#8211;<a href=\"https:\/\/www.ufsm.br\/laboratorios\/labhidrogeo\/wp-content\/uploads\/sites\/643\/2019\/07\/p_022829.pdf\">SUBS\u00cdDIOS PARA A OUTORGA DAS \u00c1GUAS SUBTERR\u00c2NEAS NA BACIA HIDROGR\u00c1FICA DO RIO SANTA MARIA &#8211; RS<\/a><\/p>\n<p>&#8211; <a href=\"https:\/\/www.ufsm.br\/laboratorios\/labhidrogeo\/wp-content\/uploads\/sites\/643\/2019\/07\/p_021395.pdf\">ELABORA\u00c7\u00c3O DOS PLANOS DIRETORES DOS CAMPI DA UFSM<\/a><\/p>\n<p>&#8211; <a href=\"https:\/\/www.ufsm.br\/laboratorios\/labhidrogeo\/wp-content\/uploads\/sites\/643\/2019\/07\/p_022230.pdf\">Projeto Fl\u00faor no Munic\u00edpio de Taba\u00ed<\/a><\/p>\n","protected":false},"excerpt":{"rendered":"<p>&#8211; Integra\u00e7\u00e3o dos instrumentos de enquadramento, outorga e cobran\u00e7a para a gest\u00e3o das \u00e1guas subterr\u00e2neas &#8211; Caracteriza\u00e7\u00e3o de \u00e1reas de recarga e descarga do SAG em Rivera-Livramento e Quara\u00ed-Artigas &#8211; A\u00c7\u00c3O DE EXTENS\u00c3O SEMANA DE FORTALECIMENTO DE CAPACIDADES NO \u00c2MBITO DO PROJETO PILOTO &#8211; SANTANA DO LIVRAMENTO-BR\/RIVERA-UY, DO SISTEMA AQ\u00dc\u00cdFERO GUARANI &#8211; BACIAS VERTENTES: ESTRAT\u00c9GIAS [&hellip;]<\/p>\n","protected":false},"author":25,"featured_media":0,"parent":0,"menu_order":0,"comment_status":"closed","ping_status":"closed","template":"","meta":{"footnotes":""},"categories":[],"tags":[],"class_list":["post-32","page","type-page","status-publish","hentry"],"acf":[],"_links":{"self":[{"href":"https:\/\/www.ufsm.br\/laboratorios\/labhidrogeo\/wp-json\/wp\/v2\/pages\/32","targetHints":{"allow":["GET"]}}],"collection":[{"href":"https:\/\/www.ufsm.br\/laboratorios\/labhidrogeo\/wp-json\/wp\/v2\/pages"}],"about":[{"href":"https:\/\/www.ufsm.br\/laboratorios\/labhidrogeo\/wp-json\/wp\/v2\/types\/page"}],"author":[{"embeddable":true,"href":"https:\/\/www.ufsm.br\/laboratorios\/labhidrogeo\/wp-json\/wp\/v2\/users\/25"}],"replies":[{"embeddable":true,"href":"https:\/\/www.ufsm.br\/laboratorios\/labhidrogeo\/wp-json\/wp\/v2\/comments?post=32"}],"version-history":[{"count":0,"href":"https:\/\/www.ufsm.br\/laboratorios\/labhidrogeo\/wp-json\/wp\/v2\/pages\/32\/revisions"}],"wp:attachment":[{"href":"https:\/\/www.ufsm.br\/laboratorios\/labhidrogeo\/wp-json\/wp\/v2\/media?parent=32"}],"wp:term":[{"taxonomy":"category","embeddable":true,"href":"https:\/\/www.ufsm.br\/laboratorios\/labhidrogeo\/wp-json\/wp\/v2\/categories?post=32"},{"taxonomy":"post_tag","embeddable":true,"href":"https:\/\/www.ufsm.br\/laboratorios\/labhidrogeo\/wp-json\/wp\/v2\/tags?post=32"}],"curies":[{"name":"wp","href":"https:\/\/api.w.org\/{rel}","templated":true}]}}