{"id":44,"date":"2019-07-30T13:47:57","date_gmt":"2019-07-30T16:47:57","guid":{"rendered":"https:\/\/www.ufsm.br\/laboratorios\/labhidrogeo\/?page_id=44"},"modified":"2019-07-30T13:47:59","modified_gmt":"2019-07-30T16:47:59","slug":"servicos-tecnicos","status":"publish","type":"page","link":"https:\/\/www.ufsm.br\/laboratorios\/labhidrogeo\/servicos-tecnicos","title":{"rendered":"Servi\u00e7os T\u00e9cnicos"},"content":{"rendered":"\n<h5>&#8211; Estudos Hidrogeol\u00f3gicos<\/h5>\n<h5>&#8211; Estudos Hidroqu\u00edmicos<\/h5>\n<h5>&#8211; GIS aplicado a recursos h\u00eddricos e meio ambiente<\/h5>\n<h5>&#8211; Geoestat\u00edstica aplicada a recursos h\u00eddricos e meio ambiente<\/h5>\n<h5>&#8211; Tratamento de dados hidrogeol\u00f3gicos e hidroqu\u00edmicos<\/h5>\n<h5>&#8211; Per\u00edcia t\u00e9cnica em hidrogeologia<\/h5>\n<h5>&#8211; Estudos de contamina\u00e7\u00e3o de aq\u00fc\u00edferos<\/h5>\n<h5>&#8211; Licenciamento Ambiental (RCA, PCA) Licen\u00e7as Ambientais e de Extra\u00e7\u00e3o Mineral (DNPM)<\/h5>\n","protected":false},"excerpt":{"rendered":"<p>&#8211; Estudos Hidrogeol\u00f3gicos &#8211; Estudos Hidroqu\u00edmicos &#8211; GIS aplicado a recursos h\u00eddricos e meio ambiente &#8211; Geoestat\u00edstica aplicada a recursos h\u00eddricos e meio ambiente &#8211; Tratamento de dados hidrogeol\u00f3gicos e hidroqu\u00edmicos &#8211; Per\u00edcia t\u00e9cnica em hidrogeologia &#8211; Estudos de contamina\u00e7\u00e3o de aq\u00fc\u00edferos &#8211; Licenciamento Ambiental (RCA, PCA) Licen\u00e7as Ambientais e de Extra\u00e7\u00e3o Mineral (DNPM)<\/p>\n","protected":false},"author":115,"featured_media":0,"parent":0,"menu_order":0,"comment_status":"closed","ping_status":"closed","template":"","meta":{"footnotes":""},"categories":[],"tags":[],"class_list":["post-44","page","type-page","status-publish","hentry"],"acf":[],"_links":{"self":[{"href":"https:\/\/www.ufsm.br\/laboratorios\/labhidrogeo\/wp-json\/wp\/v2\/pages\/44","targetHints":{"allow":["GET"]}}],"collection":[{"href":"https:\/\/www.ufsm.br\/laboratorios\/labhidrogeo\/wp-json\/wp\/v2\/pages"}],"about":[{"href":"https:\/\/www.ufsm.br\/laboratorios\/labhidrogeo\/wp-json\/wp\/v2\/types\/page"}],"author":[{"embeddable":true,"href":"https:\/\/www.ufsm.br\/laboratorios\/labhidrogeo\/wp-json\/wp\/v2\/users\/115"}],"replies":[{"embeddable":true,"href":"https:\/\/www.ufsm.br\/laboratorios\/labhidrogeo\/wp-json\/wp\/v2\/comments?post=44"}],"version-history":[{"count":0,"href":"https:\/\/www.ufsm.br\/laboratorios\/labhidrogeo\/wp-json\/wp\/v2\/pages\/44\/revisions"}],"wp:attachment":[{"href":"https:\/\/www.ufsm.br\/laboratorios\/labhidrogeo\/wp-json\/wp\/v2\/media?parent=44"}],"wp:term":[{"taxonomy":"category","embeddable":true,"href":"https:\/\/www.ufsm.br\/laboratorios\/labhidrogeo\/wp-json\/wp\/v2\/categories?post=44"},{"taxonomy":"post_tag","embeddable":true,"href":"https:\/\/www.ufsm.br\/laboratorios\/labhidrogeo\/wp-json\/wp\/v2\/tags?post=44"}],"curies":[{"name":"wp","href":"https:\/\/api.w.org\/{rel}","templated":true}]}}