{"id":66,"date":"2019-07-30T14:32:06","date_gmt":"2019-07-30T17:32:06","guid":{"rendered":"https:\/\/www.ufsm.br\/laboratorios\/labhidrogeo\/?page_id=66"},"modified":"2019-09-05T16:43:22","modified_gmt":"2019-09-05T19:43:22","slug":"banco-de-teses","status":"publish","type":"page","link":"https:\/\/www.ufsm.br\/laboratorios\/labhidrogeo\/banco-de-teses","title":{"rendered":"Banco de Teses e Disserta\u00e7\u00f5es"},"content":{"rendered":"\n<h6>Teses<\/h6>\n<p style=\"text-align: center\"><strong>2019<\/strong><\/p>\n<p><strong>Willian Fernando de Borba <\/strong>(PPGEC\/UFSM)<\/p>\n<p>AVALIA\u00c7\u00c3O DA CONTAMINA\u00c7\u00c3O AMBIENTAL EM UM ATERRO SANIT\u00c1RIO DE PEQUENO PORTE, SEM UTILIZA\u00c7\u00c3O DE GEOMEMBRANA, NA REGI\u00c3O NOROESTE DO ESTADO DO RIO GRANDE DO SUL<\/p>\n<p>\u00a0<\/p>\n<p style=\"text-align: center\"><strong>Em andamento<\/strong><\/p>\n<p><strong>Gabriel D&#8217;avila Fernandes\u00a0<\/strong>(PPGEC\/UFSM)<\/p>\n<p>AN\u00c1LISE DO COMPORTAMENTO DE CONTAMINANTES EM DIFERENTES \u00c1REAS OCUPADAS POR CEMIT\u00c9RIOS<\/p>\n<h6>Disserta\u00e7\u00f5es\u00a0<\/h6>\n<p style=\"text-align: center\"><strong>2017<\/strong><\/p>\n<p><strong>Gabriel D&#8217;Avila Fernandes <\/strong>(PPGEAmb\/UFSM)<\/p>\n<p><a href=\"https:\/\/repositorio.ufsm.br\/bitstream\/handle\/1\/14584\/DIS_PPGEA_2017_FERNANDES_GABRIEL.pdf?sequence=1&amp;isAllowed=y\">Impactos ambientais em \u00e1rea ocupada por necr\u00f3pole no munic\u00edpio de Ca\u00e7apava do Sul-RS<\/a><\/p>\n<p>\u00a0<\/p>\n<p><strong>Thiago Boeno Patricio Luiz <\/strong>(PPGEC\/UFSM)<\/p>\n<p><a href=\"https:\/\/repositorio.ufsm.br\/bitstream\/handle\/1\/14068\/DIS_PPGEC_2017_LUIZ_THIAGO.pdf?sequence=1&amp;isAllowed=y\">Hidrogeoqu\u00edmica do fluoreto em por\u00e7\u00e3o da zona de afloramentos do Sistema Aqu\u00edfero Guarani na regi\u00e3o central do estado do Rio Grande do Sul<\/a><\/p>\n<p style=\"text-align: center\"><strong>2016<\/strong><\/p>\n<p><strong>Willian Fernando de Borba <\/strong>(PPGEAmb\/UFSM)<\/p>\n<p><a href=\"https:\/\/repositorio.ufsm.br\/bitstream\/handle\/1\/7659\/BORBA%2c%20WILLIAN%20FERNANDO%20DE.pdf?sequence=1&amp;isAllowed=y\">VULNERABILIDADE NATURAL \u00c0 CONTAMINA\u00c7\u00c3O DA \u00c1GUA SUBTERR\u00c2NEA EM \u00c1REA OCUPADA POR ATERRO SANIT\u00c1RIO EM SEBERI &#8211; RS<\/a><\/p>\n<p style=\"text-align: center\"><strong>2015<\/strong><\/p>\n<p><strong>Lueni Gon\u00e7alves Terra <\/strong>(PPGEC\/UFSM)<\/p>\n<p><a href=\"https:\/\/repositorio.ufsm.br\/handle\/1\/7892\">DIAGN\u00d3STICOS DE FLUORETO NAS \u00c1GUAS DO SISTEMA AQU\u00cdFERO GUARANI NA REGI\u00c3O DE SANTA MARIA, RIO GRANDE DO SUL<\/a><\/p>\n<p>\u00a0<\/p>\n<p><strong>Carlos Alberto L\u00f6bler <\/strong>(PPGEAmb\/UFSM)<\/p>\n<p><a href=\"https:\/\/repositorio.ufsm.br\/bitstream\/handle\/1\/7644\/LOBLER%2c%20CARLOS%20ALBERTO.pdf?sequence=1&amp;isAllowed=y\">AVALIA\u00c7\u00c3O QUANTITATIVA DA RECARGA DAS \u00c1GUAS SUBTERR\u00c2NEAS NA BACIA ESCOLA DO CAMPUS DA UNIVERSIDADE FEDERAL DE SANTA MARIA<\/a><\/p>\n<p style=\"text-align: center\"><strong>2014<\/strong><\/p>\n<p><strong>Jos\u00e9 Ast\u00e9rio Rosa do Carmo <\/strong>(PPGEAmb\/UFSM)<\/p>\n<p><a href=\"https:\/\/repositorio.ufsm.br\/bitstream\/handle\/1\/7638\/CARMO%2C%20JOSE%20ASTERIO%20ROSA%20DO.pdf?sequence=1&amp;isAllowed=y\">RECARGA SUBTERR\u00c2NEA DIRETA E SUA INFLU\u00caNCIA SOBRE A TEMPERATURA E A CONDUTIVIDADE EL\u00c9TRICA EM MICROBACIAS DO RIO VACACA\u00cd-MIRIM, RS<\/a><\/p>\n<p style=\"text-align: center\"><strong>2013<\/strong><\/p>\n<p><strong>Leandro Meirelles do Nascimento<\/strong> (PPGEC\/UFSM)<\/p>\n<p><a href=\"https:\/\/repositorio.ufsm.br\/bitstream\/handle\/1\/7826\/NASCIMENTO%2c%20LEANDRO%20MEIRELES%20DO.pdf?sequence=1&amp;isAllowed=y\">MAPEAMENTO DA VULNERABILIDADE DO AQU\u00cdFERO \u00c0 CONTAMINA\u00c7\u00c3O NO MUNIC\u00cdPIO DE BOA VISTA DO CADEADO\/RS.<\/a><\/p>\n<p style=\"text-align: center\"><strong>2012<\/strong><\/p>\n<p><strong>Guilherme Viana Martelli\u00a0<\/strong>(PPGEC\/UFSM)<\/p>\n<p><a href=\"https:\/\/repositorio.ufsm.br\/bitstream\/handle\/1\/7788\/MARTELLI%2c%20GUILHERME%20VIANA.pdf?sequence=1&amp;isAllowed=y\">MONITORAMENTO DA FLUTUA\u00c7\u00c3O DOS N\u00cdVEIS DE \u00c1GUA EM AQU\u00cdFEROS FRE\u00c1TICOS PARA AVALIA\u00c7\u00c3O DO POTENCIAL DE RECARGA EM \u00c1REA DE AFLORAMENTO DO SISTEMA AQU\u00cdFERO GUARANI EM CACEQUI &#8211; RS<\/a><\/p>\n<p style=\"text-align: center\"><strong>2011<\/strong><\/p>\n<p><strong>Cristiane Dambr\u00f3s<\/strong> (PPGEC\/UFSM)<\/p>\n<p><a href=\"https:\/\/repositorio.ufsm.br\/bitstream\/handle\/1\/7773\/DAMBROS%2c%20CRISTIANE.pdf?sequence=1&amp;isAllowed=y\">RECARGA E FLUTUA\u00c7\u00c3O DO N\u00cdVEL DA \u00c1GUA SUBTERR\u00c2NEA EM SUB-BACIAS COM FLORESTA E CAMPO NATIVO<\/a><\/p>\n<p>\u00a0<\/p>\n<p><strong>Pedro Vanerc\u00ed da Cunha Farias<\/strong> (PPGEC\/UFSM)<\/p>\n<p><a href=\"https:\/\/repositorio.ufsm.br\/bitstream\/handle\/1\/7777\/FARIAS%2c%20PEDRO%20VANERCI%20DA%20CUNHA.pdf?sequence=1&amp;isAllowed=y\">FLUTUA\u00c7\u00c3O DOS N\u00cdVEIS DE \u00c1GUA SUBTERR\u00c2NEA EM\u00a0 MICROBACIAS HIDROGR\u00c1FICAS DO RIO VACACA\u00cd-MIRIM<\/a><\/p>\n<p style=\"text-align: center\"><strong>2009<\/strong><\/p>\n<p><strong>Leonidas Luiz Volcato Descovi Filho\u00a0<\/strong>(PPGEC\/UFSM)<\/p>\n<p><a href=\"https:\/\/repositorio.ufsm.br\/bitstream\/handle\/1\/7737\/DESCOVI%20FILHO%2c%20LEONIDAS%20LUIZ%20VOLCATO.pdf?sequence=1&amp;isAllowed=y\">Subs\u00eddios para gest\u00e3o das \u00e1guas subterr\u00e2neas na Bacia Hidrogr\u00e1fica do Rio Santa Maria-RS<\/a><\/p>\n<p>\u00a0<\/p>\n<p><strong>Adilson de Chaves\u00a0<\/strong>(PPGEC\/UFSM)<\/p>\n<p><a href=\"https:\/\/repositorio.ufsm.br\/bitstream\/handle\/1\/7714\/CHAVES%2c%20ADILSON%20DE.pdf?sequence=1&amp;isAllowed=y\">Monitoramento de \u00c1guas Subterr\u00e2neas em um Empreendimento Potencialmente Poluidor no Munic\u00edpio de Santa Maria\/RS<\/a><\/p>\n<p style=\"text-align: center\"><strong>2008<\/strong><\/p>\n<p><strong>Pedro Daniel da Cunha Kemerich<\/strong> (PPGEC\/UFSM)\u00a0<\/p>\n<p><a href=\"https:\/\/repositorio.ufsm.br\/bitstream\/handle\/1\/7707\/PEDRODANIELDACUNHAKEMERICH.pdf?sequence=1&amp;isAllowed=y\">QUALIDADE DA \u00c1GUA SUBTERR\u00c2NEA E A SA\u00daDE DA COMUNIDADE EM BAIRRO DE SANTA MARIA\/RS<\/a><\/p>\n<p>\u00a0<\/p>\n<p><strong>Mercia Maria Vogel<\/strong> (PPGGeo\/UFSM)<\/p>\n<p><a href=\"http:\/\/AVALIA\u00c7\u00c3O DA VULNERABILIDADE NATURAL \u00c0 CONTAMINA\u00c7\u00c3O DOS RECURSOS H\u00cdDRICOS SUBTERR\u00c2NEOS NA REGI\u00c3O CULTURAL DA QUARTA COL\u00d4NIA DE IMIGRA\u00c7\u00c3O ITALIANA, RS.\" data-wplink-url-error=\"true\">AVALIA\u00c7\u00c3O DA VULNERABILIDADE NATURAL \u00c0 CONTAMINA\u00c7\u00c3O DOS RECURSOS H\u00cdDRICOS SUBTERR\u00c2NEOS NA REGI\u00c3O CULTURAL DA QUARTA COL\u00d4NIA DE IMIGRA\u00c7\u00c3O ITALIANA, RS.<\/a><\/p>\n<p style=\"text-align: center\"><strong>2006<\/strong><\/p>\n<p><strong>Isabel Camponogara<\/strong> (PPGGeo\/UFSM)<\/p>\n<p><a href=\"https:\/\/repositorio.ufsm.br\/bitstream\/handle\/1\/9476\/ISABELCAMPONOGARA1.pdf?sequence=1&amp;isAllowed=y\">VULNERABILIDADE NATURAL NO SISTEMA AQ\u00dc\u00cdFERO GUARANI E AN\u00c1LISE DE PAR\u00c2METROS F\u00cdSICO-QU\u00cdMICOS DAS \u00c1GUAS SUBTERR\u00c2NEAS EM QUARA\u00cd, BR E ARTIGAS, UY<\/a><\/p>\n<p style=\"text-align: center\"><strong>2005<\/strong><\/p>\n<p><strong>Luis Carlos Frantz\u00a0<\/strong>(PPGEC\/UFSM)<\/p>\n<p><a href=\"https:\/\/repositorio.ufsm.br\/bitstream\/handle\/1\/7689\/LUISCARLOSFRANTZ1.pdf?sequence=1&amp;isAllowed=y\">AVALIA\u00c7\u00c3O DO \u00cdNDICE DE VULNERABILIDADE DO AQ\u00dc\u00cdFERO GUARANI NO PER\u00cdMETRO URBANO DA CIDADE DE SANT\u2019ANA DO LIVRAMENTO &#8211; RS<\/a><\/p>\n<p>\u00a0<\/p>\n<p><strong>Celina Maria Dutra Moreira\u00a0<\/strong>(PPGEC\/UFSM)<\/p>\n<p><a href=\"https:\/\/repositorio.ufsm.br\/bitstream\/handle\/1\/7676\/CELINA%20MOREIRA.pdf?sequence=1&amp;isAllowed=y\">ASPECTOS QUALITATIVOS DA \u00c1GUA SUBTERR\u00c2NEA NO CAMPUS DA UFSM, SANTA MARIA &#8211; RS<\/a><\/p>\n<p>\u00a0<\/p>\n<p><strong>Leandro Maziero\u00a0<\/strong>(PPGGeo\/UFSM)<\/p>\n<p><a href=\"http:\/\/w3.ufsm.br\/ppggeo\/files\/dissertacoes_2005\/Leandro%20Maziero.pdf\">LEVANTAMENTO DA VULNERABILIDADE DOS RECURSOS H\u00cdDRICOS SUBTERR\u00c2NEOS NO MUNIC\u00cdPIO DE DONA FRANCISCA &#8211; RS<\/a><\/p>\n<p style=\"text-align: center\"><strong>2004<\/strong><\/p>\n<p><strong>Andrea Dutra Moreira Pav\u00e3o\u00a0<\/strong>(PPGEC\/UFSM)<\/p>\n<p><a href=\"https:\/\/www.ufsm.br\/laboratorios\/labhidrogeo\/wp-content\/uploads\/sites\/643\/2019\/07\/D_Andrea.pdf\">AVALIA\u00c7\u00c3O DO \u00cdNDICE DE VULNERABILIDADE NA BACIA HIDROGR\u00c1FICA DO RIO SANTA MARIA-RS<\/a><\/p>\n<p>\u00a0<\/p>\n<p><strong>Quelen da Silva Osorio\u00a0<\/strong>(PPGGeo\/UFSM)<\/p>\n<p><a href=\"https:\/\/repositorio.ufsm.br\/bitstream\/handle\/1\/9491\/QUELEN%20OSORIO.pdf?sequence=1&amp;isAllowed=y\">VULNERABILIDADE NATURAL DA MICRORREGI\u00c3O DE SANTA MARIA<\/a><\/p>\n<h6>Monografias de Gradua\u00e7\u00e3o do LABHIDROGEO<\/h6>\n<p><strong>Carlos Alberto L\u00f6bler<\/strong><\/p>\n<p><a href=\"https:\/\/www.ufsm.br\/laboratorios\/labhidrogeo\/wp-content\/uploads\/sites\/643\/2019\/07\/TG_NOVA-PALMA.pdf\">AN\u00c1LISE DA VULNERABILIDADE \u00c0\u00a0 CONTAMINA\u00c7\u00c3O DAS \u00c1GUAS SUBTERR\u00c2NEAS DO MUNIC\u00cdPIO DE NOVA PALMA, RS.<\/a><\/p>\n<p><strong>Adilson de Chaves<\/strong><\/p>\n<p><a href=\"https:\/\/www.ufsm.br\/laboratorios\/labhidrogeo\/wp-content\/uploads\/sites\/643\/2019\/07\/TG_adilson.pdf\">AN\u00c1LISE DOS RECURSOS H\u00cdDRICOS SUBTERR\u00c2NEOS NO MUNIC\u00cdPIO DE S\u00c3O LUIZ GONZAGA\/RS<\/a><\/p>\n<p><strong>Alan Bernardo Arruda Bisso<\/strong><\/p>\n<p>DIAGN\u00d3STICO S\u00d3CIO AMBIENTAL DO MUNIC\u00cdPIO DE SILVEIRA MARTINS &#8211; RS<\/p>\n<p><strong>Fabiano Andre Marion<\/strong><\/p>\n<p><a href=\"https:\/\/www.ufsm.br\/laboratorios\/labhidrogeo\/wp-content\/uploads\/sites\/643\/2019\/07\/TGB_marion.pdf\">LEVANTAMENTO DA SITUA\u00c7\u00c3O ATUAL DOS RECURSOS H\u00cdDRICOS SUBTERR\u00c2NEOS EM ITAARA\/RS SUA SUA VULNERABILIDADE NATURAL<\/a><\/p>\n<p><strong>Fab\u00edula da Silva<\/strong><\/p>\n<p><a href=\"https:\/\/www.ufsm.br\/laboratorios\/labhidrogeo\/wp-content\/uploads\/sites\/643\/2019\/07\/TGB_fabiola.pdf\">ESTUDO DA VULNERABILIDADE NATURAL DAS \u00c1GUAS SUBTERR\u00c2NEAS DO MUNIC\u00cdPIO DE BENTO GON\u00c7ALVES &#8211; RS<\/a><\/p>\n<p><strong>Jo\u00e3o Elibio Ziegler<\/strong><\/p>\n<p>AN\u00c1LISE F\u00cdSICA E OCUPACIONAL DA MICROBACIA DO ARROIO LAJEADINHO, SANTA MARIA \u2013 RS<\/p>\n<p><strong>Lu\u00eds Garcia Guimar\u00e3es<\/strong><\/p>\n<p>AVALIA\u00c7\u00c3O DA SITUA\u00c7\u00c3O ATUAL DE PO\u00c7OS TUBULARES DE CLUBES DE SANTA MARIA\/RS<\/p>\n<p><strong>Mercia Maria Vogel<\/strong><\/p>\n<p>VULNERABILIDADE NATURAL E PAR\u00c2METROS HIDRODIN\u00c2MICOS DAS \u00c1GUAS SUBTERR\u00c2NEAS NO MUNIC\u00cdPIO DE S\u00c3O JO\u00c3O DO POL\u00caSINE, RS<\/p>\n<p><strong>Vanderlei Salles<\/strong><\/p>\n<p>VULNERABILIDADE NATURAL DAS \u00c1GUAS SUBTERRANEAS DO SAG EM FAXINAL DO SOTURNO\/RS<\/p>\n<p><strong>Viviane Capoane<\/strong><\/p>\n<p><a href=\"https:\/\/www.ufsm.br\/laboratorios\/labhidrogeo\/wp-content\/uploads\/sites\/643\/2019\/07\/TGB_vivi.pdf\">POLUI\u00c7\u00c3O H\u00cdDRICA POR DEJETOS DE SU\u00cdNOS: UM ESTUDO DE CASO NA MICROBACIA DO ARROIO CALDEIR\u00c3O &#8211; PALMITINHO &#8211; RS<\/a><\/p>\n<h6>Outras Monografias<\/h6>\n<p><strong>Leonidas Luiz Volcato Descovi Filho<\/strong><\/p>\n<p><a href=\"https:\/\/www.ufsm.br\/laboratorios\/labhidrogeo\/wp-content\/uploads\/sites\/643\/2019\/07\/monografia_leo.pdf\">MAPEAMENTO DE UNIDADES DE RELEVO DA SUB-BACIA HIDROGR\u00c1FICA DO RIO SOTURNO \/ RS<\/a><\/p>\n","protected":false},"excerpt":{"rendered":"<p>Teses 2019 Willian Fernando de Borba (PPGEC\/UFSM) AVALIA\u00c7\u00c3O DA CONTAMINA\u00c7\u00c3O AMBIENTAL EM UM ATERRO SANIT\u00c1RIO DE PEQUENO PORTE, SEM UTILIZA\u00c7\u00c3O DE GEOMEMBRANA, NA REGI\u00c3O NOROESTE DO ESTADO DO RIO GRANDE DO SUL \u00a0 Em andamento Gabriel D&#8217;avila Fernandes\u00a0(PPGEC\/UFSM) AN\u00c1LISE DO COMPORTAMENTO DE CONTAMINANTES EM DIFERENTES \u00c1REAS OCUPADAS POR CEMIT\u00c9RIOS Disserta\u00e7\u00f5es\u00a0 2017 Gabriel D&#8217;Avila Fernandes (PPGEAmb\/UFSM) [&hellip;]<\/p>\n","protected":false},"author":115,"featured_media":0,"parent":0,"menu_order":0,"comment_status":"closed","ping_status":"closed","template":"","meta":{"footnotes":""},"categories":[],"tags":[],"class_list":["post-66","page","type-page","status-publish","hentry"],"acf":[],"_links":{"self":[{"href":"https:\/\/www.ufsm.br\/laboratorios\/labhidrogeo\/wp-json\/wp\/v2\/pages\/66","targetHints":{"allow":["GET"]}}],"collection":[{"href":"https:\/\/www.ufsm.br\/laboratorios\/labhidrogeo\/wp-json\/wp\/v2\/pages"}],"about":[{"href":"https:\/\/www.ufsm.br\/laboratorios\/labhidrogeo\/wp-json\/wp\/v2\/types\/page"}],"author":[{"embeddable":true,"href":"https:\/\/www.ufsm.br\/laboratorios\/labhidrogeo\/wp-json\/wp\/v2\/users\/115"}],"replies":[{"embeddable":true,"href":"https:\/\/www.ufsm.br\/laboratorios\/labhidrogeo\/wp-json\/wp\/v2\/comments?post=66"}],"version-history":[{"count":0,"href":"https:\/\/www.ufsm.br\/laboratorios\/labhidrogeo\/wp-json\/wp\/v2\/pages\/66\/revisions"}],"wp:attachment":[{"href":"https:\/\/www.ufsm.br\/laboratorios\/labhidrogeo\/wp-json\/wp\/v2\/media?parent=66"}],"wp:term":[{"taxonomy":"category","embeddable":true,"href":"https:\/\/www.ufsm.br\/laboratorios\/labhidrogeo\/wp-json\/wp\/v2\/categories?post=66"},{"taxonomy":"post_tag","embeddable":true,"href":"https:\/\/www.ufsm.br\/laboratorios\/labhidrogeo\/wp-json\/wp\/v2\/tags?post=66"}],"curies":[{"name":"wp","href":"https:\/\/api.w.org\/{rel}","templated":true}]}}