{"id":39,"date":"2019-07-22T15:35:32","date_gmt":"2019-07-22T18:35:32","guid":{"rendered":"https:\/\/www.ufsm.br\/laboratorios\/labinfo\/?page_id=39"},"modified":"2019-07-22T15:35:35","modified_gmt":"2019-07-22T18:35:35","slug":"cursos","status":"publish","type":"page","link":"https:\/\/www.ufsm.br\/laboratorios\/labinfo\/cursos","title":{"rendered":"Cursos"},"content":{"rendered":"\n<h6><img fetchpriority=\"high\" decoding=\"async\" class=\"wp-image-40 size-medium alignleft\" src=\"https:\/\/www.ufsm.br\/laboratorios\/labinfo\/wp-content\/uploads\/sites\/682\/2019\/07\/webdesign51-300x217.png\" alt=\"\" width=\"300\" height=\"217\" srcset=\"https:\/\/www.ufsm.br\/app\/uploads\/sites\/682\/2019\/07\/webdesign51-300x217.png 300w, https:\/\/www.ufsm.br\/app\/uploads\/sites\/682\/2019\/07\/webdesign51-768x555.png 768w, https:\/\/www.ufsm.br\/app\/uploads\/sites\/682\/2019\/07\/webdesign51.png 815w\" sizes=\"(max-width: 300px) 100vw, 300px\" \/><\/h6>\n<h6><span style=\"font-size: 1em\">Web Design<\/span><\/h6>\n<header class=\"entry-header\">\n<p class=\"entry-title\">No curso de Web Design, o aluno aprende formata\u00e7\u00e3o de texto (HTML), formata\u00e7\u00e3o de listas, inser\u00e7\u00e3o de imagens, inser\u00e7\u00e3o de fundos e bot\u00f5es, cria\u00e7\u00e3o de hyperlinks, cria\u00e7\u00e3o e formata\u00e7\u00e3o de tabelas, formul\u00e1rios dentre outros.<\/p>\n<\/header>\n<p>\u00a0<\/p>\n<p><img decoding=\"async\" class=\"wp-image-41 size-thumbnail alignleft\" src=\"https:\/\/www.ufsm.br\/laboratorios\/labinfo\/wp-content\/uploads\/sites\/682\/2019\/07\/word-2013-logo-150x150.jpg\" alt=\"\" width=\"150\" height=\"150\" srcset=\"https:\/\/www.ufsm.br\/app\/uploads\/sites\/682\/2019\/07\/word-2013-logo-150x150.jpg 150w, https:\/\/www.ufsm.br\/app\/uploads\/sites\/682\/2019\/07\/word-2013-logo.jpg 256w\" sizes=\"(max-width: 150px) 100vw, 150px\" \/><\/p>\n<header class=\"entry-header\">\n<h6 class=\"entry-title\">Word<\/h6>\n<\/header>\n<div class=\"entry-content\">\n<p>No curso de Word, o aluno aprende desde os conceitos b\u00e1sicos do aplicativo. De formata\u00e7\u00e3o \u00e0s configura\u00e7\u00f5es especiais de p\u00e1gina, passando por tabelas, bordas e sombreamento, formata\u00e7\u00e3o de texto em diversas colunas, corretor ortogr\u00e1fico personalizado, ferramentas de desenho e muito mais..<\/p>\n<\/div>\n<p><img decoding=\"async\" class=\"wp-image-42 size-thumbnail alignleft\" src=\"https:\/\/www.ufsm.br\/laboratorios\/labinfo\/wp-content\/uploads\/sites\/682\/2019\/07\/Logo_Access-pt-150x150.png\" alt=\"\" width=\"150\" height=\"150\" srcset=\"https:\/\/www.ufsm.br\/app\/uploads\/sites\/682\/2019\/07\/Logo_Access-pt-150x150.png 150w, https:\/\/www.ufsm.br\/app\/uploads\/sites\/682\/2019\/07\/Logo_Access-pt.png 256w\" sizes=\"(max-width: 150px) 100vw, 150px\" \/><\/p>\n<h6 class=\"entry-title\">Access<\/h6>\n<div id=\"primary\" class=\"content-area\">\n<div id=\"content\" class=\"site-content\" role=\"main\">\n<article id=\"post-76\" class=\"post-76 page type-page status-publish hentry post\">\n<div class=\"entry-main\">\n<div class=\"entry-content\">No curso de Access, o aluno aprende a criar tabelas, consultas, formul\u00e1rios, relat\u00f3rios e a utilizar muitas outras ferramentas interessantes.\n<div>\u00a0<\/div>\n<\/div>\n<\/div>\n<\/article>\n<\/div>\n<\/div>\n<div id=\"secondary\" class=\"widget-area\" role=\"complementary\">\u00a0<\/div>\n<div role=\"complementary\"><img loading=\"lazy\" decoding=\"async\" class=\"wp-image-43 size-medium alignleft\" src=\"https:\/\/www.ufsm.br\/laboratorios\/labinfo\/wp-content\/uploads\/sites\/682\/2019\/07\/autocad-logo-300x270-300x270.jpg\" alt=\"\" width=\"300\" height=\"270\" \/><\/div>\n<div role=\"complementary\">\n<h6 class=\"entry-title\">Auto Cad<\/h6>\nNeste curso, o aluno aprende sobre as configura\u00e7\u00f5es do Auto CAD, comandos de desenho de entidades b\u00e1sicas: linhas, arcos, c\u00edrculos, polilinhas, etc.<\/div>\n<div role=\"complementary\">\u00a0<\/div>\n<div role=\"complementary\">\u00a0<\/div>\n<div role=\"complementary\">\u00a0<\/div>\n<div role=\"complementary\">\u00a0<\/div>\n<div role=\"complementary\">\u00a0<\/div>\n<div role=\"complementary\"><img loading=\"lazy\" decoding=\"async\" class=\"wp-image-44 size-thumbnail alignleft\" src=\"https:\/\/www.ufsm.br\/laboratorios\/labinfo\/wp-content\/uploads\/sites\/682\/2019\/07\/logo_corel1-296x300-150x150.png\" alt=\"\" width=\"150\" height=\"150\" \/><\/div>\n<div role=\"complementary\">\u00a0<\/div>\n<div role=\"complementary\">\n<h6 class=\"entry-title\">Corel<\/h6>\n<p>No curso de Corel Draw, o aluno aprender\u00e1 desde a cria\u00e7\u00e3o de figuras geom\u00e9tricas b\u00e1sicas (quadrados, linhas, elipses etc) at\u00e9 a cria\u00e7\u00e3o de imagens vetoriais mais elaboradas, utilizando ferramentas de desenho \u00e0 m\u00e3o livre e edi\u00e7\u00e3o de n\u00f3s, que permitem criar com precis\u00e3o qualquer tipo de desenho, logotipo ou ilustra\u00e7\u00e3o.<\/p>\n<p><img loading=\"lazy\" decoding=\"async\" class=\"wp-image-45 size-thumbnail alignleft\" src=\"https:\/\/www.ufsm.br\/laboratorios\/labinfo\/wp-content\/uploads\/sites\/682\/2019\/07\/Excel-2013-logo-150x150.png\" alt=\"\" width=\"150\" height=\"150\" srcset=\"https:\/\/www.ufsm.br\/app\/uploads\/sites\/682\/2019\/07\/Excel-2013-logo-150x150.png 150w, https:\/\/www.ufsm.br\/app\/uploads\/sites\/682\/2019\/07\/Excel-2013-logo.png 256w\" sizes=\"(max-width: 150px) 100vw, 150px\" \/><\/p>\n<h6 class=\"entry-title\">Excel<\/h6>\n<p>No curso de Excel, o aluno aprende opera\u00e7\u00f5es b\u00e1sicas, AutoSoma, formata\u00e7\u00e3o, v\u00ednculos, gr\u00e1ficos, porcentagem, fixar endere\u00e7os, condicionais simples, c\u00e1lculos entre planilhas, prote\u00e7\u00e3o de planilhas entre outros mais.<\/p>\n<p><strong>\u00a0<\/strong><\/p>\n<\/div>\n","protected":false},"excerpt":{"rendered":"<p>Web Design No curso de Web Design, o aluno aprende formata\u00e7\u00e3o de texto (HTML), formata\u00e7\u00e3o de listas, inser\u00e7\u00e3o de imagens, inser\u00e7\u00e3o de fundos e bot\u00f5es, cria\u00e7\u00e3o de hyperlinks, cria\u00e7\u00e3o e formata\u00e7\u00e3o de tabelas, formul\u00e1rios dentre outros. \u00a0 Word No curso de Word, o aluno aprende desde os conceitos b\u00e1sicos do aplicativo. De formata\u00e7\u00e3o \u00e0s configura\u00e7\u00f5es [&hellip;]<\/p>\n","protected":false},"author":115,"featured_media":0,"parent":0,"menu_order":0,"comment_status":"closed","ping_status":"closed","template":"","meta":{"footnotes":""},"categories":[],"tags":[],"class_list":["post-39","page","type-page","status-publish","hentry"],"acf":[],"_links":{"self":[{"href":"https:\/\/www.ufsm.br\/laboratorios\/labinfo\/wp-json\/wp\/v2\/pages\/39","targetHints":{"allow":["GET"]}}],"collection":[{"href":"https:\/\/www.ufsm.br\/laboratorios\/labinfo\/wp-json\/wp\/v2\/pages"}],"about":[{"href":"https:\/\/www.ufsm.br\/laboratorios\/labinfo\/wp-json\/wp\/v2\/types\/page"}],"author":[{"embeddable":true,"href":"https:\/\/www.ufsm.br\/laboratorios\/labinfo\/wp-json\/wp\/v2\/users\/115"}],"replies":[{"embeddable":true,"href":"https:\/\/www.ufsm.br\/laboratorios\/labinfo\/wp-json\/wp\/v2\/comments?post=39"}],"version-history":[{"count":0,"href":"https:\/\/www.ufsm.br\/laboratorios\/labinfo\/wp-json\/wp\/v2\/pages\/39\/revisions"}],"wp:attachment":[{"href":"https:\/\/www.ufsm.br\/laboratorios\/labinfo\/wp-json\/wp\/v2\/media?parent=39"}],"wp:term":[{"taxonomy":"category","embeddable":true,"href":"https:\/\/www.ufsm.br\/laboratorios\/labinfo\/wp-json\/wp\/v2\/categories?post=39"},{"taxonomy":"post_tag","embeddable":true,"href":"https:\/\/www.ufsm.br\/laboratorios\/labinfo\/wp-json\/wp\/v2\/tags?post=39"}],"curies":[{"name":"wp","href":"https:\/\/api.w.org\/{rel}","templated":true}]}}