{"id":1343,"date":"2024-02-08T12:56:31","date_gmt":"2024-02-08T15:56:31","guid":{"rendered":"https:\/\/www.ufsm.br\/laboratorios\/labinter\/?page_id=1343"},"modified":"2024-04-10T15:19:18","modified_gmt":"2024-04-10T18:19:18","slug":"agendamentos","status":"publish","type":"page","link":"https:\/\/www.ufsm.br\/laboratorios\/labinter\/agendamentos","title":{"rendered":"Agendamentos"},"content":{"rendered":"\t\t<div data-elementor-type=\"wp-page\" data-elementor-id=\"1343\" class=\"elementor elementor-1343\">\n\t\t\t\t\t\t<section class=\"elementor-section elementor-top-section elementor-element elementor-element-e1d5696 elementor-section-boxed elementor-section-height-default elementor-section-height-default\" data-id=\"e1d5696\" data-element_type=\"section\">\n\t\t\t\t\t\t<div class=\"elementor-container elementor-column-gap-default\">\n\t\t\t\t\t<div class=\"elementor-column elementor-col-100 elementor-top-column elementor-element elementor-element-cc02258\" data-id=\"cc02258\" data-element_type=\"column\">\n\t\t\t<div class=\"elementor-widget-wrap elementor-element-populated\">\n\t\t\t\t\t\t<div class=\"elementor-element elementor-element-0a5d3a1 elementor-widget elementor-widget-text-editor\" data-id=\"0a5d3a1\" data-element_type=\"widget\" data-widget_type=\"text-editor.default\">\n\t\t\t\t<div class=\"elementor-widget-container\">\n\t\t\t\t\t\t\t<div dir=\"auto\"><p><span style=\"font-family: arial, helvetica, sans-serif\">Crit\u00e9rios de Agendamento<\/span><br \/><span style=\"font-family: arial, helvetica, sans-serif\">O agendamento para uso dos equipamentos multiusu\u00e1rio do LabInter segue as seguintes normas gerais para garantir que os recursos sejam utilizados de forma eficiente e justa entre os diferentes usu\u00e1rios, visando um bom compartilhamento. <\/span><br \/><span style=\"font-family: arial, helvetica, sans-serif\">&#8211; Reserva antecipada: os usu\u00e1rios precisam agendar o uso dos equipamentos com anteced\u00eancia, para garantir disponibilidade e evitar conflitos de hor\u00e1rios.<\/span><br \/><span style=\"font-family: arial, helvetica, sans-serif\">&#8211; Limites de tempo: pode haver limites de tempo para o uso dos equipamentos multiusu\u00e1rios, para permitir que v\u00e1rios usu\u00e1rios possam utiliz\u00e1-los ao longo do dia.<\/span><br \/><span style=\"font-family: arial, helvetica, sans-serif\">&#8211; Cancelamento e reagendamento: caso os usu\u00e1rios precisem cancelar ou reagendar suas reservas, favor fazer com uma certa anteced\u00eancia, para permitir que outros usu\u00e1rios possam utilizar os equipamentos multiusu\u00e1rios.<\/span><br \/><span style=\"font-family: arial, helvetica, sans-serif\">&#8211; Registro de uso: \u00e9 solicitado aos usu\u00e1rios registrar seus usos dos equipamentos, incluindo tempo de uso e experimentos realizados, para fins de rastreamento e relat\u00f3rios.<\/span><br \/><span style=\"font-family: arial, helvetica, sans-serif\">\u2013 Prioriza\u00e7\u00e3o de uso: o agendamento d\u00e1 prioridade a certos tipos de projetos, como pesquisas que envolvam a produ\u00e7\u00e3o audiovisual imersiva. Os PPGs contemplados na CHAMADA PU\u0301BLICA MCTI\/FINEP\/FNDCT \u2013 PROINFRA 2023 ter\u00e3o prioridade quanto ao uso da infraestrutura do Planet\u00e1rio da UFSM.<\/span><br \/><span style=\"font-family: arial, helvetica, sans-serif\">OBS: O Planet\u00e1rio da UFSM disponibiliza 20h de uso destinadas a pesquisas inovadoras: segundas-feiras (manh\u00e3 e tarde), ter\u00e7as-feiras (noite), quartas-feiras (tarde), quintas-feiras (noite).<\/span><\/p><p><span style=\"font-family: arial, helvetica, sans-serif\">As solicita\u00e7\u00f5es e reservas de hor\u00e1rios e usos devem ser feitas e-mail labinter.ufsm@gmail.com, bem como preenchimento deste formul\u00e1rio com as informa\u00e7\u00f5es solicitadas.<\/span><\/p><\/div>\t\t\t\t\t\t<\/div>\n\t\t\t\t<\/div>\n\t\t\t\t<div class=\"elementor-element elementor-element-2f1d952 elementor-widget elementor-widget-heading\" data-id=\"2f1d952\" data-element_type=\"widget\" data-widget_type=\"heading.default\">\n\t\t\t\t<div class=\"elementor-widget-container\">\n\t\t\t<h5 class=\"elementor-heading-title elementor-size-default\"><a href=\"https:\/\/docs.google.com\/forms\/d\/e\/1FAIpQLSdsyWnXV2LNo4itXQ4NgRFSJVqrz1aEdw4XR6apNSanV2OQLg\/viewform?usp=sf_link\">Para acessar o formul\u00e1rio, CLIQUE AQUI<\/a><\/h5>\t\t<\/div>\n\t\t\t\t<\/div>\n\t\t\t\t<div class=\"elementor-element elementor-element-4ef5e5d elementor-widget elementor-widget-spacer\" data-id=\"4ef5e5d\" data-element_type=\"widget\" data-widget_type=\"spacer.default\">\n\t\t\t\t<div class=\"elementor-widget-container\">\n\t\t\t\t\t<div class=\"elementor-spacer\">\n\t\t\t<div class=\"elementor-spacer-inner\"><\/div>\n\t\t<\/div>\n\t\t\t\t<\/div>\n\t\t\t\t<\/div>\n\t\t\t\t<div class=\"elementor-element elementor-element-25e8ed9 elementor-widget elementor-widget-text-editor\" data-id=\"25e8ed9\" data-element_type=\"widget\" data-widget_type=\"text-editor.default\">\n\t\t\t\t<div class=\"elementor-widget-container\">\n\t\t\t\t\t\t\t<iframe src=\"https:\/\/calendar.google.com\/calendar\/embed?src=42250b25e8140da2e61e0eb8a4b3a4e2268cf47d1de66c59ea213c17cb5833f9%40group.calendar.google.com&amp;ctz=America%2FSao_Paulo\" width=\"800\" height=\"600\" frameborder=\"0\" scrolling=\"no\"><\/iframe>\t\t\t\t\t\t<\/div>\n\t\t\t\t<\/div>\n\t\t\t\t\t<\/div>\n\t\t<\/div>\n\t\t\t\t\t<\/div>\n\t\t<\/section>\n\t\t\t\t<\/div>\n\t\t","protected":false},"excerpt":{"rendered":"<p>Crit\u00e9rios de AgendamentoO agendamento para uso dos equipamentos multiusu\u00e1rio do LabInter segue as seguintes normas gerais para garantir que os recursos sejam utilizados de forma eficiente e justa entre os diferentes usu\u00e1rios, visando um bom compartilhamento. &#8211; Reserva antecipada: os usu\u00e1rios precisam agendar o uso dos equipamentos com anteced\u00eancia, para garantir disponibilidade e evitar conflitos [&hellip;]<\/p>\n","protected":false},"author":7654,"featured_media":0,"parent":0,"menu_order":0,"comment_status":"closed","ping_status":"closed","template":"","meta":{"footnotes":""},"categories":[101],"tags":[],"class_list":["post-1343","page","type-page","status-publish","hentry","category-informacao"],"acf":[],"_links":{"self":[{"href":"https:\/\/www.ufsm.br\/laboratorios\/labinter\/wp-json\/wp\/v2\/pages\/1343","targetHints":{"allow":["GET"]}}],"collection":[{"href":"https:\/\/www.ufsm.br\/laboratorios\/labinter\/wp-json\/wp\/v2\/pages"}],"about":[{"href":"https:\/\/www.ufsm.br\/laboratorios\/labinter\/wp-json\/wp\/v2\/types\/page"}],"author":[{"embeddable":true,"href":"https:\/\/www.ufsm.br\/laboratorios\/labinter\/wp-json\/wp\/v2\/users\/7654"}],"replies":[{"embeddable":true,"href":"https:\/\/www.ufsm.br\/laboratorios\/labinter\/wp-json\/wp\/v2\/comments?post=1343"}],"version-history":[{"count":0,"href":"https:\/\/www.ufsm.br\/laboratorios\/labinter\/wp-json\/wp\/v2\/pages\/1343\/revisions"}],"wp:attachment":[{"href":"https:\/\/www.ufsm.br\/laboratorios\/labinter\/wp-json\/wp\/v2\/media?parent=1343"}],"wp:term":[{"taxonomy":"category","embeddable":true,"href":"https:\/\/www.ufsm.br\/laboratorios\/labinter\/wp-json\/wp\/v2\/categories?post=1343"},{"taxonomy":"post_tag","embeddable":true,"href":"https:\/\/www.ufsm.br\/laboratorios\/labinter\/wp-json\/wp\/v2\/tags?post=1343"}],"curies":[{"name":"wp","href":"https:\/\/api.w.org\/{rel}","templated":true}]}}