{"id":1345,"date":"2024-02-08T13:11:42","date_gmt":"2024-02-08T16:11:42","guid":{"rendered":"https:\/\/www.ufsm.br\/laboratorios\/labinter\/?page_id=1345"},"modified":"2024-03-28T10:48:26","modified_gmt":"2024-03-28T13:48:26","slug":"comite-gestor","status":"publish","type":"page","link":"https:\/\/www.ufsm.br\/laboratorios\/labinter\/comite-gestor","title":{"rendered":"Comit\u00ea Gestor da Infraestrutura"},"content":{"rendered":"\t\t<div data-elementor-type=\"wp-page\" data-elementor-id=\"1345\" class=\"elementor elementor-1345\">\n\t\t\t\t\t\t<section class=\"elementor-section elementor-top-section elementor-element elementor-element-c17b95b elementor-section-boxed elementor-section-height-default elementor-section-height-default\" data-id=\"c17b95b\" data-element_type=\"section\">\n\t\t\t\t\t\t<div class=\"elementor-container elementor-column-gap-default\">\n\t\t\t\t\t<div class=\"elementor-column elementor-col-100 elementor-top-column elementor-element elementor-element-c5f54a3\" data-id=\"c5f54a3\" data-element_type=\"column\">\n\t\t\t<div class=\"elementor-widget-wrap elementor-element-populated\">\n\t\t\t\t\t\t<div class=\"elementor-element elementor-element-adc2eb9 elementor-widget elementor-widget-text-editor\" data-id=\"adc2eb9\" data-element_type=\"widget\" data-widget_type=\"text-editor.default\">\n\t\t\t\t<div class=\"elementor-widget-container\">\n\t\t\t\t\t\t\t<p><span style=\"font-family: arial, helvetica, sans-serif\"><b>COMIT\u00ca GESTOR DA INFRAESTRUTURA DO LABINTER<\/b><\/span><\/p><p><span style=\"font-family: arial, helvetica, sans-serif\">O Comite\u0302 Gestor da Infraestrutura do LabInter \u00e9 responsa\u0301vel por trac\u0327ar a poli\u0301tica de acesso aos equipamentos multiusua\u0301rios, pela elaborac\u0327a\u0303o das normas, atualiza\u00e7\u00e3o do agendamento, requisitos de uso e gesta\u0303o dos equipamentos multiusu\u00e1rios. Como os equipamentos multiusu\u00e1rios do LabInter t\u00eam usos interdisciplinares e podem estar localizados em diferentes espa\u00e7os f\u00edsicos da UFSM, o Comit\u00ea Gestor \u00e9 formado por representantes de diferentes \u00e1reas e unidades da UFSM, bem como parceiros internacionais, a fim de desempenharem um gerenciamento compartilhado dos equipamentos multiusu\u00e1rios.<\/span><\/p><p><span style=\"font-family: arial, helvetica, sans-serif\">Seus membros s\u00e3o representantes do LabInter, sendo a coordenadora e um discente doutorando; do Planet\u00e1rio da UFSM, como Unidade parceria; de PPGs com coparticipa\u00e7\u00e3o; e de Eventos Internacionais em coopera\u00e7\u00e3o.<\/span><\/p><p><span style=\"font-family: arial, helvetica, sans-serif\"><strong>Profa. Dra. Andreia Machado Oliveira (PQ2\/CNPq)<br \/><\/strong>Coordenadora do LabInter<\/span><br \/><span style=\"font-family: arial, helvetica, sans-serif\">PPG em Artes Visuais\/UFSM<\/span><br \/><span style=\"font-family: arial, helvetica, sans-serif\">Link Lattes\u00a0<a href=\"http:\/\/lattes.cnpq.br\/7243757837987821\">http:\/\/lattes.cnpq.br\/7243757837987821<\/a><\/span><\/p><p><span style=\"font-family: arial, helvetica, sans-serif\"><strong>Drnd. Matheus M. dos Santos Camargo (Bolsa CAPES)<\/strong><\/span><br \/><span style=\"font-family: arial, helvetica, sans-serif\">Membro LabInter<\/span><br \/><span style=\"font-family: arial, helvetica, sans-serif\">PPG em Artes Visuais\/UFSM<\/span><br \/><span style=\"font-family: arial, helvetica, sans-serif\">Link Lattes\u00a0<a href=\"http:\/\/lattes.cnpq.br\/8395074750110051\">http:\/\/lattes.cnpq.br\/8395074750110051<\/a><\/span><br \/><span style=\"font-family: arial, helvetica, sans-serif\"><strong>Prof. Dr. Flavi Ferreira Lisboa Filho (PQ2\/CNPq)<\/strong><\/span><br \/><span style=\"font-family: arial, helvetica, sans-serif\">Pr\u00f3-reitor de Extens\u00e3o<\/span><br \/><span style=\"font-family: arial, helvetica, sans-serif\">PPG em Comunica\u00e7\u00e3o\/UFSM<\/span><br \/><span style=\"font-family: arial, helvetica, sans-serif\">Link Lattes\u00a0<a href=\"http:\/\/lattes.cnpq.br\/9962424591141586\">http:\/\/lattes.cnpq.br\/9962424591141586<\/a><\/span><br \/><span style=\"font-family: arial, helvetica, sans-serif\"><strong>Prof. Dr. Rogemar Andr\u00e9 Riffel (PQ1C\/CNPq)<\/strong><\/span><br \/><span style=\"font-family: arial, helvetica, sans-serif\">PPG em F\u00edsica\/UFSM<\/span><br \/><span style=\"font-family: arial, helvetica, sans-serif\">Link Lattes\u00a0<a href=\"http:\/\/lattes.cnpq.br\/7535636807201892\">http:\/\/lattes.cnpq.br\/7535636807201892<\/a><\/span><br \/><span style=\"font-family: arial, helvetica, sans-serif\"><strong>Jaqueline do Carmo Trentim Machado<\/strong><\/span><br \/><span style=\"font-family: arial, helvetica, sans-serif\">Diretora do Planet\u00e1rio da UFSM<\/span><br \/><span style=\"font-family: arial, helvetica, sans-serif\">Link Lattes\u00a0<a href=\"http:\/\/lattes.cnpq.br\/9055219937824150\">http:\/\/lattes.cnpq.br\/9055219937824150<\/a><\/span><br \/><span style=\"font-family: arial, helvetica, sans-serif\"><strong>Prof. Dr. Ricardo Dal Farra<\/strong><\/span><br \/><span style=\"font-family: arial, helvetica, sans-serif\">Diretor do Fulldome International Visual Music Festival (UVM)<\/span><br \/><span style=\"font-family: arial, helvetica, sans-serif\">PPG\/Concordia University\/Canad\u00e1 <\/span><br \/><span style=\"font-family: arial, helvetica, sans-serif\">Director del Centro de Experimentaci\u00f3n e Investigaci\u00f3n en Artes Electr\u00f3nicas (CEIARTE)<\/span><br \/><span style=\"font-family: arial, helvetica, sans-serif\">PPG\/Universidad Tres de Febrero\/Argentina<\/span><br \/><span style=\"font-family: arial, helvetica, sans-serif\">Link Lattes\u00a0<a href=\"http:\/\/lattes.cnpq.br\/8561027999388966\">http:\/\/lattes.cnpq.br\/8561027999388966<\/a><\/span><\/p>\t\t\t\t\t\t<\/div>\n\t\t\t\t<\/div>\n\t\t\t\t\t<\/div>\n\t\t<\/div>\n\t\t\t\t\t<\/div>\n\t\t<\/section>\n\t\t\t\t<\/div>\n\t\t","protected":false},"excerpt":{"rendered":"<p>COMIT\u00ca GESTOR DA INFRAESTRUTURA DO LABINTER O Comite\u0302 Gestor da Infraestrutura do LabInter \u00e9 responsa\u0301vel por trac\u0327ar a poli\u0301tica de acesso aos equipamentos multiusua\u0301rios, pela elaborac\u0327a\u0303o das normas, atualiza\u00e7\u00e3o do agendamento, requisitos de uso e gesta\u0303o dos equipamentos multiusu\u00e1rios. Como os equipamentos multiusu\u00e1rios do LabInter t\u00eam usos interdisciplinares e podem estar localizados em diferentes espa\u00e7os [&hellip;]<\/p>\n","protected":false},"author":7654,"featured_media":0,"parent":0,"menu_order":0,"comment_status":"closed","ping_status":"closed","template":"","meta":{"footnotes":""},"categories":[101],"tags":[],"class_list":["post-1345","page","type-page","status-publish","hentry","category-informacao"],"acf":[],"_links":{"self":[{"href":"https:\/\/www.ufsm.br\/laboratorios\/labinter\/wp-json\/wp\/v2\/pages\/1345","targetHints":{"allow":["GET"]}}],"collection":[{"href":"https:\/\/www.ufsm.br\/laboratorios\/labinter\/wp-json\/wp\/v2\/pages"}],"about":[{"href":"https:\/\/www.ufsm.br\/laboratorios\/labinter\/wp-json\/wp\/v2\/types\/page"}],"author":[{"embeddable":true,"href":"https:\/\/www.ufsm.br\/laboratorios\/labinter\/wp-json\/wp\/v2\/users\/7654"}],"replies":[{"embeddable":true,"href":"https:\/\/www.ufsm.br\/laboratorios\/labinter\/wp-json\/wp\/v2\/comments?post=1345"}],"version-history":[{"count":0,"href":"https:\/\/www.ufsm.br\/laboratorios\/labinter\/wp-json\/wp\/v2\/pages\/1345\/revisions"}],"wp:attachment":[{"href":"https:\/\/www.ufsm.br\/laboratorios\/labinter\/wp-json\/wp\/v2\/media?parent=1345"}],"wp:term":[{"taxonomy":"category","embeddable":true,"href":"https:\/\/www.ufsm.br\/laboratorios\/labinter\/wp-json\/wp\/v2\/categories?post=1345"},{"taxonomy":"post_tag","embeddable":true,"href":"https:\/\/www.ufsm.br\/laboratorios\/labinter\/wp-json\/wp\/v2\/tags?post=1345"}],"curies":[{"name":"wp","href":"https:\/\/api.w.org\/{rel}","templated":true}]}}