{"id":1346,"date":"2024-02-08T13:13:00","date_gmt":"2024-02-08T16:13:00","guid":{"rendered":"https:\/\/www.ufsm.br\/laboratorios\/labinter\/?page_id=1346"},"modified":"2024-04-10T15:39:52","modified_gmt":"2024-04-10T18:39:52","slug":"equipamentos","status":"publish","type":"page","link":"https:\/\/www.ufsm.br\/laboratorios\/labinter\/equipamentos","title":{"rendered":"Estrutura e Equipamentos"},"content":{"rendered":"\t\t<div data-elementor-type=\"wp-page\" data-elementor-id=\"1346\" class=\"elementor elementor-1346\">\n\t\t\t\t\t\t<section class=\"elementor-section elementor-top-section elementor-element elementor-element-a869693 elementor-section-boxed elementor-section-height-default elementor-section-height-default\" data-id=\"a869693\" data-element_type=\"section\">\n\t\t\t\t\t\t<div class=\"elementor-container elementor-column-gap-default\">\n\t\t\t\t\t<div class=\"elementor-column elementor-col-100 elementor-top-column elementor-element elementor-element-fdb448d\" data-id=\"fdb448d\" data-element_type=\"column\">\n\t\t\t<div class=\"elementor-widget-wrap elementor-element-populated\">\n\t\t\t\t\t\t<div class=\"elementor-element elementor-element-854ff4e elementor-widget elementor-widget-text-editor\" data-id=\"854ff4e\" data-element_type=\"widget\" data-widget_type=\"text-editor.default\">\n\t\t\t\t<div class=\"elementor-widget-container\">\n\t\t\t\t\t\t\t<div dir=\"auto\" style=\"text-align: justify\">O LabInter est\u00e1 localizado na sala 1340a do pr\u00e9dio 40 do Centro de Artes e Letras, no campus central da UFSM. Com \u00eanfase em uma pluralidade de conhecimentos e dimensionado a diferentes capacidades e compet\u00eancias, a infraestrutura do LabInter \u00e9 ampla e envolve laborat\u00f3rios associados e outras unidades da UFSM, tais como: o LID\/PPAGRT (Laborat\u00f3rio de Imagem Digital); o LICAL\/CAL (Laborat\u00f3rios de Inform\u00e1tica do CAL); o Caixa Preta\/CAL (Espa\u00e7o Cultural Multiusu\u00e1rio); a Carriconde\/CAL (Sala de exposi\u00e7\u00f5es do CAL); o Planet\u00e1rio da UFSM; o Multical\/SIPEH (Laborat\u00f3rio de Pesquisa Multiusu\u00e1rio do CAL); e o Laborat\u00f3rios de Humanidades (SiPEH-2, Projeto FINEP).<\/div>\t\t\t\t\t\t<\/div>\n\t\t\t\t<\/div>\n\t\t\t\t<div class=\"elementor-element elementor-element-39fda76 elementor-widget elementor-widget-spacer\" data-id=\"39fda76\" data-element_type=\"widget\" data-widget_type=\"spacer.default\">\n\t\t\t\t<div class=\"elementor-widget-container\">\n\t\t\t\t\t<div class=\"elementor-spacer\">\n\t\t\t<div class=\"elementor-spacer-inner\"><\/div>\n\t\t<\/div>\n\t\t\t\t<\/div>\n\t\t\t\t<\/div>\n\t\t\t\t<div class=\"elementor-element elementor-element-79896e8 elementor-widget elementor-widget-heading\" data-id=\"79896e8\" data-element_type=\"widget\" data-widget_type=\"heading.default\">\n\t\t\t\t<div class=\"elementor-widget-container\">\n\t\t\t<h5 class=\"elementor-heading-title elementor-size-default\"><a href=\"https:\/\/www.ufsm.br\/app\/uploads\/sites\/814\/2024\/04\/Equipamentos.pdf\">Para visualizar a lista de equipamentos, CLIQUE AQUI.<\/a><\/h5>\t\t<\/div>\n\t\t\t\t<\/div>\n\t\t\t\t\t<\/div>\n\t\t<\/div>\n\t\t\t\t\t<\/div>\n\t\t<\/section>\n\t\t\t\t<\/div>\n\t\t","protected":false},"excerpt":{"rendered":"<p>O LabInter est\u00e1 localizado na sala 1340a do pr\u00e9dio 40 do Centro de Artes e Letras, no campus central da UFSM. Com \u00eanfase em uma pluralidade de conhecimentos e dimensionado a diferentes capacidades e compet\u00eancias, a infraestrutura do LabInter \u00e9 ampla e envolve laborat\u00f3rios associados e outras unidades da UFSM, tais como: o LID\/PPAGRT (Laborat\u00f3rio [&hellip;]<\/p>\n","protected":false},"author":7654,"featured_media":0,"parent":0,"menu_order":0,"comment_status":"closed","ping_status":"closed","template":"","meta":{"footnotes":""},"categories":[101],"tags":[],"class_list":["post-1346","page","type-page","status-publish","hentry","category-informacao"],"acf":[],"_links":{"self":[{"href":"https:\/\/www.ufsm.br\/laboratorios\/labinter\/wp-json\/wp\/v2\/pages\/1346","targetHints":{"allow":["GET"]}}],"collection":[{"href":"https:\/\/www.ufsm.br\/laboratorios\/labinter\/wp-json\/wp\/v2\/pages"}],"about":[{"href":"https:\/\/www.ufsm.br\/laboratorios\/labinter\/wp-json\/wp\/v2\/types\/page"}],"author":[{"embeddable":true,"href":"https:\/\/www.ufsm.br\/laboratorios\/labinter\/wp-json\/wp\/v2\/users\/7654"}],"replies":[{"embeddable":true,"href":"https:\/\/www.ufsm.br\/laboratorios\/labinter\/wp-json\/wp\/v2\/comments?post=1346"}],"version-history":[{"count":0,"href":"https:\/\/www.ufsm.br\/laboratorios\/labinter\/wp-json\/wp\/v2\/pages\/1346\/revisions"}],"wp:attachment":[{"href":"https:\/\/www.ufsm.br\/laboratorios\/labinter\/wp-json\/wp\/v2\/media?parent=1346"}],"wp:term":[{"taxonomy":"category","embeddable":true,"href":"https:\/\/www.ufsm.br\/laboratorios\/labinter\/wp-json\/wp\/v2\/categories?post=1346"},{"taxonomy":"post_tag","embeddable":true,"href":"https:\/\/www.ufsm.br\/laboratorios\/labinter\/wp-json\/wp\/v2\/tags?post=1346"}],"curies":[{"name":"wp","href":"https:\/\/api.w.org\/{rel}","templated":true}]}}