{"id":135,"date":"2020-05-26T07:23:27","date_gmt":"2020-05-26T10:23:27","guid":{"rendered":"https:\/\/www.ufsm.br\/laboratorios\/labinter\/?page_id=135"},"modified":"2024-01-25T11:22:01","modified_gmt":"2024-01-25T14:22:01","slug":"same-same-but-different","status":"publish","type":"page","link":"https:\/\/www.ufsm.br\/laboratorios\/labinter\/projetos\/same-same-but-different","title":{"rendered":"Same Same, but Different"},"content":{"rendered":"\t\t<div data-elementor-type=\"wp-page\" data-elementor-id=\"135\" class=\"elementor elementor-135\">\n\t\t\t\t\t\t<section class=\"elementor-section elementor-top-section elementor-element elementor-element-31f6bd74 elementor-section-boxed elementor-section-height-default elementor-section-height-default\" data-id=\"31f6bd74\" data-element_type=\"section\">\n\t\t\t\t\t\t<div class=\"elementor-container elementor-column-gap-default\">\n\t\t\t\t\t<div class=\"elementor-column elementor-col-33 elementor-top-column elementor-element elementor-element-52b592c7\" data-id=\"52b592c7\" data-element_type=\"column\">\n\t\t\t<div class=\"elementor-widget-wrap elementor-element-populated\">\n\t\t\t\t\t\t<div class=\"elementor-element elementor-element-27afdb9d elementor-widget elementor-widget-image\" data-id=\"27afdb9d\" data-element_type=\"widget\" data-widget_type=\"image.default\">\n\t\t\t\t<div class=\"elementor-widget-container\">\n\t\t\t\t\t\t\t\t\t\t\t\t\t<img fetchpriority=\"high\" decoding=\"async\" width=\"709\" height=\"401\" src=\"https:\/\/www.ufsm.br\/app\/uploads\/sites\/814\/2020\/05\/same-1.jpg\" class=\"attachment-large size-large wp-image-136\" alt=\"\" srcset=\"https:\/\/www.ufsm.br\/app\/uploads\/sites\/814\/2020\/05\/same-1.jpg 709w, https:\/\/www.ufsm.br\/app\/uploads\/sites\/814\/2020\/05\/same-1-300x170.jpg 300w\" sizes=\"(max-width: 709px) 100vw, 709px\" \/>\t\t\t\t\t\t\t\t\t\t\t\t\t<\/div>\n\t\t\t\t<\/div>\n\t\t\t\t\t<\/div>\n\t\t<\/div>\n\t\t\t\t<div class=\"elementor-column elementor-col-33 elementor-top-column elementor-element elementor-element-108df64f\" data-id=\"108df64f\" data-element_type=\"column\">\n\t\t\t<div class=\"elementor-widget-wrap elementor-element-populated\">\n\t\t\t\t\t\t<div class=\"elementor-element elementor-element-ba1155b elementor-widget elementor-widget-image\" data-id=\"ba1155b\" data-element_type=\"widget\" data-widget_type=\"image.default\">\n\t\t\t\t<div class=\"elementor-widget-container\">\n\t\t\t\t\t\t\t\t\t\t\t\t\t<img decoding=\"async\" width=\"387\" height=\"512\" src=\"https:\/\/www.ufsm.br\/app\/uploads\/sites\/814\/2020\/05\/samw-2.jpg\" class=\"attachment-large size-large wp-image-137\" alt=\"\" srcset=\"https:\/\/www.ufsm.br\/app\/uploads\/sites\/814\/2020\/05\/samw-2.jpg 387w, https:\/\/www.ufsm.br\/app\/uploads\/sites\/814\/2020\/05\/samw-2-227x300.jpg 227w\" sizes=\"(max-width: 387px) 100vw, 387px\" \/>\t\t\t\t\t\t\t\t\t\t\t\t\t<\/div>\n\t\t\t\t<\/div>\n\t\t\t\t\t<\/div>\n\t\t<\/div>\n\t\t\t\t<div class=\"elementor-column elementor-col-33 elementor-top-column elementor-element elementor-element-38eae61f\" data-id=\"38eae61f\" data-element_type=\"column\">\n\t\t\t<div class=\"elementor-widget-wrap elementor-element-populated\">\n\t\t\t\t\t\t<div class=\"elementor-element elementor-element-50bdb236 elementor-widget elementor-widget-image\" data-id=\"50bdb236\" data-element_type=\"widget\" data-widget_type=\"image.default\">\n\t\t\t\t<div class=\"elementor-widget-container\">\n\t\t\t\t\t\t\t\t\t\t\t\t\t<img decoding=\"async\" width=\"981\" height=\"557\" src=\"https:\/\/www.ufsm.br\/app\/uploads\/sites\/814\/2020\/05\/same-3.jpg\" class=\"attachment-large size-large wp-image-138\" alt=\"\" srcset=\"https:\/\/www.ufsm.br\/app\/uploads\/sites\/814\/2020\/05\/same-3.jpg 981w, https:\/\/www.ufsm.br\/app\/uploads\/sites\/814\/2020\/05\/same-3-300x170.jpg 300w, https:\/\/www.ufsm.br\/app\/uploads\/sites\/814\/2020\/05\/same-3-768x436.jpg 768w\" sizes=\"(max-width: 981px) 100vw, 981px\" \/>\t\t\t\t\t\t\t\t\t\t\t\t\t<\/div>\n\t\t\t\t<\/div>\n\t\t\t\t\t<\/div>\n\t\t<\/div>\n\t\t\t\t\t<\/div>\n\t\t<\/section>\n\t\t\t\t<section class=\"elementor-section elementor-top-section elementor-element elementor-element-620e3f6 elementor-section-boxed elementor-section-height-default elementor-section-height-default\" data-id=\"620e3f6\" data-element_type=\"section\">\n\t\t\t\t\t\t<div class=\"elementor-container elementor-column-gap-default\">\n\t\t\t\t\t<div class=\"elementor-column elementor-col-100 elementor-top-column elementor-element elementor-element-04b8799\" data-id=\"04b8799\" data-element_type=\"column\">\n\t\t\t<div class=\"elementor-widget-wrap elementor-element-populated\">\n\t\t\t\t\t\t<div class=\"elementor-element elementor-element-97f7dde elementor-widget elementor-widget-text-editor\" data-id=\"97f7dde\" data-element_type=\"widget\" data-widget_type=\"text-editor.default\">\n\t\t\t\t<div class=\"elementor-widget-container\">\n\t\t\t\t\t\t\t<p style=\"text-align: justify\">Same Same, but Different \u00e9 um projeto de colabora\u00e7\u00e3o transdisciplinar entre o Laborat\u00f3rio de Arte e Ci\u00eancia da Universidade de Tecnologia de Durban (\u00c1frica do Sul) e o Laborat\u00f3rio Interativo Interdisciplinar (LabInter) da Universidade de Santa Maria (Brasil). Este projeto re\u00fane pessoas de Artes Visuais, Engenharia, Ci\u00eancia da Computa\u00e7\u00e3o e V\u00eddeo para criar uma arte eletr\u00f4nica interativa. Nosso primeiro momento de trabalho foi em novembro de 2017 no evento Digifest 2017.<\/p><p>Posteriormente, continuamos a desenvolver nosso projeto por meio de encontros a dist\u00e2ncia. O tema \u00e9 explorado atrav\u00e9s da produ\u00e7\u00e3o colaborativa de uma instala\u00e7\u00e3o de arte eletr\u00f4nica participativa que usa a \u00e1gua como uma met\u00e1fora para o acesso \u00e0 largura de banda da Internet e a informa\u00e7\u00e3o como uma representa\u00e7\u00e3o vis\u00edvel dos dados prim\u00e1rios e secund\u00e1rios.\u00a0<br \/><span style=\"color: black;font-size: 1rem\"><br \/>Nosso projeto de instala\u00e7\u00e3o de arte eletr\u00f4nica interativa busca ativar o espa\u00e7o do por\u00e3o rec\u00e9m-renovado da Biblioteca do Campus da Cidade da Universidade de Tecnologia de Durban. Este espa\u00e7o escolhido simbolicamente se liga ao nosso projeto porque as bibliotecas s\u00e3o tradicionalmente vistas como uma fonte de informa\u00e7\u00e3o livre e aberta que todos podem acessar. A ativa\u00e7\u00e3o do espa\u00e7o de subsolo da biblioteca \u00e9 significativa porque aponta para a no\u00e7\u00e3o de biblioteca como um po\u00e7o do qual todos podem extrair a \u00e1gua do conhecimento e da informa\u00e7\u00e3o para se tornar um participante informado na democracia.\u00a0<\/span><\/p><p><span style=\"color: black;font-size: 1rem\">O projeto tamb\u00e9m procura comentar sobre a disponibilidade de largura de banda e acesso \u00e0 informa\u00e7\u00e3o por parte dos estudantes e como as circunst\u00e2ncias\u00a0 socioecon\u00f4micas podem afetar esse acesso. Instalamos o trabalho em duas salas, a primeira sala contem uma instala\u00e7\u00e3o interativa onde os efeitos de \u00e1gua LED s\u00e3o projetados nas paredes.\u00a0<\/span><\/p><p><span style=\"color: black;font-size: 1rem\">\u00a0<\/span><\/p><p style=\"text-align: justify\"><span lang=\"EN-GB\" style=\"color: #000000;font-family: Calibri, sans-serif;font-size: medium\">Same Same, but Different is a transdisciplinary collaboration project between the Durban University of Technology (South Africa) and the Interdisciplinary Interactive Laboratory (LabInter) of the University of Santa Maria (Brazil). This project involved the collaborative effort of staff and students from Visual Arts, Engineering, Computer Science, and Video to create an interactive electronic art installation. It was facilitated by academic staff members Prof. Andr\u00e9ia Oliveira (LabInter) and Tasneem Seedat (DUT).\u00a0<\/span><\/p><p style=\"text-align: justify\"><span lang=\"EN-GB\" style=\"color: #000000;font-family: Calibri, sans-serif;font-size: medium\">The project aimed at developing transdisciplinary practice and international collaboration among post-graduate students at DUT.\u00a0<\/span><span style=\"color: #000000;font-size: 16px\">Same Same, but Different was shown in ISEA 2018 and explored the theme of tensions between Hybridity and Purity. The theme is elaborated through the production of a participatory electronic art device that uses water as a metaphor for access to Internet bandwith-and-information through visible representation of primary and secondary data.<\/span><\/p>\t\t\t\t\t\t<\/div>\n\t\t\t\t<\/div>\n\t\t\t\t<div class=\"elementor-element elementor-element-fa4db43 elementor-widget elementor-widget-text-editor\" data-id=\"fa4db43\" data-element_type=\"widget\" data-widget_type=\"text-editor.default\">\n\t\t\t\t<div class=\"elementor-widget-container\">\n\t\t\t\t\t\t\t<h5><span class=\"fontstyle0\">Equipe: Andreia Oliveira, Ashleigh Ruiters, Cassio Lemos, Dikeledi Maponya, Eduardo Custodio, Evaristo Nascimento, Fabio Almeida, Fanie Ndlovu, Indira Richeter, Luyanda Zindela, Reddy Bambi, Sarah Kieswestter, Tasneem Seedat, Timothy Adeliyi<\/span><\/h5>\t\t\t\t\t\t<\/div>\n\t\t\t\t<\/div>\n\t\t\t\t\t<\/div>\n\t\t<\/div>\n\t\t\t\t\t<\/div>\n\t\t<\/section>\n\t\t\t\t<section class=\"elementor-section elementor-top-section elementor-element elementor-element-107faa1 elementor-section-boxed elementor-section-height-default elementor-section-height-default\" data-id=\"107faa1\" data-element_type=\"section\">\n\t\t\t\t\t\t<div class=\"elementor-container elementor-column-gap-default\">\n\t\t\t\t\t<div class=\"elementor-column elementor-col-33 elementor-top-column elementor-element elementor-element-b05fc1e\" data-id=\"b05fc1e\" data-element_type=\"column\">\n\t\t\t<div class=\"elementor-widget-wrap elementor-element-populated\">\n\t\t\t\t\t\t<div class=\"elementor-element elementor-element-4ecd57d elementor-widget elementor-widget-image\" data-id=\"4ecd57d\" data-element_type=\"widget\" data-widget_type=\"image.default\">\n\t\t\t\t<div class=\"elementor-widget-container\">\n\t\t\t\t\t\t\t\t\t\t\t\t\t<img loading=\"lazy\" decoding=\"async\" width=\"1024\" height=\"580\" src=\"https:\/\/www.ufsm.br\/app\/uploads\/sites\/814\/2020\/05\/same-4-1024x580.jpg\" class=\"attachment-large size-large wp-image-139\" alt=\"\" srcset=\"https:\/\/www.ufsm.br\/app\/uploads\/sites\/814\/2020\/05\/same-4-1024x580.jpg 1024w, https:\/\/www.ufsm.br\/app\/uploads\/sites\/814\/2020\/05\/same-4-300x170.jpg 300w, https:\/\/www.ufsm.br\/app\/uploads\/sites\/814\/2020\/05\/same-4-768x435.jpg 768w, https:\/\/www.ufsm.br\/app\/uploads\/sites\/814\/2020\/05\/same-4.jpg 1139w\" sizes=\"(max-width: 1024px) 100vw, 1024px\" \/>\t\t\t\t\t\t\t\t\t\t\t\t\t<\/div>\n\t\t\t\t<\/div>\n\t\t\t\t\t<\/div>\n\t\t<\/div>\n\t\t\t\t<div class=\"elementor-column elementor-col-33 elementor-top-column elementor-element elementor-element-4a72c76\" data-id=\"4a72c76\" data-element_type=\"column\">\n\t\t\t<div class=\"elementor-widget-wrap elementor-element-populated\">\n\t\t\t\t\t\t<div class=\"elementor-element elementor-element-2f76b65 elementor-widget elementor-widget-image\" data-id=\"2f76b65\" data-element_type=\"widget\" data-widget_type=\"image.default\">\n\t\t\t\t<div class=\"elementor-widget-container\">\n\t\t\t\t\t\t\t\t\t\t\t\t\t<img loading=\"lazy\" decoding=\"async\" width=\"1024\" height=\"575\" src=\"https:\/\/www.ufsm.br\/app\/uploads\/sites\/814\/2020\/05\/same-5-1024x575.jpg\" class=\"attachment-large size-large wp-image-140\" alt=\"\" srcset=\"https:\/\/www.ufsm.br\/app\/uploads\/sites\/814\/2020\/05\/same-5-1024x575.jpg 1024w, https:\/\/www.ufsm.br\/app\/uploads\/sites\/814\/2020\/05\/same-5-300x168.jpg 300w, https:\/\/www.ufsm.br\/app\/uploads\/sites\/814\/2020\/05\/same-5-768x431.jpg 768w, https:\/\/www.ufsm.br\/app\/uploads\/sites\/814\/2020\/05\/same-5.jpg 1135w\" sizes=\"(max-width: 1024px) 100vw, 1024px\" \/>\t\t\t\t\t\t\t\t\t\t\t\t\t<\/div>\n\t\t\t\t<\/div>\n\t\t\t\t\t<\/div>\n\t\t<\/div>\n\t\t\t\t<div class=\"elementor-column elementor-col-33 elementor-top-column elementor-element elementor-element-3fdd6cd\" data-id=\"3fdd6cd\" data-element_type=\"column\">\n\t\t\t<div class=\"elementor-widget-wrap elementor-element-populated\">\n\t\t\t\t\t\t<div class=\"elementor-element elementor-element-0b241a9 elementor-widget elementor-widget-image\" data-id=\"0b241a9\" data-element_type=\"widget\" data-widget_type=\"image.default\">\n\t\t\t\t<div class=\"elementor-widget-container\">\n\t\t\t\t\t\t\t\t\t\t\t\t\t<img loading=\"lazy\" decoding=\"async\" width=\"779\" height=\"449\" src=\"https:\/\/www.ufsm.br\/app\/uploads\/sites\/814\/2020\/05\/same-6.jpg\" class=\"attachment-large size-large wp-image-141\" alt=\"\" srcset=\"https:\/\/www.ufsm.br\/app\/uploads\/sites\/814\/2020\/05\/same-6.jpg 779w, https:\/\/www.ufsm.br\/app\/uploads\/sites\/814\/2020\/05\/same-6-300x173.jpg 300w, https:\/\/www.ufsm.br\/app\/uploads\/sites\/814\/2020\/05\/same-6-768x443.jpg 768w\" sizes=\"(max-width: 779px) 100vw, 779px\" \/>\t\t\t\t\t\t\t\t\t\t\t\t\t<\/div>\n\t\t\t\t<\/div>\n\t\t\t\t\t<\/div>\n\t\t<\/div>\n\t\t\t\t\t<\/div>\n\t\t<\/section>\n\t\t\t\t<section class=\"elementor-section elementor-top-section elementor-element elementor-element-5f40201 elementor-section-boxed elementor-section-height-default elementor-section-height-default\" data-id=\"5f40201\" data-element_type=\"section\">\n\t\t\t\t\t\t<div class=\"elementor-container elementor-column-gap-default\">\n\t\t\t\t\t<div class=\"elementor-column elementor-col-100 elementor-top-column elementor-element elementor-element-b168994\" data-id=\"b168994\" data-element_type=\"column\">\n\t\t\t<div class=\"elementor-widget-wrap elementor-element-populated\">\n\t\t\t\t\t\t<div class=\"elementor-element elementor-element-1ce70de elementor-widget elementor-widget-text-editor\" data-id=\"1ce70de\" data-element_type=\"widget\" data-widget_type=\"text-editor.default\">\n\t\t\t\t<div class=\"elementor-widget-container\">\n\t\t\t\t\t\t\t<p>Na segunda sala h\u00e1 uma instala\u00e7\u00e3o de v\u00eddeo apresentando depoimentos e exibi\u00e7\u00f5es de dados de Mo\u00e7ambique, Brasil e RSA.\u00a0<span style=\"color: black;font-size: 1rem\">Al\u00e9m disso, temos c\u00f3digos QR para que os participantes possam se conectar ao site do nosso projeto<\/span><span style=\"color: black;font-size: 1rem\">\u00a0\u00a0<\/span><\/p><p>Este projeto visa refor\u00e7ar uma iniciativa de colabora\u00e7\u00e3o interdisciplinar ao longo de um eixo Sul-Sul entre a RSA e o Brasil, \u00e0 luz dos dois pa\u00edses enfrentando desafios art\u00edsticos, culturais e socioecon\u00f4micos semelhantes.\u00a0\u00a0<\/p>\t\t\t\t\t\t<\/div>\n\t\t\t\t<\/div>\n\t\t\t\t\t<\/div>\n\t\t<\/div>\n\t\t\t\t\t<\/div>\n\t\t<\/section>\n\t\t\t\t<\/div>\n\t\t","protected":false},"excerpt":{"rendered":"<p>Same Same, but Different \u00e9 um projeto de colabora\u00e7\u00e3o transdisciplinar entre o Laborat\u00f3rio de Arte e Ci\u00eancia da Universidade de Tecnologia de Durban (\u00c1frica do Sul) e o Laborat\u00f3rio Interativo Interdisciplinar (LabInter) da Universidade de Santa Maria (Brasil). Este projeto re\u00fane pessoas de Artes Visuais, Engenharia, Ci\u00eancia da Computa\u00e7\u00e3o e V\u00eddeo para criar uma arte [&hellip;]<\/p>\n","protected":false},"author":2500,"featured_media":0,"parent":32,"menu_order":0,"comment_status":"closed","ping_status":"closed","template":"","meta":{"footnotes":""},"categories":[17],"tags":[],"class_list":["post-135","page","type-page","status-publish","hentry","category-projetos"],"acf":[],"_links":{"self":[{"href":"https:\/\/www.ufsm.br\/laboratorios\/labinter\/wp-json\/wp\/v2\/pages\/135","targetHints":{"allow":["GET"]}}],"collection":[{"href":"https:\/\/www.ufsm.br\/laboratorios\/labinter\/wp-json\/wp\/v2\/pages"}],"about":[{"href":"https:\/\/www.ufsm.br\/laboratorios\/labinter\/wp-json\/wp\/v2\/types\/page"}],"author":[{"embeddable":true,"href":"https:\/\/www.ufsm.br\/laboratorios\/labinter\/wp-json\/wp\/v2\/users\/2500"}],"replies":[{"embeddable":true,"href":"https:\/\/www.ufsm.br\/laboratorios\/labinter\/wp-json\/wp\/v2\/comments?post=135"}],"version-history":[{"count":0,"href":"https:\/\/www.ufsm.br\/laboratorios\/labinter\/wp-json\/wp\/v2\/pages\/135\/revisions"}],"up":[{"embeddable":true,"href":"https:\/\/www.ufsm.br\/laboratorios\/labinter\/wp-json\/wp\/v2\/pages\/32"}],"wp:attachment":[{"href":"https:\/\/www.ufsm.br\/laboratorios\/labinter\/wp-json\/wp\/v2\/media?parent=135"}],"wp:term":[{"taxonomy":"category","embeddable":true,"href":"https:\/\/www.ufsm.br\/laboratorios\/labinter\/wp-json\/wp\/v2\/categories?post=135"},{"taxonomy":"post_tag","embeddable":true,"href":"https:\/\/www.ufsm.br\/laboratorios\/labinter\/wp-json\/wp\/v2\/tags?post=135"}],"curies":[{"name":"wp","href":"https:\/\/api.w.org\/{rel}","templated":true}]}}